{"id":5237,"date":"2024-03-23T11:07:22","date_gmt":"2024-03-23T10:07:22","guid":{"rendered":"https:\/\/lifting-safety.com\/?post_type=product&#038;p=5237"},"modified":"2024-03-23T11:07:22","modified_gmt":"2024-03-23T10:07:22","slug":"szinpadi-elektromos-emelo","status":"publish","type":"product","link":"https:\/\/lifting-safety.com\/hu_hu\/termek\/szinpadi-elektromos-emelo\/","title":{"rendered":"Sz\u00ednpadi elektromos emel\u0151"},"content":{"rendered":"<p><strong><span>Term\u00e9kel\u0151ny<\/span><\/strong><\/p>\n<p><span>(1) Annak \u00e9rdek\u00e9ben, hogy rendk\u00edv\u00fcl hordozhat\u00f3 legyen, a g\u00e9p teljes h\u00e9ja rep\u00fcl\u00e9si alum\u00edniumb\u00f3l k\u00e9sz\u00fcl.<\/span><\/p>\n<p><span>(2) Az eg\u00e9sz g\u00e9p szil\u00e1rds\u00e1ga el\u00e9rheti a biztons\u00e1gi t\u00e9nyez\u0151 8,2-szeres\u00e9t.<\/span><\/p>\n<p><span>(3) Alkalmazzon k\u00e9t 14nm-es elektrom\u00e1gneses f\u00e9ket \u00e9s kett\u0151s f\u00e9krendszert a term\u00e9k biztons\u00e1g\u00e1nak \u00e9s f\u00e9kez\u00e9si pontoss\u00e1g\u00e1nak biztos\u00edt\u00e1sa \u00e9rdek\u00e9ben, \u00e9s a hiba minim\u00e1lisra cs\u00f6kken a szinkronvez\u00e9rl\u00e9s sor\u00e1n.<\/span><\/p>\n<p><span>(4) A v\u00e9delmi szint IP56, v\u00edz\u00e1ll\u00f3 kivitel, \u00e9s befejezte az es\u0151 \u00e9s v\u00edzbemer\u00edt\u00e9s tesztj\u00e9t.<\/span><\/p>\n<p><span>(5) A saj\u00e1t fejleszt\u00e9s\u0171 integr\u00e1lt \u00e1ramk\u00f6ri lapon kereszt\u00fcl a term\u00e9k fels\u0151 \u00e9s als\u00f3 v\u00e9g\u00e1ll\u00e1skapcsol\u00f3kkal rendelkezik, \u00e9s \u00e1ll\u00edthat\u00f3 v\u00e9g\u00e1ll\u00e1s blokkokkal van ell\u00e1tva. A hat\u00e1rt\u00e1vols\u00e1g ig\u00e9ny szerint v\u00e1ltoztathat\u00f3, \u00e9s egy neh\u00e9zkes vez\u00e9rl\u0151vonal kimarad.<\/span><\/p>\n","protected":false},"excerpt":{"rendered":"<p><strong><span>Term\u00e9kn\u00e9v:<\/span><\/strong><span>\u00a0W12 Stage elektromos l\u00e1ncos emel\u0151<\/span><\/p>\n<p><strong><span>T\u00edpus:<\/span><\/strong><span>\u00a0Emel\u0151berendez\u00e9s<\/span><\/p>\n<p><strong><span>Modell:<\/span><\/strong><span>\u00a0W12 t\u00edpus<\/span><\/p>\n<p><strong><span>Min\u0151s\u00edt\u00e9s:<\/span><\/strong><span>\u00a0CE, GS<\/span><\/p>\n<p><strong><span>Haszn\u00e1lat:\u00a0Stage speci\u00e1lis emel\u0151<br \/>\nkapacit\u00e1s:\u00a00,5 tonna, 1 tonna<br \/>\nN\u00e9vleges fesz\u00fclts\u00e9g:\u00a0380 V, 50 Hz<br \/>\nEmel\u00e9si sebess\u00e9g:\u00a08 m\/perc, 4 m\/min<br \/>\nEmel\u00e9si magass\u00e1g:\u00a015 M<br \/>\nV\u00e9delmi oszt\u00e1ly:\u00a0IP56<\/span><\/strong><\/p>\n<p><strong><span>Alkalmazhat\u00f3 ipar\u00e1gak:<\/span><\/strong><span>\u00a0Sz\u00ednpadi munk\u00e1khoz haszn\u00e1lj\u00e1k. Ez egy elektromos emel\u0151, amelyet kifejezetten sz\u00ednpad\u00e9p\u00edt\u00e9shez haszn\u00e1lnak. F\u0151leg neh\u00e9z berendez\u00e9sek, p\u00e9ld\u00e1ul r\u00e1csos tart\u00f3szerkezetek, LED-l\u00e1mp\u00e1k \u00e9s hangberendez\u00e9sek emel\u00e9s\u00e9re \u00e9s emel\u00e9s\u00e9re haszn\u00e1lj\u00e1k a sz\u00ednpadon. Nagym\u00e9rt\u00e9kben n\u00f6velheti a sz\u00ednpad\u00e9p\u00edt\u00e9s sebess\u00e9g\u00e9t. Ugyanakkor a vil\u00e1g\u00edt\u00e1s a sz\u00ednpadi el\u0151ad\u00e1s sor\u00e1n is \u00e1ll\u00edthat\u00f3, \u00e9s j\u00f3 a rejtetts\u00e9ge.<\/span><\/p>\n","protected":false},"featured_media":5238,"template":"","meta":{"site-sidebar-layout":"default","site-content-layout":"","ast-site-content-layout":"default","site-content-style":"default","site-sidebar-style":"default","ast-global-header-display":"","ast-banner-title-visibility":"","ast-main-header-display":"","ast-hfb-above-header-display":"","ast-hfb-below-header-display":"","ast-hfb-mobile-header-display":"","site-post-title":"","ast-breadcrumbs-content":"","ast-featured-img":"","footer-sml-layout":"","theme-transparent-header-meta":"default","adv-header-id-meta":"","stick-header-meta":"","header-above-stick-meta":"","header-main-stick-meta":"","header-below-stick-meta":"","astra-migrate-meta-layouts":"set","ast-page-background-enabled":"default","ast-page-background-meta":{"desktop":{"background-color":"","background-image":"","background-repeat":"repeat","background-position":"center center","background-size":"auto","background-attachment":"scroll","background-type":"","background-media":"","overlay-type":"","overlay-color":"","overlay-opacity":"","overlay-gradient":""},"tablet":{"background-color":"","background-image":"","background-repeat":"repeat","background-position":"center center","background-size":"auto","background-attachment":"scroll","background-type":"","background-media":"","overlay-type":"","overlay-color":"","overlay-opacity":"","overlay-gradient":""},"mobile":{"background-color":"","background-image":"","background-repeat":"repeat","background-position":"center center","background-size":"auto","background-attachment":"scroll","background-type":"","background-media":"","overlay-type":"","overlay-color":"","overlay-opacity":"","overlay-gradient":""}},"ast-content-background-meta":{"desktop":{"background-color":"var(--ast-global-color-5)","background-image":"","background-repeat":"repeat","background-position":"center center","background-size":"auto","background-attachment":"scroll","background-type":"","background-media":"","overlay-type":"","overlay-color":"","overlay-opacity":"","overlay-gradient":""},"tablet":{"background-color":"var(--ast-global-color-5)","background-image":"","background-repeat":"repeat","background-position":"center center","background-size":"auto","background-attachment":"scroll","background-type":"","background-media":"","overlay-type":"","overlay-color":"","overlay-opacity":"","overlay-gradient":""},"mobile":{"background-color":"var(--ast-global-color-5)","background-image":"","background-repeat":"repeat","background-position":"center center","background-size":"auto","background-attachment":"scroll","background-type":"","background-media":"","overlay-type":"","overlay-color":"","overlay-opacity":"","overlay-gradient":""}}},"product_brand":[],"product_cat":[69],"product_tag":[],"class_list":{"0":"post-5237","1":"product","2":"type-product","3":"status-publish","4":"has-post-thumbnail","6":"product_cat-elektromos-emelo","7":"desktop-align-left","8":"tablet-align-left","9":"mobile-align-left","11":"first","12":"instock","13":"shipping-taxable","14":"product-type-simple"},"yoast_head":"<!-- This site is optimized with the Yoast SEO plugin v25.3 - https:\/\/yoast.com\/wordpress\/plugins\/seo\/ -->\n<title>Sz\u00ednpadi elektromos emel\u0151 - Lifting Safety - Lifting equipment from professionals<\/title>\n<meta name=\"robots\" content=\"index, follow, max-snippet:-1, max-image-preview:large, max-video-preview:-1\" \/>\n<link rel=\"canonical\" href=\"https:\/\/lifting-safety.com\/hu_hu\/termek\/szinpadi-elektromos-emelo\/\" \/>\n<meta property=\"og:locale\" content=\"hu_HU\" \/>\n<meta property=\"og:type\" content=\"article\" \/>\n<meta property=\"og:title\" content=\"Sz\u00ednpadi elektromos emel\u0151 - Lifting Safety - Lifting equipment from professionals\" \/>\n<meta property=\"og:description\" content=\"Term\u00e9kn\u00e9v:\u00a0W12 Stage elektromos l\u00e1ncos emel\u0151  T\u00edpus:\u00a0Emel\u0151berendez\u00e9s  Modell:\u00a0W12 t\u00edpus  Min\u0151s\u00edt\u00e9s:\u00a0CE, GS  Haszn\u00e1lat:\u00a0Stage speci\u00e1lis emel\u0151 kapacit\u00e1s:\u00a00,5 tonna, 1 tonna N\u00e9vleges fesz\u00fclts\u00e9g:\u00a0380 V, 50 Hz Emel\u00e9si sebess\u00e9g:\u00a08 m\/perc, 4 m\/min Emel\u00e9si magass\u00e1g:\u00a015 M V\u00e9delmi oszt\u00e1ly:\u00a0IP56  Alkalmazhat\u00f3 ipar\u00e1gak:\u00a0Sz\u00ednpadi munk\u00e1khoz haszn\u00e1lj\u00e1k. Ez egy elektromos emel\u0151, amelyet kifejezetten sz\u00ednpad\u00e9p\u00edt\u00e9shez haszn\u00e1lnak. F\u0151leg neh\u00e9z berendez\u00e9sek, p\u00e9ld\u00e1ul r\u00e1csos tart\u00f3szerkezetek, LED-l\u00e1mp\u00e1k \u00e9s hangberendez\u00e9sek emel\u00e9s\u00e9re \u00e9s emel\u00e9s\u00e9re haszn\u00e1lj\u00e1k a sz\u00ednpadon. Nagym\u00e9rt\u00e9kben n\u00f6velheti a sz\u00ednpad\u00e9p\u00edt\u00e9s sebess\u00e9g\u00e9t. Ugyanakkor a vil\u00e1g\u00edt\u00e1s a sz\u00ednpadi el\u0151ad\u00e1s sor\u00e1n is \u00e1ll\u00edthat\u00f3, \u00e9s j\u00f3 a rejtetts\u00e9ge.\" \/>\n<meta property=\"og:url\" content=\"https:\/\/lifting-safety.com\/hu_hu\/termek\/szinpadi-elektromos-emelo\/\" \/>\n<meta property=\"og:site_name\" content=\"Lifting Safety - Lifting equipment from professionals\" \/>\n<meta property=\"og:image\" content=\"https:\/\/lifting-safety.com\/wp-content\/uploads\/2024\/03\/Stage-Electric-Hoist.webp\" \/>\n\t<meta property=\"og:image:width\" content=\"400\" \/>\n\t<meta property=\"og:image:height\" content=\"400\" \/>\n\t<meta property=\"og:image:type\" content=\"image\/webp\" \/>\n<meta name=\"twitter:card\" content=\"summary_large_image\" \/>\n<meta name=\"twitter:label1\" content=\"Becs\u00fclt olvas\u00e1si id\u0151\" \/>\n\t<meta name=\"twitter:data1\" content=\"1 perc\" \/>\n<script type=\"application\/ld+json\" class=\"yoast-schema-graph\">{\"@context\":\"https:\/\/schema.org\",\"@graph\":[{\"@type\":\"WebPage\",\"@id\":\"https:\/\/lifting-safety.com\/termek\/szinpadi-elektromos-emelo\/\",\"url\":\"https:\/\/lifting-safety.com\/termek\/szinpadi-elektromos-emelo\/\",\"name\":\"Sz\u00ednpadi elektromos emel\u0151 - Lifting Safety - Lifting equipment from professionals\",\"isPartOf\":{\"@id\":\"https:\/\/lifting-safety.com\/hu_hu\/#website\"},\"primaryImageOfPage\":{\"@id\":\"https:\/\/lifting-safety.com\/termek\/szinpadi-elektromos-emelo\/#primaryimage\"},\"image\":{\"@id\":\"https:\/\/lifting-safety.com\/termek\/szinpadi-elektromos-emelo\/#primaryimage\"},\"thumbnailUrl\":\"https:\/\/lifting-safety.com\/wp-content\/uploads\/2024\/03\/Stage-Electric-Hoist.webp\",\"datePublished\":\"2024-03-23T10:07:22+00:00\",\"breadcrumb\":{\"@id\":\"https:\/\/lifting-safety.com\/termek\/szinpadi-elektromos-emelo\/#breadcrumb\"},\"inLanguage\":\"hu\",\"potentialAction\":[{\"@type\":\"ReadAction\",\"target\":[\"https:\/\/lifting-safety.com\/termek\/szinpadi-elektromos-emelo\/\"]}]},{\"@type\":\"ImageObject\",\"inLanguage\":\"hu\",\"@id\":\"https:\/\/lifting-safety.com\/termek\/szinpadi-elektromos-emelo\/#primaryimage\",\"url\":\"https:\/\/lifting-safety.com\/wp-content\/uploads\/2024\/03\/Stage-Electric-Hoist.webp\",\"contentUrl\":\"https:\/\/lifting-safety.com\/wp-content\/uploads\/2024\/03\/Stage-Electric-Hoist.webp\",\"width\":400,\"height\":400},{\"@type\":\"BreadcrumbList\",\"@id\":\"https:\/\/lifting-safety.com\/termek\/szinpadi-elektromos-emelo\/#breadcrumb\",\"itemListElement\":[{\"@type\":\"ListItem\",\"position\":1,\"name\":\"Kezd\u0151lap\",\"item\":\"https:\/\/lifting-safety.com\/hu_hu\/\"},{\"@type\":\"ListItem\",\"position\":2,\"name\":\"Store\",\"item\":\"https:\/\/lifting-safety.com\/store\/\"},{\"@type\":\"ListItem\",\"position\":3,\"name\":\"Sz\u00ednpadi elektromos emel\u0151\"}]},{\"@type\":\"WebSite\",\"@id\":\"https:\/\/lifting-safety.com\/hu_hu\/#website\",\"url\":\"https:\/\/lifting-safety.com\/hu_hu\/\",\"name\":\"Lifting Safety - Lifting equipment from professionals\",\"description\":\"\",\"publisher\":{\"@id\":\"https:\/\/lifting-safety.com\/hu_hu\/#organization\"},\"potentialAction\":[{\"@type\":\"SearchAction\",\"target\":{\"@type\":\"EntryPoint\",\"urlTemplate\":\"https:\/\/lifting-safety.com\/hu_hu\/?s={search_term_string}\"},\"query-input\":{\"@type\":\"PropertyValueSpecification\",\"valueRequired\":true,\"valueName\":\"search_term_string\"}}],\"inLanguage\":\"hu\"},{\"@type\":\"Organization\",\"@id\":\"https:\/\/lifting-safety.com\/hu_hu\/#organization\",\"name\":\"Lifting Safety - Lifting equipment from professionals\",\"url\":\"https:\/\/lifting-safety.com\/hu_hu\/\",\"logo\":{\"@type\":\"ImageObject\",\"inLanguage\":\"hu\",\"@id\":\"https:\/\/lifting-safety.com\/hu_hu\/#\/schema\/logo\/image\/\",\"url\":\"https:\/\/lifting-safety.com\/wp-content\/uploads\/2024\/02\/cropped-SAFETY_LIFT_LOGO_horizontal_tiny.png\",\"contentUrl\":\"https:\/\/lifting-safety.com\/wp-content\/uploads\/2024\/02\/cropped-SAFETY_LIFT_LOGO_horizontal_tiny.png\",\"width\":520,\"height\":174,\"caption\":\"Lifting Safety - Lifting equipment from professionals\"},\"image\":{\"@id\":\"https:\/\/lifting-safety.com\/hu_hu\/#\/schema\/logo\/image\/\"}}]}<\/script>\n<!-- \/ Yoast SEO plugin. -->","yoast_head_json":{"title":"Sz\u00ednpadi elektromos emel\u0151 - Lifting Safety - Lifting equipment from professionals","robots":{"index":"index","follow":"follow","max-snippet":"max-snippet:-1","max-image-preview":"max-image-preview:large","max-video-preview":"max-video-preview:-1"},"canonical":"https:\/\/lifting-safety.com\/hu_hu\/termek\/szinpadi-elektromos-emelo\/","og_locale":"hu_HU","og_type":"article","og_title":"Sz\u00ednpadi elektromos emel\u0151 - Lifting Safety - Lifting equipment from professionals","og_description":"Term\u00e9kn\u00e9v:\u00a0W12 Stage elektromos l\u00e1ncos emel\u0151  T\u00edpus:\u00a0Emel\u0151berendez\u00e9s  Modell:\u00a0W12 t\u00edpus  Min\u0151s\u00edt\u00e9s:\u00a0CE, GS  Haszn\u00e1lat:\u00a0Stage speci\u00e1lis emel\u0151 kapacit\u00e1s:\u00a00,5 tonna, 1 tonna N\u00e9vleges fesz\u00fclts\u00e9g:\u00a0380 V, 50 Hz Emel\u00e9si sebess\u00e9g:\u00a08 m\/perc, 4 m\/min Emel\u00e9si magass\u00e1g:\u00a015 M V\u00e9delmi oszt\u00e1ly:\u00a0IP56  Alkalmazhat\u00f3 ipar\u00e1gak:\u00a0Sz\u00ednpadi munk\u00e1khoz haszn\u00e1lj\u00e1k. Ez egy elektromos emel\u0151, amelyet kifejezetten sz\u00ednpad\u00e9p\u00edt\u00e9shez haszn\u00e1lnak. F\u0151leg neh\u00e9z berendez\u00e9sek, p\u00e9ld\u00e1ul r\u00e1csos tart\u00f3szerkezetek, LED-l\u00e1mp\u00e1k \u00e9s hangberendez\u00e9sek emel\u00e9s\u00e9re \u00e9s emel\u00e9s\u00e9re haszn\u00e1lj\u00e1k a sz\u00ednpadon. Nagym\u00e9rt\u00e9kben n\u00f6velheti a sz\u00ednpad\u00e9p\u00edt\u00e9s sebess\u00e9g\u00e9t. Ugyanakkor a vil\u00e1g\u00edt\u00e1s a sz\u00ednpadi el\u0151ad\u00e1s sor\u00e1n is \u00e1ll\u00edthat\u00f3, \u00e9s j\u00f3 a rejtetts\u00e9ge.","og_url":"https:\/\/lifting-safety.com\/hu_hu\/termek\/szinpadi-elektromos-emelo\/","og_site_name":"Lifting Safety - Lifting equipment from professionals","og_image":[{"width":400,"height":400,"url":"https:\/\/lifting-safety.com\/wp-content\/uploads\/2024\/03\/Stage-Electric-Hoist.webp","type":"image\/webp"}],"twitter_card":"summary_large_image","twitter_misc":{"Becs\u00fclt olvas\u00e1si id\u0151":"1 perc"},"schema":{"@context":"https:\/\/schema.org","@graph":[{"@type":"WebPage","@id":"https:\/\/lifting-safety.com\/termek\/szinpadi-elektromos-emelo\/","url":"https:\/\/lifting-safety.com\/termek\/szinpadi-elektromos-emelo\/","name":"Sz\u00ednpadi elektromos emel\u0151 - Lifting Safety - Lifting equipment from professionals","isPartOf":{"@id":"https:\/\/lifting-safety.com\/hu_hu\/#website"},"primaryImageOfPage":{"@id":"https:\/\/lifting-safety.com\/termek\/szinpadi-elektromos-emelo\/#primaryimage"},"image":{"@id":"https:\/\/lifting-safety.com\/termek\/szinpadi-elektromos-emelo\/#primaryimage"},"thumbnailUrl":"https:\/\/lifting-safety.com\/wp-content\/uploads\/2024\/03\/Stage-Electric-Hoist.webp","datePublished":"2024-03-23T10:07:22+00:00","breadcrumb":{"@id":"https:\/\/lifting-safety.com\/termek\/szinpadi-elektromos-emelo\/#breadcrumb"},"inLanguage":"hu","potentialAction":[{"@type":"ReadAction","target":["https:\/\/lifting-safety.com\/termek\/szinpadi-elektromos-emelo\/"]}]},{"@type":"ImageObject","inLanguage":"hu","@id":"https:\/\/lifting-safety.com\/termek\/szinpadi-elektromos-emelo\/#primaryimage","url":"https:\/\/lifting-safety.com\/wp-content\/uploads\/2024\/03\/Stage-Electric-Hoist.webp","contentUrl":"https:\/\/lifting-safety.com\/wp-content\/uploads\/2024\/03\/Stage-Electric-Hoist.webp","width":400,"height":400},{"@type":"BreadcrumbList","@id":"https:\/\/lifting-safety.com\/termek\/szinpadi-elektromos-emelo\/#breadcrumb","itemListElement":[{"@type":"ListItem","position":1,"name":"Kezd\u0151lap","item":"https:\/\/lifting-safety.com\/hu_hu\/"},{"@type":"ListItem","position":2,"name":"Store","item":"https:\/\/lifting-safety.com\/store\/"},{"@type":"ListItem","position":3,"name":"Sz\u00ednpadi elektromos emel\u0151"}]},{"@type":"WebSite","@id":"https:\/\/lifting-safety.com\/hu_hu\/#website","url":"https:\/\/lifting-safety.com\/hu_hu\/","name":"Lifting Safety - Lifting equipment from professionals","description":"","publisher":{"@id":"https:\/\/lifting-safety.com\/hu_hu\/#organization"},"potentialAction":[{"@type":"SearchAction","target":{"@type":"EntryPoint","urlTemplate":"https:\/\/lifting-safety.com\/hu_hu\/?s={search_term_string}"},"query-input":{"@type":"PropertyValueSpecification","valueRequired":true,"valueName":"search_term_string"}}],"inLanguage":"hu"},{"@type":"Organization","@id":"https:\/\/lifting-safety.com\/hu_hu\/#organization","name":"Lifting Safety - Lifting equipment from professionals","url":"https:\/\/lifting-safety.com\/hu_hu\/","logo":{"@type":"ImageObject","inLanguage":"hu","@id":"https:\/\/lifting-safety.com\/hu_hu\/#\/schema\/logo\/image\/","url":"https:\/\/lifting-safety.com\/wp-content\/uploads\/2024\/02\/cropped-SAFETY_LIFT_LOGO_horizontal_tiny.png","contentUrl":"https:\/\/lifting-safety.com\/wp-content\/uploads\/2024\/02\/cropped-SAFETY_LIFT_LOGO_horizontal_tiny.png","width":520,"height":174,"caption":"Lifting Safety - Lifting equipment from professionals"},"image":{"@id":"https:\/\/lifting-safety.com\/hu_hu\/#\/schema\/logo\/image\/"}}]}},"_links":{"self":[{"href":"https:\/\/lifting-safety.com\/hu_hu\/wp-json\/wp\/v2\/product\/5237","targetHints":{"allow":["GET"]}}],"collection":[{"href":"https:\/\/lifting-safety.com\/hu_hu\/wp-json\/wp\/v2\/product"}],"about":[{"href":"https:\/\/lifting-safety.com\/hu_hu\/wp-json\/wp\/v2\/types\/product"}],"version-history":[{"count":1,"href":"https:\/\/lifting-safety.com\/hu_hu\/wp-json\/wp\/v2\/product\/5237\/revisions"}],"predecessor-version":[{"id":5242,"href":"https:\/\/lifting-safety.com\/hu_hu\/wp-json\/wp\/v2\/product\/5237\/revisions\/5242"}],"wp:featuredmedia":[{"embeddable":true,"href":"https:\/\/lifting-safety.com\/hu_hu\/wp-json\/wp\/v2\/media\/5238"}],"wp:attachment":[{"href":"https:\/\/lifting-safety.com\/hu_hu\/wp-json\/wp\/v2\/media?parent=5237"}],"wp:term":[{"taxonomy":"product_brand","embeddable":true,"href":"https:\/\/lifting-safety.com\/hu_hu\/wp-json\/wp\/v2\/product_brand?post=5237"},{"taxonomy":"product_cat","embeddable":true,"href":"https:\/\/lifting-safety.com\/hu_hu\/wp-json\/wp\/v2\/product_cat?post=5237"},{"taxonomy":"product_tag","embeddable":true,"href":"https:\/\/lifting-safety.com\/hu_hu\/wp-json\/wp\/v2\/product_tag?post=5237"}],"curies":[{"name":"wp","href":"https:\/\/api.w.org\/{rel}","templated":true}]}}