{"id":5227,"date":"2024-03-23T10:58:53","date_gmt":"2024-03-23T09:58:53","guid":{"rendered":"https:\/\/lifting-safety.com\/?post_type=product&#038;p=5227"},"modified":"2024-03-23T10:58:53","modified_gmt":"2024-03-23T09:58:53","slug":"toyo-stage-intelligens-vezerlorendszer","status":"publish","type":"product","link":"https:\/\/lifting-safety.com\/hu_hu\/termek\/toyo-stage-intelligens-vezerlorendszer\/","title":{"rendered":"TOYO Stage Intelligens vez\u00e9rl\u0151rendszer"},"content":{"rendered":"<p><strong><span>Term\u00e9kel\u0151ny<\/span><\/strong><\/p>\n<p><span>(1) T\u00fal\u00e1ram kapcsol\u00f3 v\u00e9delemmel \u00e9s minden vezet\u00e9k k\u00fcl\u00f6n megszak\u00edt\u00f3val van felszerelve.<\/span><\/p>\n<p><span>(2) Minden vezet\u00e9k t\u00falmeleged\u00e9s elleni v\u00e9delemmel van felszerelve.<\/span><\/p>\n<p><span>(3) A f\u0151 t\u00e1pbemenet v\u00e9szle\u00e1ll\u00edt\u00f3val \u00e9s jelz\u0151l\u00e1mp\u00e1val van felszerelve.<\/span><\/p>\n<p><span>(4) Ipari els\u0151dleges eszk\u00f6z\u00f6k.<\/span><\/p>\n<p><span>(5) Professzion\u00e1lis rep\u00fcl\u00e9si eset.<\/span><\/p>\n<p><span>(6) H\u00e1romf\u00e1zis\u00fa, \u00f6tvezet\u00e9kes v\u00e1ltakoz\u00f3 \u00e1ram\u00fa bemeneti m\u00f3d \u00e9s fesz\u00fclts\u00e9gkijelz\u0151 m\u00e9r\u0151.<\/span><\/p>\n<p>&nbsp;<\/p>\n<p><strong><span>A term\u00e9k f\u0151bb jellemz\u0151i<\/span><\/strong><\/p>\n<p><span>(1) Maximum 120 be\u00e1ll\u00edtott emel\u0151 vagy 60 objektum, \u00e9s t\u00e1mogatja az els\u0151dleges \u00e9s m\u00e1sodlagos sz\u00e1m\u00edt\u00f3g\u00e9pek egyidej\u0171 online biztons\u00e1gi ment\u00e9s\u00e9t.<\/span><\/p>\n<p><span>(2) Automatikus ment\u00e9s, nincs sz\u00fcks\u00e9g a kikapcsolt t\u00e1rol\u00f3 \u00fajraszerkeszt\u00e9s\u00e9re.<\/span><\/p>\n<p><span>(3) Vizu\u00e1lis megfigyel\u00e9s val\u00f3s idej\u0171 kommunik\u00e1ci\u00f3ban a jelz\u00e9sek mozg\u00e1s\u00e1nak m\u00e9r\u00e9s\u00e9re \u00e9s vez\u00e9rl\u00e9s\u00e9re.<\/span><\/p>\n<p><span>(4) Emel\u0151k cser\u00e9je \u00e9s elt\u00e1vol\u00edt\u00e1sa a Cue \u00fajraszerkeszt\u00e9se n\u00e9lk\u00fcl.<\/span><\/p>\n<p><span>(5) B\u00e1rmely emel\u0151g\u00e9p val\u00f3s idej\u0171 k\u00e9zi vez\u00e9rl\u00e9se telep\u00edt\u00e9s \u00e9s bont\u00e1s sor\u00e1n.<\/span><\/p>\n<p><span>(6) Ak\u00e1r 1000 Cue-csoport t\u00e1rol\u00e1s\u00e1ra k\u00e9pes, \u00e9s t\u00e1mogatja a f\u00e1jlok import\u00e1l\u00e1s\u00e1t \u00e9s export\u00e1l\u00e1s\u00e1t.<\/span><\/p>\n<p><span>(7) Ak\u00e1r 60 f\u00fcggetlen folyamatos szinkroniz\u00e1l\u00e1st tud megval\u00f3s\u00edtani (egyenes, \u00edv, t\u00e9rk\u00f6r).<\/span><\/p>\n<p><span>(8) Szoftveres v\u00e9szle\u00e1ll\u00edt\u00f3 rendszerrel.<\/span><\/p>\n<p><span>(9) A 0,1 mm-es ism\u00e9tl\u0151d\u0151 pozicion\u00e1l\u00e1si pontoss\u00e1g megval\u00f3s\u00edthat\u00f3 a 9500 meghajt\u00f3 modullal<\/span><\/p>\n","protected":false},"excerpt":{"rendered":"<p><strong><span>Term\u00e9kn\u00e9v:<\/span><\/strong><span> TOYO Stage Intelligens vez\u00e9rl\u0151rendszer <\/span><\/p>\n<p><strong><span>T\u00e1pell\u00e1t\u00e1s:<\/span><\/strong><span>\u00a050\/60Hz<\/span><\/p>\n<p><strong><span>Min\u0151s\u00edt\u00e9s:<\/span><\/strong><span>\u00a0D8+<\/span><\/p>\n<p>A sz\u00ednpadvez\u00e9rl\u0151 rendszereket \u00fagy tervezt\u00e9k, hogy automatiz\u00e1lj\u00e1k \u00e9s kezelj\u00e9k a sz\u00ednpad k\u00fcl\u00f6nb\u00f6z\u0151 elemeit, pontos vez\u00e9rl\u00e9st biztos\u00edtva az \u00e9l\u0151 el\u0151ad\u00e1sok vagy esem\u00e9nyek k\u00fcl\u00f6nb\u00f6z\u0151 aspektusai felett.<\/p>\n<p><strong><span>Alkalmazhat\u00f3 ipar\u00e1gak:<\/span><\/strong><span>\u00a0Ezeket a rendszereket \u00e1ltal\u00e1ban sz\u00ednh\u00e1zakban, koncerttermekben, rendezv\u00e9nyhelysz\u00edneken \u00e9s m\u00e1s \u00e9l\u0151 sz\u00f3rakoztat\u00f3 k\u00f6rnyezetben haszn\u00e1lj\u00e1k.<\/span><\/p>\n","protected":false},"featured_media":5228,"template":"","meta":{"site-sidebar-layout":"default","site-content-layout":"","ast-site-content-layout":"default","site-content-style":"default","site-sidebar-style":"default","ast-global-header-display":"","ast-banner-title-visibility":"","ast-main-header-display":"","ast-hfb-above-header-display":"","ast-hfb-below-header-display":"","ast-hfb-mobile-header-display":"","site-post-title":"","ast-breadcrumbs-content":"","ast-featured-img":"","footer-sml-layout":"","theme-transparent-header-meta":"default","adv-header-id-meta":"","stick-header-meta":"","header-above-stick-meta":"","header-main-stick-meta":"","header-below-stick-meta":"","astra-migrate-meta-layouts":"set","ast-page-background-enabled":"default","ast-page-background-meta":{"desktop":{"background-color":"","background-image":"","background-repeat":"repeat","background-position":"center center","background-size":"auto","background-attachment":"scroll","background-type":"","background-media":"","overlay-type":"","overlay-color":"","overlay-opacity":"","overlay-gradient":""},"tablet":{"background-color":"","background-image":"","background-repeat":"repeat","background-position":"center center","background-size":"auto","background-attachment":"scroll","background-type":"","background-media":"","overlay-type":"","overlay-color":"","overlay-opacity":"","overlay-gradient":""},"mobile":{"background-color":"","background-image":"","background-repeat":"repeat","background-position":"center center","background-size":"auto","background-attachment":"scroll","background-type":"","background-media":"","overlay-type":"","overlay-color":"","overlay-opacity":"","overlay-gradient":""}},"ast-content-background-meta":{"desktop":{"background-color":"var(--ast-global-color-5)","background-image":"","background-repeat":"repeat","background-position":"center center","background-size":"auto","background-attachment":"scroll","background-type":"","background-media":"","overlay-type":"","overlay-color":"","overlay-opacity":"","overlay-gradient":""},"tablet":{"background-color":"var(--ast-global-color-5)","background-image":"","background-repeat":"repeat","background-position":"center center","background-size":"auto","background-attachment":"scroll","background-type":"","background-media":"","overlay-type":"","overlay-color":"","overlay-opacity":"","overlay-gradient":""},"mobile":{"background-color":"var(--ast-global-color-5)","background-image":"","background-repeat":"repeat","background-position":"center center","background-size":"auto","background-attachment":"scroll","background-type":"","background-media":"","overlay-type":"","overlay-color":"","overlay-opacity":"","overlay-gradient":""}}},"product_brand":[],"product_cat":[15],"product_tag":[],"class_list":{"0":"post-5227","1":"product","2":"type-product","3":"status-publish","4":"has-post-thumbnail","6":"product_cat-egyeb","7":"desktop-align-left","8":"tablet-align-left","9":"mobile-align-left","11":"first","12":"instock","13":"shipping-taxable","14":"product-type-simple"},"yoast_head":"<!-- This site is optimized with the Yoast SEO plugin v25.3 - https:\/\/yoast.com\/wordpress\/plugins\/seo\/ -->\n<title>TOYO Stage Intelligens vez\u00e9rl\u0151rendszer - Lifting Safety - Lifting equipment from professionals<\/title>\n<meta name=\"robots\" content=\"index, follow, max-snippet:-1, max-image-preview:large, max-video-preview:-1\" \/>\n<link rel=\"canonical\" href=\"https:\/\/lifting-safety.com\/hu_hu\/termek\/toyo-stage-intelligens-vezerlorendszer\/\" \/>\n<meta property=\"og:locale\" content=\"hu_HU\" \/>\n<meta property=\"og:type\" content=\"article\" \/>\n<meta property=\"og:title\" content=\"TOYO Stage Intelligens vez\u00e9rl\u0151rendszer - Lifting Safety - Lifting equipment from professionals\" \/>\n<meta property=\"og:description\" content=\"Term\u00e9kn\u00e9v: TOYO Stage Intelligens vez\u00e9rl\u0151rendszer   T\u00e1pell\u00e1t\u00e1s:\u00a050\/60Hz  Min\u0151s\u00edt\u00e9s:\u00a0D8+  A sz\u00ednpadvez\u00e9rl\u0151 rendszereket \u00fagy tervezt\u00e9k, hogy automatiz\u00e1lj\u00e1k \u00e9s kezelj\u00e9k a sz\u00ednpad k\u00fcl\u00f6nb\u00f6z\u0151 elemeit, pontos vez\u00e9rl\u00e9st biztos\u00edtva az \u00e9l\u0151 el\u0151ad\u00e1sok vagy esem\u00e9nyek k\u00fcl\u00f6nb\u00f6z\u0151 aspektusai felett.  Alkalmazhat\u00f3 ipar\u00e1gak:\u00a0Ezeket a rendszereket \u00e1ltal\u00e1ban sz\u00ednh\u00e1zakban, koncerttermekben, rendezv\u00e9nyhelysz\u00edneken \u00e9s m\u00e1s \u00e9l\u0151 sz\u00f3rakoztat\u00f3 k\u00f6rnyezetben haszn\u00e1lj\u00e1k.\" \/>\n<meta property=\"og:url\" content=\"https:\/\/lifting-safety.com\/hu_hu\/termek\/toyo-stage-intelligens-vezerlorendszer\/\" \/>\n<meta property=\"og:site_name\" content=\"Lifting Safety - Lifting equipment from professionals\" \/>\n<meta property=\"og:image\" content=\"https:\/\/lifting-safety.com\/wp-content\/uploads\/2024\/03\/90.webp\" \/>\n\t<meta property=\"og:image:width\" content=\"800\" \/>\n\t<meta property=\"og:image:height\" content=\"800\" \/>\n\t<meta property=\"og:image:type\" content=\"image\/webp\" \/>\n<meta name=\"twitter:card\" content=\"summary_large_image\" \/>\n<meta name=\"twitter:label1\" content=\"Becs\u00fclt olvas\u00e1si id\u0151\" \/>\n\t<meta name=\"twitter:data1\" content=\"1 perc\" \/>\n<script type=\"application\/ld+json\" class=\"yoast-schema-graph\">{\"@context\":\"https:\/\/schema.org\",\"@graph\":[{\"@type\":\"WebPage\",\"@id\":\"https:\/\/lifting-safety.com\/termek\/toyo-stage-intelligens-vezerlorendszer\/\",\"url\":\"https:\/\/lifting-safety.com\/termek\/toyo-stage-intelligens-vezerlorendszer\/\",\"name\":\"TOYO Stage Intelligens vez\u00e9rl\u0151rendszer - Lifting Safety - Lifting equipment from professionals\",\"isPartOf\":{\"@id\":\"https:\/\/lifting-safety.com\/hu_hu\/#website\"},\"primaryImageOfPage\":{\"@id\":\"https:\/\/lifting-safety.com\/termek\/toyo-stage-intelligens-vezerlorendszer\/#primaryimage\"},\"image\":{\"@id\":\"https:\/\/lifting-safety.com\/termek\/toyo-stage-intelligens-vezerlorendszer\/#primaryimage\"},\"thumbnailUrl\":\"https:\/\/lifting-safety.com\/wp-content\/uploads\/2024\/03\/90.webp\",\"datePublished\":\"2024-03-23T09:58:53+00:00\",\"breadcrumb\":{\"@id\":\"https:\/\/lifting-safety.com\/termek\/toyo-stage-intelligens-vezerlorendszer\/#breadcrumb\"},\"inLanguage\":\"hu\",\"potentialAction\":[{\"@type\":\"ReadAction\",\"target\":[\"https:\/\/lifting-safety.com\/termek\/toyo-stage-intelligens-vezerlorendszer\/\"]}]},{\"@type\":\"ImageObject\",\"inLanguage\":\"hu\",\"@id\":\"https:\/\/lifting-safety.com\/termek\/toyo-stage-intelligens-vezerlorendszer\/#primaryimage\",\"url\":\"https:\/\/lifting-safety.com\/wp-content\/uploads\/2024\/03\/90.webp\",\"contentUrl\":\"https:\/\/lifting-safety.com\/wp-content\/uploads\/2024\/03\/90.webp\",\"width\":800,\"height\":800},{\"@type\":\"BreadcrumbList\",\"@id\":\"https:\/\/lifting-safety.com\/termek\/toyo-stage-intelligens-vezerlorendszer\/#breadcrumb\",\"itemListElement\":[{\"@type\":\"ListItem\",\"position\":1,\"name\":\"Kezd\u0151lap\",\"item\":\"https:\/\/lifting-safety.com\/hu_hu\/\"},{\"@type\":\"ListItem\",\"position\":2,\"name\":\"Store\",\"item\":\"https:\/\/lifting-safety.com\/store\/\"},{\"@type\":\"ListItem\",\"position\":3,\"name\":\"TOYO Stage Intelligens vez\u00e9rl\u0151rendszer\"}]},{\"@type\":\"WebSite\",\"@id\":\"https:\/\/lifting-safety.com\/hu_hu\/#website\",\"url\":\"https:\/\/lifting-safety.com\/hu_hu\/\",\"name\":\"Lifting Safety - Lifting equipment from professionals\",\"description\":\"\",\"publisher\":{\"@id\":\"https:\/\/lifting-safety.com\/hu_hu\/#organization\"},\"potentialAction\":[{\"@type\":\"SearchAction\",\"target\":{\"@type\":\"EntryPoint\",\"urlTemplate\":\"https:\/\/lifting-safety.com\/hu_hu\/?s={search_term_string}\"},\"query-input\":{\"@type\":\"PropertyValueSpecification\",\"valueRequired\":true,\"valueName\":\"search_term_string\"}}],\"inLanguage\":\"hu\"},{\"@type\":\"Organization\",\"@id\":\"https:\/\/lifting-safety.com\/hu_hu\/#organization\",\"name\":\"Lifting Safety - Lifting equipment from professionals\",\"url\":\"https:\/\/lifting-safety.com\/hu_hu\/\",\"logo\":{\"@type\":\"ImageObject\",\"inLanguage\":\"hu\",\"@id\":\"https:\/\/lifting-safety.com\/hu_hu\/#\/schema\/logo\/image\/\",\"url\":\"https:\/\/lifting-safety.com\/wp-content\/uploads\/2024\/02\/cropped-SAFETY_LIFT_LOGO_horizontal_tiny.png\",\"contentUrl\":\"https:\/\/lifting-safety.com\/wp-content\/uploads\/2024\/02\/cropped-SAFETY_LIFT_LOGO_horizontal_tiny.png\",\"width\":520,\"height\":174,\"caption\":\"Lifting Safety - Lifting equipment from professionals\"},\"image\":{\"@id\":\"https:\/\/lifting-safety.com\/hu_hu\/#\/schema\/logo\/image\/\"}}]}<\/script>\n<!-- \/ Yoast SEO plugin. -->","yoast_head_json":{"title":"TOYO Stage Intelligens vez\u00e9rl\u0151rendszer - Lifting Safety - Lifting equipment from professionals","robots":{"index":"index","follow":"follow","max-snippet":"max-snippet:-1","max-image-preview":"max-image-preview:large","max-video-preview":"max-video-preview:-1"},"canonical":"https:\/\/lifting-safety.com\/hu_hu\/termek\/toyo-stage-intelligens-vezerlorendszer\/","og_locale":"hu_HU","og_type":"article","og_title":"TOYO Stage Intelligens vez\u00e9rl\u0151rendszer - Lifting Safety - Lifting equipment from professionals","og_description":"Term\u00e9kn\u00e9v: TOYO Stage Intelligens vez\u00e9rl\u0151rendszer   T\u00e1pell\u00e1t\u00e1s:\u00a050\/60Hz  Min\u0151s\u00edt\u00e9s:\u00a0D8+  A sz\u00ednpadvez\u00e9rl\u0151 rendszereket \u00fagy tervezt\u00e9k, hogy automatiz\u00e1lj\u00e1k \u00e9s kezelj\u00e9k a sz\u00ednpad k\u00fcl\u00f6nb\u00f6z\u0151 elemeit, pontos vez\u00e9rl\u00e9st biztos\u00edtva az \u00e9l\u0151 el\u0151ad\u00e1sok vagy esem\u00e9nyek k\u00fcl\u00f6nb\u00f6z\u0151 aspektusai felett.  Alkalmazhat\u00f3 ipar\u00e1gak:\u00a0Ezeket a rendszereket \u00e1ltal\u00e1ban sz\u00ednh\u00e1zakban, koncerttermekben, rendezv\u00e9nyhelysz\u00edneken \u00e9s m\u00e1s \u00e9l\u0151 sz\u00f3rakoztat\u00f3 k\u00f6rnyezetben haszn\u00e1lj\u00e1k.","og_url":"https:\/\/lifting-safety.com\/hu_hu\/termek\/toyo-stage-intelligens-vezerlorendszer\/","og_site_name":"Lifting Safety - Lifting equipment from professionals","og_image":[{"width":800,"height":800,"url":"https:\/\/lifting-safety.com\/wp-content\/uploads\/2024\/03\/90.webp","type":"image\/webp"}],"twitter_card":"summary_large_image","twitter_misc":{"Becs\u00fclt olvas\u00e1si id\u0151":"1 perc"},"schema":{"@context":"https:\/\/schema.org","@graph":[{"@type":"WebPage","@id":"https:\/\/lifting-safety.com\/termek\/toyo-stage-intelligens-vezerlorendszer\/","url":"https:\/\/lifting-safety.com\/termek\/toyo-stage-intelligens-vezerlorendszer\/","name":"TOYO Stage Intelligens vez\u00e9rl\u0151rendszer - Lifting Safety - Lifting equipment from professionals","isPartOf":{"@id":"https:\/\/lifting-safety.com\/hu_hu\/#website"},"primaryImageOfPage":{"@id":"https:\/\/lifting-safety.com\/termek\/toyo-stage-intelligens-vezerlorendszer\/#primaryimage"},"image":{"@id":"https:\/\/lifting-safety.com\/termek\/toyo-stage-intelligens-vezerlorendszer\/#primaryimage"},"thumbnailUrl":"https:\/\/lifting-safety.com\/wp-content\/uploads\/2024\/03\/90.webp","datePublished":"2024-03-23T09:58:53+00:00","breadcrumb":{"@id":"https:\/\/lifting-safety.com\/termek\/toyo-stage-intelligens-vezerlorendszer\/#breadcrumb"},"inLanguage":"hu","potentialAction":[{"@type":"ReadAction","target":["https:\/\/lifting-safety.com\/termek\/toyo-stage-intelligens-vezerlorendszer\/"]}]},{"@type":"ImageObject","inLanguage":"hu","@id":"https:\/\/lifting-safety.com\/termek\/toyo-stage-intelligens-vezerlorendszer\/#primaryimage","url":"https:\/\/lifting-safety.com\/wp-content\/uploads\/2024\/03\/90.webp","contentUrl":"https:\/\/lifting-safety.com\/wp-content\/uploads\/2024\/03\/90.webp","width":800,"height":800},{"@type":"BreadcrumbList","@id":"https:\/\/lifting-safety.com\/termek\/toyo-stage-intelligens-vezerlorendszer\/#breadcrumb","itemListElement":[{"@type":"ListItem","position":1,"name":"Kezd\u0151lap","item":"https:\/\/lifting-safety.com\/hu_hu\/"},{"@type":"ListItem","position":2,"name":"Store","item":"https:\/\/lifting-safety.com\/store\/"},{"@type":"ListItem","position":3,"name":"TOYO Stage Intelligens vez\u00e9rl\u0151rendszer"}]},{"@type":"WebSite","@id":"https:\/\/lifting-safety.com\/hu_hu\/#website","url":"https:\/\/lifting-safety.com\/hu_hu\/","name":"Lifting Safety - Lifting equipment from professionals","description":"","publisher":{"@id":"https:\/\/lifting-safety.com\/hu_hu\/#organization"},"potentialAction":[{"@type":"SearchAction","target":{"@type":"EntryPoint","urlTemplate":"https:\/\/lifting-safety.com\/hu_hu\/?s={search_term_string}"},"query-input":{"@type":"PropertyValueSpecification","valueRequired":true,"valueName":"search_term_string"}}],"inLanguage":"hu"},{"@type":"Organization","@id":"https:\/\/lifting-safety.com\/hu_hu\/#organization","name":"Lifting Safety - Lifting equipment from professionals","url":"https:\/\/lifting-safety.com\/hu_hu\/","logo":{"@type":"ImageObject","inLanguage":"hu","@id":"https:\/\/lifting-safety.com\/hu_hu\/#\/schema\/logo\/image\/","url":"https:\/\/lifting-safety.com\/wp-content\/uploads\/2024\/02\/cropped-SAFETY_LIFT_LOGO_horizontal_tiny.png","contentUrl":"https:\/\/lifting-safety.com\/wp-content\/uploads\/2024\/02\/cropped-SAFETY_LIFT_LOGO_horizontal_tiny.png","width":520,"height":174,"caption":"Lifting Safety - Lifting equipment from professionals"},"image":{"@id":"https:\/\/lifting-safety.com\/hu_hu\/#\/schema\/logo\/image\/"}}]}},"_links":{"self":[{"href":"https:\/\/lifting-safety.com\/hu_hu\/wp-json\/wp\/v2\/product\/5227","targetHints":{"allow":["GET"]}}],"collection":[{"href":"https:\/\/lifting-safety.com\/hu_hu\/wp-json\/wp\/v2\/product"}],"about":[{"href":"https:\/\/lifting-safety.com\/hu_hu\/wp-json\/wp\/v2\/types\/product"}],"version-history":[{"count":1,"href":"https:\/\/lifting-safety.com\/hu_hu\/wp-json\/wp\/v2\/product\/5227\/revisions"}],"predecessor-version":[{"id":5229,"href":"https:\/\/lifting-safety.com\/hu_hu\/wp-json\/wp\/v2\/product\/5227\/revisions\/5229"}],"wp:featuredmedia":[{"embeddable":true,"href":"https:\/\/lifting-safety.com\/hu_hu\/wp-json\/wp\/v2\/media\/5228"}],"wp:attachment":[{"href":"https:\/\/lifting-safety.com\/hu_hu\/wp-json\/wp\/v2\/media?parent=5227"}],"wp:term":[{"taxonomy":"product_brand","embeddable":true,"href":"https:\/\/lifting-safety.com\/hu_hu\/wp-json\/wp\/v2\/product_brand?post=5227"},{"taxonomy":"product_cat","embeddable":true,"href":"https:\/\/lifting-safety.com\/hu_hu\/wp-json\/wp\/v2\/product_cat?post=5227"},{"taxonomy":"product_tag","embeddable":true,"href":"https:\/\/lifting-safety.com\/hu_hu\/wp-json\/wp\/v2\/product_tag?post=5227"}],"curies":[{"name":"wp","href":"https:\/\/api.w.org\/{rel}","templated":true}]}}