{"id":5178,"date":"2024-03-22T20:35:09","date_gmt":"2024-03-22T19:35:09","guid":{"rendered":"https:\/\/lifting-safety.com\/?post_type=product&#038;p=5178"},"modified":"2024-03-22T20:35:09","modified_gmt":"2024-03-22T19:35:09","slug":"kezi-lancos-emelo","status":"publish","type":"product","link":"https:\/\/lifting-safety.com\/hu_hu\/termek\/kezi-lancos-emelo\/","title":{"rendered":"K\u00e9zi l\u00e1ncos emel\u0151"},"content":{"rendered":"<p><strong><span>Term\u00e9kel\u0151ny<\/span><\/strong><\/p>\n<p><span>(1) Horganyzott k\u00e9zi l\u00e1nc Q235 anyaggal, l\u00e1nc\u00e1tm\u00e9r\u0151 4,8 mm.<\/span><\/p>\n<p><span>(2) Megvastag\u00edtott burkolat \u00e9s folyamattervez\u00e9s a bord\u00e1k n\u00f6vel\u00e9se, a t\u00falzott szil\u00e1rds\u00e1g, az \u00fct\u00e9s\u00e1ll\u00f3s\u00e1g \u00e9s a bels\u0151 szerkezet hat\u00e9kony v\u00e9delme \u00e9rdek\u00e9ben.<\/span><\/p>\n<p><span>(3) A megvastag\u00edtott h\u00e9j \u00fct\u00e9s\u00e1ll\u00f3 \u00e9s hat\u00e9konyan v\u00e9di a bels\u0151 szerkezetet, egyszerre lyukasztott, sz\u00e9p \u00e9s \u00fcgyes megjelen\u00e9s\u0171.<\/span><\/p>\n<p><span>(4) A Toyo racsnis ker\u00e9k karbur\u00e1l\u00f3 h\u0151kezel\u00e9st v\u00e9gez, amely 1000 alkalommal haszn\u00e1lhat\u00f3.<\/span><\/p>\n<p><span>(5) Dupla kilincsf\u00e9k, kett\u0151s vezet\u0151ker\u00e9k, nagy biztons\u00e1gi teljes\u00edtm\u00e9ny.<\/span><\/p>\n<p><span>(6) K\u00f6nny\u0171 k\u00e9zi h\u00faz\u00e1s, stabil forg\u00e1s, nagy hat\u00e9konys\u00e1g;\u00a0kis m\u00e9ret, k\u00f6nny\u0171, k\u00f6nnyen sz\u00e1ll\u00edthat\u00f3;\u00a0k\u00f6nnyen telep\u00edthet\u0151, haszn\u00e1latra k\u00e9sz, id\u0151t \u00e9s energi\u00e1t takar\u00edt meg, \u00e9s helyet takar\u00edt meg.<\/span><\/p>\n","protected":false},"excerpt":{"rendered":"<p><strong><span>Term\u00e9k neve:<\/span><\/strong><span>\u00a0K\u00e9zi l\u00e1ncos emel\u0151<\/span><\/p>\n<p><strong><span>T\u00edpus:<\/span><\/strong><span>\u00a0Emel\u0151berendez\u00e9s<\/span><\/p>\n<p><strong><span>Modell:<\/span><\/strong><span>\u00a0KII<\/span><\/p>\n<p><strong><span>Min\u0151s\u00edt\u00e9s:<\/span><\/strong><span>\u00a0CE, GS<\/span><\/p>\n<p><strong><span>Haszn\u00e1lat:\u00a0<\/span><\/strong><span>\u00a0\u00c9p\u00edt\u0151ipari<\/span><br \/>\n<strong><span>Emel\u0151 Er\u0151forr\u00e1s: <\/span><\/strong><span>\u00a0K\u00e9zi<\/span><br \/>\n<strong><span>Teherb\u00edr\u00e1s: <\/span><\/strong><span>\u00a00,5-100 tonna<\/span><br \/>\n<strong><span>Norm\u00e1l emel\u0151:\u00a0<\/span><\/strong><span>\u00a03M<\/span><br \/>\n<strong><span>Teherl\u00e1nc:\u00a0<\/span><\/strong><span>\u00a020Mn2 G80\/G100-as horoggal<\/span><br \/>\n<strong><span>:\u00a0<\/span><\/strong><span>\u00a020Cr,kov\u00e1csol\u00e1s,h\u0151kezel\u00e9s,4-szeres biztons\u00e1gi faktor<\/span><\/p>\n<p><strong><span>Alkalmazhat\u00f3 ipar\u00e1gak:<\/span><\/strong><span>\u00a0\u00c9p\u00edt\u0151anyag-\u00fczletek, G\u00e9pjav\u00edt\u00f3 m\u0171helyek, Gy\u00e1rt\u00f3\u00fczem, Farmok, Kiskereskedelem, \u00c9p\u00edt\u00e9si munk\u00e1k , Energia \u00e9s b\u00e1ny\u00e1szat<\/span><\/p>\n","protected":false},"featured_media":5179,"template":"","meta":{"site-sidebar-layout":"default","site-content-layout":"","ast-site-content-layout":"default","site-content-style":"default","site-sidebar-style":"default","ast-global-header-display":"","ast-banner-title-visibility":"","ast-main-header-display":"","ast-hfb-above-header-display":"","ast-hfb-below-header-display":"","ast-hfb-mobile-header-display":"","site-post-title":"","ast-breadcrumbs-content":"","ast-featured-img":"","footer-sml-layout":"","theme-transparent-header-meta":"default","adv-header-id-meta":"","stick-header-meta":"","header-above-stick-meta":"","header-main-stick-meta":"","header-below-stick-meta":"","astra-migrate-meta-layouts":"set","ast-page-background-enabled":"default","ast-page-background-meta":{"desktop":{"background-color":"","background-image":"","background-repeat":"repeat","background-position":"center center","background-size":"auto","background-attachment":"scroll","background-type":"","background-media":"","overlay-type":"","overlay-color":"","overlay-opacity":"","overlay-gradient":""},"tablet":{"background-color":"","background-image":"","background-repeat":"repeat","background-position":"center center","background-size":"auto","background-attachment":"scroll","background-type":"","background-media":"","overlay-type":"","overlay-color":"","overlay-opacity":"","overlay-gradient":""},"mobile":{"background-color":"","background-image":"","background-repeat":"repeat","background-position":"center center","background-size":"auto","background-attachment":"scroll","background-type":"","background-media":"","overlay-type":"","overlay-color":"","overlay-opacity":"","overlay-gradient":""}},"ast-content-background-meta":{"desktop":{"background-color":"var(--ast-global-color-5)","background-image":"","background-repeat":"repeat","background-position":"center center","background-size":"auto","background-attachment":"scroll","background-type":"","background-media":"","overlay-type":"","overlay-color":"","overlay-opacity":"","overlay-gradient":""},"tablet":{"background-color":"var(--ast-global-color-5)","background-image":"","background-repeat":"repeat","background-position":"center center","background-size":"auto","background-attachment":"scroll","background-type":"","background-media":"","overlay-type":"","overlay-color":"","overlay-opacity":"","overlay-gradient":""},"mobile":{"background-color":"var(--ast-global-color-5)","background-image":"","background-repeat":"repeat","background-position":"center center","background-size":"auto","background-attachment":"scroll","background-type":"","background-media":"","overlay-type":"","overlay-color":"","overlay-opacity":"","overlay-gradient":""}}},"product_brand":[],"product_cat":[71],"product_tag":[],"class_list":{"0":"post-5178","1":"product","2":"type-product","3":"status-publish","4":"has-post-thumbnail","6":"product_cat-kezi-emelok-es-hordozok","7":"desktop-align-left","8":"tablet-align-left","9":"mobile-align-left","11":"first","12":"instock","13":"shipping-taxable","14":"product-type-simple"},"yoast_head":"<!-- This site is optimized with the Yoast SEO plugin v25.3 - https:\/\/yoast.com\/wordpress\/plugins\/seo\/ -->\n<title>K\u00e9zi l\u00e1ncos emel\u0151 - Lifting Safety - Lifting equipment from professionals<\/title>\n<meta name=\"robots\" content=\"index, follow, max-snippet:-1, max-image-preview:large, max-video-preview:-1\" \/>\n<link rel=\"canonical\" href=\"https:\/\/lifting-safety.com\/hu_hu\/termek\/kezi-lancos-emelo\/\" \/>\n<meta property=\"og:locale\" content=\"hu_HU\" \/>\n<meta property=\"og:type\" content=\"article\" \/>\n<meta property=\"og:title\" content=\"K\u00e9zi l\u00e1ncos emel\u0151 - Lifting Safety - Lifting equipment from professionals\" \/>\n<meta property=\"og:description\" content=\"Term\u00e9k neve:\u00a0K\u00e9zi l\u00e1ncos emel\u0151  T\u00edpus:\u00a0Emel\u0151berendez\u00e9s  Modell:\u00a0KII  Min\u0151s\u00edt\u00e9s:\u00a0CE, GS  Haszn\u00e1lat:\u00a0\u00a0\u00c9p\u00edt\u0151ipari Emel\u0151 Er\u0151forr\u00e1s: \u00a0K\u00e9zi Teherb\u00edr\u00e1s: \u00a00,5-100 tonna Norm\u00e1l emel\u0151:\u00a0\u00a03M Teherl\u00e1nc:\u00a0\u00a020Mn2 G80\/G100-as horoggal :\u00a0\u00a020Cr,kov\u00e1csol\u00e1s,h\u0151kezel\u00e9s,4-szeres biztons\u00e1gi faktor  Alkalmazhat\u00f3 ipar\u00e1gak:\u00a0\u00c9p\u00edt\u0151anyag-\u00fczletek, G\u00e9pjav\u00edt\u00f3 m\u0171helyek, Gy\u00e1rt\u00f3\u00fczem, Farmok, Kiskereskedelem, \u00c9p\u00edt\u00e9si munk\u00e1k , Energia \u00e9s b\u00e1ny\u00e1szat\" \/>\n<meta property=\"og:url\" content=\"https:\/\/lifting-safety.com\/hu_hu\/termek\/kezi-lancos-emelo\/\" \/>\n<meta property=\"og:site_name\" content=\"Lifting Safety - Lifting equipment from professionals\" \/>\n<meta property=\"og:image\" content=\"https:\/\/lifting-safety.com\/wp-content\/uploads\/2024\/03\/logo-1.webp\" \/>\n\t<meta property=\"og:image:width\" content=\"800\" \/>\n\t<meta property=\"og:image:height\" content=\"800\" \/>\n\t<meta property=\"og:image:type\" content=\"image\/webp\" \/>\n<meta name=\"twitter:card\" content=\"summary_large_image\" \/>\n<meta name=\"twitter:label1\" content=\"Becs\u00fclt olvas\u00e1si id\u0151\" \/>\n\t<meta name=\"twitter:data1\" content=\"1 perc\" \/>\n<script type=\"application\/ld+json\" class=\"yoast-schema-graph\">{\"@context\":\"https:\/\/schema.org\",\"@graph\":[{\"@type\":\"WebPage\",\"@id\":\"https:\/\/lifting-safety.com\/termek\/kezi-lancos-emelo\/\",\"url\":\"https:\/\/lifting-safety.com\/termek\/kezi-lancos-emelo\/\",\"name\":\"K\u00e9zi l\u00e1ncos emel\u0151 - Lifting Safety - Lifting equipment from professionals\",\"isPartOf\":{\"@id\":\"https:\/\/lifting-safety.com\/hu_hu\/#website\"},\"primaryImageOfPage\":{\"@id\":\"https:\/\/lifting-safety.com\/termek\/kezi-lancos-emelo\/#primaryimage\"},\"image\":{\"@id\":\"https:\/\/lifting-safety.com\/termek\/kezi-lancos-emelo\/#primaryimage\"},\"thumbnailUrl\":\"https:\/\/lifting-safety.com\/wp-content\/uploads\/2024\/03\/logo-1.webp\",\"datePublished\":\"2024-03-22T19:35:09+00:00\",\"breadcrumb\":{\"@id\":\"https:\/\/lifting-safety.com\/termek\/kezi-lancos-emelo\/#breadcrumb\"},\"inLanguage\":\"hu\",\"potentialAction\":[{\"@type\":\"ReadAction\",\"target\":[\"https:\/\/lifting-safety.com\/termek\/kezi-lancos-emelo\/\"]}]},{\"@type\":\"ImageObject\",\"inLanguage\":\"hu\",\"@id\":\"https:\/\/lifting-safety.com\/termek\/kezi-lancos-emelo\/#primaryimage\",\"url\":\"https:\/\/lifting-safety.com\/wp-content\/uploads\/2024\/03\/logo-1.webp\",\"contentUrl\":\"https:\/\/lifting-safety.com\/wp-content\/uploads\/2024\/03\/logo-1.webp\",\"width\":800,\"height\":800},{\"@type\":\"BreadcrumbList\",\"@id\":\"https:\/\/lifting-safety.com\/termek\/kezi-lancos-emelo\/#breadcrumb\",\"itemListElement\":[{\"@type\":\"ListItem\",\"position\":1,\"name\":\"Kezd\u0151lap\",\"item\":\"https:\/\/lifting-safety.com\/hu_hu\/\"},{\"@type\":\"ListItem\",\"position\":2,\"name\":\"Store\",\"item\":\"https:\/\/lifting-safety.com\/store\/\"},{\"@type\":\"ListItem\",\"position\":3,\"name\":\"K\u00e9zi l\u00e1ncos emel\u0151\"}]},{\"@type\":\"WebSite\",\"@id\":\"https:\/\/lifting-safety.com\/hu_hu\/#website\",\"url\":\"https:\/\/lifting-safety.com\/hu_hu\/\",\"name\":\"Lifting Safety - Lifting equipment from professionals\",\"description\":\"\",\"publisher\":{\"@id\":\"https:\/\/lifting-safety.com\/hu_hu\/#organization\"},\"potentialAction\":[{\"@type\":\"SearchAction\",\"target\":{\"@type\":\"EntryPoint\",\"urlTemplate\":\"https:\/\/lifting-safety.com\/hu_hu\/?s={search_term_string}\"},\"query-input\":{\"@type\":\"PropertyValueSpecification\",\"valueRequired\":true,\"valueName\":\"search_term_string\"}}],\"inLanguage\":\"hu\"},{\"@type\":\"Organization\",\"@id\":\"https:\/\/lifting-safety.com\/hu_hu\/#organization\",\"name\":\"Lifting Safety - Lifting equipment from professionals\",\"url\":\"https:\/\/lifting-safety.com\/hu_hu\/\",\"logo\":{\"@type\":\"ImageObject\",\"inLanguage\":\"hu\",\"@id\":\"https:\/\/lifting-safety.com\/hu_hu\/#\/schema\/logo\/image\/\",\"url\":\"https:\/\/lifting-safety.com\/wp-content\/uploads\/2024\/02\/cropped-SAFETY_LIFT_LOGO_horizontal_tiny.png\",\"contentUrl\":\"https:\/\/lifting-safety.com\/wp-content\/uploads\/2024\/02\/cropped-SAFETY_LIFT_LOGO_horizontal_tiny.png\",\"width\":520,\"height\":174,\"caption\":\"Lifting Safety - Lifting equipment from professionals\"},\"image\":{\"@id\":\"https:\/\/lifting-safety.com\/hu_hu\/#\/schema\/logo\/image\/\"}}]}<\/script>\n<!-- \/ Yoast SEO plugin. -->","yoast_head_json":{"title":"K\u00e9zi l\u00e1ncos emel\u0151 - Lifting Safety - Lifting equipment from professionals","robots":{"index":"index","follow":"follow","max-snippet":"max-snippet:-1","max-image-preview":"max-image-preview:large","max-video-preview":"max-video-preview:-1"},"canonical":"https:\/\/lifting-safety.com\/hu_hu\/termek\/kezi-lancos-emelo\/","og_locale":"hu_HU","og_type":"article","og_title":"K\u00e9zi l\u00e1ncos emel\u0151 - Lifting Safety - Lifting equipment from professionals","og_description":"Term\u00e9k neve:\u00a0K\u00e9zi l\u00e1ncos emel\u0151  T\u00edpus:\u00a0Emel\u0151berendez\u00e9s  Modell:\u00a0KII  Min\u0151s\u00edt\u00e9s:\u00a0CE, GS  Haszn\u00e1lat:\u00a0\u00a0\u00c9p\u00edt\u0151ipari Emel\u0151 Er\u0151forr\u00e1s: \u00a0K\u00e9zi Teherb\u00edr\u00e1s: \u00a00,5-100 tonna Norm\u00e1l emel\u0151:\u00a0\u00a03M Teherl\u00e1nc:\u00a0\u00a020Mn2 G80\/G100-as horoggal :\u00a0\u00a020Cr,kov\u00e1csol\u00e1s,h\u0151kezel\u00e9s,4-szeres biztons\u00e1gi faktor  Alkalmazhat\u00f3 ipar\u00e1gak:\u00a0\u00c9p\u00edt\u0151anyag-\u00fczletek, G\u00e9pjav\u00edt\u00f3 m\u0171helyek, Gy\u00e1rt\u00f3\u00fczem, Farmok, Kiskereskedelem, \u00c9p\u00edt\u00e9si munk\u00e1k , Energia \u00e9s b\u00e1ny\u00e1szat","og_url":"https:\/\/lifting-safety.com\/hu_hu\/termek\/kezi-lancos-emelo\/","og_site_name":"Lifting Safety - Lifting equipment from professionals","og_image":[{"width":800,"height":800,"url":"https:\/\/lifting-safety.com\/wp-content\/uploads\/2024\/03\/logo-1.webp","type":"image\/webp"}],"twitter_card":"summary_large_image","twitter_misc":{"Becs\u00fclt olvas\u00e1si id\u0151":"1 perc"},"schema":{"@context":"https:\/\/schema.org","@graph":[{"@type":"WebPage","@id":"https:\/\/lifting-safety.com\/termek\/kezi-lancos-emelo\/","url":"https:\/\/lifting-safety.com\/termek\/kezi-lancos-emelo\/","name":"K\u00e9zi l\u00e1ncos emel\u0151 - Lifting Safety - Lifting equipment from professionals","isPartOf":{"@id":"https:\/\/lifting-safety.com\/hu_hu\/#website"},"primaryImageOfPage":{"@id":"https:\/\/lifting-safety.com\/termek\/kezi-lancos-emelo\/#primaryimage"},"image":{"@id":"https:\/\/lifting-safety.com\/termek\/kezi-lancos-emelo\/#primaryimage"},"thumbnailUrl":"https:\/\/lifting-safety.com\/wp-content\/uploads\/2024\/03\/logo-1.webp","datePublished":"2024-03-22T19:35:09+00:00","breadcrumb":{"@id":"https:\/\/lifting-safety.com\/termek\/kezi-lancos-emelo\/#breadcrumb"},"inLanguage":"hu","potentialAction":[{"@type":"ReadAction","target":["https:\/\/lifting-safety.com\/termek\/kezi-lancos-emelo\/"]}]},{"@type":"ImageObject","inLanguage":"hu","@id":"https:\/\/lifting-safety.com\/termek\/kezi-lancos-emelo\/#primaryimage","url":"https:\/\/lifting-safety.com\/wp-content\/uploads\/2024\/03\/logo-1.webp","contentUrl":"https:\/\/lifting-safety.com\/wp-content\/uploads\/2024\/03\/logo-1.webp","width":800,"height":800},{"@type":"BreadcrumbList","@id":"https:\/\/lifting-safety.com\/termek\/kezi-lancos-emelo\/#breadcrumb","itemListElement":[{"@type":"ListItem","position":1,"name":"Kezd\u0151lap","item":"https:\/\/lifting-safety.com\/hu_hu\/"},{"@type":"ListItem","position":2,"name":"Store","item":"https:\/\/lifting-safety.com\/store\/"},{"@type":"ListItem","position":3,"name":"K\u00e9zi l\u00e1ncos emel\u0151"}]},{"@type":"WebSite","@id":"https:\/\/lifting-safety.com\/hu_hu\/#website","url":"https:\/\/lifting-safety.com\/hu_hu\/","name":"Lifting Safety - Lifting equipment from professionals","description":"","publisher":{"@id":"https:\/\/lifting-safety.com\/hu_hu\/#organization"},"potentialAction":[{"@type":"SearchAction","target":{"@type":"EntryPoint","urlTemplate":"https:\/\/lifting-safety.com\/hu_hu\/?s={search_term_string}"},"query-input":{"@type":"PropertyValueSpecification","valueRequired":true,"valueName":"search_term_string"}}],"inLanguage":"hu"},{"@type":"Organization","@id":"https:\/\/lifting-safety.com\/hu_hu\/#organization","name":"Lifting Safety - Lifting equipment from professionals","url":"https:\/\/lifting-safety.com\/hu_hu\/","logo":{"@type":"ImageObject","inLanguage":"hu","@id":"https:\/\/lifting-safety.com\/hu_hu\/#\/schema\/logo\/image\/","url":"https:\/\/lifting-safety.com\/wp-content\/uploads\/2024\/02\/cropped-SAFETY_LIFT_LOGO_horizontal_tiny.png","contentUrl":"https:\/\/lifting-safety.com\/wp-content\/uploads\/2024\/02\/cropped-SAFETY_LIFT_LOGO_horizontal_tiny.png","width":520,"height":174,"caption":"Lifting Safety - Lifting equipment from professionals"},"image":{"@id":"https:\/\/lifting-safety.com\/hu_hu\/#\/schema\/logo\/image\/"}}]}},"_links":{"self":[{"href":"https:\/\/lifting-safety.com\/hu_hu\/wp-json\/wp\/v2\/product\/5178","targetHints":{"allow":["GET"]}}],"collection":[{"href":"https:\/\/lifting-safety.com\/hu_hu\/wp-json\/wp\/v2\/product"}],"about":[{"href":"https:\/\/lifting-safety.com\/hu_hu\/wp-json\/wp\/v2\/types\/product"}],"version-history":[{"count":2,"href":"https:\/\/lifting-safety.com\/hu_hu\/wp-json\/wp\/v2\/product\/5178\/revisions"}],"predecessor-version":[{"id":5283,"href":"https:\/\/lifting-safety.com\/hu_hu\/wp-json\/wp\/v2\/product\/5178\/revisions\/5283"}],"wp:featuredmedia":[{"embeddable":true,"href":"https:\/\/lifting-safety.com\/hu_hu\/wp-json\/wp\/v2\/media\/5179"}],"wp:attachment":[{"href":"https:\/\/lifting-safety.com\/hu_hu\/wp-json\/wp\/v2\/media?parent=5178"}],"wp:term":[{"taxonomy":"product_brand","embeddable":true,"href":"https:\/\/lifting-safety.com\/hu_hu\/wp-json\/wp\/v2\/product_brand?post=5178"},{"taxonomy":"product_cat","embeddable":true,"href":"https:\/\/lifting-safety.com\/hu_hu\/wp-json\/wp\/v2\/product_cat?post=5178"},{"taxonomy":"product_tag","embeddable":true,"href":"https:\/\/lifting-safety.com\/hu_hu\/wp-json\/wp\/v2\/product_tag?post=5178"}],"curies":[{"name":"wp","href":"https:\/\/api.w.org\/{rel}","templated":true}]}}