{"id":5133,"date":"2024-03-22T19:30:26","date_gmt":"2024-03-22T18:30:26","guid":{"rendered":"https:\/\/lifting-safety.com\/?post_type=product&#038;p=5133"},"modified":"2024-03-22T19:30:26","modified_gmt":"2024-03-22T18:30:26","slug":"kezi-csorlo-horog-drotkotellel","status":"publish","type":"product","link":"https:\/\/lifting-safety.com\/hu_hu\/termek\/kezi-csorlo-horog-drotkotellel\/","title":{"rendered":"K\u00e9zi cs\u00f6rl\u0151 Horog Dr\u00f3tk\u00f6t\u00e9llel"},"content":{"rendered":"","protected":false},"excerpt":{"rendered":"<p><strong><span>Term\u00e9kn\u00e9v:<\/span><\/strong><span>\u00a0K\u00e9zi cs\u00f6rl\u0151 horgos dr\u00f3tk\u00f6t\u00e9llel<\/span><\/p>\n<p><strong><span>T\u00edpus:<\/span><\/strong><span>\u00a0Emel\u00e9s, h\u00faz\u00e1s \u00e9s fesz\u00edt\u00e9s<\/span><\/p>\n<p><strong><span>Min\u0151s\u00edt\u00e9s:<\/span><\/strong><span>\u00a0CE, GS<\/span><\/p>\n<p><strong><span>Haszn\u00e1lat:\u00a0<\/span><\/strong><span>\u00a0\u00c9p\u00edt\u0151ipari<\/span><br \/>\n<strong><span>Emel\u0151 Er\u0151forr\u00e1s: <\/span><\/strong><span>\u00a0K\u00e9zi<\/span><br \/>\n<strong><span>Kapacit\u00e1s: <\/span><\/strong><span>\u00a0362kg-1100kg<\/span><\/p>\n<p><strong><span>Alkalmazhat\u00f3 ipar\u00e1gak:<\/span><\/strong><span>\u00a0\u00d6nment\u00e9st \u00e9s ment\u00e9st v\u00e9gezhet zord k\u00f6rnyezetben, p\u00e9ld\u00e1ul h\u00f3ban, mocsarakban, sivatagokban, strandokon \u00e9s s\u00e1ros hegyi utakon, \u00e9s olyan m\u0171veleteket is v\u00e9grehajthat, mint az akad\u00e1lyok elt\u00e1vol\u00edt\u00e1sa, t\u00e1rgyak vonszol\u00e1sa \u00e9s l\u00e9tes\u00edtm\u00e9nyek felszerel\u00e9se m\u00e1s k\u00f6r\u00fclm\u00e9nyek k\u00f6z\u00f6tt.\u00a0K\u00f6rnyezetv\u00e9delem, erd\u00e9szet, k\u00f6zleked\u00e9s, k\u00f6zbiztons\u00e1g, hat\u00e1rv\u00e9delem, t\u0171zv\u00e9delem \u00e9s egy\u00e9b szabadt\u00e9ri sportok n\u00e9lk\u00fcl\u00f6zhetetlen biztons\u00e1gi eszk\u00f6ze.<\/span><\/p>\n","protected":false},"featured_media":5134,"template":"","meta":{"site-sidebar-layout":"default","site-content-layout":"","ast-site-content-layout":"default","site-content-style":"default","site-sidebar-style":"default","ast-global-header-display":"","ast-banner-title-visibility":"","ast-main-header-display":"","ast-hfb-above-header-display":"","ast-hfb-below-header-display":"","ast-hfb-mobile-header-display":"","site-post-title":"","ast-breadcrumbs-content":"","ast-featured-img":"","footer-sml-layout":"","theme-transparent-header-meta":"default","adv-header-id-meta":"","stick-header-meta":"","header-above-stick-meta":"","header-main-stick-meta":"","header-below-stick-meta":"","astra-migrate-meta-layouts":"set","ast-page-background-enabled":"default","ast-page-background-meta":{"desktop":{"background-color":"","background-image":"","background-repeat":"repeat","background-position":"center center","background-size":"auto","background-attachment":"scroll","background-type":"","background-media":"","overlay-type":"","overlay-color":"","overlay-opacity":"","overlay-gradient":""},"tablet":{"background-color":"","background-image":"","background-repeat":"repeat","background-position":"center center","background-size":"auto","background-attachment":"scroll","background-type":"","background-media":"","overlay-type":"","overlay-color":"","overlay-opacity":"","overlay-gradient":""},"mobile":{"background-color":"","background-image":"","background-repeat":"repeat","background-position":"center center","background-size":"auto","background-attachment":"scroll","background-type":"","background-media":"","overlay-type":"","overlay-color":"","overlay-opacity":"","overlay-gradient":""}},"ast-content-background-meta":{"desktop":{"background-color":"var(--ast-global-color-5)","background-image":"","background-repeat":"repeat","background-position":"center center","background-size":"auto","background-attachment":"scroll","background-type":"","background-media":"","overlay-type":"","overlay-color":"","overlay-opacity":"","overlay-gradient":""},"tablet":{"background-color":"var(--ast-global-color-5)","background-image":"","background-repeat":"repeat","background-position":"center center","background-size":"auto","background-attachment":"scroll","background-type":"","background-media":"","overlay-type":"","overlay-color":"","overlay-opacity":"","overlay-gradient":""},"mobile":{"background-color":"var(--ast-global-color-5)","background-image":"","background-repeat":"repeat","background-position":"center center","background-size":"auto","background-attachment":"scroll","background-type":"","background-media":"","overlay-type":"","overlay-color":"","overlay-opacity":"","overlay-gradient":""}}},"product_brand":[],"product_cat":[71],"product_tag":[],"class_list":{"0":"post-5133","1":"product","2":"type-product","3":"status-publish","4":"has-post-thumbnail","6":"product_cat-kezi-emelok-es-hordozok","7":"desktop-align-left","8":"tablet-align-left","9":"mobile-align-left","11":"first","12":"instock","13":"shipping-taxable","14":"product-type-simple"},"yoast_head":"<!-- This site is optimized with the Yoast SEO plugin v25.3 - https:\/\/yoast.com\/wordpress\/plugins\/seo\/ -->\n<title>K\u00e9zi cs\u00f6rl\u0151 Horog Dr\u00f3tk\u00f6t\u00e9llel - Lifting Safety - Lifting equipment from professionals<\/title>\n<meta name=\"robots\" content=\"index, follow, max-snippet:-1, max-image-preview:large, max-video-preview:-1\" \/>\n<link rel=\"canonical\" href=\"https:\/\/lifting-safety.com\/hu_hu\/termek\/kezi-csorlo-horog-drotkotellel\/\" \/>\n<meta property=\"og:locale\" content=\"hu_HU\" \/>\n<meta property=\"og:type\" content=\"article\" \/>\n<meta property=\"og:title\" content=\"K\u00e9zi cs\u00f6rl\u0151 Horog Dr\u00f3tk\u00f6t\u00e9llel - Lifting Safety - Lifting equipment from professionals\" \/>\n<meta property=\"og:description\" content=\"Term\u00e9kn\u00e9v:\u00a0K\u00e9zi cs\u00f6rl\u0151 horgos dr\u00f3tk\u00f6t\u00e9llel  T\u00edpus:\u00a0Emel\u00e9s, h\u00faz\u00e1s \u00e9s fesz\u00edt\u00e9s  Min\u0151s\u00edt\u00e9s:\u00a0CE, GS  Haszn\u00e1lat:\u00a0\u00a0\u00c9p\u00edt\u0151ipari Emel\u0151 Er\u0151forr\u00e1s: \u00a0K\u00e9zi Kapacit\u00e1s: \u00a0362kg-1100kg  Alkalmazhat\u00f3 ipar\u00e1gak:\u00a0\u00d6nment\u00e9st \u00e9s ment\u00e9st v\u00e9gezhet zord k\u00f6rnyezetben, p\u00e9ld\u00e1ul h\u00f3ban, mocsarakban, sivatagokban, strandokon \u00e9s s\u00e1ros hegyi utakon, \u00e9s olyan m\u0171veleteket is v\u00e9grehajthat, mint az akad\u00e1lyok elt\u00e1vol\u00edt\u00e1sa, t\u00e1rgyak vonszol\u00e1sa \u00e9s l\u00e9tes\u00edtm\u00e9nyek felszerel\u00e9se m\u00e1s k\u00f6r\u00fclm\u00e9nyek k\u00f6z\u00f6tt.\u00a0K\u00f6rnyezetv\u00e9delem, erd\u00e9szet, k\u00f6zleked\u00e9s, k\u00f6zbiztons\u00e1g, hat\u00e1rv\u00e9delem, t\u0171zv\u00e9delem \u00e9s egy\u00e9b szabadt\u00e9ri sportok n\u00e9lk\u00fcl\u00f6zhetetlen biztons\u00e1gi eszk\u00f6ze.\" \/>\n<meta property=\"og:url\" content=\"https:\/\/lifting-safety.com\/hu_hu\/termek\/kezi-csorlo-horog-drotkotellel\/\" \/>\n<meta property=\"og:site_name\" content=\"Lifting Safety - Lifting equipment from professionals\" \/>\n<meta property=\"og:image\" content=\"https:\/\/lifting-safety.com\/wp-content\/uploads\/2024\/03\/Hand-Winch-With-Hook-Wire-Rope.webp\" \/>\n\t<meta property=\"og:image:width\" content=\"800\" \/>\n\t<meta property=\"og:image:height\" content=\"800\" \/>\n\t<meta property=\"og:image:type\" content=\"image\/webp\" \/>\n<meta name=\"twitter:card\" content=\"summary_large_image\" \/>\n<script type=\"application\/ld+json\" class=\"yoast-schema-graph\">{\"@context\":\"https:\/\/schema.org\",\"@graph\":[{\"@type\":\"WebPage\",\"@id\":\"https:\/\/lifting-safety.com\/termek\/kezi-csorlo-horog-drotkotellel\/\",\"url\":\"https:\/\/lifting-safety.com\/termek\/kezi-csorlo-horog-drotkotellel\/\",\"name\":\"K\u00e9zi cs\u00f6rl\u0151 Horog Dr\u00f3tk\u00f6t\u00e9llel - Lifting Safety - Lifting equipment from professionals\",\"isPartOf\":{\"@id\":\"https:\/\/lifting-safety.com\/hu_hu\/#website\"},\"primaryImageOfPage\":{\"@id\":\"https:\/\/lifting-safety.com\/termek\/kezi-csorlo-horog-drotkotellel\/#primaryimage\"},\"image\":{\"@id\":\"https:\/\/lifting-safety.com\/termek\/kezi-csorlo-horog-drotkotellel\/#primaryimage\"},\"thumbnailUrl\":\"https:\/\/lifting-safety.com\/wp-content\/uploads\/2024\/03\/Hand-Winch-With-Hook-Wire-Rope.webp\",\"datePublished\":\"2024-03-22T18:30:26+00:00\",\"breadcrumb\":{\"@id\":\"https:\/\/lifting-safety.com\/termek\/kezi-csorlo-horog-drotkotellel\/#breadcrumb\"},\"inLanguage\":\"hu\",\"potentialAction\":[{\"@type\":\"ReadAction\",\"target\":[\"https:\/\/lifting-safety.com\/termek\/kezi-csorlo-horog-drotkotellel\/\"]}]},{\"@type\":\"ImageObject\",\"inLanguage\":\"hu\",\"@id\":\"https:\/\/lifting-safety.com\/termek\/kezi-csorlo-horog-drotkotellel\/#primaryimage\",\"url\":\"https:\/\/lifting-safety.com\/wp-content\/uploads\/2024\/03\/Hand-Winch-With-Hook-Wire-Rope.webp\",\"contentUrl\":\"https:\/\/lifting-safety.com\/wp-content\/uploads\/2024\/03\/Hand-Winch-With-Hook-Wire-Rope.webp\",\"width\":800,\"height\":800},{\"@type\":\"BreadcrumbList\",\"@id\":\"https:\/\/lifting-safety.com\/termek\/kezi-csorlo-horog-drotkotellel\/#breadcrumb\",\"itemListElement\":[{\"@type\":\"ListItem\",\"position\":1,\"name\":\"Kezd\u0151lap\",\"item\":\"https:\/\/lifting-safety.com\/hu_hu\/\"},{\"@type\":\"ListItem\",\"position\":2,\"name\":\"Store\",\"item\":\"https:\/\/lifting-safety.com\/store\/\"},{\"@type\":\"ListItem\",\"position\":3,\"name\":\"K\u00e9zi cs\u00f6rl\u0151 Horog Dr\u00f3tk\u00f6t\u00e9llel\"}]},{\"@type\":\"WebSite\",\"@id\":\"https:\/\/lifting-safety.com\/hu_hu\/#website\",\"url\":\"https:\/\/lifting-safety.com\/hu_hu\/\",\"name\":\"Lifting Safety - Lifting equipment from professionals\",\"description\":\"\",\"publisher\":{\"@id\":\"https:\/\/lifting-safety.com\/hu_hu\/#organization\"},\"potentialAction\":[{\"@type\":\"SearchAction\",\"target\":{\"@type\":\"EntryPoint\",\"urlTemplate\":\"https:\/\/lifting-safety.com\/hu_hu\/?s={search_term_string}\"},\"query-input\":{\"@type\":\"PropertyValueSpecification\",\"valueRequired\":true,\"valueName\":\"search_term_string\"}}],\"inLanguage\":\"hu\"},{\"@type\":\"Organization\",\"@id\":\"https:\/\/lifting-safety.com\/hu_hu\/#organization\",\"name\":\"Lifting Safety - Lifting equipment from professionals\",\"url\":\"https:\/\/lifting-safety.com\/hu_hu\/\",\"logo\":{\"@type\":\"ImageObject\",\"inLanguage\":\"hu\",\"@id\":\"https:\/\/lifting-safety.com\/hu_hu\/#\/schema\/logo\/image\/\",\"url\":\"https:\/\/lifting-safety.com\/wp-content\/uploads\/2024\/02\/cropped-SAFETY_LIFT_LOGO_horizontal_tiny.png\",\"contentUrl\":\"https:\/\/lifting-safety.com\/wp-content\/uploads\/2024\/02\/cropped-SAFETY_LIFT_LOGO_horizontal_tiny.png\",\"width\":520,\"height\":174,\"caption\":\"Lifting Safety - Lifting equipment from professionals\"},\"image\":{\"@id\":\"https:\/\/lifting-safety.com\/hu_hu\/#\/schema\/logo\/image\/\"}}]}<\/script>\n<!-- \/ Yoast SEO plugin. -->","yoast_head_json":{"title":"K\u00e9zi cs\u00f6rl\u0151 Horog Dr\u00f3tk\u00f6t\u00e9llel - Lifting Safety - Lifting equipment from professionals","robots":{"index":"index","follow":"follow","max-snippet":"max-snippet:-1","max-image-preview":"max-image-preview:large","max-video-preview":"max-video-preview:-1"},"canonical":"https:\/\/lifting-safety.com\/hu_hu\/termek\/kezi-csorlo-horog-drotkotellel\/","og_locale":"hu_HU","og_type":"article","og_title":"K\u00e9zi cs\u00f6rl\u0151 Horog Dr\u00f3tk\u00f6t\u00e9llel - Lifting Safety - Lifting equipment from professionals","og_description":"Term\u00e9kn\u00e9v:\u00a0K\u00e9zi cs\u00f6rl\u0151 horgos dr\u00f3tk\u00f6t\u00e9llel  T\u00edpus:\u00a0Emel\u00e9s, h\u00faz\u00e1s \u00e9s fesz\u00edt\u00e9s  Min\u0151s\u00edt\u00e9s:\u00a0CE, GS  Haszn\u00e1lat:\u00a0\u00a0\u00c9p\u00edt\u0151ipari Emel\u0151 Er\u0151forr\u00e1s: \u00a0K\u00e9zi Kapacit\u00e1s: \u00a0362kg-1100kg  Alkalmazhat\u00f3 ipar\u00e1gak:\u00a0\u00d6nment\u00e9st \u00e9s ment\u00e9st v\u00e9gezhet zord k\u00f6rnyezetben, p\u00e9ld\u00e1ul h\u00f3ban, mocsarakban, sivatagokban, strandokon \u00e9s s\u00e1ros hegyi utakon, \u00e9s olyan m\u0171veleteket is v\u00e9grehajthat, mint az akad\u00e1lyok elt\u00e1vol\u00edt\u00e1sa, t\u00e1rgyak vonszol\u00e1sa \u00e9s l\u00e9tes\u00edtm\u00e9nyek felszerel\u00e9se m\u00e1s k\u00f6r\u00fclm\u00e9nyek k\u00f6z\u00f6tt.\u00a0K\u00f6rnyezetv\u00e9delem, erd\u00e9szet, k\u00f6zleked\u00e9s, k\u00f6zbiztons\u00e1g, hat\u00e1rv\u00e9delem, t\u0171zv\u00e9delem \u00e9s egy\u00e9b szabadt\u00e9ri sportok n\u00e9lk\u00fcl\u00f6zhetetlen biztons\u00e1gi eszk\u00f6ze.","og_url":"https:\/\/lifting-safety.com\/hu_hu\/termek\/kezi-csorlo-horog-drotkotellel\/","og_site_name":"Lifting Safety - Lifting equipment from professionals","og_image":[{"width":800,"height":800,"url":"https:\/\/lifting-safety.com\/wp-content\/uploads\/2024\/03\/Hand-Winch-With-Hook-Wire-Rope.webp","type":"image\/webp"}],"twitter_card":"summary_large_image","schema":{"@context":"https:\/\/schema.org","@graph":[{"@type":"WebPage","@id":"https:\/\/lifting-safety.com\/termek\/kezi-csorlo-horog-drotkotellel\/","url":"https:\/\/lifting-safety.com\/termek\/kezi-csorlo-horog-drotkotellel\/","name":"K\u00e9zi cs\u00f6rl\u0151 Horog Dr\u00f3tk\u00f6t\u00e9llel - Lifting Safety - Lifting equipment from professionals","isPartOf":{"@id":"https:\/\/lifting-safety.com\/hu_hu\/#website"},"primaryImageOfPage":{"@id":"https:\/\/lifting-safety.com\/termek\/kezi-csorlo-horog-drotkotellel\/#primaryimage"},"image":{"@id":"https:\/\/lifting-safety.com\/termek\/kezi-csorlo-horog-drotkotellel\/#primaryimage"},"thumbnailUrl":"https:\/\/lifting-safety.com\/wp-content\/uploads\/2024\/03\/Hand-Winch-With-Hook-Wire-Rope.webp","datePublished":"2024-03-22T18:30:26+00:00","breadcrumb":{"@id":"https:\/\/lifting-safety.com\/termek\/kezi-csorlo-horog-drotkotellel\/#breadcrumb"},"inLanguage":"hu","potentialAction":[{"@type":"ReadAction","target":["https:\/\/lifting-safety.com\/termek\/kezi-csorlo-horog-drotkotellel\/"]}]},{"@type":"ImageObject","inLanguage":"hu","@id":"https:\/\/lifting-safety.com\/termek\/kezi-csorlo-horog-drotkotellel\/#primaryimage","url":"https:\/\/lifting-safety.com\/wp-content\/uploads\/2024\/03\/Hand-Winch-With-Hook-Wire-Rope.webp","contentUrl":"https:\/\/lifting-safety.com\/wp-content\/uploads\/2024\/03\/Hand-Winch-With-Hook-Wire-Rope.webp","width":800,"height":800},{"@type":"BreadcrumbList","@id":"https:\/\/lifting-safety.com\/termek\/kezi-csorlo-horog-drotkotellel\/#breadcrumb","itemListElement":[{"@type":"ListItem","position":1,"name":"Kezd\u0151lap","item":"https:\/\/lifting-safety.com\/hu_hu\/"},{"@type":"ListItem","position":2,"name":"Store","item":"https:\/\/lifting-safety.com\/store\/"},{"@type":"ListItem","position":3,"name":"K\u00e9zi cs\u00f6rl\u0151 Horog Dr\u00f3tk\u00f6t\u00e9llel"}]},{"@type":"WebSite","@id":"https:\/\/lifting-safety.com\/hu_hu\/#website","url":"https:\/\/lifting-safety.com\/hu_hu\/","name":"Lifting Safety - Lifting equipment from professionals","description":"","publisher":{"@id":"https:\/\/lifting-safety.com\/hu_hu\/#organization"},"potentialAction":[{"@type":"SearchAction","target":{"@type":"EntryPoint","urlTemplate":"https:\/\/lifting-safety.com\/hu_hu\/?s={search_term_string}"},"query-input":{"@type":"PropertyValueSpecification","valueRequired":true,"valueName":"search_term_string"}}],"inLanguage":"hu"},{"@type":"Organization","@id":"https:\/\/lifting-safety.com\/hu_hu\/#organization","name":"Lifting Safety - Lifting equipment from professionals","url":"https:\/\/lifting-safety.com\/hu_hu\/","logo":{"@type":"ImageObject","inLanguage":"hu","@id":"https:\/\/lifting-safety.com\/hu_hu\/#\/schema\/logo\/image\/","url":"https:\/\/lifting-safety.com\/wp-content\/uploads\/2024\/02\/cropped-SAFETY_LIFT_LOGO_horizontal_tiny.png","contentUrl":"https:\/\/lifting-safety.com\/wp-content\/uploads\/2024\/02\/cropped-SAFETY_LIFT_LOGO_horizontal_tiny.png","width":520,"height":174,"caption":"Lifting Safety - Lifting equipment from professionals"},"image":{"@id":"https:\/\/lifting-safety.com\/hu_hu\/#\/schema\/logo\/image\/"}}]}},"_links":{"self":[{"href":"https:\/\/lifting-safety.com\/hu_hu\/wp-json\/wp\/v2\/product\/5133","targetHints":{"allow":["GET"]}}],"collection":[{"href":"https:\/\/lifting-safety.com\/hu_hu\/wp-json\/wp\/v2\/product"}],"about":[{"href":"https:\/\/lifting-safety.com\/hu_hu\/wp-json\/wp\/v2\/types\/product"}],"version-history":[{"count":1,"href":"https:\/\/lifting-safety.com\/hu_hu\/wp-json\/wp\/v2\/product\/5133\/revisions"}],"predecessor-version":[{"id":5136,"href":"https:\/\/lifting-safety.com\/hu_hu\/wp-json\/wp\/v2\/product\/5133\/revisions\/5136"}],"wp:featuredmedia":[{"embeddable":true,"href":"https:\/\/lifting-safety.com\/hu_hu\/wp-json\/wp\/v2\/media\/5134"}],"wp:attachment":[{"href":"https:\/\/lifting-safety.com\/hu_hu\/wp-json\/wp\/v2\/media?parent=5133"}],"wp:term":[{"taxonomy":"product_brand","embeddable":true,"href":"https:\/\/lifting-safety.com\/hu_hu\/wp-json\/wp\/v2\/product_brand?post=5133"},{"taxonomy":"product_cat","embeddable":true,"href":"https:\/\/lifting-safety.com\/hu_hu\/wp-json\/wp\/v2\/product_cat?post=5133"},{"taxonomy":"product_tag","embeddable":true,"href":"https:\/\/lifting-safety.com\/hu_hu\/wp-json\/wp\/v2\/product_tag?post=5133"}],"curies":[{"name":"wp","href":"https:\/\/api.w.org\/{rel}","templated":true}]}}