{"id":5123,"date":"2024-03-22T19:16:54","date_gmt":"2024-03-22T18:16:54","guid":{"rendered":"https:\/\/lifting-safety.com\/?post_type=product&#038;p=5123"},"modified":"2024-03-22T19:16:54","modified_gmt":"2024-03-22T18:16:54","slug":"ty-ce-kezi-csorlo","status":"publish","type":"product","link":"https:\/\/lifting-safety.com\/hu_hu\/termek\/ty-ce-kezi-csorlo\/","title":{"rendered":"TY-CE k\u00e9zi cs\u00f6rl\u0151"},"content":{"rendered":"<p><span>(1) A kar foganty\u00faja a teljes k\u00f6r ment\u00e9n r\u00e1zhatja a m\u0171k\u00f6d\u00e9st, vagy b\u00e1rmilyen sz\u00f6gben lengethet a k\u00f6r b\u00e1rmely poz\u00edci\u00f3j\u00e1ban. Egyed\u00fcl\u00e1ll\u00f3 el\u0151nye van a sz\u0171k s temp\u00f3ban.<\/span><\/p>\n<p><span>(2) A sebess\u00e9gv\u00e1lt\u00f3t \u00e9s a f\u00e9kmechanizmust t\u00f6m\u00edtett szerkezettel tervezt\u00e9k, hogy elker\u00fclj\u00e9k az idegen anyagok bejut\u00e1s\u00e1t a sebess\u00e9gv\u00e1lt\u00f3ba \u00e9s a f\u00e9kmechanizmusba.<\/span><\/p>\n<p><span>(3) A f\u00e9kanyag k\u00f6rnyezeti anyagb\u00f3l k\u00e9sz\u00fcl.<\/span><\/p>\n<p><span>(4) Az \u00faj f\u00e9kmancs jobban biztos\u00edtja a f\u00e9kez\u00e9s stabilit\u00e1s\u00e1t.<\/span><\/p>\n<p><span>(5) Szabadon \u00e1ll\u00edtsa be a foganty\u00fa hossz\u00e1t.<\/span><\/p>\n<p><span>(6) A racsnis el\u00e9g nagy ahhoz, hogy t\u00f6bb dr\u00f3tk\u00f6telet tartalmazzon, \u00e9s alkalmasabb m\u00e9lyk\u00fatban t\u00f6rt\u00e9n\u0151 m\u0171veletekre \u00e9s nagy t\u00e1vols\u00e1gok h\u00faz\u00e1s\u00e1ra.<\/span><\/p>\n","protected":false},"excerpt":{"rendered":"<p><strong><span>Haszn\u00e1lat:\u00a0<\/span><\/strong><span>\u00a0\u00c9p\u00edt\u0151ipari<\/span><br \/>\n<strong><span>Emel\u0151 Er\u0151forr\u00e1s: <\/span><\/strong><span>\u00a0K\u00e9zi<\/span><br \/>\n<strong><span>Kapacit\u00e1s: <\/span><\/strong><span>\u00a00,5 tonna, 1 tonna, 2 tonna, 3 tonna,<\/span><\/p>\n<p><strong><span>Term\u00e9kn\u00e9v:<\/span><\/strong><span>\u00a0TY-CE k\u00e9zi cs\u00f6rl\u0151<\/span><\/p>\n<p><strong><span>T\u00edpus:<\/span><\/strong><span>\u00a0Emel\u00e9s, h\u00faz\u00e1s \u00e9s fesz\u00edt\u00e9s<\/span><\/p>\n<p><strong><span>Min\u0151s\u00edt\u00e9s:<\/span><\/strong><span>\u00a0CE, GS<\/span><\/p>\n<p><strong><span>Alkalmazhat\u00f3 ipar\u00e1gak:<\/span><\/strong><span>\u00a0A TY-CE k\u00e9zi cs\u00f6rl\u0151 a k\u00e9zi cs\u00f6rl\u0151 \u00faj modellje. M\u00e1s cs\u00f6rl\u0151kkel \u00f6sszehasonl\u00edtva k\u00e9nyelmesebb a haszn\u00e1lata, k\u00f6nnyebben kezelhet\u0151 \u00e9s sz\u00e9lesebb k\u00f6rben haszn\u00e1lhat\u00f3: els\u0151sorban terepj\u00e1r\u00f3 j\u00e1rm\u0171vekhez, mez\u0151gazdas\u00e1gi j\u00e1rm\u0171vekhez, s\u00e9tahaj\u00f3khoz haszn\u00e1lj\u00e1k \u00e9s egy\u00e9b speci\u00e1lis j\u00e1rm\u0171vek.\u00a0A j\u00e1rm\u0171vek \u00e9s cs\u00f3nakok \u00f6nv\u00e9delmi \u00e9s vontat\u00e1si eszk\u00f6ze, valamint h\u00f3mez\u0151n, mocsaras ter\u00fcleten, sivatagban, tengeri tengerparton, s\u00e1ros foltokon \u00e9s egy\u00e9b kedvez\u0151tlen k\u00f6r\u00fclm\u00e9nyek k\u00f6z\u00f6tt is haszn\u00e1lhat\u00f3.\u00a0M\u0171k\u00f6dtethet\u0151 akad\u00e1lymentes\u00edt\u00e9sre, anyagh\u00faz\u00e1sra \u00e9s be\u00e9p\u00edt\u00e9sre. Sz\u00fcks\u00e9ges biztons\u00e1gos eszk\u00f6ze az eny\u00e9mnek, a k\u00f6rnyezetv\u00e9delemnek, az erd\u00e9szetnek, a sz\u00e1ll\u00edt\u00e1snak, a t\u0171zolt\u00e1snak \u00e9s egy\u00e9b ny\u00edlt terepen.<\/span><\/p>\n","protected":false},"featured_media":5124,"template":"","meta":{"site-sidebar-layout":"default","site-content-layout":"","ast-site-content-layout":"default","site-content-style":"default","site-sidebar-style":"default","ast-global-header-display":"","ast-banner-title-visibility":"","ast-main-header-display":"","ast-hfb-above-header-display":"","ast-hfb-below-header-display":"","ast-hfb-mobile-header-display":"","site-post-title":"","ast-breadcrumbs-content":"","ast-featured-img":"","footer-sml-layout":"","theme-transparent-header-meta":"default","adv-header-id-meta":"","stick-header-meta":"","header-above-stick-meta":"","header-main-stick-meta":"","header-below-stick-meta":"","astra-migrate-meta-layouts":"set","ast-page-background-enabled":"default","ast-page-background-meta":{"desktop":{"background-color":"","background-image":"","background-repeat":"repeat","background-position":"center center","background-size":"auto","background-attachment":"scroll","background-type":"","background-media":"","overlay-type":"","overlay-color":"","overlay-opacity":"","overlay-gradient":""},"tablet":{"background-color":"","background-image":"","background-repeat":"repeat","background-position":"center center","background-size":"auto","background-attachment":"scroll","background-type":"","background-media":"","overlay-type":"","overlay-color":"","overlay-opacity":"","overlay-gradient":""},"mobile":{"background-color":"","background-image":"","background-repeat":"repeat","background-position":"center center","background-size":"auto","background-attachment":"scroll","background-type":"","background-media":"","overlay-type":"","overlay-color":"","overlay-opacity":"","overlay-gradient":""}},"ast-content-background-meta":{"desktop":{"background-color":"var(--ast-global-color-5)","background-image":"","background-repeat":"repeat","background-position":"center center","background-size":"auto","background-attachment":"scroll","background-type":"","background-media":"","overlay-type":"","overlay-color":"","overlay-opacity":"","overlay-gradient":""},"tablet":{"background-color":"var(--ast-global-color-5)","background-image":"","background-repeat":"repeat","background-position":"center center","background-size":"auto","background-attachment":"scroll","background-type":"","background-media":"","overlay-type":"","overlay-color":"","overlay-opacity":"","overlay-gradient":""},"mobile":{"background-color":"var(--ast-global-color-5)","background-image":"","background-repeat":"repeat","background-position":"center center","background-size":"auto","background-attachment":"scroll","background-type":"","background-media":"","overlay-type":"","overlay-color":"","overlay-opacity":"","overlay-gradient":""}}},"product_brand":[],"product_cat":[71],"product_tag":[],"class_list":{"0":"post-5123","1":"product","2":"type-product","3":"status-publish","4":"has-post-thumbnail","6":"product_cat-kezi-emelok-es-hordozok","7":"desktop-align-left","8":"tablet-align-left","9":"mobile-align-left","11":"first","12":"instock","13":"shipping-taxable","14":"product-type-simple"},"yoast_head":"<!-- This site is optimized with the Yoast SEO plugin v25.3 - https:\/\/yoast.com\/wordpress\/plugins\/seo\/ -->\n<title>TY-CE k\u00e9zi cs\u00f6rl\u0151 - Lifting Safety - Lifting equipment from professionals<\/title>\n<meta name=\"robots\" content=\"index, follow, max-snippet:-1, max-image-preview:large, max-video-preview:-1\" \/>\n<link rel=\"canonical\" href=\"https:\/\/lifting-safety.com\/hu_hu\/termek\/ty-ce-kezi-csorlo\/\" \/>\n<meta property=\"og:locale\" content=\"hu_HU\" \/>\n<meta property=\"og:type\" content=\"article\" \/>\n<meta property=\"og:title\" content=\"TY-CE k\u00e9zi cs\u00f6rl\u0151 - Lifting Safety - Lifting equipment from professionals\" \/>\n<meta property=\"og:description\" content=\"Haszn\u00e1lat:\u00a0\u00a0\u00c9p\u00edt\u0151ipari Emel\u0151 Er\u0151forr\u00e1s: \u00a0K\u00e9zi Kapacit\u00e1s: \u00a00,5 tonna, 1 tonna, 2 tonna, 3 tonna,  Term\u00e9kn\u00e9v:\u00a0TY-CE k\u00e9zi cs\u00f6rl\u0151  T\u00edpus:\u00a0Emel\u00e9s, h\u00faz\u00e1s \u00e9s fesz\u00edt\u00e9s  Min\u0151s\u00edt\u00e9s:\u00a0CE, GS  Alkalmazhat\u00f3 ipar\u00e1gak:\u00a0A TY-CE k\u00e9zi cs\u00f6rl\u0151 a k\u00e9zi cs\u00f6rl\u0151 \u00faj modellje. M\u00e1s cs\u00f6rl\u0151kkel \u00f6sszehasonl\u00edtva k\u00e9nyelmesebb a haszn\u00e1lata, k\u00f6nnyebben kezelhet\u0151 \u00e9s sz\u00e9lesebb k\u00f6rben haszn\u00e1lhat\u00f3: els\u0151sorban terepj\u00e1r\u00f3 j\u00e1rm\u0171vekhez, mez\u0151gazdas\u00e1gi j\u00e1rm\u0171vekhez, s\u00e9tahaj\u00f3khoz haszn\u00e1lj\u00e1k \u00e9s egy\u00e9b speci\u00e1lis j\u00e1rm\u0171vek.\u00a0A j\u00e1rm\u0171vek \u00e9s cs\u00f3nakok \u00f6nv\u00e9delmi \u00e9s vontat\u00e1si eszk\u00f6ze, valamint h\u00f3mez\u0151n, mocsaras ter\u00fcleten, sivatagban, tengeri tengerparton, s\u00e1ros foltokon \u00e9s egy\u00e9b kedvez\u0151tlen k\u00f6r\u00fclm\u00e9nyek k\u00f6z\u00f6tt is haszn\u00e1lhat\u00f3.\u00a0M\u0171k\u00f6dtethet\u0151 akad\u00e1lymentes\u00edt\u00e9sre, anyagh\u00faz\u00e1sra \u00e9s be\u00e9p\u00edt\u00e9sre. Sz\u00fcks\u00e9ges biztons\u00e1gos eszk\u00f6ze az eny\u00e9mnek, a k\u00f6rnyezetv\u00e9delemnek, az erd\u00e9szetnek, a sz\u00e1ll\u00edt\u00e1snak, a t\u0171zolt\u00e1snak \u00e9s egy\u00e9b ny\u00edlt terepen.\" \/>\n<meta property=\"og:url\" content=\"https:\/\/lifting-safety.com\/hu_hu\/termek\/ty-ce-kezi-csorlo\/\" \/>\n<meta property=\"og:site_name\" content=\"Lifting Safety - Lifting equipment from professionals\" \/>\n<meta property=\"og:image\" content=\"https:\/\/lifting-safety.com\/wp-content\/uploads\/2024\/03\/TY-CE-Hand-Winch-1.webp\" \/>\n\t<meta property=\"og:image:width\" content=\"400\" \/>\n\t<meta property=\"og:image:height\" content=\"400\" \/>\n\t<meta property=\"og:image:type\" content=\"image\/webp\" \/>\n<meta name=\"twitter:card\" content=\"summary_large_image\" \/>\n<meta name=\"twitter:label1\" content=\"Becs\u00fclt olvas\u00e1si id\u0151\" \/>\n\t<meta name=\"twitter:data1\" content=\"1 perc\" \/>\n<script type=\"application\/ld+json\" class=\"yoast-schema-graph\">{\"@context\":\"https:\/\/schema.org\",\"@graph\":[{\"@type\":\"WebPage\",\"@id\":\"https:\/\/lifting-safety.com\/termek\/ty-ce-kezi-csorlo\/\",\"url\":\"https:\/\/lifting-safety.com\/termek\/ty-ce-kezi-csorlo\/\",\"name\":\"TY-CE k\u00e9zi cs\u00f6rl\u0151 - Lifting Safety - Lifting equipment from professionals\",\"isPartOf\":{\"@id\":\"https:\/\/lifting-safety.com\/hu_hu\/#website\"},\"primaryImageOfPage\":{\"@id\":\"https:\/\/lifting-safety.com\/termek\/ty-ce-kezi-csorlo\/#primaryimage\"},\"image\":{\"@id\":\"https:\/\/lifting-safety.com\/termek\/ty-ce-kezi-csorlo\/#primaryimage\"},\"thumbnailUrl\":\"https:\/\/lifting-safety.com\/wp-content\/uploads\/2024\/03\/TY-CE-Hand-Winch-1.webp\",\"datePublished\":\"2024-03-22T18:16:54+00:00\",\"breadcrumb\":{\"@id\":\"https:\/\/lifting-safety.com\/termek\/ty-ce-kezi-csorlo\/#breadcrumb\"},\"inLanguage\":\"hu\",\"potentialAction\":[{\"@type\":\"ReadAction\",\"target\":[\"https:\/\/lifting-safety.com\/termek\/ty-ce-kezi-csorlo\/\"]}]},{\"@type\":\"ImageObject\",\"inLanguage\":\"hu\",\"@id\":\"https:\/\/lifting-safety.com\/termek\/ty-ce-kezi-csorlo\/#primaryimage\",\"url\":\"https:\/\/lifting-safety.com\/wp-content\/uploads\/2024\/03\/TY-CE-Hand-Winch-1.webp\",\"contentUrl\":\"https:\/\/lifting-safety.com\/wp-content\/uploads\/2024\/03\/TY-CE-Hand-Winch-1.webp\",\"width\":400,\"height\":400},{\"@type\":\"BreadcrumbList\",\"@id\":\"https:\/\/lifting-safety.com\/termek\/ty-ce-kezi-csorlo\/#breadcrumb\",\"itemListElement\":[{\"@type\":\"ListItem\",\"position\":1,\"name\":\"Kezd\u0151lap\",\"item\":\"https:\/\/lifting-safety.com\/hu_hu\/\"},{\"@type\":\"ListItem\",\"position\":2,\"name\":\"Store\",\"item\":\"https:\/\/lifting-safety.com\/store\/\"},{\"@type\":\"ListItem\",\"position\":3,\"name\":\"TY-CE k\u00e9zi cs\u00f6rl\u0151\"}]},{\"@type\":\"WebSite\",\"@id\":\"https:\/\/lifting-safety.com\/hu_hu\/#website\",\"url\":\"https:\/\/lifting-safety.com\/hu_hu\/\",\"name\":\"Lifting Safety - Lifting equipment from professionals\",\"description\":\"\",\"publisher\":{\"@id\":\"https:\/\/lifting-safety.com\/hu_hu\/#organization\"},\"potentialAction\":[{\"@type\":\"SearchAction\",\"target\":{\"@type\":\"EntryPoint\",\"urlTemplate\":\"https:\/\/lifting-safety.com\/hu_hu\/?s={search_term_string}\"},\"query-input\":{\"@type\":\"PropertyValueSpecification\",\"valueRequired\":true,\"valueName\":\"search_term_string\"}}],\"inLanguage\":\"hu\"},{\"@type\":\"Organization\",\"@id\":\"https:\/\/lifting-safety.com\/hu_hu\/#organization\",\"name\":\"Lifting Safety - Lifting equipment from professionals\",\"url\":\"https:\/\/lifting-safety.com\/hu_hu\/\",\"logo\":{\"@type\":\"ImageObject\",\"inLanguage\":\"hu\",\"@id\":\"https:\/\/lifting-safety.com\/hu_hu\/#\/schema\/logo\/image\/\",\"url\":\"https:\/\/lifting-safety.com\/wp-content\/uploads\/2024\/02\/cropped-SAFETY_LIFT_LOGO_horizontal_tiny.png\",\"contentUrl\":\"https:\/\/lifting-safety.com\/wp-content\/uploads\/2024\/02\/cropped-SAFETY_LIFT_LOGO_horizontal_tiny.png\",\"width\":520,\"height\":174,\"caption\":\"Lifting Safety - Lifting equipment from professionals\"},\"image\":{\"@id\":\"https:\/\/lifting-safety.com\/hu_hu\/#\/schema\/logo\/image\/\"}}]}<\/script>\n<!-- \/ Yoast SEO plugin. -->","yoast_head_json":{"title":"TY-CE k\u00e9zi cs\u00f6rl\u0151 - Lifting Safety - Lifting equipment from professionals","robots":{"index":"index","follow":"follow","max-snippet":"max-snippet:-1","max-image-preview":"max-image-preview:large","max-video-preview":"max-video-preview:-1"},"canonical":"https:\/\/lifting-safety.com\/hu_hu\/termek\/ty-ce-kezi-csorlo\/","og_locale":"hu_HU","og_type":"article","og_title":"TY-CE k\u00e9zi cs\u00f6rl\u0151 - Lifting Safety - Lifting equipment from professionals","og_description":"Haszn\u00e1lat:\u00a0\u00a0\u00c9p\u00edt\u0151ipari Emel\u0151 Er\u0151forr\u00e1s: \u00a0K\u00e9zi Kapacit\u00e1s: \u00a00,5 tonna, 1 tonna, 2 tonna, 3 tonna,  Term\u00e9kn\u00e9v:\u00a0TY-CE k\u00e9zi cs\u00f6rl\u0151  T\u00edpus:\u00a0Emel\u00e9s, h\u00faz\u00e1s \u00e9s fesz\u00edt\u00e9s  Min\u0151s\u00edt\u00e9s:\u00a0CE, GS  Alkalmazhat\u00f3 ipar\u00e1gak:\u00a0A TY-CE k\u00e9zi cs\u00f6rl\u0151 a k\u00e9zi cs\u00f6rl\u0151 \u00faj modellje. M\u00e1s cs\u00f6rl\u0151kkel \u00f6sszehasonl\u00edtva k\u00e9nyelmesebb a haszn\u00e1lata, k\u00f6nnyebben kezelhet\u0151 \u00e9s sz\u00e9lesebb k\u00f6rben haszn\u00e1lhat\u00f3: els\u0151sorban terepj\u00e1r\u00f3 j\u00e1rm\u0171vekhez, mez\u0151gazdas\u00e1gi j\u00e1rm\u0171vekhez, s\u00e9tahaj\u00f3khoz haszn\u00e1lj\u00e1k \u00e9s egy\u00e9b speci\u00e1lis j\u00e1rm\u0171vek.\u00a0A j\u00e1rm\u0171vek \u00e9s cs\u00f3nakok \u00f6nv\u00e9delmi \u00e9s vontat\u00e1si eszk\u00f6ze, valamint h\u00f3mez\u0151n, mocsaras ter\u00fcleten, sivatagban, tengeri tengerparton, s\u00e1ros foltokon \u00e9s egy\u00e9b kedvez\u0151tlen k\u00f6r\u00fclm\u00e9nyek k\u00f6z\u00f6tt is haszn\u00e1lhat\u00f3.\u00a0M\u0171k\u00f6dtethet\u0151 akad\u00e1lymentes\u00edt\u00e9sre, anyagh\u00faz\u00e1sra \u00e9s be\u00e9p\u00edt\u00e9sre. Sz\u00fcks\u00e9ges biztons\u00e1gos eszk\u00f6ze az eny\u00e9mnek, a k\u00f6rnyezetv\u00e9delemnek, az erd\u00e9szetnek, a sz\u00e1ll\u00edt\u00e1snak, a t\u0171zolt\u00e1snak \u00e9s egy\u00e9b ny\u00edlt terepen.","og_url":"https:\/\/lifting-safety.com\/hu_hu\/termek\/ty-ce-kezi-csorlo\/","og_site_name":"Lifting Safety - Lifting equipment from professionals","og_image":[{"width":400,"height":400,"url":"https:\/\/lifting-safety.com\/wp-content\/uploads\/2024\/03\/TY-CE-Hand-Winch-1.webp","type":"image\/webp"}],"twitter_card":"summary_large_image","twitter_misc":{"Becs\u00fclt olvas\u00e1si id\u0151":"1 perc"},"schema":{"@context":"https:\/\/schema.org","@graph":[{"@type":"WebPage","@id":"https:\/\/lifting-safety.com\/termek\/ty-ce-kezi-csorlo\/","url":"https:\/\/lifting-safety.com\/termek\/ty-ce-kezi-csorlo\/","name":"TY-CE k\u00e9zi cs\u00f6rl\u0151 - Lifting Safety - Lifting equipment from professionals","isPartOf":{"@id":"https:\/\/lifting-safety.com\/hu_hu\/#website"},"primaryImageOfPage":{"@id":"https:\/\/lifting-safety.com\/termek\/ty-ce-kezi-csorlo\/#primaryimage"},"image":{"@id":"https:\/\/lifting-safety.com\/termek\/ty-ce-kezi-csorlo\/#primaryimage"},"thumbnailUrl":"https:\/\/lifting-safety.com\/wp-content\/uploads\/2024\/03\/TY-CE-Hand-Winch-1.webp","datePublished":"2024-03-22T18:16:54+00:00","breadcrumb":{"@id":"https:\/\/lifting-safety.com\/termek\/ty-ce-kezi-csorlo\/#breadcrumb"},"inLanguage":"hu","potentialAction":[{"@type":"ReadAction","target":["https:\/\/lifting-safety.com\/termek\/ty-ce-kezi-csorlo\/"]}]},{"@type":"ImageObject","inLanguage":"hu","@id":"https:\/\/lifting-safety.com\/termek\/ty-ce-kezi-csorlo\/#primaryimage","url":"https:\/\/lifting-safety.com\/wp-content\/uploads\/2024\/03\/TY-CE-Hand-Winch-1.webp","contentUrl":"https:\/\/lifting-safety.com\/wp-content\/uploads\/2024\/03\/TY-CE-Hand-Winch-1.webp","width":400,"height":400},{"@type":"BreadcrumbList","@id":"https:\/\/lifting-safety.com\/termek\/ty-ce-kezi-csorlo\/#breadcrumb","itemListElement":[{"@type":"ListItem","position":1,"name":"Kezd\u0151lap","item":"https:\/\/lifting-safety.com\/hu_hu\/"},{"@type":"ListItem","position":2,"name":"Store","item":"https:\/\/lifting-safety.com\/store\/"},{"@type":"ListItem","position":3,"name":"TY-CE k\u00e9zi cs\u00f6rl\u0151"}]},{"@type":"WebSite","@id":"https:\/\/lifting-safety.com\/hu_hu\/#website","url":"https:\/\/lifting-safety.com\/hu_hu\/","name":"Lifting Safety - Lifting equipment from professionals","description":"","publisher":{"@id":"https:\/\/lifting-safety.com\/hu_hu\/#organization"},"potentialAction":[{"@type":"SearchAction","target":{"@type":"EntryPoint","urlTemplate":"https:\/\/lifting-safety.com\/hu_hu\/?s={search_term_string}"},"query-input":{"@type":"PropertyValueSpecification","valueRequired":true,"valueName":"search_term_string"}}],"inLanguage":"hu"},{"@type":"Organization","@id":"https:\/\/lifting-safety.com\/hu_hu\/#organization","name":"Lifting Safety - Lifting equipment from professionals","url":"https:\/\/lifting-safety.com\/hu_hu\/","logo":{"@type":"ImageObject","inLanguage":"hu","@id":"https:\/\/lifting-safety.com\/hu_hu\/#\/schema\/logo\/image\/","url":"https:\/\/lifting-safety.com\/wp-content\/uploads\/2024\/02\/cropped-SAFETY_LIFT_LOGO_horizontal_tiny.png","contentUrl":"https:\/\/lifting-safety.com\/wp-content\/uploads\/2024\/02\/cropped-SAFETY_LIFT_LOGO_horizontal_tiny.png","width":520,"height":174,"caption":"Lifting Safety - Lifting equipment from professionals"},"image":{"@id":"https:\/\/lifting-safety.com\/hu_hu\/#\/schema\/logo\/image\/"}}]}},"_links":{"self":[{"href":"https:\/\/lifting-safety.com\/hu_hu\/wp-json\/wp\/v2\/product\/5123","targetHints":{"allow":["GET"]}}],"collection":[{"href":"https:\/\/lifting-safety.com\/hu_hu\/wp-json\/wp\/v2\/product"}],"about":[{"href":"https:\/\/lifting-safety.com\/hu_hu\/wp-json\/wp\/v2\/types\/product"}],"version-history":[{"count":1,"href":"https:\/\/lifting-safety.com\/hu_hu\/wp-json\/wp\/v2\/product\/5123\/revisions"}],"predecessor-version":[{"id":5126,"href":"https:\/\/lifting-safety.com\/hu_hu\/wp-json\/wp\/v2\/product\/5123\/revisions\/5126"}],"wp:featuredmedia":[{"embeddable":true,"href":"https:\/\/lifting-safety.com\/hu_hu\/wp-json\/wp\/v2\/media\/5124"}],"wp:attachment":[{"href":"https:\/\/lifting-safety.com\/hu_hu\/wp-json\/wp\/v2\/media?parent=5123"}],"wp:term":[{"taxonomy":"product_brand","embeddable":true,"href":"https:\/\/lifting-safety.com\/hu_hu\/wp-json\/wp\/v2\/product_brand?post=5123"},{"taxonomy":"product_cat","embeddable":true,"href":"https:\/\/lifting-safety.com\/hu_hu\/wp-json\/wp\/v2\/product_cat?post=5123"},{"taxonomy":"product_tag","embeddable":true,"href":"https:\/\/lifting-safety.com\/hu_hu\/wp-json\/wp\/v2\/product_tag?post=5123"}],"curies":[{"name":"wp","href":"https:\/\/api.w.org\/{rel}","templated":true}]}}