{"id":5083,"date":"2024-03-22T17:45:25","date_gmt":"2024-03-22T16:45:25","guid":{"rendered":"https:\/\/lifting-safety.com\/?post_type=product&#038;p=5083"},"modified":"2024-03-22T17:45:25","modified_gmt":"2024-03-22T16:45:25","slug":"toyo-hidraulikus-palackemelo-alkalmas-autok-emelesere-javitasara-es-nehez-targyak-emelesere","status":"publish","type":"product","link":"https:\/\/lifting-safety.com\/hu_hu\/termek\/toyo-hidraulikus-palackemelo-alkalmas-autok-emelesere-javitasara-es-nehez-targyak-emelesere\/","title":{"rendered":"TOYO hidraulikus palackemel\u0151 &#8211; alkalmas aut\u00f3k emel\u00e9s\u00e9re, jav\u00edt\u00e1s\u00e1ra \u00e9s neh\u00e9z t\u00e1rgyak emel\u00e9s\u00e9re"},"content":{"rendered":"<p><strong><span>Term\u00e9kel\u0151ny<\/span><\/strong><\/p>\n<p><span>\u00a0 (1) Cs\u00fasz\u00e1smentes fej egyedi kukoricaszem alakkal a biztons\u00e1gosabb haszn\u00e1lat \u00e9rdek\u00e9ben.<\/span><\/p>\n<p><span>\u00a0 (2) Sima dugatty\u00far\u00fad, prec\u00edzi\u00f3s pol\u00edroz\u00e1s \u00e9s hosszabb \u00e9lettartam.<\/span><\/p>\n<p><span>\u00a0 (3) A szivatty\u00famag prec\u00edzi\u00f3s megmunk\u00e1l\u00e1sa, sima \u00e9s apr\u00f3l\u00e9kos, valamint munkatakar\u00e9kosabb.<\/span><\/p>\n<p><span>\u00a0 (4) Finom bels\u0151 folyamat, bels\u0151 olajk\u00f6r, finom gy\u00e1rt\u00e1s, biztons\u00e1gos \u00e9s megb\u00edzhat\u00f3.<\/span><\/p>\n<p><span>\u00a0 (5) Az olajsziv\u00e1rg\u00e1s elker\u00fcl\u00e9se \u00e9rdek\u00e9ben hegeszd \u00f6ssze a csatlakoz\u00e1st.<\/span><\/p>\n<p>&nbsp;<\/p>\n<p><strong><span>F\u0151bb jellemz\u0151k<\/span><\/strong><\/p>\n<p><span>(1) Nagy teherb\u00edr\u00e1s\u00fa hidraulikus rendszer az er\u0151teljes \u00e9s hat\u00e9kony emel\u00e9shez.<\/span><\/p>\n<p><span>(2) Tart\u00f3s konstrukci\u00f3 a megb\u00edzhat\u00f3 teljes\u00edtm\u00e9ny \u00e9rdek\u00e9ben ig\u00e9nyes k\u00f6rnyezetben.<\/span><\/p>\n<p><span>(3) Sz\u00e9les alkalmaz\u00e1si tartom\u00e1ny, alkalmas aut\u00f3ipari, ipari \u00e9s \u00e9p\u00edt\u0151ipari felhaszn\u00e1l\u00e1sra.<\/span><\/p>\n<p><span>(4) Felhaszn\u00e1l\u00f3bar\u00e1t kialak\u00edt\u00e1s az egyszer\u0171 kezel\u00e9s \u00e9s vez\u00e9rl\u00e9s \u00e9rdek\u00e9ben.<\/span><\/p>\n<p><span>(5) Biztons\u00e1gi jellemz\u0151k a biztons\u00e1gos \u00e9s stabil emel\u00e9si m\u0171veletek biztos\u00edt\u00e1s\u00e1ra.<\/span><\/p>\n<p><span>(6) Legyen \u00d6n profi szerel\u0151, \u00e9p\u00edt\u0151munk\u00e1s vagy bark\u00e1csol\u00f3, hidraulikus palackemel\u0151nk biztos\u00edtja a magabiztos emel\u00e9shez sz\u00fcks\u00e9ges er\u0151t \u00e9s megb\u00edzhat\u00f3s\u00e1got.<\/span><\/p>\n","protected":false},"excerpt":{"rendered":"<p><strong><span>Haszn\u00e1lat:\u00a0<\/span><\/strong><span>\u00a0J\u00e1rm\u0171karbantart\u00e1si<\/span><br \/>\n<strong><span>\u00c1ramforr\u00e1s:\u00a0<\/span><\/strong><span>\u00a0K\u00e9zi<\/span><br \/>\n<strong><span>Kapacit\u00e1s: <\/span><\/strong><span>\u00a02 tonna-100 tonna<\/span><br \/>\n<strong><span>Hegeszt\u00e9s:\u00a0<\/span><\/strong><span>\u00a0Megakad\u00e1lyozza az olajsziv\u00e1rg\u00e1st<\/span><\/p>\n<p><strong><span>Term\u00e9kn\u00e9v:<\/span><\/strong><span>\u00a0F\u00fcgg\u0151leges hegeszt\u0151aljzat<\/span><\/p>\n<p><strong><span>T\u00edpus:<\/span><\/strong><span>\u00a0Emel\u0151berendez\u00e9s<\/span><\/p>\n<p><strong><span>Modell:<\/span><\/strong><span>\u00a0VJ<\/span><\/p>\n<p><strong><span>Min\u0151s\u00edt\u00e9s:<\/span><\/strong><span>\u00a0CE, GS<\/span><\/p>\n<p><strong><span>Alkalmazhat\u00f3 ipar\u00e1gak:<\/span><\/strong><span>\u00a0Villamosenergia-karbantart\u00e1sban, h\u00eddkarbantart\u00e1sban, s\u00falyemel\u00e9sben, statikus c\u00f6l\u00f6ppr\u00e9sel\u00e9sben, alapoz\u00e1sban, h\u00edd- \u00e9s haj\u00f3\u00e9p\u00edt\u00e9sben, k\u00fcl\u00f6n\u00f6sen aut\u00f3p\u00e1lya- \u00e9s vas\u00fat\u00e9p\u00edt\u00e9sben, mechanikai hangol\u00e1sban, berendez\u00e9sek sz\u00e9tszerel\u00e9s\u00e9ben \u00e9s telep\u00edt\u00e9s\u00e9ben haszn\u00e1lj\u00e1k.<\/span><\/p>\n<p>&nbsp;<\/p>\n<p><strong><span>Term\u00e9kle\u00edr\u00e1s:\u00a0<\/span><\/strong><span>\u00a0N\u00f6velje emel\u00e9si feladatait hidraulikus palackemel\u0151nkkel, amely egy er\u0151teljes \u00e9s megb\u00edzhat\u00f3 megold\u00e1s a neh\u00e9z alkalmaz\u00e1sokhoz.\u00a0F\u00fcggetlen\u00fcl att\u00f3l, hogy aut\u00f3jav\u00edt\u00e1son, \u00e9p\u00edt\u00e9si projekteken vagy egy\u00e9b emel\u00e9si munk\u00e1kon dolgozik, ez a hidraulikus emel\u0151 biztos\u00edtja a sz\u00fcks\u00e9ges er\u0151t \u00e9s hat\u00e9konys\u00e1got.<\/span><\/p>\n","protected":false},"featured_media":5084,"template":"","meta":{"site-sidebar-layout":"default","site-content-layout":"","ast-site-content-layout":"default","site-content-style":"default","site-sidebar-style":"default","ast-global-header-display":"","ast-banner-title-visibility":"","ast-main-header-display":"","ast-hfb-above-header-display":"","ast-hfb-below-header-display":"","ast-hfb-mobile-header-display":"","site-post-title":"","ast-breadcrumbs-content":"","ast-featured-img":"","footer-sml-layout":"","theme-transparent-header-meta":"default","adv-header-id-meta":"","stick-header-meta":"","header-above-stick-meta":"","header-main-stick-meta":"","header-below-stick-meta":"","astra-migrate-meta-layouts":"set","ast-page-background-enabled":"default","ast-page-background-meta":{"desktop":{"background-color":"","background-image":"","background-repeat":"repeat","background-position":"center center","background-size":"auto","background-attachment":"scroll","background-type":"","background-media":"","overlay-type":"","overlay-color":"","overlay-opacity":"","overlay-gradient":""},"tablet":{"background-color":"","background-image":"","background-repeat":"repeat","background-position":"center center","background-size":"auto","background-attachment":"scroll","background-type":"","background-media":"","overlay-type":"","overlay-color":"","overlay-opacity":"","overlay-gradient":""},"mobile":{"background-color":"","background-image":"","background-repeat":"repeat","background-position":"center center","background-size":"auto","background-attachment":"scroll","background-type":"","background-media":"","overlay-type":"","overlay-color":"","overlay-opacity":"","overlay-gradient":""}},"ast-content-background-meta":{"desktop":{"background-color":"var(--ast-global-color-5)","background-image":"","background-repeat":"repeat","background-position":"center center","background-size":"auto","background-attachment":"scroll","background-type":"","background-media":"","overlay-type":"","overlay-color":"","overlay-opacity":"","overlay-gradient":""},"tablet":{"background-color":"var(--ast-global-color-5)","background-image":"","background-repeat":"repeat","background-position":"center center","background-size":"auto","background-attachment":"scroll","background-type":"","background-media":"","overlay-type":"","overlay-color":"","overlay-opacity":"","overlay-gradient":""},"mobile":{"background-color":"var(--ast-global-color-5)","background-image":"","background-repeat":"repeat","background-position":"center center","background-size":"auto","background-attachment":"scroll","background-type":"","background-media":"","overlay-type":"","overlay-color":"","overlay-opacity":"","overlay-gradient":""}}},"product_brand":[],"product_cat":[87],"product_tag":[],"class_list":{"0":"post-5083","1":"product","2":"type-product","3":"status-publish","4":"has-post-thumbnail","6":"product_cat-hidraulikus-emelok","7":"desktop-align-left","8":"tablet-align-left","9":"mobile-align-left","11":"first","12":"instock","13":"shipping-taxable","14":"product-type-simple"},"yoast_head":"<!-- This site is optimized with the Yoast SEO plugin v25.3 - https:\/\/yoast.com\/wordpress\/plugins\/seo\/ -->\n<title>TOYO hidraulikus palackemel\u0151 - alkalmas aut\u00f3k emel\u00e9s\u00e9re, jav\u00edt\u00e1s\u00e1ra \u00e9s neh\u00e9z t\u00e1rgyak emel\u00e9s\u00e9re - Lifting Safety - Lifting equipment from professionals<\/title>\n<meta name=\"robots\" content=\"index, follow, max-snippet:-1, max-image-preview:large, max-video-preview:-1\" \/>\n<link rel=\"canonical\" href=\"https:\/\/lifting-safety.com\/hu_hu\/termek\/toyo-hidraulikus-palackemelo-alkalmas-autok-emelesere-javitasara-es-nehez-targyak-emelesere\/\" \/>\n<meta property=\"og:locale\" content=\"hu_HU\" \/>\n<meta property=\"og:type\" content=\"article\" \/>\n<meta property=\"og:title\" content=\"TOYO hidraulikus palackemel\u0151 - alkalmas aut\u00f3k emel\u00e9s\u00e9re, jav\u00edt\u00e1s\u00e1ra \u00e9s neh\u00e9z t\u00e1rgyak emel\u00e9s\u00e9re - Lifting Safety - Lifting equipment from professionals\" \/>\n<meta property=\"og:description\" content=\"Haszn\u00e1lat:\u00a0\u00a0J\u00e1rm\u0171karbantart\u00e1si \u00c1ramforr\u00e1s:\u00a0\u00a0K\u00e9zi Kapacit\u00e1s: \u00a02 tonna-100 tonna Hegeszt\u00e9s:\u00a0\u00a0Megakad\u00e1lyozza az olajsziv\u00e1rg\u00e1st  Term\u00e9kn\u00e9v:\u00a0F\u00fcgg\u0151leges hegeszt\u0151aljzat  T\u00edpus:\u00a0Emel\u0151berendez\u00e9s  Modell:\u00a0VJ  Min\u0151s\u00edt\u00e9s:\u00a0CE, GS  Alkalmazhat\u00f3 ipar\u00e1gak:\u00a0Villamosenergia-karbantart\u00e1sban, h\u00eddkarbantart\u00e1sban, s\u00falyemel\u00e9sben, statikus c\u00f6l\u00f6ppr\u00e9sel\u00e9sben, alapoz\u00e1sban, h\u00edd- \u00e9s haj\u00f3\u00e9p\u00edt\u00e9sben, k\u00fcl\u00f6n\u00f6sen aut\u00f3p\u00e1lya- \u00e9s vas\u00fat\u00e9p\u00edt\u00e9sben, mechanikai hangol\u00e1sban, berendez\u00e9sek sz\u00e9tszerel\u00e9s\u00e9ben \u00e9s telep\u00edt\u00e9s\u00e9ben haszn\u00e1lj\u00e1k.  &nbsp;  Term\u00e9kle\u00edr\u00e1s:\u00a0\u00a0N\u00f6velje emel\u00e9si feladatait hidraulikus palackemel\u0151nkkel, amely egy er\u0151teljes \u00e9s megb\u00edzhat\u00f3 megold\u00e1s a neh\u00e9z alkalmaz\u00e1sokhoz.\u00a0F\u00fcggetlen\u00fcl att\u00f3l, hogy aut\u00f3jav\u00edt\u00e1son, \u00e9p\u00edt\u00e9si projekteken vagy egy\u00e9b emel\u00e9si munk\u00e1kon dolgozik, ez a hidraulikus emel\u0151 biztos\u00edtja a sz\u00fcks\u00e9ges er\u0151t \u00e9s hat\u00e9konys\u00e1got.\" \/>\n<meta property=\"og:url\" content=\"https:\/\/lifting-safety.com\/hu_hu\/termek\/toyo-hidraulikus-palackemelo-alkalmas-autok-emelesere-javitasara-es-nehez-targyak-emelesere\/\" \/>\n<meta property=\"og:site_name\" content=\"Lifting Safety - Lifting equipment from professionals\" \/>\n<meta property=\"og:image\" content=\"https:\/\/lifting-safety.com\/wp-content\/uploads\/2024\/03\/logo9.webp\" \/>\n\t<meta property=\"og:image:width\" content=\"800\" \/>\n\t<meta property=\"og:image:height\" content=\"800\" \/>\n\t<meta property=\"og:image:type\" content=\"image\/webp\" \/>\n<meta name=\"twitter:card\" content=\"summary_large_image\" \/>\n<meta name=\"twitter:label1\" content=\"Becs\u00fclt olvas\u00e1si id\u0151\" \/>\n\t<meta name=\"twitter:data1\" content=\"1 perc\" \/>\n<script type=\"application\/ld+json\" class=\"yoast-schema-graph\">{\"@context\":\"https:\/\/schema.org\",\"@graph\":[{\"@type\":\"WebPage\",\"@id\":\"https:\/\/lifting-safety.com\/termek\/toyo-hidraulikus-palackemelo-alkalmas-autok-emelesere-javitasara-es-nehez-targyak-emelesere\/\",\"url\":\"https:\/\/lifting-safety.com\/termek\/toyo-hidraulikus-palackemelo-alkalmas-autok-emelesere-javitasara-es-nehez-targyak-emelesere\/\",\"name\":\"TOYO hidraulikus palackemel\u0151 - alkalmas aut\u00f3k emel\u00e9s\u00e9re, jav\u00edt\u00e1s\u00e1ra \u00e9s neh\u00e9z t\u00e1rgyak emel\u00e9s\u00e9re - Lifting Safety - Lifting equipment from professionals\",\"isPartOf\":{\"@id\":\"https:\/\/lifting-safety.com\/hu_hu\/#website\"},\"primaryImageOfPage\":{\"@id\":\"https:\/\/lifting-safety.com\/termek\/toyo-hidraulikus-palackemelo-alkalmas-autok-emelesere-javitasara-es-nehez-targyak-emelesere\/#primaryimage\"},\"image\":{\"@id\":\"https:\/\/lifting-safety.com\/termek\/toyo-hidraulikus-palackemelo-alkalmas-autok-emelesere-javitasara-es-nehez-targyak-emelesere\/#primaryimage\"},\"thumbnailUrl\":\"https:\/\/lifting-safety.com\/wp-content\/uploads\/2024\/03\/logo9.webp\",\"datePublished\":\"2024-03-22T16:45:25+00:00\",\"breadcrumb\":{\"@id\":\"https:\/\/lifting-safety.com\/termek\/toyo-hidraulikus-palackemelo-alkalmas-autok-emelesere-javitasara-es-nehez-targyak-emelesere\/#breadcrumb\"},\"inLanguage\":\"hu\",\"potentialAction\":[{\"@type\":\"ReadAction\",\"target\":[\"https:\/\/lifting-safety.com\/termek\/toyo-hidraulikus-palackemelo-alkalmas-autok-emelesere-javitasara-es-nehez-targyak-emelesere\/\"]}]},{\"@type\":\"ImageObject\",\"inLanguage\":\"hu\",\"@id\":\"https:\/\/lifting-safety.com\/termek\/toyo-hidraulikus-palackemelo-alkalmas-autok-emelesere-javitasara-es-nehez-targyak-emelesere\/#primaryimage\",\"url\":\"https:\/\/lifting-safety.com\/wp-content\/uploads\/2024\/03\/logo9.webp\",\"contentUrl\":\"https:\/\/lifting-safety.com\/wp-content\/uploads\/2024\/03\/logo9.webp\",\"width\":800,\"height\":800},{\"@type\":\"BreadcrumbList\",\"@id\":\"https:\/\/lifting-safety.com\/termek\/toyo-hidraulikus-palackemelo-alkalmas-autok-emelesere-javitasara-es-nehez-targyak-emelesere\/#breadcrumb\",\"itemListElement\":[{\"@type\":\"ListItem\",\"position\":1,\"name\":\"Kezd\u0151lap\",\"item\":\"https:\/\/lifting-safety.com\/hu_hu\/\"},{\"@type\":\"ListItem\",\"position\":2,\"name\":\"Store\",\"item\":\"https:\/\/lifting-safety.com\/store\/\"},{\"@type\":\"ListItem\",\"position\":3,\"name\":\"TOYO hidraulikus palackemel\u0151 &#8211; alkalmas aut\u00f3k emel\u00e9s\u00e9re, jav\u00edt\u00e1s\u00e1ra \u00e9s neh\u00e9z t\u00e1rgyak emel\u00e9s\u00e9re\"}]},{\"@type\":\"WebSite\",\"@id\":\"https:\/\/lifting-safety.com\/hu_hu\/#website\",\"url\":\"https:\/\/lifting-safety.com\/hu_hu\/\",\"name\":\"Lifting Safety - Lifting equipment from professionals\",\"description\":\"\",\"publisher\":{\"@id\":\"https:\/\/lifting-safety.com\/hu_hu\/#organization\"},\"potentialAction\":[{\"@type\":\"SearchAction\",\"target\":{\"@type\":\"EntryPoint\",\"urlTemplate\":\"https:\/\/lifting-safety.com\/hu_hu\/?s={search_term_string}\"},\"query-input\":{\"@type\":\"PropertyValueSpecification\",\"valueRequired\":true,\"valueName\":\"search_term_string\"}}],\"inLanguage\":\"hu\"},{\"@type\":\"Organization\",\"@id\":\"https:\/\/lifting-safety.com\/hu_hu\/#organization\",\"name\":\"Lifting Safety - Lifting equipment from professionals\",\"url\":\"https:\/\/lifting-safety.com\/hu_hu\/\",\"logo\":{\"@type\":\"ImageObject\",\"inLanguage\":\"hu\",\"@id\":\"https:\/\/lifting-safety.com\/hu_hu\/#\/schema\/logo\/image\/\",\"url\":\"https:\/\/lifting-safety.com\/wp-content\/uploads\/2024\/02\/cropped-SAFETY_LIFT_LOGO_horizontal_tiny.png\",\"contentUrl\":\"https:\/\/lifting-safety.com\/wp-content\/uploads\/2024\/02\/cropped-SAFETY_LIFT_LOGO_horizontal_tiny.png\",\"width\":520,\"height\":174,\"caption\":\"Lifting Safety - Lifting equipment from professionals\"},\"image\":{\"@id\":\"https:\/\/lifting-safety.com\/hu_hu\/#\/schema\/logo\/image\/\"}}]}<\/script>\n<!-- \/ Yoast SEO plugin. -->","yoast_head_json":{"title":"TOYO hidraulikus palackemel\u0151 - alkalmas aut\u00f3k emel\u00e9s\u00e9re, jav\u00edt\u00e1s\u00e1ra \u00e9s neh\u00e9z t\u00e1rgyak emel\u00e9s\u00e9re - Lifting Safety - Lifting equipment from professionals","robots":{"index":"index","follow":"follow","max-snippet":"max-snippet:-1","max-image-preview":"max-image-preview:large","max-video-preview":"max-video-preview:-1"},"canonical":"https:\/\/lifting-safety.com\/hu_hu\/termek\/toyo-hidraulikus-palackemelo-alkalmas-autok-emelesere-javitasara-es-nehez-targyak-emelesere\/","og_locale":"hu_HU","og_type":"article","og_title":"TOYO hidraulikus palackemel\u0151 - alkalmas aut\u00f3k emel\u00e9s\u00e9re, jav\u00edt\u00e1s\u00e1ra \u00e9s neh\u00e9z t\u00e1rgyak emel\u00e9s\u00e9re - Lifting Safety - Lifting equipment from professionals","og_description":"Haszn\u00e1lat:\u00a0\u00a0J\u00e1rm\u0171karbantart\u00e1si \u00c1ramforr\u00e1s:\u00a0\u00a0K\u00e9zi Kapacit\u00e1s: \u00a02 tonna-100 tonna Hegeszt\u00e9s:\u00a0\u00a0Megakad\u00e1lyozza az olajsziv\u00e1rg\u00e1st  Term\u00e9kn\u00e9v:\u00a0F\u00fcgg\u0151leges hegeszt\u0151aljzat  T\u00edpus:\u00a0Emel\u0151berendez\u00e9s  Modell:\u00a0VJ  Min\u0151s\u00edt\u00e9s:\u00a0CE, GS  Alkalmazhat\u00f3 ipar\u00e1gak:\u00a0Villamosenergia-karbantart\u00e1sban, h\u00eddkarbantart\u00e1sban, s\u00falyemel\u00e9sben, statikus c\u00f6l\u00f6ppr\u00e9sel\u00e9sben, alapoz\u00e1sban, h\u00edd- \u00e9s haj\u00f3\u00e9p\u00edt\u00e9sben, k\u00fcl\u00f6n\u00f6sen aut\u00f3p\u00e1lya- \u00e9s vas\u00fat\u00e9p\u00edt\u00e9sben, mechanikai hangol\u00e1sban, berendez\u00e9sek sz\u00e9tszerel\u00e9s\u00e9ben \u00e9s telep\u00edt\u00e9s\u00e9ben haszn\u00e1lj\u00e1k.  &nbsp;  Term\u00e9kle\u00edr\u00e1s:\u00a0\u00a0N\u00f6velje emel\u00e9si feladatait hidraulikus palackemel\u0151nkkel, amely egy er\u0151teljes \u00e9s megb\u00edzhat\u00f3 megold\u00e1s a neh\u00e9z alkalmaz\u00e1sokhoz.\u00a0F\u00fcggetlen\u00fcl att\u00f3l, hogy aut\u00f3jav\u00edt\u00e1son, \u00e9p\u00edt\u00e9si projekteken vagy egy\u00e9b emel\u00e9si munk\u00e1kon dolgozik, ez a hidraulikus emel\u0151 biztos\u00edtja a sz\u00fcks\u00e9ges er\u0151t \u00e9s hat\u00e9konys\u00e1got.","og_url":"https:\/\/lifting-safety.com\/hu_hu\/termek\/toyo-hidraulikus-palackemelo-alkalmas-autok-emelesere-javitasara-es-nehez-targyak-emelesere\/","og_site_name":"Lifting Safety - Lifting equipment from professionals","og_image":[{"width":800,"height":800,"url":"https:\/\/lifting-safety.com\/wp-content\/uploads\/2024\/03\/logo9.webp","type":"image\/webp"}],"twitter_card":"summary_large_image","twitter_misc":{"Becs\u00fclt olvas\u00e1si id\u0151":"1 perc"},"schema":{"@context":"https:\/\/schema.org","@graph":[{"@type":"WebPage","@id":"https:\/\/lifting-safety.com\/termek\/toyo-hidraulikus-palackemelo-alkalmas-autok-emelesere-javitasara-es-nehez-targyak-emelesere\/","url":"https:\/\/lifting-safety.com\/termek\/toyo-hidraulikus-palackemelo-alkalmas-autok-emelesere-javitasara-es-nehez-targyak-emelesere\/","name":"TOYO hidraulikus palackemel\u0151 - alkalmas aut\u00f3k emel\u00e9s\u00e9re, jav\u00edt\u00e1s\u00e1ra \u00e9s neh\u00e9z t\u00e1rgyak emel\u00e9s\u00e9re - Lifting Safety - Lifting equipment from professionals","isPartOf":{"@id":"https:\/\/lifting-safety.com\/hu_hu\/#website"},"primaryImageOfPage":{"@id":"https:\/\/lifting-safety.com\/termek\/toyo-hidraulikus-palackemelo-alkalmas-autok-emelesere-javitasara-es-nehez-targyak-emelesere\/#primaryimage"},"image":{"@id":"https:\/\/lifting-safety.com\/termek\/toyo-hidraulikus-palackemelo-alkalmas-autok-emelesere-javitasara-es-nehez-targyak-emelesere\/#primaryimage"},"thumbnailUrl":"https:\/\/lifting-safety.com\/wp-content\/uploads\/2024\/03\/logo9.webp","datePublished":"2024-03-22T16:45:25+00:00","breadcrumb":{"@id":"https:\/\/lifting-safety.com\/termek\/toyo-hidraulikus-palackemelo-alkalmas-autok-emelesere-javitasara-es-nehez-targyak-emelesere\/#breadcrumb"},"inLanguage":"hu","potentialAction":[{"@type":"ReadAction","target":["https:\/\/lifting-safety.com\/termek\/toyo-hidraulikus-palackemelo-alkalmas-autok-emelesere-javitasara-es-nehez-targyak-emelesere\/"]}]},{"@type":"ImageObject","inLanguage":"hu","@id":"https:\/\/lifting-safety.com\/termek\/toyo-hidraulikus-palackemelo-alkalmas-autok-emelesere-javitasara-es-nehez-targyak-emelesere\/#primaryimage","url":"https:\/\/lifting-safety.com\/wp-content\/uploads\/2024\/03\/logo9.webp","contentUrl":"https:\/\/lifting-safety.com\/wp-content\/uploads\/2024\/03\/logo9.webp","width":800,"height":800},{"@type":"BreadcrumbList","@id":"https:\/\/lifting-safety.com\/termek\/toyo-hidraulikus-palackemelo-alkalmas-autok-emelesere-javitasara-es-nehez-targyak-emelesere\/#breadcrumb","itemListElement":[{"@type":"ListItem","position":1,"name":"Kezd\u0151lap","item":"https:\/\/lifting-safety.com\/hu_hu\/"},{"@type":"ListItem","position":2,"name":"Store","item":"https:\/\/lifting-safety.com\/store\/"},{"@type":"ListItem","position":3,"name":"TOYO hidraulikus palackemel\u0151 &#8211; alkalmas aut\u00f3k emel\u00e9s\u00e9re, jav\u00edt\u00e1s\u00e1ra \u00e9s neh\u00e9z t\u00e1rgyak emel\u00e9s\u00e9re"}]},{"@type":"WebSite","@id":"https:\/\/lifting-safety.com\/hu_hu\/#website","url":"https:\/\/lifting-safety.com\/hu_hu\/","name":"Lifting Safety - Lifting equipment from professionals","description":"","publisher":{"@id":"https:\/\/lifting-safety.com\/hu_hu\/#organization"},"potentialAction":[{"@type":"SearchAction","target":{"@type":"EntryPoint","urlTemplate":"https:\/\/lifting-safety.com\/hu_hu\/?s={search_term_string}"},"query-input":{"@type":"PropertyValueSpecification","valueRequired":true,"valueName":"search_term_string"}}],"inLanguage":"hu"},{"@type":"Organization","@id":"https:\/\/lifting-safety.com\/hu_hu\/#organization","name":"Lifting Safety - Lifting equipment from professionals","url":"https:\/\/lifting-safety.com\/hu_hu\/","logo":{"@type":"ImageObject","inLanguage":"hu","@id":"https:\/\/lifting-safety.com\/hu_hu\/#\/schema\/logo\/image\/","url":"https:\/\/lifting-safety.com\/wp-content\/uploads\/2024\/02\/cropped-SAFETY_LIFT_LOGO_horizontal_tiny.png","contentUrl":"https:\/\/lifting-safety.com\/wp-content\/uploads\/2024\/02\/cropped-SAFETY_LIFT_LOGO_horizontal_tiny.png","width":520,"height":174,"caption":"Lifting Safety - Lifting equipment from professionals"},"image":{"@id":"https:\/\/lifting-safety.com\/hu_hu\/#\/schema\/logo\/image\/"}}]}},"_links":{"self":[{"href":"https:\/\/lifting-safety.com\/hu_hu\/wp-json\/wp\/v2\/product\/5083","targetHints":{"allow":["GET"]}}],"collection":[{"href":"https:\/\/lifting-safety.com\/hu_hu\/wp-json\/wp\/v2\/product"}],"about":[{"href":"https:\/\/lifting-safety.com\/hu_hu\/wp-json\/wp\/v2\/types\/product"}],"version-history":[{"count":1,"href":"https:\/\/lifting-safety.com\/hu_hu\/wp-json\/wp\/v2\/product\/5083\/revisions"}],"predecessor-version":[{"id":5087,"href":"https:\/\/lifting-safety.com\/hu_hu\/wp-json\/wp\/v2\/product\/5083\/revisions\/5087"}],"wp:featuredmedia":[{"embeddable":true,"href":"https:\/\/lifting-safety.com\/hu_hu\/wp-json\/wp\/v2\/media\/5084"}],"wp:attachment":[{"href":"https:\/\/lifting-safety.com\/hu_hu\/wp-json\/wp\/v2\/media?parent=5083"}],"wp:term":[{"taxonomy":"product_brand","embeddable":true,"href":"https:\/\/lifting-safety.com\/hu_hu\/wp-json\/wp\/v2\/product_brand?post=5083"},{"taxonomy":"product_cat","embeddable":true,"href":"https:\/\/lifting-safety.com\/hu_hu\/wp-json\/wp\/v2\/product_cat?post=5083"},{"taxonomy":"product_tag","embeddable":true,"href":"https:\/\/lifting-safety.com\/hu_hu\/wp-json\/wp\/v2\/product_tag?post=5083"}],"curies":[{"name":"wp","href":"https:\/\/api.w.org\/{rel}","templated":true}]}}