{"id":5064,"date":"2024-03-22T17:17:56","date_gmt":"2024-03-22T16:17:56","guid":{"rendered":"https:\/\/lifting-safety.com\/?post_type=product&#038;p=5064"},"modified":"2024-04-12T10:12:30","modified_gmt":"2024-04-12T08:12:30","slug":"floor-jack-padloemelo","status":"publish","type":"product","link":"https:\/\/lifting-safety.com\/hu_hu\/termek\/floor-jack-padloemelo\/","title":{"rendered":"Floor Jack aut\u00f3emel\u0151 (krokodil emel\u0151)"},"content":{"rendered":"<p>(1) Az olajhenger Y t\u00edpus\u00fa poliuret\u00e1n t\u00f6m\u00edt\u00e9ssel van lez\u00e1rva, amely ellen\u00e1ll az alacsony nyom\u00e1s\u00fa sziv\u00e1rg\u00e1snak.<\/p>\n<p>(2) Az eg\u00e9sz szerkezet stabil \u00e9s megb\u00edzhat\u00f3, rugalmas mozg\u00e1ssal.<\/p>\n<p>(3) Magas emel\u00e9s\u0171 kialak\u00edt\u00e1s, k\u00fcl\u00f6nf\u00e9le modellekhez alkalmas.<\/p>\n<p>(4) A biztons\u00e1gi szelepet \u00fagy tervezt\u00e9k, hogy megakad\u00e1lyozza a t\u00falterhel\u00e9st \u00e9s biztos\u00edtsa a biztons\u00e1got.<\/p>\n<p>(5) A dupla szivatty\u00fak gyorsan felemelkednek \u00e9s hat\u00e9konyan m\u0171k\u00f6dnek.<\/p>\n<p>(6) Univerz\u00e1lis h\u00e1ts\u00f3 ker\u00e9k, k\u00f6nnyen mozgathat\u00f3.<\/p>\n","protected":false},"excerpt":{"rendered":"<p><strong>Term\u00e9k neve:<\/strong>\u00a0Padl\u00f3emel\u0151<\/p>\n<p><strong>T\u00edpus:<\/strong>\u00a0Emel\u0151berendez\u00e9s<\/p>\n<p><strong>Modell:<\/strong>\u00a0HJ<\/p>\n<p><strong>Haszn\u00e1lat:\u00a0<\/strong>\u00a0J\u00e1rm\u0171karbantart\u00e1s \u00e9s emel\u00e9si<br \/>\n<strong>Er\u0151forr\u00e1s:\u00a0<\/strong>\u00a0K\u00e9zi<br \/>\n<strong>teherb\u00edr\u00e1s:\u00a0<\/strong>\u00a02 tonna, 3 tonna<\/p>\n<p><strong>Min\u0151s\u00edt\u00e9s:<\/strong>\u00a0CE, GS<\/p>\n<p><strong>Alkalmazhat\u00f3 ipar\u00e1gak:<\/strong>\u00a0Ez egyfajta sz\u00e9les k\u00f6rben haszn\u00e1lt neh\u00e9z j\u00e1rm\u0171vekben vagy mobil berendez\u00e9sekben, amelyek megt\u00e1masztj\u00e1k a berendez\u00e9sek s\u00faly\u00e1t, be\u00e1ll\u00edtj\u00e1k a felszerel\u00e9s szintj\u00e9t, fontos hidraulikus alkatr\u00e9sz, f\u0151k\u00e9nt gy\u00e1rakban, b\u00e1ny\u00e1szatban, sz\u00e1ll\u00edt\u00e1sban \u00e9s m\u00e1s r\u00e9szlegekben haszn\u00e1lj\u00e1k j\u00e1rm\u0171jav\u00edt\u00e1sk\u00e9nt \u00e9s egy\u00e9b emel\u00e9sk\u00e9nt, t\u00e1mogat\u00e1st \u00e9s egy\u00e9b munk\u00e1t.<\/p>\n","protected":false},"featured_media":5065,"template":"","meta":{"site-sidebar-layout":"default","site-content-layout":"","ast-site-content-layout":"default","site-content-style":"default","site-sidebar-style":"default","ast-global-header-display":"","ast-banner-title-visibility":"","ast-main-header-display":"","ast-hfb-above-header-display":"","ast-hfb-below-header-display":"","ast-hfb-mobile-header-display":"","site-post-title":"","ast-breadcrumbs-content":"","ast-featured-img":"","footer-sml-layout":"","theme-transparent-header-meta":"default","adv-header-id-meta":"","stick-header-meta":"","header-above-stick-meta":"","header-main-stick-meta":"","header-below-stick-meta":"","astra-migrate-meta-layouts":"set","ast-page-background-enabled":"default","ast-page-background-meta":{"desktop":{"background-color":"","background-image":"","background-repeat":"repeat","background-position":"center center","background-size":"auto","background-attachment":"scroll","background-type":"","background-media":"","overlay-type":"","overlay-color":"","overlay-opacity":"","overlay-gradient":""},"tablet":{"background-color":"","background-image":"","background-repeat":"repeat","background-position":"center center","background-size":"auto","background-attachment":"scroll","background-type":"","background-media":"","overlay-type":"","overlay-color":"","overlay-opacity":"","overlay-gradient":""},"mobile":{"background-color":"","background-image":"","background-repeat":"repeat","background-position":"center center","background-size":"auto","background-attachment":"scroll","background-type":"","background-media":"","overlay-type":"","overlay-color":"","overlay-opacity":"","overlay-gradient":""}},"ast-content-background-meta":{"desktop":{"background-color":"var(--ast-global-color-5)","background-image":"","background-repeat":"repeat","background-position":"center center","background-size":"auto","background-attachment":"scroll","background-type":"","background-media":"","overlay-type":"","overlay-color":"","overlay-opacity":"","overlay-gradient":""},"tablet":{"background-color":"var(--ast-global-color-5)","background-image":"","background-repeat":"repeat","background-position":"center center","background-size":"auto","background-attachment":"scroll","background-type":"","background-media":"","overlay-type":"","overlay-color":"","overlay-opacity":"","overlay-gradient":""},"mobile":{"background-color":"var(--ast-global-color-5)","background-image":"","background-repeat":"repeat","background-position":"center center","background-size":"auto","background-attachment":"scroll","background-type":"","background-media":"","overlay-type":"","overlay-color":"","overlay-opacity":"","overlay-gradient":""}}},"product_brand":[],"product_cat":[87],"product_tag":[],"class_list":{"0":"post-5064","1":"product","2":"type-product","3":"status-publish","4":"has-post-thumbnail","6":"product_cat-hidraulikus-emelok","7":"desktop-align-left","8":"tablet-align-left","9":"mobile-align-left","11":"first","12":"instock","13":"shipping-taxable","14":"product-type-simple"},"yoast_head":"<!-- This site is optimized with the Yoast SEO plugin v25.3 - https:\/\/yoast.com\/wordpress\/plugins\/seo\/ -->\n<title>Floor Jack aut\u00f3emel\u0151 (krokodil emel\u0151) - Lifting Safety - Lifting equipment from professionals<\/title>\n<meta name=\"robots\" content=\"index, follow, max-snippet:-1, max-image-preview:large, max-video-preview:-1\" \/>\n<link rel=\"canonical\" href=\"https:\/\/lifting-safety.com\/hu_hu\/termek\/floor-jack-padloemelo\/\" \/>\n<meta property=\"og:locale\" content=\"hu_HU\" \/>\n<meta property=\"og:type\" content=\"article\" \/>\n<meta property=\"og:title\" content=\"Floor Jack aut\u00f3emel\u0151 (krokodil emel\u0151) - Lifting Safety - Lifting equipment from professionals\" \/>\n<meta property=\"og:description\" content=\"Term\u00e9k neve:\u00a0Padl\u00f3emel\u0151  T\u00edpus:\u00a0Emel\u0151berendez\u00e9s  Modell:\u00a0HJ  Haszn\u00e1lat:\u00a0\u00a0J\u00e1rm\u0171karbantart\u00e1s \u00e9s emel\u00e9si Er\u0151forr\u00e1s:\u00a0\u00a0K\u00e9zi teherb\u00edr\u00e1s:\u00a0\u00a02 tonna, 3 tonna  Min\u0151s\u00edt\u00e9s:\u00a0CE, GS  Alkalmazhat\u00f3 ipar\u00e1gak:\u00a0Ez egyfajta sz\u00e9les k\u00f6rben haszn\u00e1lt neh\u00e9z j\u00e1rm\u0171vekben vagy mobil berendez\u00e9sekben, amelyek megt\u00e1masztj\u00e1k a berendez\u00e9sek s\u00faly\u00e1t, be\u00e1ll\u00edtj\u00e1k a felszerel\u00e9s szintj\u00e9t, fontos hidraulikus alkatr\u00e9sz, f\u0151k\u00e9nt gy\u00e1rakban, b\u00e1ny\u00e1szatban, sz\u00e1ll\u00edt\u00e1sban \u00e9s m\u00e1s r\u00e9szlegekben haszn\u00e1lj\u00e1k j\u00e1rm\u0171jav\u00edt\u00e1sk\u00e9nt \u00e9s egy\u00e9b emel\u00e9sk\u00e9nt, t\u00e1mogat\u00e1st \u00e9s egy\u00e9b munk\u00e1t.\" \/>\n<meta property=\"og:url\" content=\"https:\/\/lifting-safety.com\/hu_hu\/termek\/floor-jack-padloemelo\/\" \/>\n<meta property=\"og:site_name\" content=\"Lifting Safety - Lifting equipment from professionals\" \/>\n<meta property=\"article:modified_time\" content=\"2024-04-12T08:12:30+00:00\" \/>\n<meta property=\"og:image\" content=\"https:\/\/lifting-safety.com\/wp-content\/uploads\/2024\/03\/Floor-Jack-1.webp\" \/>\n\t<meta property=\"og:image:width\" content=\"600\" \/>\n\t<meta property=\"og:image:height\" content=\"600\" \/>\n\t<meta property=\"og:image:type\" content=\"image\/webp\" \/>\n<meta name=\"twitter:card\" content=\"summary_large_image\" \/>\n<script type=\"application\/ld+json\" class=\"yoast-schema-graph\">{\"@context\":\"https:\/\/schema.org\",\"@graph\":[{\"@type\":\"WebPage\",\"@id\":\"https:\/\/lifting-safety.com\/termek\/floor-jack-padloemelo\/\",\"url\":\"https:\/\/lifting-safety.com\/termek\/floor-jack-padloemelo\/\",\"name\":\"Floor Jack aut\u00f3emel\u0151 (krokodil emel\u0151) - Lifting Safety - Lifting equipment from professionals\",\"isPartOf\":{\"@id\":\"https:\/\/lifting-safety.com\/hu_hu\/#website\"},\"primaryImageOfPage\":{\"@id\":\"https:\/\/lifting-safety.com\/termek\/floor-jack-padloemelo\/#primaryimage\"},\"image\":{\"@id\":\"https:\/\/lifting-safety.com\/termek\/floor-jack-padloemelo\/#primaryimage\"},\"thumbnailUrl\":\"https:\/\/lifting-safety.com\/wp-content\/uploads\/2024\/03\/Floor-Jack-1.webp\",\"datePublished\":\"2024-03-22T16:17:56+00:00\",\"dateModified\":\"2024-04-12T08:12:30+00:00\",\"breadcrumb\":{\"@id\":\"https:\/\/lifting-safety.com\/termek\/floor-jack-padloemelo\/#breadcrumb\"},\"inLanguage\":\"hu\",\"potentialAction\":[{\"@type\":\"ReadAction\",\"target\":[\"https:\/\/lifting-safety.com\/termek\/floor-jack-padloemelo\/\"]}]},{\"@type\":\"ImageObject\",\"inLanguage\":\"hu\",\"@id\":\"https:\/\/lifting-safety.com\/termek\/floor-jack-padloemelo\/#primaryimage\",\"url\":\"https:\/\/lifting-safety.com\/wp-content\/uploads\/2024\/03\/Floor-Jack-1.webp\",\"contentUrl\":\"https:\/\/lifting-safety.com\/wp-content\/uploads\/2024\/03\/Floor-Jack-1.webp\",\"width\":600,\"height\":600},{\"@type\":\"BreadcrumbList\",\"@id\":\"https:\/\/lifting-safety.com\/termek\/floor-jack-padloemelo\/#breadcrumb\",\"itemListElement\":[{\"@type\":\"ListItem\",\"position\":1,\"name\":\"Kezd\u0151lap\",\"item\":\"https:\/\/lifting-safety.com\/hu_hu\/\"},{\"@type\":\"ListItem\",\"position\":2,\"name\":\"Store\",\"item\":\"https:\/\/lifting-safety.com\/store\/\"},{\"@type\":\"ListItem\",\"position\":3,\"name\":\"Floor Jack aut\u00f3emel\u0151 (krokodil emel\u0151)\"}]},{\"@type\":\"WebSite\",\"@id\":\"https:\/\/lifting-safety.com\/hu_hu\/#website\",\"url\":\"https:\/\/lifting-safety.com\/hu_hu\/\",\"name\":\"Lifting Safety - Lifting equipment from professionals\",\"description\":\"\",\"publisher\":{\"@id\":\"https:\/\/lifting-safety.com\/hu_hu\/#organization\"},\"potentialAction\":[{\"@type\":\"SearchAction\",\"target\":{\"@type\":\"EntryPoint\",\"urlTemplate\":\"https:\/\/lifting-safety.com\/hu_hu\/?s={search_term_string}\"},\"query-input\":{\"@type\":\"PropertyValueSpecification\",\"valueRequired\":true,\"valueName\":\"search_term_string\"}}],\"inLanguage\":\"hu\"},{\"@type\":\"Organization\",\"@id\":\"https:\/\/lifting-safety.com\/hu_hu\/#organization\",\"name\":\"Lifting Safety - Lifting equipment from professionals\",\"url\":\"https:\/\/lifting-safety.com\/hu_hu\/\",\"logo\":{\"@type\":\"ImageObject\",\"inLanguage\":\"hu\",\"@id\":\"https:\/\/lifting-safety.com\/hu_hu\/#\/schema\/logo\/image\/\",\"url\":\"https:\/\/lifting-safety.com\/wp-content\/uploads\/2024\/02\/cropped-SAFETY_LIFT_LOGO_horizontal_tiny.png\",\"contentUrl\":\"https:\/\/lifting-safety.com\/wp-content\/uploads\/2024\/02\/cropped-SAFETY_LIFT_LOGO_horizontal_tiny.png\",\"width\":520,\"height\":174,\"caption\":\"Lifting Safety - Lifting equipment from professionals\"},\"image\":{\"@id\":\"https:\/\/lifting-safety.com\/hu_hu\/#\/schema\/logo\/image\/\"}}]}<\/script>\n<!-- \/ Yoast SEO plugin. -->","yoast_head_json":{"title":"Floor Jack aut\u00f3emel\u0151 (krokodil emel\u0151) - Lifting Safety - Lifting equipment from professionals","robots":{"index":"index","follow":"follow","max-snippet":"max-snippet:-1","max-image-preview":"max-image-preview:large","max-video-preview":"max-video-preview:-1"},"canonical":"https:\/\/lifting-safety.com\/hu_hu\/termek\/floor-jack-padloemelo\/","og_locale":"hu_HU","og_type":"article","og_title":"Floor Jack aut\u00f3emel\u0151 (krokodil emel\u0151) - Lifting Safety - Lifting equipment from professionals","og_description":"Term\u00e9k neve:\u00a0Padl\u00f3emel\u0151  T\u00edpus:\u00a0Emel\u0151berendez\u00e9s  Modell:\u00a0HJ  Haszn\u00e1lat:\u00a0\u00a0J\u00e1rm\u0171karbantart\u00e1s \u00e9s emel\u00e9si Er\u0151forr\u00e1s:\u00a0\u00a0K\u00e9zi teherb\u00edr\u00e1s:\u00a0\u00a02 tonna, 3 tonna  Min\u0151s\u00edt\u00e9s:\u00a0CE, GS  Alkalmazhat\u00f3 ipar\u00e1gak:\u00a0Ez egyfajta sz\u00e9les k\u00f6rben haszn\u00e1lt neh\u00e9z j\u00e1rm\u0171vekben vagy mobil berendez\u00e9sekben, amelyek megt\u00e1masztj\u00e1k a berendez\u00e9sek s\u00faly\u00e1t, be\u00e1ll\u00edtj\u00e1k a felszerel\u00e9s szintj\u00e9t, fontos hidraulikus alkatr\u00e9sz, f\u0151k\u00e9nt gy\u00e1rakban, b\u00e1ny\u00e1szatban, sz\u00e1ll\u00edt\u00e1sban \u00e9s m\u00e1s r\u00e9szlegekben haszn\u00e1lj\u00e1k j\u00e1rm\u0171jav\u00edt\u00e1sk\u00e9nt \u00e9s egy\u00e9b emel\u00e9sk\u00e9nt, t\u00e1mogat\u00e1st \u00e9s egy\u00e9b munk\u00e1t.","og_url":"https:\/\/lifting-safety.com\/hu_hu\/termek\/floor-jack-padloemelo\/","og_site_name":"Lifting Safety - Lifting equipment from professionals","article_modified_time":"2024-04-12T08:12:30+00:00","og_image":[{"width":600,"height":600,"url":"https:\/\/lifting-safety.com\/wp-content\/uploads\/2024\/03\/Floor-Jack-1.webp","type":"image\/webp"}],"twitter_card":"summary_large_image","schema":{"@context":"https:\/\/schema.org","@graph":[{"@type":"WebPage","@id":"https:\/\/lifting-safety.com\/termek\/floor-jack-padloemelo\/","url":"https:\/\/lifting-safety.com\/termek\/floor-jack-padloemelo\/","name":"Floor Jack aut\u00f3emel\u0151 (krokodil emel\u0151) - Lifting Safety - Lifting equipment from professionals","isPartOf":{"@id":"https:\/\/lifting-safety.com\/hu_hu\/#website"},"primaryImageOfPage":{"@id":"https:\/\/lifting-safety.com\/termek\/floor-jack-padloemelo\/#primaryimage"},"image":{"@id":"https:\/\/lifting-safety.com\/termek\/floor-jack-padloemelo\/#primaryimage"},"thumbnailUrl":"https:\/\/lifting-safety.com\/wp-content\/uploads\/2024\/03\/Floor-Jack-1.webp","datePublished":"2024-03-22T16:17:56+00:00","dateModified":"2024-04-12T08:12:30+00:00","breadcrumb":{"@id":"https:\/\/lifting-safety.com\/termek\/floor-jack-padloemelo\/#breadcrumb"},"inLanguage":"hu","potentialAction":[{"@type":"ReadAction","target":["https:\/\/lifting-safety.com\/termek\/floor-jack-padloemelo\/"]}]},{"@type":"ImageObject","inLanguage":"hu","@id":"https:\/\/lifting-safety.com\/termek\/floor-jack-padloemelo\/#primaryimage","url":"https:\/\/lifting-safety.com\/wp-content\/uploads\/2024\/03\/Floor-Jack-1.webp","contentUrl":"https:\/\/lifting-safety.com\/wp-content\/uploads\/2024\/03\/Floor-Jack-1.webp","width":600,"height":600},{"@type":"BreadcrumbList","@id":"https:\/\/lifting-safety.com\/termek\/floor-jack-padloemelo\/#breadcrumb","itemListElement":[{"@type":"ListItem","position":1,"name":"Kezd\u0151lap","item":"https:\/\/lifting-safety.com\/hu_hu\/"},{"@type":"ListItem","position":2,"name":"Store","item":"https:\/\/lifting-safety.com\/store\/"},{"@type":"ListItem","position":3,"name":"Floor Jack aut\u00f3emel\u0151 (krokodil emel\u0151)"}]},{"@type":"WebSite","@id":"https:\/\/lifting-safety.com\/hu_hu\/#website","url":"https:\/\/lifting-safety.com\/hu_hu\/","name":"Lifting Safety - Lifting equipment from professionals","description":"","publisher":{"@id":"https:\/\/lifting-safety.com\/hu_hu\/#organization"},"potentialAction":[{"@type":"SearchAction","target":{"@type":"EntryPoint","urlTemplate":"https:\/\/lifting-safety.com\/hu_hu\/?s={search_term_string}"},"query-input":{"@type":"PropertyValueSpecification","valueRequired":true,"valueName":"search_term_string"}}],"inLanguage":"hu"},{"@type":"Organization","@id":"https:\/\/lifting-safety.com\/hu_hu\/#organization","name":"Lifting Safety - Lifting equipment from professionals","url":"https:\/\/lifting-safety.com\/hu_hu\/","logo":{"@type":"ImageObject","inLanguage":"hu","@id":"https:\/\/lifting-safety.com\/hu_hu\/#\/schema\/logo\/image\/","url":"https:\/\/lifting-safety.com\/wp-content\/uploads\/2024\/02\/cropped-SAFETY_LIFT_LOGO_horizontal_tiny.png","contentUrl":"https:\/\/lifting-safety.com\/wp-content\/uploads\/2024\/02\/cropped-SAFETY_LIFT_LOGO_horizontal_tiny.png","width":520,"height":174,"caption":"Lifting Safety - Lifting equipment from professionals"},"image":{"@id":"https:\/\/lifting-safety.com\/hu_hu\/#\/schema\/logo\/image\/"}}]}},"_links":{"self":[{"href":"https:\/\/lifting-safety.com\/hu_hu\/wp-json\/wp\/v2\/product\/5064","targetHints":{"allow":["GET"]}}],"collection":[{"href":"https:\/\/lifting-safety.com\/hu_hu\/wp-json\/wp\/v2\/product"}],"about":[{"href":"https:\/\/lifting-safety.com\/hu_hu\/wp-json\/wp\/v2\/types\/product"}],"version-history":[{"count":3,"href":"https:\/\/lifting-safety.com\/hu_hu\/wp-json\/wp\/v2\/product\/5064\/revisions"}],"predecessor-version":[{"id":5316,"href":"https:\/\/lifting-safety.com\/hu_hu\/wp-json\/wp\/v2\/product\/5064\/revisions\/5316"}],"wp:featuredmedia":[{"embeddable":true,"href":"https:\/\/lifting-safety.com\/hu_hu\/wp-json\/wp\/v2\/media\/5065"}],"wp:attachment":[{"href":"https:\/\/lifting-safety.com\/hu_hu\/wp-json\/wp\/v2\/media?parent=5064"}],"wp:term":[{"taxonomy":"product_brand","embeddable":true,"href":"https:\/\/lifting-safety.com\/hu_hu\/wp-json\/wp\/v2\/product_brand?post=5064"},{"taxonomy":"product_cat","embeddable":true,"href":"https:\/\/lifting-safety.com\/hu_hu\/wp-json\/wp\/v2\/product_cat?post=5064"},{"taxonomy":"product_tag","embeddable":true,"href":"https:\/\/lifting-safety.com\/hu_hu\/wp-json\/wp\/v2\/product_tag?post=5064"}],"curies":[{"name":"wp","href":"https:\/\/api.w.org\/{rel}","templated":true}]}}