{"id":4979,"date":"2024-03-22T00:11:20","date_gmt":"2024-03-21T23:11:20","guid":{"rendered":"https:\/\/lifting-safety.com\/?post_type=product&#038;p=4979"},"modified":"2024-04-15T14:05:10","modified_gmt":"2024-04-15T12:05:10","slug":"racsnis-emelokaros-emelo-c-sorozat","status":"publish","type":"product","link":"https:\/\/lifting-safety.com\/hu_hu\/termek\/racsnis-emelokaros-emelo-c-sorozat\/","title":{"rendered":"Karos l\u00e1ncos emel\u0151 C sorozat"},"content":{"rendered":"<p>(1) A vastag\u00edtott lemezek \u00e9s bord\u00e1s foganty\u00fak kialak\u00edt\u00e1sa er\u0151s\u00edti az \u00e1ltal\u00e1nos szil\u00e1rds\u00e1got.<\/p>\n<p>(2) Dupla kilincsf\u00e9k. magas biztons\u00e1gi teljes\u00edtm\u00e9ny.<\/p>\n<p>(3) Egyed\u00fcl\u00e1ll\u00f3 szinterezett s\u00farl\u00f3d\u00f3 lemez haszn\u00e1lat\u00e1val, nem k\u00f6nnyen t\u00f6rhet\u0151, olajos \u00e9s cs\u00fasz\u00e1sg\u00e1tl\u00f3, j\u00f3 f\u00e9kteljes\u00edtm\u00e9ny, stabil, -20 \u00b0 C &#8211; 40 \u00b0 C k\u00f6rnyezetben haszn\u00e1lhat\u00f3.<\/p>\n<p>(4) Az optimaliz\u00e1lt kialak\u00edt\u00e1s\u00fa fogaskerekes forg\u00e1si mechanizmus \u00e9s fordulatsz\u00e1m-\u00e1tt\u00e9tel terhel\u00e9s n\u00e9lk\u00fcl is m\u0171k\u00f6dtethet\u0151.<\/p>\n<p>(5) K\u00f6nny\u0171 s\u00faly, stabil forg\u00e1s \u00e9s nagy hat\u00e9konys\u00e1g: kis m\u00e9ret. k\u00f6nny\u0171 \u00e9s k\u00f6nnyen sz\u00e1ll\u00edthat\u00f3; k\u00f6nnyen telep\u00edthet\u0151, haszn\u00e1latra k\u00e9sz, id\u0151t \u00e9s energi\u00e1t takar\u00edt meg, valamint helyet takar\u00edt meg.<\/p>\n<p>(6) Opcion\u00e1lis er\u0151vel vez\u00e9relt vezet\u0151l\u00e1nc-eszk\u00f6z, sima \u00e9s nem blokkolt.<\/p>\n","protected":false},"excerpt":{"rendered":"<p><strong>Term\u00e9kn\u00e9v:<\/strong>\u00a0Racsnis emel\u0151kar<\/p>\n<p><strong>Modell: C t\u00edpus<\/strong><\/p>\n<p><strong>T\u00edpus:<\/strong>\u00a0Emel\u0151 \u00e9s v\u00edzszintesen<\/p>\n<p><strong>Haszn\u00e1lat:\u00a0<\/strong>\u00a0\u00c9p\u00edt\u0151ipari<br \/>\n<strong>Emel\u0151 Er\u0151forr\u00e1s: <\/strong>\u00a0K\u00e9zi<br \/>\n<strong>Kapacit\u00e1s: <\/strong>\u00a00,8 tonna, 1,6 tonna, 3,2 tonna, 6,3 tonna, 9 tonna<br \/>\n<strong>Norm\u00e1l emel\u0151:\u00a0<\/strong>\u00a01,5 M<br \/>\n<strong>Teherl\u00e1nc: <\/strong>\u00a020 Mn2, G80\/G100H<\/p>\n<p><strong>Horoggal: <\/strong>\u00a020 Cr, Kov\u00e1csol\u00e1s, h\u0151kezel\u00e9s, 4-szeres biztons\u00e1g<\/p>\n","protected":false},"featured_media":4980,"template":"","meta":{"site-sidebar-layout":"default","site-content-layout":"","ast-site-content-layout":"default","site-content-style":"default","site-sidebar-style":"default","ast-global-header-display":"","ast-banner-title-visibility":"","ast-main-header-display":"","ast-hfb-above-header-display":"","ast-hfb-below-header-display":"","ast-hfb-mobile-header-display":"","site-post-title":"","ast-breadcrumbs-content":"","ast-featured-img":"","footer-sml-layout":"","theme-transparent-header-meta":"default","adv-header-id-meta":"","stick-header-meta":"","header-above-stick-meta":"","header-main-stick-meta":"","header-below-stick-meta":"","astra-migrate-meta-layouts":"set","ast-page-background-enabled":"default","ast-page-background-meta":{"desktop":{"background-color":"","background-image":"","background-repeat":"repeat","background-position":"center center","background-size":"auto","background-attachment":"scroll","background-type":"","background-media":"","overlay-type":"","overlay-color":"","overlay-opacity":"","overlay-gradient":""},"tablet":{"background-color":"","background-image":"","background-repeat":"repeat","background-position":"center center","background-size":"auto","background-attachment":"scroll","background-type":"","background-media":"","overlay-type":"","overlay-color":"","overlay-opacity":"","overlay-gradient":""},"mobile":{"background-color":"","background-image":"","background-repeat":"repeat","background-position":"center center","background-size":"auto","background-attachment":"scroll","background-type":"","background-media":"","overlay-type":"","overlay-color":"","overlay-opacity":"","overlay-gradient":""}},"ast-content-background-meta":{"desktop":{"background-color":"var(--ast-global-color-5)","background-image":"","background-repeat":"repeat","background-position":"center center","background-size":"auto","background-attachment":"scroll","background-type":"","background-media":"","overlay-type":"","overlay-color":"","overlay-opacity":"","overlay-gradient":""},"tablet":{"background-color":"var(--ast-global-color-5)","background-image":"","background-repeat":"repeat","background-position":"center center","background-size":"auto","background-attachment":"scroll","background-type":"","background-media":"","overlay-type":"","overlay-color":"","overlay-opacity":"","overlay-gradient":""},"mobile":{"background-color":"var(--ast-global-color-5)","background-image":"","background-repeat":"repeat","background-position":"center center","background-size":"auto","background-attachment":"scroll","background-type":"","background-media":"","overlay-type":"","overlay-color":"","overlay-opacity":"","overlay-gradient":""}}},"product_brand":[],"product_cat":[71],"product_tag":[],"class_list":{"0":"post-4979","1":"product","2":"type-product","3":"status-publish","4":"has-post-thumbnail","6":"product_cat-kezi-emelok-es-hordozok","7":"desktop-align-left","8":"tablet-align-left","9":"mobile-align-left","11":"first","12":"instock","13":"shipping-taxable","14":"purchasable","15":"product-type-variable"},"yoast_head":"<!-- This site is optimized with the Yoast SEO plugin v25.3 - https:\/\/yoast.com\/wordpress\/plugins\/seo\/ -->\n<title>Karos l\u00e1ncos emel\u0151 C sorozat - Lifting Safety - Lifting equipment from professionals<\/title>\n<meta name=\"robots\" content=\"index, follow, max-snippet:-1, max-image-preview:large, max-video-preview:-1\" \/>\n<link rel=\"canonical\" href=\"https:\/\/lifting-safety.com\/hu_hu\/termek\/racsnis-emelokaros-emelo-c-sorozat\/\" \/>\n<meta property=\"og:locale\" content=\"hu_HU\" \/>\n<meta property=\"og:type\" content=\"article\" \/>\n<meta property=\"og:title\" content=\"Karos l\u00e1ncos emel\u0151 C sorozat - Lifting Safety - Lifting equipment from professionals\" \/>\n<meta property=\"og:description\" content=\"Term\u00e9kn\u00e9v:\u00a0Racsnis emel\u0151kar  Modell: C t\u00edpus  T\u00edpus:\u00a0Emel\u0151 \u00e9s v\u00edzszintesen  Haszn\u00e1lat:\u00a0\u00a0\u00c9p\u00edt\u0151ipari Emel\u0151 Er\u0151forr\u00e1s: \u00a0K\u00e9zi Kapacit\u00e1s: \u00a00,8 tonna, 1,6 tonna, 3,2 tonna, 6,3 tonna, 9 tonna Norm\u00e1l emel\u0151:\u00a0\u00a01,5 M Teherl\u00e1nc: \u00a020 Mn2, G80\/G100H  Horoggal: \u00a020 Cr, Kov\u00e1csol\u00e1s, h\u0151kezel\u00e9s, 4-szeres biztons\u00e1g\" \/>\n<meta property=\"og:url\" content=\"https:\/\/lifting-safety.com\/hu_hu\/termek\/racsnis-emelokaros-emelo-c-sorozat\/\" \/>\n<meta property=\"og:site_name\" content=\"Lifting Safety - Lifting equipment from professionals\" \/>\n<meta property=\"article:modified_time\" content=\"2024-04-15T12:05:10+00:00\" \/>\n<meta property=\"og:image\" content=\"https:\/\/lifting-safety.com\/wp-content\/uploads\/2024\/03\/Ratchet-Lever-Hoist-C-Series.webp\" \/>\n\t<meta property=\"og:image:width\" content=\"800\" \/>\n\t<meta property=\"og:image:height\" content=\"800\" \/>\n\t<meta property=\"og:image:type\" content=\"image\/webp\" \/>\n<meta name=\"twitter:card\" content=\"summary_large_image\" \/>\n<meta name=\"twitter:label1\" content=\"Becs\u00fclt olvas\u00e1si id\u0151\" \/>\n\t<meta name=\"twitter:data1\" content=\"1 perc\" \/>\n<script type=\"application\/ld+json\" class=\"yoast-schema-graph\">{\"@context\":\"https:\/\/schema.org\",\"@graph\":[{\"@type\":\"WebPage\",\"@id\":\"https:\/\/lifting-safety.com\/termek\/racsnis-emelokaros-emelo-c-sorozat\/\",\"url\":\"https:\/\/lifting-safety.com\/termek\/racsnis-emelokaros-emelo-c-sorozat\/\",\"name\":\"Karos l\u00e1ncos emel\u0151 C sorozat - Lifting Safety - Lifting equipment from professionals\",\"isPartOf\":{\"@id\":\"https:\/\/lifting-safety.com\/hu_hu\/#website\"},\"primaryImageOfPage\":{\"@id\":\"https:\/\/lifting-safety.com\/termek\/racsnis-emelokaros-emelo-c-sorozat\/#primaryimage\"},\"image\":{\"@id\":\"https:\/\/lifting-safety.com\/termek\/racsnis-emelokaros-emelo-c-sorozat\/#primaryimage\"},\"thumbnailUrl\":\"https:\/\/lifting-safety.com\/wp-content\/uploads\/2024\/03\/Ratchet-Lever-Hoist-C-Series.webp\",\"datePublished\":\"2024-03-21T23:11:20+00:00\",\"dateModified\":\"2024-04-15T12:05:10+00:00\",\"breadcrumb\":{\"@id\":\"https:\/\/lifting-safety.com\/termek\/racsnis-emelokaros-emelo-c-sorozat\/#breadcrumb\"},\"inLanguage\":\"hu\",\"potentialAction\":[{\"@type\":\"ReadAction\",\"target\":[\"https:\/\/lifting-safety.com\/termek\/racsnis-emelokaros-emelo-c-sorozat\/\"]}]},{\"@type\":\"ImageObject\",\"inLanguage\":\"hu\",\"@id\":\"https:\/\/lifting-safety.com\/termek\/racsnis-emelokaros-emelo-c-sorozat\/#primaryimage\",\"url\":\"https:\/\/lifting-safety.com\/wp-content\/uploads\/2024\/03\/Ratchet-Lever-Hoist-C-Series.webp\",\"contentUrl\":\"https:\/\/lifting-safety.com\/wp-content\/uploads\/2024\/03\/Ratchet-Lever-Hoist-C-Series.webp\",\"width\":800,\"height\":800},{\"@type\":\"BreadcrumbList\",\"@id\":\"https:\/\/lifting-safety.com\/termek\/racsnis-emelokaros-emelo-c-sorozat\/#breadcrumb\",\"itemListElement\":[{\"@type\":\"ListItem\",\"position\":1,\"name\":\"Kezd\u0151lap\",\"item\":\"https:\/\/lifting-safety.com\/hu_hu\/\"},{\"@type\":\"ListItem\",\"position\":2,\"name\":\"Store\",\"item\":\"https:\/\/lifting-safety.com\/store\/\"},{\"@type\":\"ListItem\",\"position\":3,\"name\":\"Karos l\u00e1ncos emel\u0151 C sorozat\"}]},{\"@type\":\"WebSite\",\"@id\":\"https:\/\/lifting-safety.com\/hu_hu\/#website\",\"url\":\"https:\/\/lifting-safety.com\/hu_hu\/\",\"name\":\"Lifting Safety - Lifting equipment from professionals\",\"description\":\"\",\"publisher\":{\"@id\":\"https:\/\/lifting-safety.com\/hu_hu\/#organization\"},\"potentialAction\":[{\"@type\":\"SearchAction\",\"target\":{\"@type\":\"EntryPoint\",\"urlTemplate\":\"https:\/\/lifting-safety.com\/hu_hu\/?s={search_term_string}\"},\"query-input\":{\"@type\":\"PropertyValueSpecification\",\"valueRequired\":true,\"valueName\":\"search_term_string\"}}],\"inLanguage\":\"hu\"},{\"@type\":\"Organization\",\"@id\":\"https:\/\/lifting-safety.com\/hu_hu\/#organization\",\"name\":\"Lifting Safety - Lifting equipment from professionals\",\"url\":\"https:\/\/lifting-safety.com\/hu_hu\/\",\"logo\":{\"@type\":\"ImageObject\",\"inLanguage\":\"hu\",\"@id\":\"https:\/\/lifting-safety.com\/hu_hu\/#\/schema\/logo\/image\/\",\"url\":\"https:\/\/lifting-safety.com\/wp-content\/uploads\/2024\/02\/cropped-SAFETY_LIFT_LOGO_horizontal_tiny.png\",\"contentUrl\":\"https:\/\/lifting-safety.com\/wp-content\/uploads\/2024\/02\/cropped-SAFETY_LIFT_LOGO_horizontal_tiny.png\",\"width\":520,\"height\":174,\"caption\":\"Lifting Safety - Lifting equipment from professionals\"},\"image\":{\"@id\":\"https:\/\/lifting-safety.com\/hu_hu\/#\/schema\/logo\/image\/\"}}]}<\/script>\n<!-- \/ Yoast SEO plugin. -->","yoast_head_json":{"title":"Karos l\u00e1ncos emel\u0151 C sorozat - Lifting Safety - Lifting equipment from professionals","robots":{"index":"index","follow":"follow","max-snippet":"max-snippet:-1","max-image-preview":"max-image-preview:large","max-video-preview":"max-video-preview:-1"},"canonical":"https:\/\/lifting-safety.com\/hu_hu\/termek\/racsnis-emelokaros-emelo-c-sorozat\/","og_locale":"hu_HU","og_type":"article","og_title":"Karos l\u00e1ncos emel\u0151 C sorozat - Lifting Safety - Lifting equipment from professionals","og_description":"Term\u00e9kn\u00e9v:\u00a0Racsnis emel\u0151kar  Modell: C t\u00edpus  T\u00edpus:\u00a0Emel\u0151 \u00e9s v\u00edzszintesen  Haszn\u00e1lat:\u00a0\u00a0\u00c9p\u00edt\u0151ipari Emel\u0151 Er\u0151forr\u00e1s: \u00a0K\u00e9zi Kapacit\u00e1s: \u00a00,8 tonna, 1,6 tonna, 3,2 tonna, 6,3 tonna, 9 tonna Norm\u00e1l emel\u0151:\u00a0\u00a01,5 M Teherl\u00e1nc: \u00a020 Mn2, G80\/G100H  Horoggal: \u00a020 Cr, Kov\u00e1csol\u00e1s, h\u0151kezel\u00e9s, 4-szeres biztons\u00e1g","og_url":"https:\/\/lifting-safety.com\/hu_hu\/termek\/racsnis-emelokaros-emelo-c-sorozat\/","og_site_name":"Lifting Safety - Lifting equipment from professionals","article_modified_time":"2024-04-15T12:05:10+00:00","og_image":[{"width":800,"height":800,"url":"https:\/\/lifting-safety.com\/wp-content\/uploads\/2024\/03\/Ratchet-Lever-Hoist-C-Series.webp","type":"image\/webp"}],"twitter_card":"summary_large_image","twitter_misc":{"Becs\u00fclt olvas\u00e1si id\u0151":"1 perc"},"schema":{"@context":"https:\/\/schema.org","@graph":[{"@type":"WebPage","@id":"https:\/\/lifting-safety.com\/termek\/racsnis-emelokaros-emelo-c-sorozat\/","url":"https:\/\/lifting-safety.com\/termek\/racsnis-emelokaros-emelo-c-sorozat\/","name":"Karos l\u00e1ncos emel\u0151 C sorozat - Lifting Safety - Lifting equipment from professionals","isPartOf":{"@id":"https:\/\/lifting-safety.com\/hu_hu\/#website"},"primaryImageOfPage":{"@id":"https:\/\/lifting-safety.com\/termek\/racsnis-emelokaros-emelo-c-sorozat\/#primaryimage"},"image":{"@id":"https:\/\/lifting-safety.com\/termek\/racsnis-emelokaros-emelo-c-sorozat\/#primaryimage"},"thumbnailUrl":"https:\/\/lifting-safety.com\/wp-content\/uploads\/2024\/03\/Ratchet-Lever-Hoist-C-Series.webp","datePublished":"2024-03-21T23:11:20+00:00","dateModified":"2024-04-15T12:05:10+00:00","breadcrumb":{"@id":"https:\/\/lifting-safety.com\/termek\/racsnis-emelokaros-emelo-c-sorozat\/#breadcrumb"},"inLanguage":"hu","potentialAction":[{"@type":"ReadAction","target":["https:\/\/lifting-safety.com\/termek\/racsnis-emelokaros-emelo-c-sorozat\/"]}]},{"@type":"ImageObject","inLanguage":"hu","@id":"https:\/\/lifting-safety.com\/termek\/racsnis-emelokaros-emelo-c-sorozat\/#primaryimage","url":"https:\/\/lifting-safety.com\/wp-content\/uploads\/2024\/03\/Ratchet-Lever-Hoist-C-Series.webp","contentUrl":"https:\/\/lifting-safety.com\/wp-content\/uploads\/2024\/03\/Ratchet-Lever-Hoist-C-Series.webp","width":800,"height":800},{"@type":"BreadcrumbList","@id":"https:\/\/lifting-safety.com\/termek\/racsnis-emelokaros-emelo-c-sorozat\/#breadcrumb","itemListElement":[{"@type":"ListItem","position":1,"name":"Kezd\u0151lap","item":"https:\/\/lifting-safety.com\/hu_hu\/"},{"@type":"ListItem","position":2,"name":"Store","item":"https:\/\/lifting-safety.com\/store\/"},{"@type":"ListItem","position":3,"name":"Karos l\u00e1ncos emel\u0151 C sorozat"}]},{"@type":"WebSite","@id":"https:\/\/lifting-safety.com\/hu_hu\/#website","url":"https:\/\/lifting-safety.com\/hu_hu\/","name":"Lifting Safety - Lifting equipment from professionals","description":"","publisher":{"@id":"https:\/\/lifting-safety.com\/hu_hu\/#organization"},"potentialAction":[{"@type":"SearchAction","target":{"@type":"EntryPoint","urlTemplate":"https:\/\/lifting-safety.com\/hu_hu\/?s={search_term_string}"},"query-input":{"@type":"PropertyValueSpecification","valueRequired":true,"valueName":"search_term_string"}}],"inLanguage":"hu"},{"@type":"Organization","@id":"https:\/\/lifting-safety.com\/hu_hu\/#organization","name":"Lifting Safety - Lifting equipment from professionals","url":"https:\/\/lifting-safety.com\/hu_hu\/","logo":{"@type":"ImageObject","inLanguage":"hu","@id":"https:\/\/lifting-safety.com\/hu_hu\/#\/schema\/logo\/image\/","url":"https:\/\/lifting-safety.com\/wp-content\/uploads\/2024\/02\/cropped-SAFETY_LIFT_LOGO_horizontal_tiny.png","contentUrl":"https:\/\/lifting-safety.com\/wp-content\/uploads\/2024\/02\/cropped-SAFETY_LIFT_LOGO_horizontal_tiny.png","width":520,"height":174,"caption":"Lifting Safety - Lifting equipment from professionals"},"image":{"@id":"https:\/\/lifting-safety.com\/hu_hu\/#\/schema\/logo\/image\/"}}]}},"_links":{"self":[{"href":"https:\/\/lifting-safety.com\/hu_hu\/wp-json\/wp\/v2\/product\/4979","targetHints":{"allow":["GET"]}}],"collection":[{"href":"https:\/\/lifting-safety.com\/hu_hu\/wp-json\/wp\/v2\/product"}],"about":[{"href":"https:\/\/lifting-safety.com\/hu_hu\/wp-json\/wp\/v2\/types\/product"}],"version-history":[{"count":4,"href":"https:\/\/lifting-safety.com\/hu_hu\/wp-json\/wp\/v2\/product\/4979\/revisions"}],"predecessor-version":[{"id":5351,"href":"https:\/\/lifting-safety.com\/hu_hu\/wp-json\/wp\/v2\/product\/4979\/revisions\/5351"}],"wp:featuredmedia":[{"embeddable":true,"href":"https:\/\/lifting-safety.com\/hu_hu\/wp-json\/wp\/v2\/media\/4980"}],"wp:attachment":[{"href":"https:\/\/lifting-safety.com\/hu_hu\/wp-json\/wp\/v2\/media?parent=4979"}],"wp:term":[{"taxonomy":"product_brand","embeddable":true,"href":"https:\/\/lifting-safety.com\/hu_hu\/wp-json\/wp\/v2\/product_brand?post=4979"},{"taxonomy":"product_cat","embeddable":true,"href":"https:\/\/lifting-safety.com\/hu_hu\/wp-json\/wp\/v2\/product_cat?post=4979"},{"taxonomy":"product_tag","embeddable":true,"href":"https:\/\/lifting-safety.com\/hu_hu\/wp-json\/wp\/v2\/product_tag?post=4979"}],"curies":[{"name":"wp","href":"https:\/\/api.w.org\/{rel}","templated":true}]}}