{"id":4961,"date":"2024-03-21T23:55:28","date_gmt":"2024-03-21T22:55:28","guid":{"rendered":"https:\/\/lifting-safety.com\/?post_type=product&#038;p=4961"},"modified":"2024-04-15T14:06:35","modified_gmt":"2024-04-15T12:06:35","slug":"hordozhato-mobil-portal","status":"publish","type":"product","link":"https:\/\/lifting-safety.com\/hu_hu\/termek\/hordozhato-mobil-portal\/","title":{"rendered":"Hordozhat\u00f3 mobil port\u00e1ldaru"},"content":{"rendered":"<p><strong>Term\u00e9kel\u0151ny<\/strong><\/p>\n<p>(1) Maga a kis port\u00e1ldaru egy port\u00e1lszerkezet, \u00e9s nincs sz\u00fcks\u00e9g ac\u00e9lszerkezet \u00e9p\u00edt\u00e9s\u00e9re a m\u0171helyben.<\/p>\n<p>(2) A sz\u00e9less\u00e9get \u00e9s a magass\u00e1got saj\u00e1t maga \u00e1ll\u00edthatja be, \u00e9s az ac\u00e9l v\u00e1zszerkezet kialak\u00edt\u00e1sa \u00e9sszer\u0171, amely 500 \u00e9s 5000 kg k\u00f6z\u00f6tti s\u00falyt viselhet.<\/p>\n<p>(3) A sz\u00e1ll\u00edt\u00e1s \u00e9s az \u00f6sszeszerel\u00e9s k\u00e9nyelmes. Az egyszer\u0171 port\u00e1ldaru sz\u00e9tszedhet\u0151 \u00e9s t\u00f6bb r\u00e9szre oszthat\u00f3, amely k\u00f6nnyen sz\u00e1ll\u00edthat\u00f3 \u00e9s gyorsan \u00f6sszeszerelhet\u0151, cs\u00f6kkentve a telep\u00edt\u00e9si id\u0151t \u00e9s k\u00f6lts\u00e9get.<\/p>\n<p>(4) A kis port\u00e1ldaru kihaszn\u00e1lts\u00e1ga magas, a m\u0171k\u00f6d\u00e9si tartom\u00e1ny nagy, \u00e9s nincs t\u00falzott korl\u00e1toz\u00e1s a felhaszn\u00e1l\u00e1si helyen.<\/p>\n<p>(5) Az \u00e9lettartam hossz\u00fa, maga a berendez\u00e9s szerkezete stabil, az ac\u00e9lanyag kiv\u00e1l\u00f3 min\u0151s\u00e9g\u0171, biztons\u00e1gos \u00e9s tart\u00f3s, \u00e9s a meghib\u00e1sod\u00e1si ar\u00e1ny alacsony.<\/p>\n<p>(6) Vientiane g\u00f6rg\u0151kkel felszerelt, mobil m\u0171veletekhez haszn\u00e1lhat\u00f3, ugyanakkor neh\u00e9z t\u00e1rgyak emel\u00e9se ut\u00e1n is mozgathat\u00f3, ami nagyon k\u00e9nyelmes, cs\u00f6kkenti a munkaer\u0151t \u00e9s jav\u00edtja a kezel\u00e9si hat\u00e9konys\u00e1got.<\/p>\n","protected":false},"excerpt":{"rendered":"<p><strong>Haszn\u00e1lat:<\/strong>\u00a0Emel\u00e9s \u00e9s kezel\u00e9s<br \/>\n<strong>Er\u0151forr\u00e1s:<\/strong>\u00a0K\u00e9zi<br \/>\n<strong>Kapacit\u00e1s:<\/strong> 0,5 tonna, 1 tonna, 2 tonna, 3 tonna, 5 tonna<\/p>\n<p><strong>Term\u00e9k neve:<\/strong>\u00a0Hordozhat\u00f3 Rapid Gantry<\/p>\n<p><strong>T\u00edpus:<\/strong>\u00a0Emel\u0151berendez\u00e9s<\/p>\n<p><strong>Modell:<\/strong>\u00a0TYG<\/p>\n<p><strong>Min\u0151s\u00edt\u00e9s:<\/strong>\u00a0CE, GS<\/p>\n<p><strong>Alkalmazhat\u00f3 ipar\u00e1gak:<\/strong>\u00a0Sz\u00e1mos anyagmozgat\u00f3 helyen haszn\u00e1lj\u00e1k, p\u00e9ld\u00e1ul rakt\u00e1rakban, \u00f6nt\u0151formagy\u00e1rt\u00e1sban, aut\u00f3jav\u00edt\u00f3 \u00fczemekben, b\u00e1ny\u00e1kban, \u00e9p\u00edtkez\u00e9seken stb. A kism\u00e9ret\u0171 port\u00e1ldarukat \u00e1ltal\u00e1ban elektromos emel\u0151kkel vagy l\u00e1ncos emel\u0151kkel egy\u00fctt haszn\u00e1lj\u00e1k.<\/p>\n","protected":false},"featured_media":4962,"template":"","meta":{"site-sidebar-layout":"default","site-content-layout":"","ast-site-content-layout":"default","site-content-style":"default","site-sidebar-style":"default","ast-global-header-display":"","ast-banner-title-visibility":"","ast-main-header-display":"","ast-hfb-above-header-display":"","ast-hfb-below-header-display":"","ast-hfb-mobile-header-display":"","site-post-title":"","ast-breadcrumbs-content":"","ast-featured-img":"","footer-sml-layout":"","theme-transparent-header-meta":"default","adv-header-id-meta":"","stick-header-meta":"","header-above-stick-meta":"","header-main-stick-meta":"","header-below-stick-meta":"","astra-migrate-meta-layouts":"set","ast-page-background-enabled":"default","ast-page-background-meta":{"desktop":{"background-color":"","background-image":"","background-repeat":"repeat","background-position":"center center","background-size":"auto","background-attachment":"scroll","background-type":"","background-media":"","overlay-type":"","overlay-color":"","overlay-opacity":"","overlay-gradient":""},"tablet":{"background-color":"","background-image":"","background-repeat":"repeat","background-position":"center center","background-size":"auto","background-attachment":"scroll","background-type":"","background-media":"","overlay-type":"","overlay-color":"","overlay-opacity":"","overlay-gradient":""},"mobile":{"background-color":"","background-image":"","background-repeat":"repeat","background-position":"center center","background-size":"auto","background-attachment":"scroll","background-type":"","background-media":"","overlay-type":"","overlay-color":"","overlay-opacity":"","overlay-gradient":""}},"ast-content-background-meta":{"desktop":{"background-color":"var(--ast-global-color-5)","background-image":"","background-repeat":"repeat","background-position":"center center","background-size":"auto","background-attachment":"scroll","background-type":"","background-media":"","overlay-type":"","overlay-color":"","overlay-opacity":"","overlay-gradient":""},"tablet":{"background-color":"var(--ast-global-color-5)","background-image":"","background-repeat":"repeat","background-position":"center center","background-size":"auto","background-attachment":"scroll","background-type":"","background-media":"","overlay-type":"","overlay-color":"","overlay-opacity":"","overlay-gradient":""},"mobile":{"background-color":"var(--ast-global-color-5)","background-image":"","background-repeat":"repeat","background-position":"center center","background-size":"auto","background-attachment":"scroll","background-type":"","background-media":"","overlay-type":"","overlay-color":"","overlay-opacity":"","overlay-gradient":""}}},"product_brand":[],"product_cat":[73],"product_tag":[],"class_list":{"0":"post-4961","1":"product","2":"type-product","3":"status-publish","4":"has-post-thumbnail","6":"product_cat-gerendafogok-es-allvanyok","7":"desktop-align-left","8":"tablet-align-left","9":"mobile-align-left","11":"first","12":"instock","13":"shipping-taxable","14":"product-type-simple"},"yoast_head":"<!-- This site is optimized with the Yoast SEO plugin v25.3 - https:\/\/yoast.com\/wordpress\/plugins\/seo\/ -->\n<title>Hordozhat\u00f3 mobil port\u00e1ldaru - Lifting Safety - Lifting equipment from professionals<\/title>\n<meta name=\"robots\" content=\"index, follow, max-snippet:-1, max-image-preview:large, max-video-preview:-1\" \/>\n<link rel=\"canonical\" href=\"https:\/\/lifting-safety.com\/hu_hu\/termek\/hordozhato-mobil-portal\/\" \/>\n<meta property=\"og:locale\" content=\"hu_HU\" \/>\n<meta property=\"og:type\" content=\"article\" \/>\n<meta property=\"og:title\" content=\"Hordozhat\u00f3 mobil port\u00e1ldaru - Lifting Safety - Lifting equipment from professionals\" \/>\n<meta property=\"og:description\" content=\"Haszn\u00e1lat:\u00a0Emel\u00e9s \u00e9s kezel\u00e9s Er\u0151forr\u00e1s:\u00a0K\u00e9zi Kapacit\u00e1s: 0,5 tonna, 1 tonna, 2 tonna, 3 tonna, 5 tonna  Term\u00e9k neve:\u00a0Hordozhat\u00f3 Rapid Gantry  T\u00edpus:\u00a0Emel\u0151berendez\u00e9s  Modell:\u00a0TYG  Min\u0151s\u00edt\u00e9s:\u00a0CE, GS  Alkalmazhat\u00f3 ipar\u00e1gak:\u00a0Sz\u00e1mos anyagmozgat\u00f3 helyen haszn\u00e1lj\u00e1k, p\u00e9ld\u00e1ul rakt\u00e1rakban, \u00f6nt\u0151formagy\u00e1rt\u00e1sban, aut\u00f3jav\u00edt\u00f3 \u00fczemekben, b\u00e1ny\u00e1kban, \u00e9p\u00edtkez\u00e9seken stb. A kism\u00e9ret\u0171 port\u00e1ldarukat \u00e1ltal\u00e1ban elektromos emel\u0151kkel vagy l\u00e1ncos emel\u0151kkel egy\u00fctt haszn\u00e1lj\u00e1k.\" \/>\n<meta property=\"og:url\" content=\"https:\/\/lifting-safety.com\/hu_hu\/termek\/hordozhato-mobil-portal\/\" \/>\n<meta property=\"og:site_name\" content=\"Lifting Safety - Lifting equipment from professionals\" \/>\n<meta property=\"article:modified_time\" content=\"2024-04-15T12:06:35+00:00\" \/>\n<meta property=\"og:image\" content=\"https:\/\/lifting-safety.com\/wp-content\/uploads\/2024\/03\/Portable-Rapid-Gantry-China.webp\" \/>\n\t<meta property=\"og:image:width\" content=\"700\" \/>\n\t<meta property=\"og:image:height\" content=\"700\" \/>\n\t<meta property=\"og:image:type\" content=\"image\/webp\" \/>\n<meta name=\"twitter:card\" content=\"summary_large_image\" \/>\n<meta name=\"twitter:label1\" content=\"Becs\u00fclt olvas\u00e1si id\u0151\" \/>\n\t<meta name=\"twitter:data1\" content=\"1 perc\" \/>\n<script type=\"application\/ld+json\" class=\"yoast-schema-graph\">{\"@context\":\"https:\/\/schema.org\",\"@graph\":[{\"@type\":\"WebPage\",\"@id\":\"https:\/\/lifting-safety.com\/termek\/hordozhato-mobil-portal\/\",\"url\":\"https:\/\/lifting-safety.com\/termek\/hordozhato-mobil-portal\/\",\"name\":\"Hordozhat\u00f3 mobil port\u00e1ldaru - Lifting Safety - Lifting equipment from professionals\",\"isPartOf\":{\"@id\":\"https:\/\/lifting-safety.com\/hu_hu\/#website\"},\"primaryImageOfPage\":{\"@id\":\"https:\/\/lifting-safety.com\/termek\/hordozhato-mobil-portal\/#primaryimage\"},\"image\":{\"@id\":\"https:\/\/lifting-safety.com\/termek\/hordozhato-mobil-portal\/#primaryimage\"},\"thumbnailUrl\":\"https:\/\/lifting-safety.com\/wp-content\/uploads\/2024\/03\/Portable-Rapid-Gantry-China.webp\",\"datePublished\":\"2024-03-21T22:55:28+00:00\",\"dateModified\":\"2024-04-15T12:06:35+00:00\",\"breadcrumb\":{\"@id\":\"https:\/\/lifting-safety.com\/termek\/hordozhato-mobil-portal\/#breadcrumb\"},\"inLanguage\":\"hu\",\"potentialAction\":[{\"@type\":\"ReadAction\",\"target\":[\"https:\/\/lifting-safety.com\/termek\/hordozhato-mobil-portal\/\"]}]},{\"@type\":\"ImageObject\",\"inLanguage\":\"hu\",\"@id\":\"https:\/\/lifting-safety.com\/termek\/hordozhato-mobil-portal\/#primaryimage\",\"url\":\"https:\/\/lifting-safety.com\/wp-content\/uploads\/2024\/03\/Portable-Rapid-Gantry-China.webp\",\"contentUrl\":\"https:\/\/lifting-safety.com\/wp-content\/uploads\/2024\/03\/Portable-Rapid-Gantry-China.webp\",\"width\":700,\"height\":700},{\"@type\":\"BreadcrumbList\",\"@id\":\"https:\/\/lifting-safety.com\/termek\/hordozhato-mobil-portal\/#breadcrumb\",\"itemListElement\":[{\"@type\":\"ListItem\",\"position\":1,\"name\":\"Kezd\u0151lap\",\"item\":\"https:\/\/lifting-safety.com\/hu_hu\/\"},{\"@type\":\"ListItem\",\"position\":2,\"name\":\"Store\",\"item\":\"https:\/\/lifting-safety.com\/store\/\"},{\"@type\":\"ListItem\",\"position\":3,\"name\":\"Hordozhat\u00f3 mobil port\u00e1ldaru\"}]},{\"@type\":\"WebSite\",\"@id\":\"https:\/\/lifting-safety.com\/hu_hu\/#website\",\"url\":\"https:\/\/lifting-safety.com\/hu_hu\/\",\"name\":\"Lifting Safety - Lifting equipment from professionals\",\"description\":\"\",\"publisher\":{\"@id\":\"https:\/\/lifting-safety.com\/hu_hu\/#organization\"},\"potentialAction\":[{\"@type\":\"SearchAction\",\"target\":{\"@type\":\"EntryPoint\",\"urlTemplate\":\"https:\/\/lifting-safety.com\/hu_hu\/?s={search_term_string}\"},\"query-input\":{\"@type\":\"PropertyValueSpecification\",\"valueRequired\":true,\"valueName\":\"search_term_string\"}}],\"inLanguage\":\"hu\"},{\"@type\":\"Organization\",\"@id\":\"https:\/\/lifting-safety.com\/hu_hu\/#organization\",\"name\":\"Lifting Safety - Lifting equipment from professionals\",\"url\":\"https:\/\/lifting-safety.com\/hu_hu\/\",\"logo\":{\"@type\":\"ImageObject\",\"inLanguage\":\"hu\",\"@id\":\"https:\/\/lifting-safety.com\/hu_hu\/#\/schema\/logo\/image\/\",\"url\":\"https:\/\/lifting-safety.com\/wp-content\/uploads\/2024\/02\/cropped-SAFETY_LIFT_LOGO_horizontal_tiny.png\",\"contentUrl\":\"https:\/\/lifting-safety.com\/wp-content\/uploads\/2024\/02\/cropped-SAFETY_LIFT_LOGO_horizontal_tiny.png\",\"width\":520,\"height\":174,\"caption\":\"Lifting Safety - Lifting equipment from professionals\"},\"image\":{\"@id\":\"https:\/\/lifting-safety.com\/hu_hu\/#\/schema\/logo\/image\/\"}}]}<\/script>\n<!-- \/ Yoast SEO plugin. -->","yoast_head_json":{"title":"Hordozhat\u00f3 mobil port\u00e1ldaru - Lifting Safety - Lifting equipment from professionals","robots":{"index":"index","follow":"follow","max-snippet":"max-snippet:-1","max-image-preview":"max-image-preview:large","max-video-preview":"max-video-preview:-1"},"canonical":"https:\/\/lifting-safety.com\/hu_hu\/termek\/hordozhato-mobil-portal\/","og_locale":"hu_HU","og_type":"article","og_title":"Hordozhat\u00f3 mobil port\u00e1ldaru - Lifting Safety - Lifting equipment from professionals","og_description":"Haszn\u00e1lat:\u00a0Emel\u00e9s \u00e9s kezel\u00e9s Er\u0151forr\u00e1s:\u00a0K\u00e9zi Kapacit\u00e1s: 0,5 tonna, 1 tonna, 2 tonna, 3 tonna, 5 tonna  Term\u00e9k neve:\u00a0Hordozhat\u00f3 Rapid Gantry  T\u00edpus:\u00a0Emel\u0151berendez\u00e9s  Modell:\u00a0TYG  Min\u0151s\u00edt\u00e9s:\u00a0CE, GS  Alkalmazhat\u00f3 ipar\u00e1gak:\u00a0Sz\u00e1mos anyagmozgat\u00f3 helyen haszn\u00e1lj\u00e1k, p\u00e9ld\u00e1ul rakt\u00e1rakban, \u00f6nt\u0151formagy\u00e1rt\u00e1sban, aut\u00f3jav\u00edt\u00f3 \u00fczemekben, b\u00e1ny\u00e1kban, \u00e9p\u00edtkez\u00e9seken stb. A kism\u00e9ret\u0171 port\u00e1ldarukat \u00e1ltal\u00e1ban elektromos emel\u0151kkel vagy l\u00e1ncos emel\u0151kkel egy\u00fctt haszn\u00e1lj\u00e1k.","og_url":"https:\/\/lifting-safety.com\/hu_hu\/termek\/hordozhato-mobil-portal\/","og_site_name":"Lifting Safety - Lifting equipment from professionals","article_modified_time":"2024-04-15T12:06:35+00:00","og_image":[{"width":700,"height":700,"url":"https:\/\/lifting-safety.com\/wp-content\/uploads\/2024\/03\/Portable-Rapid-Gantry-China.webp","type":"image\/webp"}],"twitter_card":"summary_large_image","twitter_misc":{"Becs\u00fclt olvas\u00e1si id\u0151":"1 perc"},"schema":{"@context":"https:\/\/schema.org","@graph":[{"@type":"WebPage","@id":"https:\/\/lifting-safety.com\/termek\/hordozhato-mobil-portal\/","url":"https:\/\/lifting-safety.com\/termek\/hordozhato-mobil-portal\/","name":"Hordozhat\u00f3 mobil port\u00e1ldaru - Lifting Safety - Lifting equipment from professionals","isPartOf":{"@id":"https:\/\/lifting-safety.com\/hu_hu\/#website"},"primaryImageOfPage":{"@id":"https:\/\/lifting-safety.com\/termek\/hordozhato-mobil-portal\/#primaryimage"},"image":{"@id":"https:\/\/lifting-safety.com\/termek\/hordozhato-mobil-portal\/#primaryimage"},"thumbnailUrl":"https:\/\/lifting-safety.com\/wp-content\/uploads\/2024\/03\/Portable-Rapid-Gantry-China.webp","datePublished":"2024-03-21T22:55:28+00:00","dateModified":"2024-04-15T12:06:35+00:00","breadcrumb":{"@id":"https:\/\/lifting-safety.com\/termek\/hordozhato-mobil-portal\/#breadcrumb"},"inLanguage":"hu","potentialAction":[{"@type":"ReadAction","target":["https:\/\/lifting-safety.com\/termek\/hordozhato-mobil-portal\/"]}]},{"@type":"ImageObject","inLanguage":"hu","@id":"https:\/\/lifting-safety.com\/termek\/hordozhato-mobil-portal\/#primaryimage","url":"https:\/\/lifting-safety.com\/wp-content\/uploads\/2024\/03\/Portable-Rapid-Gantry-China.webp","contentUrl":"https:\/\/lifting-safety.com\/wp-content\/uploads\/2024\/03\/Portable-Rapid-Gantry-China.webp","width":700,"height":700},{"@type":"BreadcrumbList","@id":"https:\/\/lifting-safety.com\/termek\/hordozhato-mobil-portal\/#breadcrumb","itemListElement":[{"@type":"ListItem","position":1,"name":"Kezd\u0151lap","item":"https:\/\/lifting-safety.com\/hu_hu\/"},{"@type":"ListItem","position":2,"name":"Store","item":"https:\/\/lifting-safety.com\/store\/"},{"@type":"ListItem","position":3,"name":"Hordozhat\u00f3 mobil port\u00e1ldaru"}]},{"@type":"WebSite","@id":"https:\/\/lifting-safety.com\/hu_hu\/#website","url":"https:\/\/lifting-safety.com\/hu_hu\/","name":"Lifting Safety - Lifting equipment from professionals","description":"","publisher":{"@id":"https:\/\/lifting-safety.com\/hu_hu\/#organization"},"potentialAction":[{"@type":"SearchAction","target":{"@type":"EntryPoint","urlTemplate":"https:\/\/lifting-safety.com\/hu_hu\/?s={search_term_string}"},"query-input":{"@type":"PropertyValueSpecification","valueRequired":true,"valueName":"search_term_string"}}],"inLanguage":"hu"},{"@type":"Organization","@id":"https:\/\/lifting-safety.com\/hu_hu\/#organization","name":"Lifting Safety - Lifting equipment from professionals","url":"https:\/\/lifting-safety.com\/hu_hu\/","logo":{"@type":"ImageObject","inLanguage":"hu","@id":"https:\/\/lifting-safety.com\/hu_hu\/#\/schema\/logo\/image\/","url":"https:\/\/lifting-safety.com\/wp-content\/uploads\/2024\/02\/cropped-SAFETY_LIFT_LOGO_horizontal_tiny.png","contentUrl":"https:\/\/lifting-safety.com\/wp-content\/uploads\/2024\/02\/cropped-SAFETY_LIFT_LOGO_horizontal_tiny.png","width":520,"height":174,"caption":"Lifting Safety - Lifting equipment from professionals"},"image":{"@id":"https:\/\/lifting-safety.com\/hu_hu\/#\/schema\/logo\/image\/"}}]}},"_links":{"self":[{"href":"https:\/\/lifting-safety.com\/hu_hu\/wp-json\/wp\/v2\/product\/4961","targetHints":{"allow":["GET"]}}],"collection":[{"href":"https:\/\/lifting-safety.com\/hu_hu\/wp-json\/wp\/v2\/product"}],"about":[{"href":"https:\/\/lifting-safety.com\/hu_hu\/wp-json\/wp\/v2\/types\/product"}],"version-history":[{"count":3,"href":"https:\/\/lifting-safety.com\/hu_hu\/wp-json\/wp\/v2\/product\/4961\/revisions"}],"predecessor-version":[{"id":5353,"href":"https:\/\/lifting-safety.com\/hu_hu\/wp-json\/wp\/v2\/product\/4961\/revisions\/5353"}],"wp:featuredmedia":[{"embeddable":true,"href":"https:\/\/lifting-safety.com\/hu_hu\/wp-json\/wp\/v2\/media\/4962"}],"wp:attachment":[{"href":"https:\/\/lifting-safety.com\/hu_hu\/wp-json\/wp\/v2\/media?parent=4961"}],"wp:term":[{"taxonomy":"product_brand","embeddable":true,"href":"https:\/\/lifting-safety.com\/hu_hu\/wp-json\/wp\/v2\/product_brand?post=4961"},{"taxonomy":"product_cat","embeddable":true,"href":"https:\/\/lifting-safety.com\/hu_hu\/wp-json\/wp\/v2\/product_cat?post=4961"},{"taxonomy":"product_tag","embeddable":true,"href":"https:\/\/lifting-safety.com\/hu_hu\/wp-json\/wp\/v2\/product_tag?post=4961"}],"curies":[{"name":"wp","href":"https:\/\/api.w.org\/{rel}","templated":true}]}}