{"id":4891,"date":"2024-03-20T10:12:05","date_gmt":"2024-03-20T09:12:05","guid":{"rendered":"https:\/\/lifting-safety.com\/?post_type=product&#038;p=4891"},"modified":"2024-06-18T21:29:03","modified_gmt":"2024-06-18T19:29:03","slug":"rakomanyrogzito-heveder","status":"publish","type":"product","link":"https:\/\/lifting-safety.com\/hu_hu\/termek\/rakomanyrogzito-heveder\/","title":{"rendered":"Rakom\u00e1nyr\u00f6gz\u00edt\u0151 heveder"},"content":{"rendered":"<p><strong>Term\u00e9kel\u0151ny<\/strong><\/p>\n<p>(1) Id\u0151t \u00e9s er\u0151fesz\u00edt\u00e9st takar\u00edthat meg, ezer jin potenci\u00e1lj\u00e1val, egy szem\u00e9lyi m\u0171velettel a k\u00f6t\u0151eszk\u00f6z nagy k\u00f6t\u0151er\u0151t, gyors k\u00f6t\u00e9st \u00e9s kirakod\u00e1st eredm\u00e9nyezhet.<\/p>\n<p>(2) Biztons\u00e1gos \u00e9s tart\u00f3s, speci\u00e1lis ac\u00e9l alkatr\u00e9szekkel, er\u0151s sav- \u00e9s l\u00fag\u00e1ll\u00f3 rostanyag kombin\u00e1ci\u00f3val.<\/p>\n<p>(3) Egyszer\u0171 kezel\u00e9s, azonnali k\u00f6t\u00e9s, soha nem esik le, azonnali meglaz\u00edt\u00e1s, egyszer\u0171 kezel\u00e9s, k\u00f6nnyen helyre\u00e1ll\u00edthat\u00f3 k\u00f6t\u00f6z\u0151zsin\u00f3r, nem foglal helyet.<\/p>\n<p>(4) Ne s\u00e9rtse meg az \u00e1rut, sz\u00e1las anyag\u00fa lapos hevederkombin\u00e1ci\u00f3t haszn\u00e1lva, az er\u0151pont sz\u00e9tsz\u00f3rt, puha, soha ne s\u00e9rtse meg az \u00e1rut.<\/p>\n","protected":false},"excerpt":{"rendered":"<p><strong>Term\u00e9kn\u00e9v:<\/strong> Rakom\u00e1nyr\u00f6gz\u00edt\u0151 heveder<\/p>\n<p><strong>T\u00edpus:<\/strong> Emel\u0151berendez\u00e9s<\/p>\n<p><strong>Min\u0151s\u00edt\u00e9s:<\/strong>\u00a0CE, GS<\/p>\n<p><strong>Alkalmazhat\u00f3 ipar\u00e1gak:<\/strong>\u00a0\u00c1rusz\u00e1ll\u00edt\u00e1sra, mozgat\u00e1sra, rakod\u00e1sra vagy t\u00e1rol\u00e1sra fix funkci\u00f3val haszn\u00e1lj\u00e1k, reteszel\u00e9ssel rendelkeznek, nem esnek le, biztons\u00e1gosak \u00e9s megb\u00edzhat\u00f3ak, k\u00f6nny\u0171ek, k\u00f6nnyen kezelhet\u0151k, v\u00e9dik a t\u00e1rgyakat a s\u00e9r\u00fcl\u00e9sekt\u0151l.\u00a0K\u00fcl\u00f6nb\u00f6z\u0151 horogoszt\u00e1lyokon alapulhat, mindenf\u00e9le k\u00f6rnyezethez alkalmas.<\/p>\n","protected":false},"featured_media":4937,"template":"","meta":{"site-sidebar-layout":"default","site-content-layout":"","ast-site-content-layout":"default","site-content-style":"default","site-sidebar-style":"default","ast-global-header-display":"","ast-banner-title-visibility":"","ast-main-header-display":"","ast-hfb-above-header-display":"","ast-hfb-below-header-display":"","ast-hfb-mobile-header-display":"","site-post-title":"","ast-breadcrumbs-content":"","ast-featured-img":"","footer-sml-layout":"","theme-transparent-header-meta":"default","adv-header-id-meta":"","stick-header-meta":"","header-above-stick-meta":"","header-main-stick-meta":"","header-below-stick-meta":"","astra-migrate-meta-layouts":"set","ast-page-background-enabled":"default","ast-page-background-meta":{"desktop":{"background-color":"","background-image":"","background-repeat":"repeat","background-position":"center center","background-size":"auto","background-attachment":"scroll","background-type":"","background-media":"","overlay-type":"","overlay-color":"","overlay-opacity":"","overlay-gradient":""},"tablet":{"background-color":"","background-image":"","background-repeat":"repeat","background-position":"center center","background-size":"auto","background-attachment":"scroll","background-type":"","background-media":"","overlay-type":"","overlay-color":"","overlay-opacity":"","overlay-gradient":""},"mobile":{"background-color":"","background-image":"","background-repeat":"repeat","background-position":"center center","background-size":"auto","background-attachment":"scroll","background-type":"","background-media":"","overlay-type":"","overlay-color":"","overlay-opacity":"","overlay-gradient":""}},"ast-content-background-meta":{"desktop":{"background-color":"var(--ast-global-color-5)","background-image":"","background-repeat":"repeat","background-position":"center center","background-size":"auto","background-attachment":"scroll","background-type":"","background-media":"","overlay-type":"","overlay-color":"","overlay-opacity":"","overlay-gradient":""},"tablet":{"background-color":"var(--ast-global-color-5)","background-image":"","background-repeat":"repeat","background-position":"center center","background-size":"auto","background-attachment":"scroll","background-type":"","background-media":"","overlay-type":"","overlay-color":"","overlay-opacity":"","overlay-gradient":""},"mobile":{"background-color":"var(--ast-global-color-5)","background-image":"","background-repeat":"repeat","background-position":"center center","background-size":"auto","background-attachment":"scroll","background-type":"","background-media":"","overlay-type":"","overlay-color":"","overlay-opacity":"","overlay-gradient":""}}},"product_brand":[],"product_cat":[74,75],"product_tag":[],"class_list":{"0":"post-4891","1":"product","2":"type-product","3":"status-publish","4":"has-post-thumbnail","6":"product_cat-kotelek-es-hevederek","7":"product_cat-polieszter-kotozoelemek","8":"desktop-align-left","9":"tablet-align-left","10":"mobile-align-left","12":"first","13":"instock","14":"featured","15":"shipping-taxable","16":"purchasable","17":"product-type-variable"},"yoast_head":"<!-- This site is optimized with the Yoast SEO plugin v25.3 - https:\/\/yoast.com\/wordpress\/plugins\/seo\/ -->\n<title>Rakom\u00e1nyr\u00f6gz\u00edt\u0151 heveder - Lifting Safety - Lifting equipment from professionals<\/title>\n<meta name=\"robots\" content=\"index, follow, max-snippet:-1, max-image-preview:large, max-video-preview:-1\" \/>\n<link rel=\"canonical\" href=\"https:\/\/lifting-safety.com\/hu_hu\/termek\/rakomanyrogzito-heveder\/\" \/>\n<meta property=\"og:locale\" content=\"hu_HU\" \/>\n<meta property=\"og:type\" content=\"article\" \/>\n<meta property=\"og:title\" content=\"Rakom\u00e1nyr\u00f6gz\u00edt\u0151 heveder - Lifting Safety - Lifting equipment from professionals\" \/>\n<meta property=\"og:description\" content=\"Term\u00e9kn\u00e9v: Rakom\u00e1nyr\u00f6gz\u00edt\u0151 heveder  T\u00edpus: Emel\u0151berendez\u00e9s  Min\u0151s\u00edt\u00e9s:\u00a0CE, GS  Alkalmazhat\u00f3 ipar\u00e1gak:\u00a0\u00c1rusz\u00e1ll\u00edt\u00e1sra, mozgat\u00e1sra, rakod\u00e1sra vagy t\u00e1rol\u00e1sra fix funkci\u00f3val haszn\u00e1lj\u00e1k, reteszel\u00e9ssel rendelkeznek, nem esnek le, biztons\u00e1gosak \u00e9s megb\u00edzhat\u00f3ak, k\u00f6nny\u0171ek, k\u00f6nnyen kezelhet\u0151k, v\u00e9dik a t\u00e1rgyakat a s\u00e9r\u00fcl\u00e9sekt\u0151l.\u00a0K\u00fcl\u00f6nb\u00f6z\u0151 horogoszt\u00e1lyokon alapulhat, mindenf\u00e9le k\u00f6rnyezethez alkalmas.\" \/>\n<meta property=\"og:url\" content=\"https:\/\/lifting-safety.com\/hu_hu\/termek\/rakomanyrogzito-heveder\/\" \/>\n<meta property=\"og:site_name\" content=\"Lifting Safety - Lifting equipment from professionals\" \/>\n<meta property=\"article:modified_time\" content=\"2024-06-18T19:29:03+00:00\" \/>\n<meta property=\"og:image\" content=\"https:\/\/lifting-safety.com\/wp-content\/uploads\/2024\/03\/Ratchet-Tie-Down.webp\" \/>\n\t<meta property=\"og:image:width\" content=\"400\" \/>\n\t<meta property=\"og:image:height\" content=\"400\" \/>\n\t<meta property=\"og:image:type\" content=\"image\/webp\" \/>\n<meta name=\"twitter:card\" content=\"summary_large_image\" \/>\n<meta name=\"twitter:label1\" content=\"Becs\u00fclt olvas\u00e1si id\u0151\" \/>\n\t<meta name=\"twitter:data1\" content=\"1 perc\" \/>\n<script type=\"application\/ld+json\" class=\"yoast-schema-graph\">{\"@context\":\"https:\/\/schema.org\",\"@graph\":[{\"@type\":\"WebPage\",\"@id\":\"https:\/\/lifting-safety.com\/termek\/rakomanyrogzito-heveder\/\",\"url\":\"https:\/\/lifting-safety.com\/termek\/rakomanyrogzito-heveder\/\",\"name\":\"Rakom\u00e1nyr\u00f6gz\u00edt\u0151 heveder - Lifting Safety - Lifting equipment from professionals\",\"isPartOf\":{\"@id\":\"https:\/\/lifting-safety.com\/hu_hu\/#website\"},\"primaryImageOfPage\":{\"@id\":\"https:\/\/lifting-safety.com\/termek\/rakomanyrogzito-heveder\/#primaryimage\"},\"image\":{\"@id\":\"https:\/\/lifting-safety.com\/termek\/rakomanyrogzito-heveder\/#primaryimage\"},\"thumbnailUrl\":\"https:\/\/lifting-safety.com\/wp-content\/uploads\/2024\/03\/Ratchet-Tie-Down.webp\",\"datePublished\":\"2024-03-20T09:12:05+00:00\",\"dateModified\":\"2024-06-18T19:29:03+00:00\",\"breadcrumb\":{\"@id\":\"https:\/\/lifting-safety.com\/termek\/rakomanyrogzito-heveder\/#breadcrumb\"},\"inLanguage\":\"hu\",\"potentialAction\":[{\"@type\":\"ReadAction\",\"target\":[\"https:\/\/lifting-safety.com\/termek\/rakomanyrogzito-heveder\/\"]}]},{\"@type\":\"ImageObject\",\"inLanguage\":\"hu\",\"@id\":\"https:\/\/lifting-safety.com\/termek\/rakomanyrogzito-heveder\/#primaryimage\",\"url\":\"https:\/\/lifting-safety.com\/wp-content\/uploads\/2024\/03\/Ratchet-Tie-Down.webp\",\"contentUrl\":\"https:\/\/lifting-safety.com\/wp-content\/uploads\/2024\/03\/Ratchet-Tie-Down.webp\",\"width\":400,\"height\":400},{\"@type\":\"BreadcrumbList\",\"@id\":\"https:\/\/lifting-safety.com\/termek\/rakomanyrogzito-heveder\/#breadcrumb\",\"itemListElement\":[{\"@type\":\"ListItem\",\"position\":1,\"name\":\"Kezd\u0151lap\",\"item\":\"https:\/\/lifting-safety.com\/hu_hu\/\"},{\"@type\":\"ListItem\",\"position\":2,\"name\":\"Store\",\"item\":\"https:\/\/lifting-safety.com\/store\/\"},{\"@type\":\"ListItem\",\"position\":3,\"name\":\"Rakom\u00e1nyr\u00f6gz\u00edt\u0151 heveder\"}]},{\"@type\":\"WebSite\",\"@id\":\"https:\/\/lifting-safety.com\/hu_hu\/#website\",\"url\":\"https:\/\/lifting-safety.com\/hu_hu\/\",\"name\":\"Lifting Safety - Lifting equipment from professionals\",\"description\":\"\",\"publisher\":{\"@id\":\"https:\/\/lifting-safety.com\/hu_hu\/#organization\"},\"potentialAction\":[{\"@type\":\"SearchAction\",\"target\":{\"@type\":\"EntryPoint\",\"urlTemplate\":\"https:\/\/lifting-safety.com\/hu_hu\/?s={search_term_string}\"},\"query-input\":{\"@type\":\"PropertyValueSpecification\",\"valueRequired\":true,\"valueName\":\"search_term_string\"}}],\"inLanguage\":\"hu\"},{\"@type\":\"Organization\",\"@id\":\"https:\/\/lifting-safety.com\/hu_hu\/#organization\",\"name\":\"Lifting Safety - Lifting equipment from professionals\",\"url\":\"https:\/\/lifting-safety.com\/hu_hu\/\",\"logo\":{\"@type\":\"ImageObject\",\"inLanguage\":\"hu\",\"@id\":\"https:\/\/lifting-safety.com\/hu_hu\/#\/schema\/logo\/image\/\",\"url\":\"https:\/\/lifting-safety.com\/wp-content\/uploads\/2024\/02\/cropped-SAFETY_LIFT_LOGO_horizontal_tiny.png\",\"contentUrl\":\"https:\/\/lifting-safety.com\/wp-content\/uploads\/2024\/02\/cropped-SAFETY_LIFT_LOGO_horizontal_tiny.png\",\"width\":520,\"height\":174,\"caption\":\"Lifting Safety - Lifting equipment from professionals\"},\"image\":{\"@id\":\"https:\/\/lifting-safety.com\/hu_hu\/#\/schema\/logo\/image\/\"}}]}<\/script>\n<!-- \/ Yoast SEO plugin. -->","yoast_head_json":{"title":"Rakom\u00e1nyr\u00f6gz\u00edt\u0151 heveder - Lifting Safety - Lifting equipment from professionals","robots":{"index":"index","follow":"follow","max-snippet":"max-snippet:-1","max-image-preview":"max-image-preview:large","max-video-preview":"max-video-preview:-1"},"canonical":"https:\/\/lifting-safety.com\/hu_hu\/termek\/rakomanyrogzito-heveder\/","og_locale":"hu_HU","og_type":"article","og_title":"Rakom\u00e1nyr\u00f6gz\u00edt\u0151 heveder - Lifting Safety - Lifting equipment from professionals","og_description":"Term\u00e9kn\u00e9v: Rakom\u00e1nyr\u00f6gz\u00edt\u0151 heveder  T\u00edpus: Emel\u0151berendez\u00e9s  Min\u0151s\u00edt\u00e9s:\u00a0CE, GS  Alkalmazhat\u00f3 ipar\u00e1gak:\u00a0\u00c1rusz\u00e1ll\u00edt\u00e1sra, mozgat\u00e1sra, rakod\u00e1sra vagy t\u00e1rol\u00e1sra fix funkci\u00f3val haszn\u00e1lj\u00e1k, reteszel\u00e9ssel rendelkeznek, nem esnek le, biztons\u00e1gosak \u00e9s megb\u00edzhat\u00f3ak, k\u00f6nny\u0171ek, k\u00f6nnyen kezelhet\u0151k, v\u00e9dik a t\u00e1rgyakat a s\u00e9r\u00fcl\u00e9sekt\u0151l.\u00a0K\u00fcl\u00f6nb\u00f6z\u0151 horogoszt\u00e1lyokon alapulhat, mindenf\u00e9le k\u00f6rnyezethez alkalmas.","og_url":"https:\/\/lifting-safety.com\/hu_hu\/termek\/rakomanyrogzito-heveder\/","og_site_name":"Lifting Safety - Lifting equipment from professionals","article_modified_time":"2024-06-18T19:29:03+00:00","og_image":[{"width":400,"height":400,"url":"https:\/\/lifting-safety.com\/wp-content\/uploads\/2024\/03\/Ratchet-Tie-Down.webp","type":"image\/webp"}],"twitter_card":"summary_large_image","twitter_misc":{"Becs\u00fclt olvas\u00e1si id\u0151":"1 perc"},"schema":{"@context":"https:\/\/schema.org","@graph":[{"@type":"WebPage","@id":"https:\/\/lifting-safety.com\/termek\/rakomanyrogzito-heveder\/","url":"https:\/\/lifting-safety.com\/termek\/rakomanyrogzito-heveder\/","name":"Rakom\u00e1nyr\u00f6gz\u00edt\u0151 heveder - Lifting Safety - Lifting equipment from professionals","isPartOf":{"@id":"https:\/\/lifting-safety.com\/hu_hu\/#website"},"primaryImageOfPage":{"@id":"https:\/\/lifting-safety.com\/termek\/rakomanyrogzito-heveder\/#primaryimage"},"image":{"@id":"https:\/\/lifting-safety.com\/termek\/rakomanyrogzito-heveder\/#primaryimage"},"thumbnailUrl":"https:\/\/lifting-safety.com\/wp-content\/uploads\/2024\/03\/Ratchet-Tie-Down.webp","datePublished":"2024-03-20T09:12:05+00:00","dateModified":"2024-06-18T19:29:03+00:00","breadcrumb":{"@id":"https:\/\/lifting-safety.com\/termek\/rakomanyrogzito-heveder\/#breadcrumb"},"inLanguage":"hu","potentialAction":[{"@type":"ReadAction","target":["https:\/\/lifting-safety.com\/termek\/rakomanyrogzito-heveder\/"]}]},{"@type":"ImageObject","inLanguage":"hu","@id":"https:\/\/lifting-safety.com\/termek\/rakomanyrogzito-heveder\/#primaryimage","url":"https:\/\/lifting-safety.com\/wp-content\/uploads\/2024\/03\/Ratchet-Tie-Down.webp","contentUrl":"https:\/\/lifting-safety.com\/wp-content\/uploads\/2024\/03\/Ratchet-Tie-Down.webp","width":400,"height":400},{"@type":"BreadcrumbList","@id":"https:\/\/lifting-safety.com\/termek\/rakomanyrogzito-heveder\/#breadcrumb","itemListElement":[{"@type":"ListItem","position":1,"name":"Kezd\u0151lap","item":"https:\/\/lifting-safety.com\/hu_hu\/"},{"@type":"ListItem","position":2,"name":"Store","item":"https:\/\/lifting-safety.com\/store\/"},{"@type":"ListItem","position":3,"name":"Rakom\u00e1nyr\u00f6gz\u00edt\u0151 heveder"}]},{"@type":"WebSite","@id":"https:\/\/lifting-safety.com\/hu_hu\/#website","url":"https:\/\/lifting-safety.com\/hu_hu\/","name":"Lifting Safety - Lifting equipment from professionals","description":"","publisher":{"@id":"https:\/\/lifting-safety.com\/hu_hu\/#organization"},"potentialAction":[{"@type":"SearchAction","target":{"@type":"EntryPoint","urlTemplate":"https:\/\/lifting-safety.com\/hu_hu\/?s={search_term_string}"},"query-input":{"@type":"PropertyValueSpecification","valueRequired":true,"valueName":"search_term_string"}}],"inLanguage":"hu"},{"@type":"Organization","@id":"https:\/\/lifting-safety.com\/hu_hu\/#organization","name":"Lifting Safety - Lifting equipment from professionals","url":"https:\/\/lifting-safety.com\/hu_hu\/","logo":{"@type":"ImageObject","inLanguage":"hu","@id":"https:\/\/lifting-safety.com\/hu_hu\/#\/schema\/logo\/image\/","url":"https:\/\/lifting-safety.com\/wp-content\/uploads\/2024\/02\/cropped-SAFETY_LIFT_LOGO_horizontal_tiny.png","contentUrl":"https:\/\/lifting-safety.com\/wp-content\/uploads\/2024\/02\/cropped-SAFETY_LIFT_LOGO_horizontal_tiny.png","width":520,"height":174,"caption":"Lifting Safety - Lifting equipment from professionals"},"image":{"@id":"https:\/\/lifting-safety.com\/hu_hu\/#\/schema\/logo\/image\/"}}]}},"_links":{"self":[{"href":"https:\/\/lifting-safety.com\/hu_hu\/wp-json\/wp\/v2\/product\/4891","targetHints":{"allow":["GET"]}}],"collection":[{"href":"https:\/\/lifting-safety.com\/hu_hu\/wp-json\/wp\/v2\/product"}],"about":[{"href":"https:\/\/lifting-safety.com\/hu_hu\/wp-json\/wp\/v2\/types\/product"}],"version-history":[{"count":3,"href":"https:\/\/lifting-safety.com\/hu_hu\/wp-json\/wp\/v2\/product\/4891\/revisions"}],"predecessor-version":[{"id":4945,"href":"https:\/\/lifting-safety.com\/hu_hu\/wp-json\/wp\/v2\/product\/4891\/revisions\/4945"}],"wp:featuredmedia":[{"embeddable":true,"href":"https:\/\/lifting-safety.com\/hu_hu\/wp-json\/wp\/v2\/media\/4937"}],"wp:attachment":[{"href":"https:\/\/lifting-safety.com\/hu_hu\/wp-json\/wp\/v2\/media?parent=4891"}],"wp:term":[{"taxonomy":"product_brand","embeddable":true,"href":"https:\/\/lifting-safety.com\/hu_hu\/wp-json\/wp\/v2\/product_brand?post=4891"},{"taxonomy":"product_cat","embeddable":true,"href":"https:\/\/lifting-safety.com\/hu_hu\/wp-json\/wp\/v2\/product_cat?post=4891"},{"taxonomy":"product_tag","embeddable":true,"href":"https:\/\/lifting-safety.com\/hu_hu\/wp-json\/wp\/v2\/product_tag?post=4891"}],"curies":[{"name":"wp","href":"https:\/\/api.w.org\/{rel}","templated":true}]}}