{"id":4783,"date":"2024-03-12T19:47:36","date_gmt":"2024-03-12T18:47:36","guid":{"rendered":"https:\/\/lifting-safety.com\/?post_type=product&#038;p=4783"},"modified":"2024-03-22T18:54:14","modified_gmt":"2024-03-22T17:54:14","slug":"hordozhato-ollos-autos-emeloasztal","status":"publish","type":"product","link":"https:\/\/lifting-safety.com\/hu_hu\/termek\/hordozhato-ollos-autos-emeloasztal\/","title":{"rendered":"Hordozhat\u00f3 oll\u00f3s aut\u00f3s emel\u0151asztal"},"content":{"rendered":"<p>&nbsp;<\/p>\n<p><strong>G\u00e9pvizsg\u00e1lati jelent\u00e9s:<\/strong>\u00a0mell\u00e9kelve<\/p>\n<p><strong>Vide\u00f3s kimen\u0151-ellen\u0151rz\u00e9s:<\/strong>\u00a0Felt\u00e9ve<\/p>\n<p><strong>Az alapkomponensekre vonatkoz\u00f3 garancia:<\/strong>\u00a01 \u00e9v<\/p>\n<p><strong>Alapelemek:<\/strong>\u00a0Nyom\u00e1start\u00f3 ed\u00e9ny, Egy\u00e9b<\/p>\n<p><strong>T\u00edpus:<\/strong>\u00a0Hidraulikus emel\u0151platform<\/p>\n<p><strong>Sz\u00edn:<\/strong>\u00a0s\u00e1rga<\/p>\n<p><strong>Terhelhet\u0151s\u00e9g:<\/strong>\u00a01-4 tonna<\/p>\n<p><strong>Fesz\u00fclts\u00e9g:<\/strong>\u00a0380V\/220V<\/p>\n<p><strong>Alkalmaz\u00e1s:<\/strong>\u00a0Emel\u00e9s<\/p>\n<p><strong>Emel\u00e9si magass\u00e1g:<\/strong>\u00a0990-1300mm<\/p>\n<p><strong>OEM:<\/strong>\u00a0OEM t\u00e1mogat\u00e1s<\/p>\n<p><strong>Alkalmazhat\u00f3 ipar\u00e1gak:<\/strong>\u00a0Sz\u00e1llod\u00e1k, ruha\u00fczletek, \u00e9p\u00edt\u0151anyag-\u00fczletek, g\u00e9pjav\u00edt\u00f3 m\u0171helyek, gy\u00e1rt\u00f3\u00fczem, \u00e9lelmiszer- \u00e9s italgy\u00e1r, farmok, \u00e9tterem, h\u00e1ztart\u00e1si haszn\u00e1lat, kiskereskedelem, \u00e9lelmiszer\u00fczlet, nyomd\u00e1k, \u00e9p\u00edt\u00e9si munk\u00e1k , energia \u00e9s b\u00e1ny\u00e1szat, \u00e9lelmiszer- \u00e9s italboltok , Rekl\u00e1m \u00fcgyn\u00f6ks\u00e9g<\/p>\n<p>&nbsp;<\/p>\n<p><strong>Term\u00e9kel\u0151ny<\/strong><\/p>\n<p>&nbsp;<\/p>\n<p>&nbsp;<\/p>\n<p>Z\u00e1rt olajszivatty\u00fa<\/p>\n<p>T\u00falterhel\u00e9s elleni v\u00e9delemmel ell\u00e1tott import\u00e1lt t\u00f6m\u00edt\u00e9s Hat\u00e9konyan megakad\u00e1lyozza a hidraulikus sziv\u00e1rg\u00e1st<\/p>\n<p>Kezel\u0151panel<\/p>\n<p>A f\u0151kapcsol\u00f3 felemeli \u00e9s vez\u00e9rli, a h\u00e1rom ny\u00edl az \u00f3ramutat\u00f3 j\u00e1r\u00e1s\u00e1val megegyez\u0151 ir\u00e1nyban forog, a t\u00e1pell\u00e1t\u00e1s be van kapcsolva, \u00e9s az \u00f3ramutat\u00f3 j\u00e1r\u00e1s\u00e1val ellent\u00e9tes ir\u00e1nyba ford\u00edtva kikapcsol.<\/p>\n<p>Becs\u00edp\u0151d\u00e9s elleni oll\u00f3<\/p>\n<p>Az oll\u00f3villa vastag \u00e9s tart\u00f3s, a r\u00e9s pedig kisz\u00e9lesedett a<\/p>\n<p>k\u00f6z\u00e9ps\u0151, hogy megakad\u00e1lyozza m\u00e1s t\u00e1rgyak v\u00e9letlen becs\u00edp\u0151d\u00e9s\u00e9t, \u00edgy biztons\u00e1gosabb.<\/p>\n<p>Olajszivatty\u00fa motor<\/p>\n<p>A m\u00e1rk\u00e1j\u00fa szivatty\u00fa\u00e1llom\u00e1s-vez\u00e9rl\u0151 er\u0151s teljes\u00edtm\u00e9ny\u0171, nincs olajsziv\u00e1rg\u00e1s,<\/p>\n<p>egyszer\u0171 kezel\u00e9s, k\u00e9nyelmes haszn\u00e1lat \u00e9s jobb munkahat\u00e9konys\u00e1g.<\/p>\n","protected":false},"excerpt":{"rendered":"<p><strong>Emel\u0151mechanizmus:<\/strong>\u00a0Oll\u00f3s emel\u0151emel\u0151<br \/>\n<strong>hajt\u00e1s \/ M\u0171k\u00f6dtet\u00e9s:<\/strong>\u00a0Hidraulikus<br \/>\n<strong>teljes\u00edtm\u00e9ny:<\/strong>\u00a01,1 kW<br \/>\n<strong>min.\u00a0Emel\u00e9si magass\u00e1g:<\/strong>\u00a0170mm<br \/>\n<strong>Asztalm\u00e9ret:<\/strong>\u00a02200x700mm, 820*1300mm<br \/>\n<strong>Teljes m\u00e9retek:<\/strong>\u00a02200x700x170mm-2200x700x880mm<br \/>\n<strong>S\u00faly:<\/strong>\u00a0240 kg, 180-720Kg<\/p>\n","protected":false},"featured_media":4792,"template":"","meta":{"site-sidebar-layout":"default","site-content-layout":"","ast-site-content-layout":"default","site-content-style":"default","site-sidebar-style":"default","ast-global-header-display":"","ast-banner-title-visibility":"","ast-main-header-display":"","ast-hfb-above-header-display":"","ast-hfb-below-header-display":"","ast-hfb-mobile-header-display":"","site-post-title":"","ast-breadcrumbs-content":"","ast-featured-img":"","footer-sml-layout":"","theme-transparent-header-meta":"default","adv-header-id-meta":"","stick-header-meta":"","header-above-stick-meta":"","header-main-stick-meta":"","header-below-stick-meta":"","astra-migrate-meta-layouts":"set","ast-page-background-enabled":"default","ast-page-background-meta":{"desktop":{"background-color":"","background-image":"","background-repeat":"repeat","background-position":"center center","background-size":"auto","background-attachment":"scroll","background-type":"","background-media":"","overlay-type":"","overlay-color":"","overlay-opacity":"","overlay-gradient":""},"tablet":{"background-color":"","background-image":"","background-repeat":"repeat","background-position":"center center","background-size":"auto","background-attachment":"scroll","background-type":"","background-media":"","overlay-type":"","overlay-color":"","overlay-opacity":"","overlay-gradient":""},"mobile":{"background-color":"","background-image":"","background-repeat":"repeat","background-position":"center center","background-size":"auto","background-attachment":"scroll","background-type":"","background-media":"","overlay-type":"","overlay-color":"","overlay-opacity":"","overlay-gradient":""}},"ast-content-background-meta":{"desktop":{"background-color":"var(--ast-global-color-5)","background-image":"","background-repeat":"repeat","background-position":"center center","background-size":"auto","background-attachment":"scroll","background-type":"","background-media":"","overlay-type":"","overlay-color":"","overlay-opacity":"","overlay-gradient":""},"tablet":{"background-color":"var(--ast-global-color-5)","background-image":"","background-repeat":"repeat","background-position":"center center","background-size":"auto","background-attachment":"scroll","background-type":"","background-media":"","overlay-type":"","overlay-color":"","overlay-opacity":"","overlay-gradient":""},"mobile":{"background-color":"var(--ast-global-color-5)","background-image":"","background-repeat":"repeat","background-position":"center center","background-size":"auto","background-attachment":"scroll","background-type":"","background-media":"","overlay-type":"","overlay-color":"","overlay-opacity":"","overlay-gradient":""}}},"product_brand":[],"product_cat":[81],"product_tag":[],"class_list":{"0":"post-4783","1":"product","2":"type-product","3":"status-publish","4":"has-post-thumbnail","6":"product_cat-ollos-emeloasztal","7":"desktop-align-left","8":"tablet-align-left","9":"mobile-align-left","11":"first","12":"instock","13":"shipping-taxable","14":"product-type-simple"},"yoast_head":"<!-- This site is optimized with the Yoast SEO plugin v25.3 - https:\/\/yoast.com\/wordpress\/plugins\/seo\/ -->\n<title>Hordozhat\u00f3 oll\u00f3s aut\u00f3s emel\u0151asztal - Lifting Safety - Lifting equipment from professionals<\/title>\n<meta name=\"robots\" content=\"index, follow, max-snippet:-1, max-image-preview:large, max-video-preview:-1\" \/>\n<link rel=\"canonical\" href=\"https:\/\/lifting-safety.com\/hu_hu\/termek\/hordozhato-ollos-autos-emeloasztal\/\" \/>\n<meta property=\"og:locale\" content=\"hu_HU\" \/>\n<meta property=\"og:type\" content=\"article\" \/>\n<meta property=\"og:title\" content=\"Hordozhat\u00f3 oll\u00f3s aut\u00f3s emel\u0151asztal - Lifting Safety - Lifting equipment from professionals\" \/>\n<meta property=\"og:description\" content=\"Emel\u0151mechanizmus:\u00a0Oll\u00f3s emel\u0151emel\u0151 hajt\u00e1s \/ M\u0171k\u00f6dtet\u00e9s:\u00a0Hidraulikus teljes\u00edtm\u00e9ny:\u00a01,1 kW min.\u00a0Emel\u00e9si magass\u00e1g:\u00a0170mm Asztalm\u00e9ret:\u00a02200x700mm, 820*1300mm Teljes m\u00e9retek:\u00a02200x700x170mm-2200x700x880mm S\u00faly:\u00a0240 kg, 180-720Kg\" \/>\n<meta property=\"og:url\" content=\"https:\/\/lifting-safety.com\/hu_hu\/termek\/hordozhato-ollos-autos-emeloasztal\/\" \/>\n<meta property=\"og:site_name\" content=\"Lifting Safety - Lifting equipment from professionals\" \/>\n<meta property=\"article:modified_time\" content=\"2024-03-22T17:54:14+00:00\" \/>\n<meta property=\"og:image\" content=\"https:\/\/lifting-safety.com\/wp-content\/uploads\/2024\/03\/Portable-Scissor-Car-Lift-Table.webp\" \/>\n\t<meta property=\"og:image:width\" content=\"800\" \/>\n\t<meta property=\"og:image:height\" content=\"800\" \/>\n\t<meta property=\"og:image:type\" content=\"image\/webp\" \/>\n<meta name=\"twitter:card\" content=\"summary_large_image\" \/>\n<meta name=\"twitter:label1\" content=\"Becs\u00fclt olvas\u00e1si id\u0151\" \/>\n\t<meta name=\"twitter:data1\" content=\"1 perc\" \/>\n<script type=\"application\/ld+json\" class=\"yoast-schema-graph\">{\"@context\":\"https:\/\/schema.org\",\"@graph\":[{\"@type\":\"WebPage\",\"@id\":\"https:\/\/lifting-safety.com\/termek\/hordozhato-ollos-autos-emeloasztal\/\",\"url\":\"https:\/\/lifting-safety.com\/termek\/hordozhato-ollos-autos-emeloasztal\/\",\"name\":\"Hordozhat\u00f3 oll\u00f3s aut\u00f3s emel\u0151asztal - Lifting Safety - Lifting equipment from professionals\",\"isPartOf\":{\"@id\":\"https:\/\/lifting-safety.com\/hu_hu\/#website\"},\"primaryImageOfPage\":{\"@id\":\"https:\/\/lifting-safety.com\/termek\/hordozhato-ollos-autos-emeloasztal\/#primaryimage\"},\"image\":{\"@id\":\"https:\/\/lifting-safety.com\/termek\/hordozhato-ollos-autos-emeloasztal\/#primaryimage\"},\"thumbnailUrl\":\"https:\/\/lifting-safety.com\/wp-content\/uploads\/2024\/03\/Portable-Scissor-Car-Lift-Table.webp\",\"datePublished\":\"2024-03-12T18:47:36+00:00\",\"dateModified\":\"2024-03-22T17:54:14+00:00\",\"breadcrumb\":{\"@id\":\"https:\/\/lifting-safety.com\/termek\/hordozhato-ollos-autos-emeloasztal\/#breadcrumb\"},\"inLanguage\":\"hu\",\"potentialAction\":[{\"@type\":\"ReadAction\",\"target\":[\"https:\/\/lifting-safety.com\/termek\/hordozhato-ollos-autos-emeloasztal\/\"]}]},{\"@type\":\"ImageObject\",\"inLanguage\":\"hu\",\"@id\":\"https:\/\/lifting-safety.com\/termek\/hordozhato-ollos-autos-emeloasztal\/#primaryimage\",\"url\":\"https:\/\/lifting-safety.com\/wp-content\/uploads\/2024\/03\/Portable-Scissor-Car-Lift-Table.webp\",\"contentUrl\":\"https:\/\/lifting-safety.com\/wp-content\/uploads\/2024\/03\/Portable-Scissor-Car-Lift-Table.webp\",\"width\":800,\"height\":800},{\"@type\":\"BreadcrumbList\",\"@id\":\"https:\/\/lifting-safety.com\/termek\/hordozhato-ollos-autos-emeloasztal\/#breadcrumb\",\"itemListElement\":[{\"@type\":\"ListItem\",\"position\":1,\"name\":\"Kezd\u0151lap\",\"item\":\"https:\/\/lifting-safety.com\/hu_hu\/\"},{\"@type\":\"ListItem\",\"position\":2,\"name\":\"Store\",\"item\":\"https:\/\/lifting-safety.com\/store\/\"},{\"@type\":\"ListItem\",\"position\":3,\"name\":\"Hordozhat\u00f3 oll\u00f3s aut\u00f3s emel\u0151asztal\"}]},{\"@type\":\"WebSite\",\"@id\":\"https:\/\/lifting-safety.com\/hu_hu\/#website\",\"url\":\"https:\/\/lifting-safety.com\/hu_hu\/\",\"name\":\"Lifting Safety - Lifting equipment from professionals\",\"description\":\"\",\"publisher\":{\"@id\":\"https:\/\/lifting-safety.com\/hu_hu\/#organization\"},\"potentialAction\":[{\"@type\":\"SearchAction\",\"target\":{\"@type\":\"EntryPoint\",\"urlTemplate\":\"https:\/\/lifting-safety.com\/hu_hu\/?s={search_term_string}\"},\"query-input\":{\"@type\":\"PropertyValueSpecification\",\"valueRequired\":true,\"valueName\":\"search_term_string\"}}],\"inLanguage\":\"hu\"},{\"@type\":\"Organization\",\"@id\":\"https:\/\/lifting-safety.com\/hu_hu\/#organization\",\"name\":\"Lifting Safety - Lifting equipment from professionals\",\"url\":\"https:\/\/lifting-safety.com\/hu_hu\/\",\"logo\":{\"@type\":\"ImageObject\",\"inLanguage\":\"hu\",\"@id\":\"https:\/\/lifting-safety.com\/hu_hu\/#\/schema\/logo\/image\/\",\"url\":\"https:\/\/lifting-safety.com\/wp-content\/uploads\/2024\/02\/cropped-SAFETY_LIFT_LOGO_horizontal_tiny.png\",\"contentUrl\":\"https:\/\/lifting-safety.com\/wp-content\/uploads\/2024\/02\/cropped-SAFETY_LIFT_LOGO_horizontal_tiny.png\",\"width\":520,\"height\":174,\"caption\":\"Lifting Safety - Lifting equipment from professionals\"},\"image\":{\"@id\":\"https:\/\/lifting-safety.com\/hu_hu\/#\/schema\/logo\/image\/\"}}]}<\/script>\n<!-- \/ Yoast SEO plugin. -->","yoast_head_json":{"title":"Hordozhat\u00f3 oll\u00f3s aut\u00f3s emel\u0151asztal - Lifting Safety - Lifting equipment from professionals","robots":{"index":"index","follow":"follow","max-snippet":"max-snippet:-1","max-image-preview":"max-image-preview:large","max-video-preview":"max-video-preview:-1"},"canonical":"https:\/\/lifting-safety.com\/hu_hu\/termek\/hordozhato-ollos-autos-emeloasztal\/","og_locale":"hu_HU","og_type":"article","og_title":"Hordozhat\u00f3 oll\u00f3s aut\u00f3s emel\u0151asztal - Lifting Safety - Lifting equipment from professionals","og_description":"Emel\u0151mechanizmus:\u00a0Oll\u00f3s emel\u0151emel\u0151 hajt\u00e1s \/ M\u0171k\u00f6dtet\u00e9s:\u00a0Hidraulikus teljes\u00edtm\u00e9ny:\u00a01,1 kW min.\u00a0Emel\u00e9si magass\u00e1g:\u00a0170mm Asztalm\u00e9ret:\u00a02200x700mm, 820*1300mm Teljes m\u00e9retek:\u00a02200x700x170mm-2200x700x880mm S\u00faly:\u00a0240 kg, 180-720Kg","og_url":"https:\/\/lifting-safety.com\/hu_hu\/termek\/hordozhato-ollos-autos-emeloasztal\/","og_site_name":"Lifting Safety - Lifting equipment from professionals","article_modified_time":"2024-03-22T17:54:14+00:00","og_image":[{"width":800,"height":800,"url":"https:\/\/lifting-safety.com\/wp-content\/uploads\/2024\/03\/Portable-Scissor-Car-Lift-Table.webp","type":"image\/webp"}],"twitter_card":"summary_large_image","twitter_misc":{"Becs\u00fclt olvas\u00e1si id\u0151":"1 perc"},"schema":{"@context":"https:\/\/schema.org","@graph":[{"@type":"WebPage","@id":"https:\/\/lifting-safety.com\/termek\/hordozhato-ollos-autos-emeloasztal\/","url":"https:\/\/lifting-safety.com\/termek\/hordozhato-ollos-autos-emeloasztal\/","name":"Hordozhat\u00f3 oll\u00f3s aut\u00f3s emel\u0151asztal - Lifting Safety - Lifting equipment from professionals","isPartOf":{"@id":"https:\/\/lifting-safety.com\/hu_hu\/#website"},"primaryImageOfPage":{"@id":"https:\/\/lifting-safety.com\/termek\/hordozhato-ollos-autos-emeloasztal\/#primaryimage"},"image":{"@id":"https:\/\/lifting-safety.com\/termek\/hordozhato-ollos-autos-emeloasztal\/#primaryimage"},"thumbnailUrl":"https:\/\/lifting-safety.com\/wp-content\/uploads\/2024\/03\/Portable-Scissor-Car-Lift-Table.webp","datePublished":"2024-03-12T18:47:36+00:00","dateModified":"2024-03-22T17:54:14+00:00","breadcrumb":{"@id":"https:\/\/lifting-safety.com\/termek\/hordozhato-ollos-autos-emeloasztal\/#breadcrumb"},"inLanguage":"hu","potentialAction":[{"@type":"ReadAction","target":["https:\/\/lifting-safety.com\/termek\/hordozhato-ollos-autos-emeloasztal\/"]}]},{"@type":"ImageObject","inLanguage":"hu","@id":"https:\/\/lifting-safety.com\/termek\/hordozhato-ollos-autos-emeloasztal\/#primaryimage","url":"https:\/\/lifting-safety.com\/wp-content\/uploads\/2024\/03\/Portable-Scissor-Car-Lift-Table.webp","contentUrl":"https:\/\/lifting-safety.com\/wp-content\/uploads\/2024\/03\/Portable-Scissor-Car-Lift-Table.webp","width":800,"height":800},{"@type":"BreadcrumbList","@id":"https:\/\/lifting-safety.com\/termek\/hordozhato-ollos-autos-emeloasztal\/#breadcrumb","itemListElement":[{"@type":"ListItem","position":1,"name":"Kezd\u0151lap","item":"https:\/\/lifting-safety.com\/hu_hu\/"},{"@type":"ListItem","position":2,"name":"Store","item":"https:\/\/lifting-safety.com\/store\/"},{"@type":"ListItem","position":3,"name":"Hordozhat\u00f3 oll\u00f3s aut\u00f3s emel\u0151asztal"}]},{"@type":"WebSite","@id":"https:\/\/lifting-safety.com\/hu_hu\/#website","url":"https:\/\/lifting-safety.com\/hu_hu\/","name":"Lifting Safety - Lifting equipment from professionals","description":"","publisher":{"@id":"https:\/\/lifting-safety.com\/hu_hu\/#organization"},"potentialAction":[{"@type":"SearchAction","target":{"@type":"EntryPoint","urlTemplate":"https:\/\/lifting-safety.com\/hu_hu\/?s={search_term_string}"},"query-input":{"@type":"PropertyValueSpecification","valueRequired":true,"valueName":"search_term_string"}}],"inLanguage":"hu"},{"@type":"Organization","@id":"https:\/\/lifting-safety.com\/hu_hu\/#organization","name":"Lifting Safety - Lifting equipment from professionals","url":"https:\/\/lifting-safety.com\/hu_hu\/","logo":{"@type":"ImageObject","inLanguage":"hu","@id":"https:\/\/lifting-safety.com\/hu_hu\/#\/schema\/logo\/image\/","url":"https:\/\/lifting-safety.com\/wp-content\/uploads\/2024\/02\/cropped-SAFETY_LIFT_LOGO_horizontal_tiny.png","contentUrl":"https:\/\/lifting-safety.com\/wp-content\/uploads\/2024\/02\/cropped-SAFETY_LIFT_LOGO_horizontal_tiny.png","width":520,"height":174,"caption":"Lifting Safety - Lifting equipment from professionals"},"image":{"@id":"https:\/\/lifting-safety.com\/hu_hu\/#\/schema\/logo\/image\/"}}]}},"_links":{"self":[{"href":"https:\/\/lifting-safety.com\/hu_hu\/wp-json\/wp\/v2\/product\/4783","targetHints":{"allow":["GET"]}}],"collection":[{"href":"https:\/\/lifting-safety.com\/hu_hu\/wp-json\/wp\/v2\/product"}],"about":[{"href":"https:\/\/lifting-safety.com\/hu_hu\/wp-json\/wp\/v2\/types\/product"}],"version-history":[{"count":2,"href":"https:\/\/lifting-safety.com\/hu_hu\/wp-json\/wp\/v2\/product\/4783\/revisions"}],"predecessor-version":[{"id":4793,"href":"https:\/\/lifting-safety.com\/hu_hu\/wp-json\/wp\/v2\/product\/4783\/revisions\/4793"}],"wp:featuredmedia":[{"embeddable":true,"href":"https:\/\/lifting-safety.com\/hu_hu\/wp-json\/wp\/v2\/media\/4792"}],"wp:attachment":[{"href":"https:\/\/lifting-safety.com\/hu_hu\/wp-json\/wp\/v2\/media?parent=4783"}],"wp:term":[{"taxonomy":"product_brand","embeddable":true,"href":"https:\/\/lifting-safety.com\/hu_hu\/wp-json\/wp\/v2\/product_brand?post=4783"},{"taxonomy":"product_cat","embeddable":true,"href":"https:\/\/lifting-safety.com\/hu_hu\/wp-json\/wp\/v2\/product_cat?post=4783"},{"taxonomy":"product_tag","embeddable":true,"href":"https:\/\/lifting-safety.com\/hu_hu\/wp-json\/wp\/v2\/product_tag?post=4783"}],"curies":[{"name":"wp","href":"https:\/\/api.w.org\/{rel}","templated":true}]}}