{"id":4669,"date":"2024-03-12T17:50:52","date_gmt":"2024-03-12T16:50:52","guid":{"rendered":"https:\/\/lifting-safety.com\/?post_type=product&#038;p=4669"},"modified":"2024-03-23T11:11:57","modified_gmt":"2024-03-23T10:11:57","slug":"elektromos-lancos-emelo-tartos-es-megbizhato-premium-emeloberendezes-konnyu-terhelesekhez-toyo","status":"publish","type":"product","link":"https:\/\/lifting-safety.com\/hu_hu\/termek\/elektromos-lancos-emelo-tartos-es-megbizhato-premium-emeloberendezes-konnyu-terhelesekhez-toyo\/","title":{"rendered":"Elektromos l\u00e1ncos emel\u0151 &#8211; Tart\u00f3s \u00e9s megb\u00edzhat\u00f3 pr\u00e9mium emel\u0151berendez\u00e9s k\u00f6nny\u0171 terhel\u00e9sekhez &#8211; TOYO"},"content":{"rendered":"<p><strong>Haszn\u00e1lat:\u00a0<\/strong>\u00a0\u00c9p\u00edt\u0151ipari emel\u0151<br \/>\n<strong>Kapacit\u00e1s:\u00a0<\/strong>\u00a01 tonna-5 tonna<br \/>\n<strong>N\u00e9vleges fesz\u00fclts\u00e9g:\u00a0<\/strong>\u00a0200V-690V, 50\/60 Hz<br \/>\n<strong>Sebess\u00e9g t\u00edpusa:\u00a0<\/strong>\u00a0egysebess\u00e9ges, dupla sebess\u00e9g\u0171<br \/>\n<strong>teherl\u00e1nc:\u00a0<\/strong>\u00a0FEC nagy szil\u00e1rds\u00e1g\u00fa l\u00e1nc<br \/>\n<strong>Opcion\u00e1lis:\u00a0<\/strong>\u00a0t\u00e1vir\u00e1ny\u00edt\u00f3, k\u00e9zi kocsi, elektromos kocsi<\/p>\n","protected":false},"excerpt":{"rendered":"<p><strong>Term\u00e9kel\u0151ny<\/strong><\/p>\n<p>(1) Haszn\u00e1ljon r\u00e9zmotort, amely j\u00f3 elektromos vezet\u0151k\u00e9pess\u00e9ggel \u00e9s szigetel\u0151k\u00e9pess\u00e9ggel rendelkezik.<\/p>\n<p>(2) Nagy pontoss\u00e1g\u00fa \u00f6tv\u00f6zetb\u0151l k\u00e9sz\u00fclt, h\u0151kezelt fogaskerekek nagy szil\u00e1rds\u00e1ggal \u00e9s alacsony zajszinttel.<\/p>\n<p>(3) Alum\u00ednium\u00f6tv\u00f6zet burkolat, szil\u00e1rd \u00e9s k\u00f6nny\u0171.<\/p>\n<p>(4) Pound m\u00e1gneses f\u00e9kberendez\u00e9s, azonnali f\u00e9kez\u00e9st \u00e9rhet el, amikor az \u00e1ramell\u00e1t\u00e1s megszakad.<\/p>\n<p>&nbsp;<\/p>\n<p><strong>\u00a0\u00a0\u00a0\u00a0F\u0151bb jellemz\u0151k<\/strong><\/p>\n<p>(1)\u00a0\u00a0Prec\u00edzi\u00f3s emel\u00e9s fejlett l\u00e1ncos emel\u0151technol\u00f3gi\u00e1val.<\/p>\n<p>(2) Tart\u00f3s konstrukci\u00f3, amely ellen\u00e1ll a neh\u00e9z ipari alkalmaz\u00e1soknak.<\/p>\n<p>(3) Sokoldal\u00fa haszn\u00e1lhat\u00f3s\u00e1g k\u00fcl\u00f6nf\u00e9le ipar\u00e1gakban, a gy\u00e1rt\u00e1st\u00f3l a logisztik\u00e1ig.<\/p>\n<p>(4) Sima \u00e9s ellen\u0151rz\u00f6tt m\u0171k\u00f6d\u00e9s a fokozott biztons\u00e1g \u00e9s hat\u00e9konys\u00e1g \u00e9rdek\u00e9ben.<\/p>\n<p>(5) K\u00f6nny\u0171 karbantart\u00e1s a hosszan tart\u00f3 \u00e9s probl\u00e9mamentes haszn\u00e1lat \u00e9rdek\u00e9ben.<\/p>\n<p>(6) Ak\u00e1r gy\u00e1rt\u00e1si folyamatokat, ak\u00e1r logisztik\u00e1t kezel, elektromos l\u00e1ncos emel\u0151nk biztos\u00edtja a sz\u00fcks\u00e9ges pontoss\u00e1got \u00e9s megb\u00edzhat\u00f3s\u00e1got.<\/p>\n<p>&nbsp;<\/p>\n","protected":false},"featured_media":4670,"template":"","meta":{"site-sidebar-layout":"default","site-content-layout":"","ast-site-content-layout":"default","site-content-style":"default","site-sidebar-style":"default","ast-global-header-display":"","ast-banner-title-visibility":"","ast-main-header-display":"","ast-hfb-above-header-display":"","ast-hfb-below-header-display":"","ast-hfb-mobile-header-display":"","site-post-title":"","ast-breadcrumbs-content":"","ast-featured-img":"","footer-sml-layout":"","theme-transparent-header-meta":"default","adv-header-id-meta":"","stick-header-meta":"","header-above-stick-meta":"","header-main-stick-meta":"","header-below-stick-meta":"","astra-migrate-meta-layouts":"set","ast-page-background-enabled":"default","ast-page-background-meta":{"desktop":{"background-color":"","background-image":"","background-repeat":"repeat","background-position":"center center","background-size":"auto","background-attachment":"scroll","background-type":"","background-media":"","overlay-type":"","overlay-color":"","overlay-opacity":"","overlay-gradient":""},"tablet":{"background-color":"","background-image":"","background-repeat":"repeat","background-position":"center center","background-size":"auto","background-attachment":"scroll","background-type":"","background-media":"","overlay-type":"","overlay-color":"","overlay-opacity":"","overlay-gradient":""},"mobile":{"background-color":"","background-image":"","background-repeat":"repeat","background-position":"center center","background-size":"auto","background-attachment":"scroll","background-type":"","background-media":"","overlay-type":"","overlay-color":"","overlay-opacity":"","overlay-gradient":""}},"ast-content-background-meta":{"desktop":{"background-color":"var(--ast-global-color-5)","background-image":"","background-repeat":"repeat","background-position":"center center","background-size":"auto","background-attachment":"scroll","background-type":"","background-media":"","overlay-type":"","overlay-color":"","overlay-opacity":"","overlay-gradient":""},"tablet":{"background-color":"var(--ast-global-color-5)","background-image":"","background-repeat":"repeat","background-position":"center center","background-size":"auto","background-attachment":"scroll","background-type":"","background-media":"","overlay-type":"","overlay-color":"","overlay-opacity":"","overlay-gradient":""},"mobile":{"background-color":"var(--ast-global-color-5)","background-image":"","background-repeat":"repeat","background-position":"center center","background-size":"auto","background-attachment":"scroll","background-type":"","background-media":"","overlay-type":"","overlay-color":"","overlay-opacity":"","overlay-gradient":""}}},"product_brand":[],"product_cat":[69],"product_tag":[],"class_list":{"0":"post-4669","1":"product","2":"type-product","3":"status-publish","4":"has-post-thumbnail","6":"product_cat-elektromos-emelo","7":"desktop-align-left","8":"tablet-align-left","9":"mobile-align-left","11":"first","12":"instock","13":"featured","14":"shipping-taxable","15":"product-type-simple"},"yoast_head":"<!-- This site is optimized with the Yoast SEO plugin v25.3 - https:\/\/yoast.com\/wordpress\/plugins\/seo\/ -->\n<title>Elektromos l\u00e1ncos emel\u0151 - Tart\u00f3s \u00e9s megb\u00edzhat\u00f3 pr\u00e9mium emel\u0151berendez\u00e9s k\u00f6nny\u0171 terhel\u00e9sekhez - TOYO - Lifting Safety - Lifting equipment from professionals<\/title>\n<meta name=\"robots\" content=\"index, follow, max-snippet:-1, max-image-preview:large, max-video-preview:-1\" \/>\n<link rel=\"canonical\" href=\"https:\/\/lifting-safety.com\/hu_hu\/termek\/elektromos-lancos-emelo-tartos-es-megbizhato-premium-emeloberendezes-konnyu-terhelesekhez-toyo\/\" \/>\n<meta property=\"og:locale\" content=\"hu_HU\" \/>\n<meta property=\"og:type\" content=\"article\" \/>\n<meta property=\"og:title\" content=\"Elektromos l\u00e1ncos emel\u0151 - Tart\u00f3s \u00e9s megb\u00edzhat\u00f3 pr\u00e9mium emel\u0151berendez\u00e9s k\u00f6nny\u0171 terhel\u00e9sekhez - TOYO - Lifting Safety - Lifting equipment from professionals\" \/>\n<meta property=\"og:description\" content=\"Term\u00e9kel\u0151ny  (1) Haszn\u00e1ljon r\u00e9zmotort, amely j\u00f3 elektromos vezet\u0151k\u00e9pess\u00e9ggel \u00e9s szigetel\u0151k\u00e9pess\u00e9ggel rendelkezik.  (2) Nagy pontoss\u00e1g\u00fa \u00f6tv\u00f6zetb\u0151l k\u00e9sz\u00fclt, h\u0151kezelt fogaskerekek nagy szil\u00e1rds\u00e1ggal \u00e9s alacsony zajszinttel.  (3) Alum\u00ednium\u00f6tv\u00f6zet burkolat, szil\u00e1rd \u00e9s k\u00f6nny\u0171.  (4) Pound m\u00e1gneses f\u00e9kberendez\u00e9s, azonnali f\u00e9kez\u00e9st \u00e9rhet el, amikor az \u00e1ramell\u00e1t\u00e1s megszakad.  &nbsp;  \u00a0\u00a0\u00a0\u00a0F\u0151bb jellemz\u0151k  (1)\u00a0\u00a0Prec\u00edzi\u00f3s emel\u00e9s fejlett l\u00e1ncos emel\u0151technol\u00f3gi\u00e1val.  (2) Tart\u00f3s konstrukci\u00f3, amely ellen\u00e1ll a neh\u00e9z ipari alkalmaz\u00e1soknak.  (3) Sokoldal\u00fa haszn\u00e1lhat\u00f3s\u00e1g k\u00fcl\u00f6nf\u00e9le ipar\u00e1gakban, a gy\u00e1rt\u00e1st\u00f3l a logisztik\u00e1ig.  (4) Sima \u00e9s ellen\u0151rz\u00f6tt m\u0171k\u00f6d\u00e9s a fokozott biztons\u00e1g \u00e9s hat\u00e9konys\u00e1g \u00e9rdek\u00e9ben.  (5) K\u00f6nny\u0171 karbantart\u00e1s a hosszan tart\u00f3 \u00e9s probl\u00e9mamentes haszn\u00e1lat \u00e9rdek\u00e9ben.  (6) Ak\u00e1r gy\u00e1rt\u00e1si folyamatokat, ak\u00e1r logisztik\u00e1t kezel, elektromos l\u00e1ncos emel\u0151nk biztos\u00edtja a sz\u00fcks\u00e9ges pontoss\u00e1got \u00e9s megb\u00edzhat\u00f3s\u00e1got.  &nbsp;\" \/>\n<meta property=\"og:url\" content=\"https:\/\/lifting-safety.com\/hu_hu\/termek\/elektromos-lancos-emelo-tartos-es-megbizhato-premium-emeloberendezes-konnyu-terhelesekhez-toyo\/\" \/>\n<meta property=\"og:site_name\" content=\"Lifting Safety - Lifting equipment from professionals\" \/>\n<meta property=\"article:modified_time\" content=\"2024-03-23T10:11:57+00:00\" \/>\n<meta property=\"og:image\" content=\"https:\/\/lifting-safety.com\/wp-content\/uploads\/2024\/03\/logo.webp\" \/>\n\t<meta property=\"og:image:width\" content=\"800\" \/>\n\t<meta property=\"og:image:height\" content=\"800\" \/>\n\t<meta property=\"og:image:type\" content=\"image\/webp\" \/>\n<meta name=\"twitter:card\" content=\"summary_large_image\" \/>\n<script type=\"application\/ld+json\" class=\"yoast-schema-graph\">{\"@context\":\"https:\/\/schema.org\",\"@graph\":[{\"@type\":\"WebPage\",\"@id\":\"https:\/\/lifting-safety.com\/termek\/elektromos-lancos-emelo-tartos-es-megbizhato-premium-emeloberendezes-konnyu-terhelesekhez-toyo\/\",\"url\":\"https:\/\/lifting-safety.com\/termek\/elektromos-lancos-emelo-tartos-es-megbizhato-premium-emeloberendezes-konnyu-terhelesekhez-toyo\/\",\"name\":\"Elektromos l\u00e1ncos emel\u0151 - Tart\u00f3s \u00e9s megb\u00edzhat\u00f3 pr\u00e9mium emel\u0151berendez\u00e9s k\u00f6nny\u0171 terhel\u00e9sekhez - TOYO - Lifting Safety - Lifting equipment from professionals\",\"isPartOf\":{\"@id\":\"https:\/\/lifting-safety.com\/hu_hu\/#website\"},\"primaryImageOfPage\":{\"@id\":\"https:\/\/lifting-safety.com\/termek\/elektromos-lancos-emelo-tartos-es-megbizhato-premium-emeloberendezes-konnyu-terhelesekhez-toyo\/#primaryimage\"},\"image\":{\"@id\":\"https:\/\/lifting-safety.com\/termek\/elektromos-lancos-emelo-tartos-es-megbizhato-premium-emeloberendezes-konnyu-terhelesekhez-toyo\/#primaryimage\"},\"thumbnailUrl\":\"https:\/\/lifting-safety.com\/wp-content\/uploads\/2024\/03\/logo.webp\",\"datePublished\":\"2024-03-12T16:50:52+00:00\",\"dateModified\":\"2024-03-23T10:11:57+00:00\",\"breadcrumb\":{\"@id\":\"https:\/\/lifting-safety.com\/termek\/elektromos-lancos-emelo-tartos-es-megbizhato-premium-emeloberendezes-konnyu-terhelesekhez-toyo\/#breadcrumb\"},\"inLanguage\":\"hu\",\"potentialAction\":[{\"@type\":\"ReadAction\",\"target\":[\"https:\/\/lifting-safety.com\/termek\/elektromos-lancos-emelo-tartos-es-megbizhato-premium-emeloberendezes-konnyu-terhelesekhez-toyo\/\"]}]},{\"@type\":\"ImageObject\",\"inLanguage\":\"hu\",\"@id\":\"https:\/\/lifting-safety.com\/termek\/elektromos-lancos-emelo-tartos-es-megbizhato-premium-emeloberendezes-konnyu-terhelesekhez-toyo\/#primaryimage\",\"url\":\"https:\/\/lifting-safety.com\/wp-content\/uploads\/2024\/03\/logo.webp\",\"contentUrl\":\"https:\/\/lifting-safety.com\/wp-content\/uploads\/2024\/03\/logo.webp\",\"width\":800,\"height\":800},{\"@type\":\"BreadcrumbList\",\"@id\":\"https:\/\/lifting-safety.com\/termek\/elektromos-lancos-emelo-tartos-es-megbizhato-premium-emeloberendezes-konnyu-terhelesekhez-toyo\/#breadcrumb\",\"itemListElement\":[{\"@type\":\"ListItem\",\"position\":1,\"name\":\"Kezd\u0151lap\",\"item\":\"https:\/\/lifting-safety.com\/hu_hu\/\"},{\"@type\":\"ListItem\",\"position\":2,\"name\":\"Store\",\"item\":\"https:\/\/lifting-safety.com\/store\/\"},{\"@type\":\"ListItem\",\"position\":3,\"name\":\"Elektromos l\u00e1ncos emel\u0151 &#8211; Tart\u00f3s \u00e9s megb\u00edzhat\u00f3 pr\u00e9mium emel\u0151berendez\u00e9s k\u00f6nny\u0171 terhel\u00e9sekhez &#8211; TOYO\"}]},{\"@type\":\"WebSite\",\"@id\":\"https:\/\/lifting-safety.com\/hu_hu\/#website\",\"url\":\"https:\/\/lifting-safety.com\/hu_hu\/\",\"name\":\"Lifting Safety - Lifting equipment from professionals\",\"description\":\"\",\"publisher\":{\"@id\":\"https:\/\/lifting-safety.com\/hu_hu\/#organization\"},\"potentialAction\":[{\"@type\":\"SearchAction\",\"target\":{\"@type\":\"EntryPoint\",\"urlTemplate\":\"https:\/\/lifting-safety.com\/hu_hu\/?s={search_term_string}\"},\"query-input\":{\"@type\":\"PropertyValueSpecification\",\"valueRequired\":true,\"valueName\":\"search_term_string\"}}],\"inLanguage\":\"hu\"},{\"@type\":\"Organization\",\"@id\":\"https:\/\/lifting-safety.com\/hu_hu\/#organization\",\"name\":\"Lifting Safety - Lifting equipment from professionals\",\"url\":\"https:\/\/lifting-safety.com\/hu_hu\/\",\"logo\":{\"@type\":\"ImageObject\",\"inLanguage\":\"hu\",\"@id\":\"https:\/\/lifting-safety.com\/hu_hu\/#\/schema\/logo\/image\/\",\"url\":\"https:\/\/lifting-safety.com\/wp-content\/uploads\/2024\/02\/cropped-SAFETY_LIFT_LOGO_horizontal_tiny.png\",\"contentUrl\":\"https:\/\/lifting-safety.com\/wp-content\/uploads\/2024\/02\/cropped-SAFETY_LIFT_LOGO_horizontal_tiny.png\",\"width\":520,\"height\":174,\"caption\":\"Lifting Safety - Lifting equipment from professionals\"},\"image\":{\"@id\":\"https:\/\/lifting-safety.com\/hu_hu\/#\/schema\/logo\/image\/\"}}]}<\/script>\n<!-- \/ Yoast SEO plugin. -->","yoast_head_json":{"title":"Elektromos l\u00e1ncos emel\u0151 - Tart\u00f3s \u00e9s megb\u00edzhat\u00f3 pr\u00e9mium emel\u0151berendez\u00e9s k\u00f6nny\u0171 terhel\u00e9sekhez - TOYO - Lifting Safety - Lifting equipment from professionals","robots":{"index":"index","follow":"follow","max-snippet":"max-snippet:-1","max-image-preview":"max-image-preview:large","max-video-preview":"max-video-preview:-1"},"canonical":"https:\/\/lifting-safety.com\/hu_hu\/termek\/elektromos-lancos-emelo-tartos-es-megbizhato-premium-emeloberendezes-konnyu-terhelesekhez-toyo\/","og_locale":"hu_HU","og_type":"article","og_title":"Elektromos l\u00e1ncos emel\u0151 - Tart\u00f3s \u00e9s megb\u00edzhat\u00f3 pr\u00e9mium emel\u0151berendez\u00e9s k\u00f6nny\u0171 terhel\u00e9sekhez - TOYO - Lifting Safety - Lifting equipment from professionals","og_description":"Term\u00e9kel\u0151ny  (1) Haszn\u00e1ljon r\u00e9zmotort, amely j\u00f3 elektromos vezet\u0151k\u00e9pess\u00e9ggel \u00e9s szigetel\u0151k\u00e9pess\u00e9ggel rendelkezik.  (2) Nagy pontoss\u00e1g\u00fa \u00f6tv\u00f6zetb\u0151l k\u00e9sz\u00fclt, h\u0151kezelt fogaskerekek nagy szil\u00e1rds\u00e1ggal \u00e9s alacsony zajszinttel.  (3) Alum\u00ednium\u00f6tv\u00f6zet burkolat, szil\u00e1rd \u00e9s k\u00f6nny\u0171.  (4) Pound m\u00e1gneses f\u00e9kberendez\u00e9s, azonnali f\u00e9kez\u00e9st \u00e9rhet el, amikor az \u00e1ramell\u00e1t\u00e1s megszakad.  &nbsp;  \u00a0\u00a0\u00a0\u00a0F\u0151bb jellemz\u0151k  (1)\u00a0\u00a0Prec\u00edzi\u00f3s emel\u00e9s fejlett l\u00e1ncos emel\u0151technol\u00f3gi\u00e1val.  (2) Tart\u00f3s konstrukci\u00f3, amely ellen\u00e1ll a neh\u00e9z ipari alkalmaz\u00e1soknak.  (3) Sokoldal\u00fa haszn\u00e1lhat\u00f3s\u00e1g k\u00fcl\u00f6nf\u00e9le ipar\u00e1gakban, a gy\u00e1rt\u00e1st\u00f3l a logisztik\u00e1ig.  (4) Sima \u00e9s ellen\u0151rz\u00f6tt m\u0171k\u00f6d\u00e9s a fokozott biztons\u00e1g \u00e9s hat\u00e9konys\u00e1g \u00e9rdek\u00e9ben.  (5) K\u00f6nny\u0171 karbantart\u00e1s a hosszan tart\u00f3 \u00e9s probl\u00e9mamentes haszn\u00e1lat \u00e9rdek\u00e9ben.  (6) Ak\u00e1r gy\u00e1rt\u00e1si folyamatokat, ak\u00e1r logisztik\u00e1t kezel, elektromos l\u00e1ncos emel\u0151nk biztos\u00edtja a sz\u00fcks\u00e9ges pontoss\u00e1got \u00e9s megb\u00edzhat\u00f3s\u00e1got.  &nbsp;","og_url":"https:\/\/lifting-safety.com\/hu_hu\/termek\/elektromos-lancos-emelo-tartos-es-megbizhato-premium-emeloberendezes-konnyu-terhelesekhez-toyo\/","og_site_name":"Lifting Safety - Lifting equipment from professionals","article_modified_time":"2024-03-23T10:11:57+00:00","og_image":[{"width":800,"height":800,"url":"https:\/\/lifting-safety.com\/wp-content\/uploads\/2024\/03\/logo.webp","type":"image\/webp"}],"twitter_card":"summary_large_image","schema":{"@context":"https:\/\/schema.org","@graph":[{"@type":"WebPage","@id":"https:\/\/lifting-safety.com\/termek\/elektromos-lancos-emelo-tartos-es-megbizhato-premium-emeloberendezes-konnyu-terhelesekhez-toyo\/","url":"https:\/\/lifting-safety.com\/termek\/elektromos-lancos-emelo-tartos-es-megbizhato-premium-emeloberendezes-konnyu-terhelesekhez-toyo\/","name":"Elektromos l\u00e1ncos emel\u0151 - Tart\u00f3s \u00e9s megb\u00edzhat\u00f3 pr\u00e9mium emel\u0151berendez\u00e9s k\u00f6nny\u0171 terhel\u00e9sekhez - TOYO - Lifting Safety - Lifting equipment from professionals","isPartOf":{"@id":"https:\/\/lifting-safety.com\/hu_hu\/#website"},"primaryImageOfPage":{"@id":"https:\/\/lifting-safety.com\/termek\/elektromos-lancos-emelo-tartos-es-megbizhato-premium-emeloberendezes-konnyu-terhelesekhez-toyo\/#primaryimage"},"image":{"@id":"https:\/\/lifting-safety.com\/termek\/elektromos-lancos-emelo-tartos-es-megbizhato-premium-emeloberendezes-konnyu-terhelesekhez-toyo\/#primaryimage"},"thumbnailUrl":"https:\/\/lifting-safety.com\/wp-content\/uploads\/2024\/03\/logo.webp","datePublished":"2024-03-12T16:50:52+00:00","dateModified":"2024-03-23T10:11:57+00:00","breadcrumb":{"@id":"https:\/\/lifting-safety.com\/termek\/elektromos-lancos-emelo-tartos-es-megbizhato-premium-emeloberendezes-konnyu-terhelesekhez-toyo\/#breadcrumb"},"inLanguage":"hu","potentialAction":[{"@type":"ReadAction","target":["https:\/\/lifting-safety.com\/termek\/elektromos-lancos-emelo-tartos-es-megbizhato-premium-emeloberendezes-konnyu-terhelesekhez-toyo\/"]}]},{"@type":"ImageObject","inLanguage":"hu","@id":"https:\/\/lifting-safety.com\/termek\/elektromos-lancos-emelo-tartos-es-megbizhato-premium-emeloberendezes-konnyu-terhelesekhez-toyo\/#primaryimage","url":"https:\/\/lifting-safety.com\/wp-content\/uploads\/2024\/03\/logo.webp","contentUrl":"https:\/\/lifting-safety.com\/wp-content\/uploads\/2024\/03\/logo.webp","width":800,"height":800},{"@type":"BreadcrumbList","@id":"https:\/\/lifting-safety.com\/termek\/elektromos-lancos-emelo-tartos-es-megbizhato-premium-emeloberendezes-konnyu-terhelesekhez-toyo\/#breadcrumb","itemListElement":[{"@type":"ListItem","position":1,"name":"Kezd\u0151lap","item":"https:\/\/lifting-safety.com\/hu_hu\/"},{"@type":"ListItem","position":2,"name":"Store","item":"https:\/\/lifting-safety.com\/store\/"},{"@type":"ListItem","position":3,"name":"Elektromos l\u00e1ncos emel\u0151 &#8211; Tart\u00f3s \u00e9s megb\u00edzhat\u00f3 pr\u00e9mium emel\u0151berendez\u00e9s k\u00f6nny\u0171 terhel\u00e9sekhez &#8211; TOYO"}]},{"@type":"WebSite","@id":"https:\/\/lifting-safety.com\/hu_hu\/#website","url":"https:\/\/lifting-safety.com\/hu_hu\/","name":"Lifting Safety - Lifting equipment from professionals","description":"","publisher":{"@id":"https:\/\/lifting-safety.com\/hu_hu\/#organization"},"potentialAction":[{"@type":"SearchAction","target":{"@type":"EntryPoint","urlTemplate":"https:\/\/lifting-safety.com\/hu_hu\/?s={search_term_string}"},"query-input":{"@type":"PropertyValueSpecification","valueRequired":true,"valueName":"search_term_string"}}],"inLanguage":"hu"},{"@type":"Organization","@id":"https:\/\/lifting-safety.com\/hu_hu\/#organization","name":"Lifting Safety - Lifting equipment from professionals","url":"https:\/\/lifting-safety.com\/hu_hu\/","logo":{"@type":"ImageObject","inLanguage":"hu","@id":"https:\/\/lifting-safety.com\/hu_hu\/#\/schema\/logo\/image\/","url":"https:\/\/lifting-safety.com\/wp-content\/uploads\/2024\/02\/cropped-SAFETY_LIFT_LOGO_horizontal_tiny.png","contentUrl":"https:\/\/lifting-safety.com\/wp-content\/uploads\/2024\/02\/cropped-SAFETY_LIFT_LOGO_horizontal_tiny.png","width":520,"height":174,"caption":"Lifting Safety - Lifting equipment from professionals"},"image":{"@id":"https:\/\/lifting-safety.com\/hu_hu\/#\/schema\/logo\/image\/"}}]}},"_links":{"self":[{"href":"https:\/\/lifting-safety.com\/hu_hu\/wp-json\/wp\/v2\/product\/4669","targetHints":{"allow":["GET"]}}],"collection":[{"href":"https:\/\/lifting-safety.com\/hu_hu\/wp-json\/wp\/v2\/product"}],"about":[{"href":"https:\/\/lifting-safety.com\/hu_hu\/wp-json\/wp\/v2\/types\/product"}],"version-history":[{"count":4,"href":"https:\/\/lifting-safety.com\/hu_hu\/wp-json\/wp\/v2\/product\/4669\/revisions"}],"predecessor-version":[{"id":5243,"href":"https:\/\/lifting-safety.com\/hu_hu\/wp-json\/wp\/v2\/product\/4669\/revisions\/5243"}],"wp:featuredmedia":[{"embeddable":true,"href":"https:\/\/lifting-safety.com\/hu_hu\/wp-json\/wp\/v2\/media\/4670"}],"wp:attachment":[{"href":"https:\/\/lifting-safety.com\/hu_hu\/wp-json\/wp\/v2\/media?parent=4669"}],"wp:term":[{"taxonomy":"product_brand","embeddable":true,"href":"https:\/\/lifting-safety.com\/hu_hu\/wp-json\/wp\/v2\/product_brand?post=4669"},{"taxonomy":"product_cat","embeddable":true,"href":"https:\/\/lifting-safety.com\/hu_hu\/wp-json\/wp\/v2\/product_cat?post=4669"},{"taxonomy":"product_tag","embeddable":true,"href":"https:\/\/lifting-safety.com\/hu_hu\/wp-json\/wp\/v2\/product_tag?post=4669"}],"curies":[{"name":"wp","href":"https:\/\/api.w.org\/{rel}","templated":true}]}}