{"id":4478,"date":"2023-09-03T13:33:28","date_gmt":"2023-09-03T11:33:28","guid":{"rendered":"https:\/\/lifting-safety.com\/?post_type=product&#038;p=4478"},"modified":"2024-03-25T14:26:28","modified_gmt":"2024-03-25T13:26:28","slug":"ty1-elektromos-lancos-emelo-kampoval","status":"publish","type":"product","link":"https:\/\/lifting-safety.com\/hu_hu\/termek\/ty1-elektromos-lancos-emelo-kampoval\/","title":{"rendered":"TY1 Elektromos l\u00e1ncos emel\u0151 kamp\u00f3val"},"content":{"rendered":"<p><strong>Term\u00e9k neve: <\/strong>TY1 Electric Chain Hoist With Hook<\/p>\n<p><strong>T\u00edpus: <\/strong>Emel\u0151 eszk\u00f6z<\/p>\n<p><strong>Model:\u00a0<\/strong>TY1 T\u00edpus<\/p>\n<p><strong>Tan\u00fas\u00edtv\u00e1nyok: <\/strong>CE, GS<\/p>\n<p>&nbsp;<\/p>\n<p><img fetchpriority=\"high\" decoding=\"async\" class=\"alignnone wp-image-4483 size-large\" src=\"http:\/\/lifting-safety.com\/wp-content\/uploads\/2023\/09\/TY1-Electric-Chain-Hoist-With-Hook-1-1024x515.jpg\" alt=\"\" width=\"1024\" height=\"515\" srcset=\"https:\/\/lifting-safety.com\/wp-content\/uploads\/2023\/09\/TY1-Electric-Chain-Hoist-With-Hook-1-1024x515.jpg 1024w, https:\/\/lifting-safety.com\/wp-content\/uploads\/2023\/09\/TY1-Electric-Chain-Hoist-With-Hook-1-300x151.jpg 300w, https:\/\/lifting-safety.com\/wp-content\/uploads\/2023\/09\/TY1-Electric-Chain-Hoist-With-Hook-1-768x387.jpg 768w, https:\/\/lifting-safety.com\/wp-content\/uploads\/2023\/09\/TY1-Electric-Chain-Hoist-With-Hook-1-18x9.jpg 18w, https:\/\/lifting-safety.com\/wp-content\/uploads\/2023\/09\/TY1-Electric-Chain-Hoist-With-Hook-1-600x302.jpg 600w, https:\/\/lifting-safety.com\/wp-content\/uploads\/2023\/09\/TY1-Electric-Chain-Hoist-With-Hook-1.jpg 1200w\" sizes=\"(max-width: 1024px) 100vw, 1024px\" \/><\/p>\n","protected":false},"excerpt":{"rendered":"<p><strong>Haszn\u00e1lat: <\/strong>\u00c9p\u00edt\u00e9szeti emel\u0151<br \/>\n<strong>Kapacit\u00e1sa: <\/strong>1 ton-5 ton<br \/>\n<strong>Ig\u00e9nyelt fesz\u00fclts\u00e9g: <\/strong>200V-690V, 50\/60Hz<br \/>\n<strong>Sebess\u00e9g t\u00edpus: <\/strong>egy sebess\u00e9ges, k\u00e9t sebess\u00e9ges<br \/>\n<strong>Tart\u00f3 l\u00e1nc: <\/strong>FEC magas min\u0151s\u00e9g\u0171 l\u00e1nc<br \/>\n<strong>Opcion\u00e1lis: <\/strong>t\u00e1vir\u00e1ny\u00edt\u00f3, k\u00e9zi targonca, elektromos targonca<\/p>\n","protected":false},"featured_media":4482,"template":"","meta":{"site-sidebar-layout":"default","site-content-layout":"","ast-site-content-layout":"default","site-content-style":"default","site-sidebar-style":"default","ast-global-header-display":"","ast-banner-title-visibility":"","ast-main-header-display":"","ast-hfb-above-header-display":"","ast-hfb-below-header-display":"","ast-hfb-mobile-header-display":"","site-post-title":"","ast-breadcrumbs-content":"","ast-featured-img":"","footer-sml-layout":"","theme-transparent-header-meta":"default","adv-header-id-meta":"","stick-header-meta":"","header-above-stick-meta":"","header-main-stick-meta":"","header-below-stick-meta":"","astra-migrate-meta-layouts":"set","ast-page-background-enabled":"default","ast-page-background-meta":{"desktop":{"background-color":"","background-image":"","background-repeat":"repeat","background-position":"center center","background-size":"auto","background-attachment":"scroll","background-type":"","background-media":"","overlay-type":"","overlay-color":"","overlay-opacity":"","overlay-gradient":""},"tablet":{"background-color":"","background-image":"","background-repeat":"repeat","background-position":"center center","background-size":"auto","background-attachment":"scroll","background-type":"","background-media":"","overlay-type":"","overlay-color":"","overlay-opacity":"","overlay-gradient":""},"mobile":{"background-color":"","background-image":"","background-repeat":"repeat","background-position":"center center","background-size":"auto","background-attachment":"scroll","background-type":"","background-media":"","overlay-type":"","overlay-color":"","overlay-opacity":"","overlay-gradient":""}},"ast-content-background-meta":{"desktop":{"background-color":"var(--ast-global-color-5)","background-image":"","background-repeat":"repeat","background-position":"center center","background-size":"auto","background-attachment":"scroll","background-type":"","background-media":"","overlay-type":"","overlay-color":"","overlay-opacity":"","overlay-gradient":""},"tablet":{"background-color":"var(--ast-global-color-5)","background-image":"","background-repeat":"repeat","background-position":"center center","background-size":"auto","background-attachment":"scroll","background-type":"","background-media":"","overlay-type":"","overlay-color":"","overlay-opacity":"","overlay-gradient":""},"mobile":{"background-color":"var(--ast-global-color-5)","background-image":"","background-repeat":"repeat","background-position":"center center","background-size":"auto","background-attachment":"scroll","background-type":"","background-media":"","overlay-type":"","overlay-color":"","overlay-opacity":"","overlay-gradient":""}}},"product_brand":[],"product_cat":[69],"product_tag":[],"class_list":{"0":"post-4478","1":"product","2":"type-product","3":"status-publish","4":"has-post-thumbnail","6":"product_cat-elektromos-emelo","7":"desktop-align-left","8":"tablet-align-left","9":"mobile-align-left","11":"first","12":"instock","13":"featured","14":"shipping-taxable","15":"product-type-simple"},"yoast_head":"<!-- This site is optimized with the Yoast SEO plugin v25.3 - https:\/\/yoast.com\/wordpress\/plugins\/seo\/ -->\n<title>TY1 Elektromos l\u00e1ncos emel\u0151 kamp\u00f3val - Lifting Safety - Lifting equipment from professionals<\/title>\n<meta name=\"robots\" content=\"index, follow, max-snippet:-1, max-image-preview:large, max-video-preview:-1\" \/>\n<link rel=\"canonical\" href=\"https:\/\/lifting-safety.com\/hu_hu\/termek\/ty1-elektromos-lancos-emelo-kampoval\/\" \/>\n<meta property=\"og:locale\" content=\"hu_HU\" \/>\n<meta property=\"og:type\" content=\"article\" \/>\n<meta property=\"og:title\" content=\"TY1 Elektromos l\u00e1ncos emel\u0151 kamp\u00f3val - Lifting Safety - Lifting equipment from professionals\" \/>\n<meta property=\"og:description\" content=\"Haszn\u00e1lat: \u00c9p\u00edt\u00e9szeti emel\u0151 Kapacit\u00e1sa: 1 ton-5 ton Ig\u00e9nyelt fesz\u00fclts\u00e9g: 200V-690V, 50\/60Hz Sebess\u00e9g t\u00edpus: egy sebess\u00e9ges, k\u00e9t sebess\u00e9ges Tart\u00f3 l\u00e1nc: FEC magas min\u0151s\u00e9g\u0171 l\u00e1nc Opcion\u00e1lis: t\u00e1vir\u00e1ny\u00edt\u00f3, k\u00e9zi targonca, elektromos targonca\" \/>\n<meta property=\"og:url\" content=\"https:\/\/lifting-safety.com\/hu_hu\/termek\/ty1-elektromos-lancos-emelo-kampoval\/\" \/>\n<meta property=\"og:site_name\" content=\"Lifting Safety - Lifting equipment from professionals\" \/>\n<meta property=\"article:modified_time\" content=\"2024-03-25T13:26:28+00:00\" \/>\n<meta property=\"og:image\" content=\"https:\/\/lifting-safety.com\/wp-content\/uploads\/2023\/09\/TY1-Electric-Chain-Hoist-With-Hook-China-800-800.webp\" \/>\n\t<meta property=\"og:image:width\" content=\"800\" \/>\n\t<meta property=\"og:image:height\" content=\"800\" \/>\n\t<meta property=\"og:image:type\" content=\"image\/webp\" \/>\n<meta name=\"twitter:card\" content=\"summary_large_image\" \/>\n<script type=\"application\/ld+json\" class=\"yoast-schema-graph\">{\"@context\":\"https:\/\/schema.org\",\"@graph\":[{\"@type\":\"WebPage\",\"@id\":\"https:\/\/lifting-safety.com\/termek\/ty1-elektromos-lancos-emelo-kampoval\/\",\"url\":\"https:\/\/lifting-safety.com\/termek\/ty1-elektromos-lancos-emelo-kampoval\/\",\"name\":\"TY1 Elektromos l\u00e1ncos emel\u0151 kamp\u00f3val - Lifting Safety - Lifting equipment from professionals\",\"isPartOf\":{\"@id\":\"https:\/\/lifting-safety.com\/hu_hu\/#website\"},\"primaryImageOfPage\":{\"@id\":\"https:\/\/lifting-safety.com\/termek\/ty1-elektromos-lancos-emelo-kampoval\/#primaryimage\"},\"image\":{\"@id\":\"https:\/\/lifting-safety.com\/termek\/ty1-elektromos-lancos-emelo-kampoval\/#primaryimage\"},\"thumbnailUrl\":\"https:\/\/lifting-safety.com\/wp-content\/uploads\/2023\/09\/TY1-Electric-Chain-Hoist-With-Hook-China-800-800.webp\",\"datePublished\":\"2023-09-03T11:33:28+00:00\",\"dateModified\":\"2024-03-25T13:26:28+00:00\",\"breadcrumb\":{\"@id\":\"https:\/\/lifting-safety.com\/termek\/ty1-elektromos-lancos-emelo-kampoval\/#breadcrumb\"},\"inLanguage\":\"hu\",\"potentialAction\":[{\"@type\":\"ReadAction\",\"target\":[\"https:\/\/lifting-safety.com\/termek\/ty1-elektromos-lancos-emelo-kampoval\/\"]}]},{\"@type\":\"ImageObject\",\"inLanguage\":\"hu\",\"@id\":\"https:\/\/lifting-safety.com\/termek\/ty1-elektromos-lancos-emelo-kampoval\/#primaryimage\",\"url\":\"https:\/\/lifting-safety.com\/wp-content\/uploads\/2023\/09\/TY1-Electric-Chain-Hoist-With-Hook-China-800-800.webp\",\"contentUrl\":\"https:\/\/lifting-safety.com\/wp-content\/uploads\/2023\/09\/TY1-Electric-Chain-Hoist-With-Hook-China-800-800.webp\",\"width\":800,\"height\":800},{\"@type\":\"BreadcrumbList\",\"@id\":\"https:\/\/lifting-safety.com\/termek\/ty1-elektromos-lancos-emelo-kampoval\/#breadcrumb\",\"itemListElement\":[{\"@type\":\"ListItem\",\"position\":1,\"name\":\"Kezd\u0151lap\",\"item\":\"https:\/\/lifting-safety.com\/hu_hu\/\"},{\"@type\":\"ListItem\",\"position\":2,\"name\":\"Store\",\"item\":\"https:\/\/lifting-safety.com\/store\/\"},{\"@type\":\"ListItem\",\"position\":3,\"name\":\"TY1 Elektromos l\u00e1ncos emel\u0151 kamp\u00f3val\"}]},{\"@type\":\"WebSite\",\"@id\":\"https:\/\/lifting-safety.com\/hu_hu\/#website\",\"url\":\"https:\/\/lifting-safety.com\/hu_hu\/\",\"name\":\"Lifting Safety - Lifting equipment from professionals\",\"description\":\"\",\"publisher\":{\"@id\":\"https:\/\/lifting-safety.com\/hu_hu\/#organization\"},\"potentialAction\":[{\"@type\":\"SearchAction\",\"target\":{\"@type\":\"EntryPoint\",\"urlTemplate\":\"https:\/\/lifting-safety.com\/hu_hu\/?s={search_term_string}\"},\"query-input\":{\"@type\":\"PropertyValueSpecification\",\"valueRequired\":true,\"valueName\":\"search_term_string\"}}],\"inLanguage\":\"hu\"},{\"@type\":\"Organization\",\"@id\":\"https:\/\/lifting-safety.com\/hu_hu\/#organization\",\"name\":\"Lifting Safety - Lifting equipment from professionals\",\"url\":\"https:\/\/lifting-safety.com\/hu_hu\/\",\"logo\":{\"@type\":\"ImageObject\",\"inLanguage\":\"hu\",\"@id\":\"https:\/\/lifting-safety.com\/hu_hu\/#\/schema\/logo\/image\/\",\"url\":\"https:\/\/lifting-safety.com\/wp-content\/uploads\/2024\/02\/cropped-SAFETY_LIFT_LOGO_horizontal_tiny.png\",\"contentUrl\":\"https:\/\/lifting-safety.com\/wp-content\/uploads\/2024\/02\/cropped-SAFETY_LIFT_LOGO_horizontal_tiny.png\",\"width\":520,\"height\":174,\"caption\":\"Lifting Safety - Lifting equipment from professionals\"},\"image\":{\"@id\":\"https:\/\/lifting-safety.com\/hu_hu\/#\/schema\/logo\/image\/\"}}]}<\/script>\n<!-- \/ Yoast SEO plugin. -->","yoast_head_json":{"title":"TY1 Elektromos l\u00e1ncos emel\u0151 kamp\u00f3val - Lifting Safety - Lifting equipment from professionals","robots":{"index":"index","follow":"follow","max-snippet":"max-snippet:-1","max-image-preview":"max-image-preview:large","max-video-preview":"max-video-preview:-1"},"canonical":"https:\/\/lifting-safety.com\/hu_hu\/termek\/ty1-elektromos-lancos-emelo-kampoval\/","og_locale":"hu_HU","og_type":"article","og_title":"TY1 Elektromos l\u00e1ncos emel\u0151 kamp\u00f3val - Lifting Safety - Lifting equipment from professionals","og_description":"Haszn\u00e1lat: \u00c9p\u00edt\u00e9szeti emel\u0151 Kapacit\u00e1sa: 1 ton-5 ton Ig\u00e9nyelt fesz\u00fclts\u00e9g: 200V-690V, 50\/60Hz Sebess\u00e9g t\u00edpus: egy sebess\u00e9ges, k\u00e9t sebess\u00e9ges Tart\u00f3 l\u00e1nc: FEC magas min\u0151s\u00e9g\u0171 l\u00e1nc Opcion\u00e1lis: t\u00e1vir\u00e1ny\u00edt\u00f3, k\u00e9zi targonca, elektromos targonca","og_url":"https:\/\/lifting-safety.com\/hu_hu\/termek\/ty1-elektromos-lancos-emelo-kampoval\/","og_site_name":"Lifting Safety - Lifting equipment from professionals","article_modified_time":"2024-03-25T13:26:28+00:00","og_image":[{"width":800,"height":800,"url":"https:\/\/lifting-safety.com\/wp-content\/uploads\/2023\/09\/TY1-Electric-Chain-Hoist-With-Hook-China-800-800.webp","type":"image\/webp"}],"twitter_card":"summary_large_image","schema":{"@context":"https:\/\/schema.org","@graph":[{"@type":"WebPage","@id":"https:\/\/lifting-safety.com\/termek\/ty1-elektromos-lancos-emelo-kampoval\/","url":"https:\/\/lifting-safety.com\/termek\/ty1-elektromos-lancos-emelo-kampoval\/","name":"TY1 Elektromos l\u00e1ncos emel\u0151 kamp\u00f3val - Lifting Safety - Lifting equipment from professionals","isPartOf":{"@id":"https:\/\/lifting-safety.com\/hu_hu\/#website"},"primaryImageOfPage":{"@id":"https:\/\/lifting-safety.com\/termek\/ty1-elektromos-lancos-emelo-kampoval\/#primaryimage"},"image":{"@id":"https:\/\/lifting-safety.com\/termek\/ty1-elektromos-lancos-emelo-kampoval\/#primaryimage"},"thumbnailUrl":"https:\/\/lifting-safety.com\/wp-content\/uploads\/2023\/09\/TY1-Electric-Chain-Hoist-With-Hook-China-800-800.webp","datePublished":"2023-09-03T11:33:28+00:00","dateModified":"2024-03-25T13:26:28+00:00","breadcrumb":{"@id":"https:\/\/lifting-safety.com\/termek\/ty1-elektromos-lancos-emelo-kampoval\/#breadcrumb"},"inLanguage":"hu","potentialAction":[{"@type":"ReadAction","target":["https:\/\/lifting-safety.com\/termek\/ty1-elektromos-lancos-emelo-kampoval\/"]}]},{"@type":"ImageObject","inLanguage":"hu","@id":"https:\/\/lifting-safety.com\/termek\/ty1-elektromos-lancos-emelo-kampoval\/#primaryimage","url":"https:\/\/lifting-safety.com\/wp-content\/uploads\/2023\/09\/TY1-Electric-Chain-Hoist-With-Hook-China-800-800.webp","contentUrl":"https:\/\/lifting-safety.com\/wp-content\/uploads\/2023\/09\/TY1-Electric-Chain-Hoist-With-Hook-China-800-800.webp","width":800,"height":800},{"@type":"BreadcrumbList","@id":"https:\/\/lifting-safety.com\/termek\/ty1-elektromos-lancos-emelo-kampoval\/#breadcrumb","itemListElement":[{"@type":"ListItem","position":1,"name":"Kezd\u0151lap","item":"https:\/\/lifting-safety.com\/hu_hu\/"},{"@type":"ListItem","position":2,"name":"Store","item":"https:\/\/lifting-safety.com\/store\/"},{"@type":"ListItem","position":3,"name":"TY1 Elektromos l\u00e1ncos emel\u0151 kamp\u00f3val"}]},{"@type":"WebSite","@id":"https:\/\/lifting-safety.com\/hu_hu\/#website","url":"https:\/\/lifting-safety.com\/hu_hu\/","name":"Lifting Safety - Lifting equipment from professionals","description":"","publisher":{"@id":"https:\/\/lifting-safety.com\/hu_hu\/#organization"},"potentialAction":[{"@type":"SearchAction","target":{"@type":"EntryPoint","urlTemplate":"https:\/\/lifting-safety.com\/hu_hu\/?s={search_term_string}"},"query-input":{"@type":"PropertyValueSpecification","valueRequired":true,"valueName":"search_term_string"}}],"inLanguage":"hu"},{"@type":"Organization","@id":"https:\/\/lifting-safety.com\/hu_hu\/#organization","name":"Lifting Safety - Lifting equipment from professionals","url":"https:\/\/lifting-safety.com\/hu_hu\/","logo":{"@type":"ImageObject","inLanguage":"hu","@id":"https:\/\/lifting-safety.com\/hu_hu\/#\/schema\/logo\/image\/","url":"https:\/\/lifting-safety.com\/wp-content\/uploads\/2024\/02\/cropped-SAFETY_LIFT_LOGO_horizontal_tiny.png","contentUrl":"https:\/\/lifting-safety.com\/wp-content\/uploads\/2024\/02\/cropped-SAFETY_LIFT_LOGO_horizontal_tiny.png","width":520,"height":174,"caption":"Lifting Safety - Lifting equipment from professionals"},"image":{"@id":"https:\/\/lifting-safety.com\/hu_hu\/#\/schema\/logo\/image\/"}}]}},"_links":{"self":[{"href":"https:\/\/lifting-safety.com\/hu_hu\/wp-json\/wp\/v2\/product\/4478","targetHints":{"allow":["GET"]}}],"collection":[{"href":"https:\/\/lifting-safety.com\/hu_hu\/wp-json\/wp\/v2\/product"}],"about":[{"href":"https:\/\/lifting-safety.com\/hu_hu\/wp-json\/wp\/v2\/types\/product"}],"version-history":[{"count":2,"href":"https:\/\/lifting-safety.com\/hu_hu\/wp-json\/wp\/v2\/product\/4478\/revisions"}],"predecessor-version":[{"id":5276,"href":"https:\/\/lifting-safety.com\/hu_hu\/wp-json\/wp\/v2\/product\/4478\/revisions\/5276"}],"wp:featuredmedia":[{"embeddable":true,"href":"https:\/\/lifting-safety.com\/hu_hu\/wp-json\/wp\/v2\/media\/4482"}],"wp:attachment":[{"href":"https:\/\/lifting-safety.com\/hu_hu\/wp-json\/wp\/v2\/media?parent=4478"}],"wp:term":[{"taxonomy":"product_brand","embeddable":true,"href":"https:\/\/lifting-safety.com\/hu_hu\/wp-json\/wp\/v2\/product_brand?post=4478"},{"taxonomy":"product_cat","embeddable":true,"href":"https:\/\/lifting-safety.com\/hu_hu\/wp-json\/wp\/v2\/product_cat?post=4478"},{"taxonomy":"product_tag","embeddable":true,"href":"https:\/\/lifting-safety.com\/hu_hu\/wp-json\/wp\/v2\/product_tag?post=4478"}],"curies":[{"name":"wp","href":"https:\/\/api.w.org\/{rel}","templated":true}]}}