{"id":4392,"date":"2023-08-24T21:15:12","date_gmt":"2023-08-24T19:15:12","guid":{"rendered":"https:\/\/lifting-safety.com\/home-english\/"},"modified":"2025-06-17T12:12:01","modified_gmt":"2025-06-17T10:12:01","slug":"emeloeszkozok-2","status":"publish","type":"page","link":"https:\/\/lifting-safety.com\/hu_hu\/emeloeszkozok-2\/","title":{"rendered":"Home &#8211; English"},"content":{"rendered":"","protected":false},"excerpt":{"rendered":"","protected":false},"author":1,"featured_media":0,"parent":0,"menu_order":0,"comment_status":"closed","ping_status":"closed","template":"","meta":{"site-sidebar-layout":"default","site-content-layout":"","ast-site-content-layout":"default","site-content-style":"default","site-sidebar-style":"default","ast-global-header-display":"","ast-banner-title-visibility":"","ast-main-header-display":"","ast-hfb-above-header-display":"","ast-hfb-below-header-display":"","ast-hfb-mobile-header-display":"","site-post-title":"","ast-breadcrumbs-content":"","ast-featured-img":"","footer-sml-layout":"","theme-transparent-header-meta":"","adv-header-id-meta":"","stick-header-meta":"","header-above-stick-meta":"","header-main-stick-meta":"","header-below-stick-meta":"","astra-migrate-meta-layouts":"set","ast-page-background-enabled":"default","ast-page-background-meta":{"desktop":{"background-color":"","background-image":"","background-repeat":"repeat","background-position":"center center","background-size":"auto","background-attachment":"scroll","background-type":"","background-media":"","overlay-type":"","overlay-color":"","overlay-opacity":"","overlay-gradient":""},"tablet":{"background-color":"","background-image":"","background-repeat":"repeat","background-position":"center center","background-size":"auto","background-attachment":"scroll","background-type":"","background-media":"","overlay-type":"","overlay-color":"","overlay-opacity":"","overlay-gradient":""},"mobile":{"background-color":"","background-image":"","background-repeat":"repeat","background-position":"center center","background-size":"auto","background-attachment":"scroll","background-type":"","background-media":"","overlay-type":"","overlay-color":"","overlay-opacity":"","overlay-gradient":""}},"ast-content-background-meta":{"desktop":{"background-color":"var(--ast-global-color-5)","background-image":"","background-repeat":"repeat","background-position":"center center","background-size":"auto","background-attachment":"scroll","background-type":"","background-media":"","overlay-type":"","overlay-color":"","overlay-opacity":"","overlay-gradient":""},"tablet":{"background-color":"var(--ast-global-color-5)","background-image":"","background-repeat":"repeat","background-position":"center center","background-size":"auto","background-attachment":"scroll","background-type":"","background-media":"","overlay-type":"","overlay-color":"","overlay-opacity":"","overlay-gradient":""},"mobile":{"background-color":"var(--ast-global-color-5)","background-image":"","background-repeat":"repeat","background-position":"center center","background-size":"auto","background-attachment":"scroll","background-type":"","background-media":"","overlay-type":"","overlay-color":"","overlay-opacity":"","overlay-gradient":""}},"footnotes":""},"class_list":["post-4392","page","type-page","status-publish","hentry"],"yoast_head":"<!-- This site is optimized with the Yoast SEO plugin v25.3 - https:\/\/yoast.com\/wordpress\/plugins\/seo\/ -->\n<title>Home - English - Lifting Safety - Lifting equipment from professionals<\/title>\n<meta name=\"description\" content=\"Emel\u0151hevederek, cs\u00f6rl\u0151k, kamp\u00f3k \u00e9s emel\u00e9stechnikai szolg\u00e1ltat\u00e1sok egy helyen. V\u00e1s\u00e1roljon biztons\u00e1gosan, rakt\u00e1rr\u00f3l, gyors sz\u00e1ll\u00edt\u00e1ssal \u2013 Lifting Safety.\" \/>\n<meta name=\"robots\" content=\"index, follow, max-snippet:-1, max-image-preview:large, max-video-preview:-1\" \/>\n<link rel=\"canonical\" href=\"https:\/\/lifting-safety.com\/hu_hu\/emeloeszkozok-2\/\" \/>\n<meta property=\"og:locale\" content=\"hu_HU\" \/>\n<meta property=\"og:type\" content=\"article\" \/>\n<meta property=\"og:title\" content=\"Home - English - Lifting Safety - Lifting equipment from professionals\" \/>\n<meta property=\"og:description\" content=\"Emel\u0151hevederek, cs\u00f6rl\u0151k, kamp\u00f3k \u00e9s emel\u00e9stechnikai szolg\u00e1ltat\u00e1sok egy helyen. V\u00e1s\u00e1roljon biztons\u00e1gosan, rakt\u00e1rr\u00f3l, gyors sz\u00e1ll\u00edt\u00e1ssal \u2013 Lifting Safety.\" \/>\n<meta property=\"og:url\" content=\"https:\/\/lifting-safety.com\/hu_hu\/emeloeszkozok-2\/\" \/>\n<meta property=\"og:site_name\" content=\"Lifting Safety - Lifting equipment from professionals\" \/>\n<meta property=\"article:modified_time\" content=\"2025-06-17T10:12:01+00:00\" \/>\n<meta name=\"twitter:card\" content=\"summary_large_image\" \/>\n<script type=\"application\/ld+json\" class=\"yoast-schema-graph\">{\"@context\":\"https:\/\/schema.org\",\"@graph\":[{\"@type\":\"WebPage\",\"@id\":\"https:\/\/lifting-safety.com\/emeloeszkozok-2\/\",\"url\":\"https:\/\/lifting-safety.com\/emeloeszkozok-2\/\",\"name\":\"Home - English - Lifting Safety - Lifting equipment from professionals\",\"isPartOf\":{\"@id\":\"https:\/\/lifting-safety.com\/hu_hu\/#website\"},\"datePublished\":\"2023-08-24T19:15:12+00:00\",\"dateModified\":\"2025-06-17T10:12:01+00:00\",\"description\":\"Emel\u0151hevederek, cs\u00f6rl\u0151k, kamp\u00f3k \u00e9s emel\u00e9stechnikai szolg\u00e1ltat\u00e1sok egy helyen. V\u00e1s\u00e1roljon biztons\u00e1gosan, rakt\u00e1rr\u00f3l, gyors sz\u00e1ll\u00edt\u00e1ssal \u2013 Lifting Safety.\",\"breadcrumb\":{\"@id\":\"https:\/\/lifting-safety.com\/emeloeszkozok-2\/#breadcrumb\"},\"inLanguage\":\"hu\",\"potentialAction\":[{\"@type\":\"ReadAction\",\"target\":[\"https:\/\/lifting-safety.com\/emeloeszkozok-2\/\"]}]},{\"@type\":\"BreadcrumbList\",\"@id\":\"https:\/\/lifting-safety.com\/emeloeszkozok-2\/#breadcrumb\",\"itemListElement\":[{\"@type\":\"ListItem\",\"position\":1,\"name\":\"Kezd\u0151lap\",\"item\":\"https:\/\/lifting-safety.com\/hu_hu\/\"},{\"@type\":\"ListItem\",\"position\":2,\"name\":\"Home &#8211; English\"}]},{\"@type\":\"WebSite\",\"@id\":\"https:\/\/lifting-safety.com\/hu_hu\/#website\",\"url\":\"https:\/\/lifting-safety.com\/hu_hu\/\",\"name\":\"Lifting Safety - Lifting equipment from professionals\",\"description\":\"\",\"publisher\":{\"@id\":\"https:\/\/lifting-safety.com\/hu_hu\/#organization\"},\"potentialAction\":[{\"@type\":\"SearchAction\",\"target\":{\"@type\":\"EntryPoint\",\"urlTemplate\":\"https:\/\/lifting-safety.com\/hu_hu\/?s={search_term_string}\"},\"query-input\":{\"@type\":\"PropertyValueSpecification\",\"valueRequired\":true,\"valueName\":\"search_term_string\"}}],\"inLanguage\":\"hu\"},{\"@type\":\"Organization\",\"@id\":\"https:\/\/lifting-safety.com\/hu_hu\/#organization\",\"name\":\"Lifting Safety - Lifting equipment from professionals\",\"url\":\"https:\/\/lifting-safety.com\/hu_hu\/\",\"logo\":{\"@type\":\"ImageObject\",\"inLanguage\":\"hu\",\"@id\":\"https:\/\/lifting-safety.com\/hu_hu\/#\/schema\/logo\/image\/\",\"url\":\"https:\/\/lifting-safety.com\/wp-content\/uploads\/2024\/02\/cropped-SAFETY_LIFT_LOGO_horizontal_tiny.png\",\"contentUrl\":\"https:\/\/lifting-safety.com\/wp-content\/uploads\/2024\/02\/cropped-SAFETY_LIFT_LOGO_horizontal_tiny.png\",\"width\":520,\"height\":174,\"caption\":\"Lifting Safety - Lifting equipment from professionals\"},\"image\":{\"@id\":\"https:\/\/lifting-safety.com\/hu_hu\/#\/schema\/logo\/image\/\"}}]}<\/script>\n<!-- \/ Yoast SEO plugin. -->","yoast_head_json":{"title":"Home - English - Lifting Safety - Lifting equipment from professionals","description":"Emel\u0151hevederek, cs\u00f6rl\u0151k, kamp\u00f3k \u00e9s emel\u00e9stechnikai szolg\u00e1ltat\u00e1sok egy helyen. V\u00e1s\u00e1roljon biztons\u00e1gosan, rakt\u00e1rr\u00f3l, gyors sz\u00e1ll\u00edt\u00e1ssal \u2013 Lifting Safety.","robots":{"index":"index","follow":"follow","max-snippet":"max-snippet:-1","max-image-preview":"max-image-preview:large","max-video-preview":"max-video-preview:-1"},"canonical":"https:\/\/lifting-safety.com\/hu_hu\/emeloeszkozok-2\/","og_locale":"hu_HU","og_type":"article","og_title":"Home - English - Lifting Safety - Lifting equipment from professionals","og_description":"Emel\u0151hevederek, cs\u00f6rl\u0151k, kamp\u00f3k \u00e9s emel\u00e9stechnikai szolg\u00e1ltat\u00e1sok egy helyen. V\u00e1s\u00e1roljon biztons\u00e1gosan, rakt\u00e1rr\u00f3l, gyors sz\u00e1ll\u00edt\u00e1ssal \u2013 Lifting Safety.","og_url":"https:\/\/lifting-safety.com\/hu_hu\/emeloeszkozok-2\/","og_site_name":"Lifting Safety - Lifting equipment from professionals","article_modified_time":"2025-06-17T10:12:01+00:00","twitter_card":"summary_large_image","schema":{"@context":"https:\/\/schema.org","@graph":[{"@type":"WebPage","@id":"https:\/\/lifting-safety.com\/emeloeszkozok-2\/","url":"https:\/\/lifting-safety.com\/emeloeszkozok-2\/","name":"Home - English - Lifting Safety - Lifting equipment from professionals","isPartOf":{"@id":"https:\/\/lifting-safety.com\/hu_hu\/#website"},"datePublished":"2023-08-24T19:15:12+00:00","dateModified":"2025-06-17T10:12:01+00:00","description":"Emel\u0151hevederek, cs\u00f6rl\u0151k, kamp\u00f3k \u00e9s emel\u00e9stechnikai szolg\u00e1ltat\u00e1sok egy helyen. V\u00e1s\u00e1roljon biztons\u00e1gosan, rakt\u00e1rr\u00f3l, gyors sz\u00e1ll\u00edt\u00e1ssal \u2013 Lifting Safety.","breadcrumb":{"@id":"https:\/\/lifting-safety.com\/emeloeszkozok-2\/#breadcrumb"},"inLanguage":"hu","potentialAction":[{"@type":"ReadAction","target":["https:\/\/lifting-safety.com\/emeloeszkozok-2\/"]}]},{"@type":"BreadcrumbList","@id":"https:\/\/lifting-safety.com\/emeloeszkozok-2\/#breadcrumb","itemListElement":[{"@type":"ListItem","position":1,"name":"Kezd\u0151lap","item":"https:\/\/lifting-safety.com\/hu_hu\/"},{"@type":"ListItem","position":2,"name":"Home &#8211; English"}]},{"@type":"WebSite","@id":"https:\/\/lifting-safety.com\/hu_hu\/#website","url":"https:\/\/lifting-safety.com\/hu_hu\/","name":"Lifting Safety - Lifting equipment from professionals","description":"","publisher":{"@id":"https:\/\/lifting-safety.com\/hu_hu\/#organization"},"potentialAction":[{"@type":"SearchAction","target":{"@type":"EntryPoint","urlTemplate":"https:\/\/lifting-safety.com\/hu_hu\/?s={search_term_string}"},"query-input":{"@type":"PropertyValueSpecification","valueRequired":true,"valueName":"search_term_string"}}],"inLanguage":"hu"},{"@type":"Organization","@id":"https:\/\/lifting-safety.com\/hu_hu\/#organization","name":"Lifting Safety - Lifting equipment from professionals","url":"https:\/\/lifting-safety.com\/hu_hu\/","logo":{"@type":"ImageObject","inLanguage":"hu","@id":"https:\/\/lifting-safety.com\/hu_hu\/#\/schema\/logo\/image\/","url":"https:\/\/lifting-safety.com\/wp-content\/uploads\/2024\/02\/cropped-SAFETY_LIFT_LOGO_horizontal_tiny.png","contentUrl":"https:\/\/lifting-safety.com\/wp-content\/uploads\/2024\/02\/cropped-SAFETY_LIFT_LOGO_horizontal_tiny.png","width":520,"height":174,"caption":"Lifting Safety - Lifting equipment from professionals"},"image":{"@id":"https:\/\/lifting-safety.com\/hu_hu\/#\/schema\/logo\/image\/"}}]}},"_links":{"self":[{"href":"https:\/\/lifting-safety.com\/hu_hu\/wp-json\/wp\/v2\/pages\/4392","targetHints":{"allow":["GET"]}}],"collection":[{"href":"https:\/\/lifting-safety.com\/hu_hu\/wp-json\/wp\/v2\/pages"}],"about":[{"href":"https:\/\/lifting-safety.com\/hu_hu\/wp-json\/wp\/v2\/types\/page"}],"author":[{"embeddable":true,"href":"https:\/\/lifting-safety.com\/hu_hu\/wp-json\/wp\/v2\/users\/1"}],"replies":[{"embeddable":true,"href":"https:\/\/lifting-safety.com\/hu_hu\/wp-json\/wp\/v2\/comments?post=4392"}],"version-history":[{"count":1,"href":"https:\/\/lifting-safety.com\/hu_hu\/wp-json\/wp\/v2\/pages\/4392\/revisions"}],"predecessor-version":[{"id":5395,"href":"https:\/\/lifting-safety.com\/hu_hu\/wp-json\/wp\/v2\/pages\/4392\/revisions\/5395"}],"wp:attachment":[{"href":"https:\/\/lifting-safety.com\/hu_hu\/wp-json\/wp\/v2\/media?parent=4392"}],"curies":[{"name":"wp","href":"https:\/\/api.w.org\/{rel}","templated":true}]}}