{"id":5224,"date":"2024-03-23T10:45:20","date_gmt":"2024-03-23T09:45:20","guid":{"rendered":"https:\/\/lifting-safety.com\/?post_type=product&#038;p=5224"},"modified":"2024-03-23T10:45:20","modified_gmt":"2024-03-23T09:45:20","slug":"toyo-stage-elektromos-csorlo","status":"publish","type":"product","link":"https:\/\/lifting-safety.com\/en\/product\/toyo-stage-elektromos-csorlo\/","title":{"rendered":"TOYO Stage elektromos cs\u00f6rl\u0151"},"content":{"rendered":"<p><strong><span>Term\u00e9kel\u0151ny<\/span><\/strong><\/p>\n<p><span>(1)\u00a0<\/span><span>A n\u00e9gyk\u00f6teles, szinkroniz\u00e1lt cs\u00f6rl\u0151 kialak\u00edt\u00e1sa biztos\u00edtja a csill\u00e1rkeret sima emel\u00e9s\u00e9t \u00e9s s\u00fcllyeszt\u00e9s\u00e9t, elker\u00fclve az egyetlen k\u00f6t\u00e9lszakad\u00e1s vagy az egyens\u00falyhi\u00e1ny okozta biztons\u00e1gi kock\u00e1zatokat.<\/span><\/p>\n<p><span>(2)\u00a0<\/span><span>Az elektrom\u00e1gneses f\u00e9kmotor \u00e9s a turb\u00f3 hajt\u00f3m\u0171 kombin\u00e1ci\u00f3ja nagyobb nyomat\u00e9kkibocs\u00e1t\u00e1st biztos\u00edt, lehet\u0151v\u00e9 t\u00e9ve, hogy a g\u00e9m k\u00f6nnyen megbirk\u00f3zzon nagy terhel\u00e9sekkel.<\/span><\/p>\n<p><span>(3)\u00a0\u00a0<\/span><span>Hossz\u00fa ideig tart\u00f3 rakod\u00e1s cs\u00fasz\u00e1s n\u00e9lk\u00fcl, a g\u00e9mg\u00e9p kialak\u00edt\u00e1sa figyelembe veszi a hossz\u00fa t\u00e1v\u00fa rakod\u00e1si munka ig\u00e9nyeit, \u00e9s stabilan tudja tartani a m\u0171k\u00f6d\u00e9st a j\u00e1rm\u0171 megcs\u00fasz\u00e1si jelens\u00e9ge n\u00e9lk\u00fcl, ami biztos\u00edtja a munka biztons\u00e1g\u00e1t \u00e9s hat\u00e9konys\u00e1g\u00e1t.<\/span><\/p>\n<p><span>(4)\u00a0\u00a0<\/span><span>A k\u00f3dol\u00f3val \u00e9s magass\u00e1ghat\u00e1rol\u00f3val felszerelt, pontosan fel\u00fcgyeli \u00e9s szab\u00e1lyozhatja a g\u00e9m g\u00e9p emel\u00e9si \u00e9s s\u00fcllyeszt\u00e9si magass\u00e1g\u00e1t, elker\u00fclve a t\u00fal magas vagy alacsony magass\u00e1g\u00fa m\u0171k\u00f6d\u00e9st, valamint jav\u00edtja a biztons\u00e1got \u00e9s a stabilit\u00e1st.<\/span><\/p>\n<p><span>(5)\u00a0\u00a0<\/span><span>T\u00f6bb cs\u00f6rl\u0151t is vez\u00e9relhet, hogy egy\u00fctt m\u0171k\u00f6djenek a PLC-n kereszt\u00fcl, ami megval\u00f3s\u00edthatja t\u00f6bb cs\u00f6rl\u0151 egy\u00fcttm\u0171k\u00f6d\u00e9s\u00e9t, \u00e9s jav\u00edtja a munka hat\u00e9konys\u00e1g\u00e1t \u00e9s rugalmass\u00e1g\u00e1t.<\/span><\/p>","protected":false},"excerpt":{"rendered":"<p><strong><span>Term\u00e9kn\u00e9v:<\/span><\/strong><span>\u00a0TOYO Stage elektromos cs\u00f6rl\u0151\u00a0\u00a0\u00a0\u00a0<\/span><\/p>\n<p><strong><span>Sebess\u00e9g:<\/span><\/strong><span>\u00a0ak\u00e1r 3 m\/s<\/span><\/p>\n<p><strong><span>Emel\u00e9si magass\u00e1g<\/span><span>\u00a0:<\/span><\/strong><span>\u00a0\u00a030 m<\/span><\/p>\n<div class=\"pro-this-prodBrief\"><span>Ez egy motoros eszk\u00f6z, amely elektromos motort haszn\u00e1l egy k\u00e1bel vagy k\u00f6t\u00e9l tekercsel\u00e9s\u00e9re \u00e9s leteker\u00e9s\u00e9re, lehet\u0151v\u00e9 t\u00e9ve t\u00e1rgyak, p\u00e9ld\u00e1ul vil\u00e1g\u00edt\u00f3testek, d\u00edszletek, f\u00fcgg\u00f6ny\u00f6k vagy egy\u00e9b sz\u00ednpadi berendez\u00e9sek f\u00fcgg\u0151leges mozg\u00e1s\u00e1t.<\/span><\/div>\n<div><\/div>\n<p><strong><span>Alkalmazhat\u00f3 ipar\u00e1gak:<\/span><\/strong><span>\u00a0Ezeket a rendszereket \u00e1ltal\u00e1ban sz\u00ednh\u00e1zakban, koncerttermekben, rendezv\u00e9nyhelysz\u00edneken \u00e9s m\u00e1s \u00e9l\u0151 sz\u00f3rakoztat\u00f3 k\u00f6rnyezetben haszn\u00e1lj\u00e1k.<\/span><\/p>","protected":false},"featured_media":5225,"template":"","meta":{"site-sidebar-layout":"default","site-content-layout":"","ast-site-content-layout":"default","site-content-style":"default","site-sidebar-style":"default","ast-global-header-display":"","ast-banner-title-visibility":"","ast-main-header-display":"","ast-hfb-above-header-display":"","ast-hfb-below-header-display":"","ast-hfb-mobile-header-display":"","site-post-title":"","ast-breadcrumbs-content":"","ast-featured-img":"","footer-sml-layout":"","theme-transparent-header-meta":"default","adv-header-id-meta":"","stick-header-meta":"","header-above-stick-meta":"","header-main-stick-meta":"","header-below-stick-meta":"","astra-migrate-meta-layouts":"set","ast-page-background-enabled":"default","ast-page-background-meta":{"desktop":{"background-color":"","background-image":"","background-repeat":"repeat","background-position":"center center","background-size":"auto","background-attachment":"scroll","background-type":"","background-media":"","overlay-type":"","overlay-color":"","overlay-opacity":"","overlay-gradient":""},"tablet":{"background-color":"","background-image":"","background-repeat":"repeat","background-position":"center center","background-size":"auto","background-attachment":"scroll","background-type":"","background-media":"","overlay-type":"","overlay-color":"","overlay-opacity":"","overlay-gradient":""},"mobile":{"background-color":"","background-image":"","background-repeat":"repeat","background-position":"center center","background-size":"auto","background-attachment":"scroll","background-type":"","background-media":"","overlay-type":"","overlay-color":"","overlay-opacity":"","overlay-gradient":""}},"ast-content-background-meta":{"desktop":{"background-color":"var(--ast-global-color-5)","background-image":"","background-repeat":"repeat","background-position":"center center","background-size":"auto","background-attachment":"scroll","background-type":"","background-media":"","overlay-type":"","overlay-color":"","overlay-opacity":"","overlay-gradient":""},"tablet":{"background-color":"var(--ast-global-color-5)","background-image":"","background-repeat":"repeat","background-position":"center center","background-size":"auto","background-attachment":"scroll","background-type":"","background-media":"","overlay-type":"","overlay-color":"","overlay-opacity":"","overlay-gradient":""},"mobile":{"background-color":"var(--ast-global-color-5)","background-image":"","background-repeat":"repeat","background-position":"center center","background-size":"auto","background-attachment":"scroll","background-type":"","background-media":"","overlay-type":"","overlay-color":"","overlay-opacity":"","overlay-gradient":""}}},"product_brand":[],"product_cat":[69],"product_tag":[],"class_list":{"0":"post-5224","1":"product","2":"type-product","3":"status-publish","4":"has-post-thumbnail","6":"product_cat-elektromos-emelo","7":"desktop-align-left","8":"tablet-align-left","9":"mobile-align-left","11":"first","12":"instock","13":"shipping-taxable","14":"product-type-simple"},"yoast_head":"<!-- This site is optimized with the Yoast SEO plugin v25.3 - https:\/\/yoast.com\/wordpress\/plugins\/seo\/ -->\n<title>TOYO Stage elektromos cs\u00f6rl\u0151 - Lifting Safety - Lifting equipment from professionals<\/title>\n<meta name=\"robots\" content=\"index, follow, max-snippet:-1, max-image-preview:large, max-video-preview:-1\" \/>\n<link rel=\"canonical\" href=\"https:\/\/lifting-safety.com\/en\/product\/toyo-stage-elektromos-csorlo\/\" \/>\n<meta property=\"og:locale\" content=\"en_GB\" \/>\n<meta property=\"og:type\" content=\"article\" \/>\n<meta property=\"og:title\" content=\"TOYO Stage elektromos cs\u00f6rl\u0151 - Lifting Safety - Lifting equipment from professionals\" \/>\n<meta property=\"og:description\" content=\"Term\u00e9kn\u00e9v:\u00a0TOYO Stage elektromos cs\u00f6rl\u0151\u00a0\u00a0\u00a0\u00a0  Sebess\u00e9g:\u00a0ak\u00e1r 3 m\/s  Emel\u00e9si magass\u00e1g\u00a0:\u00a0\u00a030 m Ez egy motoros eszk\u00f6z, amely elektromos motort haszn\u00e1l egy k\u00e1bel vagy k\u00f6t\u00e9l tekercsel\u00e9s\u00e9re \u00e9s leteker\u00e9s\u00e9re, lehet\u0151v\u00e9 t\u00e9ve t\u00e1rgyak, p\u00e9ld\u00e1ul vil\u00e1g\u00edt\u00f3testek, d\u00edszletek, f\u00fcgg\u00f6ny\u00f6k vagy egy\u00e9b sz\u00ednpadi berendez\u00e9sek f\u00fcgg\u0151leges mozg\u00e1s\u00e1t.  Alkalmazhat\u00f3 ipar\u00e1gak:\u00a0Ezeket a rendszereket \u00e1ltal\u00e1ban sz\u00ednh\u00e1zakban, koncerttermekben, rendezv\u00e9nyhelysz\u00edneken \u00e9s m\u00e1s \u00e9l\u0151 sz\u00f3rakoztat\u00f3 k\u00f6rnyezetben haszn\u00e1lj\u00e1k.\" \/>\n<meta property=\"og:url\" content=\"https:\/\/lifting-safety.com\/en\/product\/toyo-stage-elektromos-csorlo\/\" \/>\n<meta property=\"og:site_name\" content=\"Lifting Safety - Lifting equipment from professionals\" \/>\n<meta property=\"og:image\" content=\"https:\/\/lifting-safety.com\/wp-content\/uploads\/2024\/03\/23.webp\" \/>\n\t<meta property=\"og:image:width\" content=\"800\" \/>\n\t<meta property=\"og:image:height\" content=\"800\" \/>\n\t<meta property=\"og:image:type\" content=\"image\/webp\" \/>\n<meta name=\"twitter:card\" content=\"summary_large_image\" \/>\n<meta name=\"twitter:label1\" content=\"Estimated reading time\" \/>\n\t<meta name=\"twitter:data1\" content=\"1 minute\" \/>\n<script type=\"application\/ld+json\" class=\"yoast-schema-graph\">{\"@context\":\"https:\/\/schema.org\",\"@graph\":[{\"@type\":\"WebPage\",\"@id\":\"https:\/\/lifting-safety.com\/termek\/toyo-stage-elektromos-csorlo\/\",\"url\":\"https:\/\/lifting-safety.com\/termek\/toyo-stage-elektromos-csorlo\/\",\"name\":\"TOYO Stage elektromos cs\u00f6rl\u0151 - Lifting Safety - Lifting equipment from professionals\",\"isPartOf\":{\"@id\":\"https:\/\/lifting-safety.com\/hu_hu\/#website\"},\"primaryImageOfPage\":{\"@id\":\"https:\/\/lifting-safety.com\/termek\/toyo-stage-elektromos-csorlo\/#primaryimage\"},\"image\":{\"@id\":\"https:\/\/lifting-safety.com\/termek\/toyo-stage-elektromos-csorlo\/#primaryimage\"},\"thumbnailUrl\":\"https:\/\/lifting-safety.com\/wp-content\/uploads\/2024\/03\/23.webp\",\"datePublished\":\"2024-03-23T09:45:20+00:00\",\"breadcrumb\":{\"@id\":\"https:\/\/lifting-safety.com\/termek\/toyo-stage-elektromos-csorlo\/#breadcrumb\"},\"inLanguage\":\"en-GB\",\"potentialAction\":[{\"@type\":\"ReadAction\",\"target\":[\"https:\/\/lifting-safety.com\/termek\/toyo-stage-elektromos-csorlo\/\"]}]},{\"@type\":\"ImageObject\",\"inLanguage\":\"en-GB\",\"@id\":\"https:\/\/lifting-safety.com\/termek\/toyo-stage-elektromos-csorlo\/#primaryimage\",\"url\":\"https:\/\/lifting-safety.com\/wp-content\/uploads\/2024\/03\/23.webp\",\"contentUrl\":\"https:\/\/lifting-safety.com\/wp-content\/uploads\/2024\/03\/23.webp\",\"width\":800,\"height\":800},{\"@type\":\"BreadcrumbList\",\"@id\":\"https:\/\/lifting-safety.com\/termek\/toyo-stage-elektromos-csorlo\/#breadcrumb\",\"itemListElement\":[{\"@type\":\"ListItem\",\"position\":1,\"name\":\"Kezd\u0151lap\",\"item\":\"https:\/\/lifting-safety.com\/hu_hu\/\"},{\"@type\":\"ListItem\",\"position\":2,\"name\":\"Store\",\"item\":\"https:\/\/lifting-safety.com\/store\/\"},{\"@type\":\"ListItem\",\"position\":3,\"name\":\"TOYO Stage elektromos cs\u00f6rl\u0151\"}]},{\"@type\":\"WebSite\",\"@id\":\"https:\/\/lifting-safety.com\/hu_hu\/#website\",\"url\":\"https:\/\/lifting-safety.com\/hu_hu\/\",\"name\":\"Lifting Safety - Lifting equipment from professionals\",\"description\":\"\",\"publisher\":{\"@id\":\"https:\/\/lifting-safety.com\/hu_hu\/#organization\"},\"potentialAction\":[{\"@type\":\"SearchAction\",\"target\":{\"@type\":\"EntryPoint\",\"urlTemplate\":\"https:\/\/lifting-safety.com\/hu_hu\/?s={search_term_string}\"},\"query-input\":{\"@type\":\"PropertyValueSpecification\",\"valueRequired\":true,\"valueName\":\"search_term_string\"}}],\"inLanguage\":\"en-GB\"},{\"@type\":\"Organization\",\"@id\":\"https:\/\/lifting-safety.com\/hu_hu\/#organization\",\"name\":\"Lifting Safety - Lifting equipment from professionals\",\"url\":\"https:\/\/lifting-safety.com\/hu_hu\/\",\"logo\":{\"@type\":\"ImageObject\",\"inLanguage\":\"en-GB\",\"@id\":\"https:\/\/lifting-safety.com\/hu_hu\/#\/schema\/logo\/image\/\",\"url\":\"https:\/\/lifting-safety.com\/wp-content\/uploads\/2024\/02\/cropped-SAFETY_LIFT_LOGO_horizontal_tiny.png\",\"contentUrl\":\"https:\/\/lifting-safety.com\/wp-content\/uploads\/2024\/02\/cropped-SAFETY_LIFT_LOGO_horizontal_tiny.png\",\"width\":520,\"height\":174,\"caption\":\"Lifting Safety - Lifting equipment from professionals\"},\"image\":{\"@id\":\"https:\/\/lifting-safety.com\/hu_hu\/#\/schema\/logo\/image\/\"}}]}<\/script>\n<!-- \/ Yoast SEO plugin. -->","yoast_head_json":{"title":"TOYO Stage elektromos cs\u00f6rl\u0151 - Lifting Safety - Lifting equipment from professionals","robots":{"index":"index","follow":"follow","max-snippet":"max-snippet:-1","max-image-preview":"max-image-preview:large","max-video-preview":"max-video-preview:-1"},"canonical":"https:\/\/lifting-safety.com\/en\/product\/toyo-stage-elektromos-csorlo\/","og_locale":"en_GB","og_type":"article","og_title":"TOYO Stage elektromos cs\u00f6rl\u0151 - Lifting Safety - Lifting equipment from professionals","og_description":"Term\u00e9kn\u00e9v:\u00a0TOYO Stage elektromos cs\u00f6rl\u0151\u00a0\u00a0\u00a0\u00a0  Sebess\u00e9g:\u00a0ak\u00e1r 3 m\/s  Emel\u00e9si magass\u00e1g\u00a0:\u00a0\u00a030 m Ez egy motoros eszk\u00f6z, amely elektromos motort haszn\u00e1l egy k\u00e1bel vagy k\u00f6t\u00e9l tekercsel\u00e9s\u00e9re \u00e9s leteker\u00e9s\u00e9re, lehet\u0151v\u00e9 t\u00e9ve t\u00e1rgyak, p\u00e9ld\u00e1ul vil\u00e1g\u00edt\u00f3testek, d\u00edszletek, f\u00fcgg\u00f6ny\u00f6k vagy egy\u00e9b sz\u00ednpadi berendez\u00e9sek f\u00fcgg\u0151leges mozg\u00e1s\u00e1t.  Alkalmazhat\u00f3 ipar\u00e1gak:\u00a0Ezeket a rendszereket \u00e1ltal\u00e1ban sz\u00ednh\u00e1zakban, koncerttermekben, rendezv\u00e9nyhelysz\u00edneken \u00e9s m\u00e1s \u00e9l\u0151 sz\u00f3rakoztat\u00f3 k\u00f6rnyezetben haszn\u00e1lj\u00e1k.","og_url":"https:\/\/lifting-safety.com\/en\/product\/toyo-stage-elektromos-csorlo\/","og_site_name":"Lifting Safety - Lifting equipment from professionals","og_image":[{"width":800,"height":800,"url":"https:\/\/lifting-safety.com\/wp-content\/uploads\/2024\/03\/23.webp","type":"image\/webp"}],"twitter_card":"summary_large_image","twitter_misc":{"Estimated reading time":"1 minute"},"schema":{"@context":"https:\/\/schema.org","@graph":[{"@type":"WebPage","@id":"https:\/\/lifting-safety.com\/termek\/toyo-stage-elektromos-csorlo\/","url":"https:\/\/lifting-safety.com\/termek\/toyo-stage-elektromos-csorlo\/","name":"TOYO Stage elektromos cs\u00f6rl\u0151 - Lifting Safety - Lifting equipment from professionals","isPartOf":{"@id":"https:\/\/lifting-safety.com\/hu_hu\/#website"},"primaryImageOfPage":{"@id":"https:\/\/lifting-safety.com\/termek\/toyo-stage-elektromos-csorlo\/#primaryimage"},"image":{"@id":"https:\/\/lifting-safety.com\/termek\/toyo-stage-elektromos-csorlo\/#primaryimage"},"thumbnailUrl":"https:\/\/lifting-safety.com\/wp-content\/uploads\/2024\/03\/23.webp","datePublished":"2024-03-23T09:45:20+00:00","breadcrumb":{"@id":"https:\/\/lifting-safety.com\/termek\/toyo-stage-elektromos-csorlo\/#breadcrumb"},"inLanguage":"en-GB","potentialAction":[{"@type":"ReadAction","target":["https:\/\/lifting-safety.com\/termek\/toyo-stage-elektromos-csorlo\/"]}]},{"@type":"ImageObject","inLanguage":"en-GB","@id":"https:\/\/lifting-safety.com\/termek\/toyo-stage-elektromos-csorlo\/#primaryimage","url":"https:\/\/lifting-safety.com\/wp-content\/uploads\/2024\/03\/23.webp","contentUrl":"https:\/\/lifting-safety.com\/wp-content\/uploads\/2024\/03\/23.webp","width":800,"height":800},{"@type":"BreadcrumbList","@id":"https:\/\/lifting-safety.com\/termek\/toyo-stage-elektromos-csorlo\/#breadcrumb","itemListElement":[{"@type":"ListItem","position":1,"name":"Kezd\u0151lap","item":"https:\/\/lifting-safety.com\/hu_hu\/"},{"@type":"ListItem","position":2,"name":"Store","item":"https:\/\/lifting-safety.com\/store\/"},{"@type":"ListItem","position":3,"name":"TOYO Stage elektromos cs\u00f6rl\u0151"}]},{"@type":"WebSite","@id":"https:\/\/lifting-safety.com\/hu_hu\/#website","url":"https:\/\/lifting-safety.com\/hu_hu\/","name":"Lifting Safety - Lifting equipment from professionals","description":"","publisher":{"@id":"https:\/\/lifting-safety.com\/hu_hu\/#organization"},"potentialAction":[{"@type":"SearchAction","target":{"@type":"EntryPoint","urlTemplate":"https:\/\/lifting-safety.com\/hu_hu\/?s={search_term_string}"},"query-input":{"@type":"PropertyValueSpecification","valueRequired":true,"valueName":"search_term_string"}}],"inLanguage":"en-GB"},{"@type":"Organization","@id":"https:\/\/lifting-safety.com\/hu_hu\/#organization","name":"Lifting Safety - Lifting equipment from professionals","url":"https:\/\/lifting-safety.com\/hu_hu\/","logo":{"@type":"ImageObject","inLanguage":"en-GB","@id":"https:\/\/lifting-safety.com\/hu_hu\/#\/schema\/logo\/image\/","url":"https:\/\/lifting-safety.com\/wp-content\/uploads\/2024\/02\/cropped-SAFETY_LIFT_LOGO_horizontal_tiny.png","contentUrl":"https:\/\/lifting-safety.com\/wp-content\/uploads\/2024\/02\/cropped-SAFETY_LIFT_LOGO_horizontal_tiny.png","width":520,"height":174,"caption":"Lifting Safety - Lifting equipment from professionals"},"image":{"@id":"https:\/\/lifting-safety.com\/hu_hu\/#\/schema\/logo\/image\/"}}]}},"_links":{"self":[{"href":"https:\/\/lifting-safety.com\/en\/wp-json\/wp\/v2\/product\/5224","targetHints":{"allow":["GET"]}}],"collection":[{"href":"https:\/\/lifting-safety.com\/en\/wp-json\/wp\/v2\/product"}],"about":[{"href":"https:\/\/lifting-safety.com\/en\/wp-json\/wp\/v2\/types\/product"}],"version-history":[{"count":1,"href":"https:\/\/lifting-safety.com\/en\/wp-json\/wp\/v2\/product\/5224\/revisions"}],"predecessor-version":[{"id":5226,"href":"https:\/\/lifting-safety.com\/en\/wp-json\/wp\/v2\/product\/5224\/revisions\/5226"}],"wp:featuredmedia":[{"embeddable":true,"href":"https:\/\/lifting-safety.com\/en\/wp-json\/wp\/v2\/media\/5225"}],"wp:attachment":[{"href":"https:\/\/lifting-safety.com\/en\/wp-json\/wp\/v2\/media?parent=5224"}],"wp:term":[{"taxonomy":"product_brand","embeddable":true,"href":"https:\/\/lifting-safety.com\/en\/wp-json\/wp\/v2\/product_brand?post=5224"},{"taxonomy":"product_cat","embeddable":true,"href":"https:\/\/lifting-safety.com\/en\/wp-json\/wp\/v2\/product_cat?post=5224"},{"taxonomy":"product_tag","embeddable":true,"href":"https:\/\/lifting-safety.com\/en\/wp-json\/wp\/v2\/product_tag?post=5224"}],"curies":[{"name":"wp","href":"https:\/\/api.w.org\/{rel}","templated":true}]}}