{"id":5202,"date":"2024-03-23T10:18:40","date_gmt":"2024-03-23T09:18:40","guid":{"rendered":"https:\/\/lifting-safety.com\/?post_type=product&#038;p=5202"},"modified":"2024-03-23T10:18:40","modified_gmt":"2024-03-23T09:18:40","slug":"egygerendas-elektromos-drotkotel-emelo","status":"publish","type":"product","link":"https:\/\/lifting-safety.com\/en\/product\/egygerendas-elektromos-drotkotel-emelo\/","title":{"rendered":"Egygerend\u00e1s elektromos dr\u00f3tk\u00f6t\u00e9l-emel\u0151"},"content":{"rendered":"<p><strong><span>Term\u00e9kel\u0151ny<\/span><\/strong><\/p>\n<p><span>(1) Kompakt szerkezet, k\u00f6nny\u0171 s\u00faly, kis ker\u00e9kterhel\u00e9s, nagyobb teljes\u00edtm\u00e9ny, jobb \u00e1r.<\/span><\/p>\n<p><span>(2) Emel\u0151horog-csoport, biztons\u00e1gi tollz\u00e1rral.<\/span><\/p>\n<p><span>(3) IP55 motorv\u00e9delmi fokozat. F szigetel\u00e9si oszt\u00e1ly.<\/span><\/p>\n<p><span>(4) Elektrom\u00e1gneses t\u00e1rcsaf\u00e9k emel\u00e9shez, szabadon karbantarthat\u00f3 kialak\u00edt\u00e1s.<\/span><\/p>\n<p><span>(5) T\u00falterhel\u00e9si hat\u00e1rkapcsol\u00f3.<\/span><\/p>\n<p><span>(6) M\u0171k\u00f6d\u00e9si k\u00f6rnyezet h\u0151m\u00e9rs\u00e9klete: 20\u00b0C~+40\u00b0C.<\/span><\/p>\n<p><span>(7) A frekvenciav\u00e1lt\u00f3 motor 5-20 m\/perc sebess\u00e9ggel j\u00e1r<\/span><\/p>","protected":false},"excerpt":{"rendered":"<p><strong><span>Term\u00e9kn\u00e9v:<\/span><\/strong><span>\u00a0Egygerend\u00e1s elektromos dr\u00f3tk\u00f6t\u00e9l-emel\u0151<\/span><\/p>\n<p><strong><span>T\u00edpus:<\/span><\/strong><span>\u00a0Emel\u0151berendez\u00e9s<\/span><\/p>\n<p><strong><span>Modell:<\/span><\/strong><span>\u00a0egygerend\u00e1s<\/span><\/p>\n<p><strong><span>Haszn\u00e1lat:\u00a0<\/span><\/strong><span>\u00a0\u00c9p\u00edt\u0151ipari emel\u0151<\/span><br \/>\n<strong><span>Kapacit\u00e1s:\u00a0<\/span><\/strong><span>\u00a01 tonna-16 tonna<\/span><br \/>\n<strong><span>N\u00e9vleges fesz\u00fclts\u00e9g:\u00a0<\/span><\/strong><span>\u00a0380 V, 50\/60 Hz<\/span><br \/>\n<strong><span>Sebess\u00e9g t\u00edpusa:\u00a0<\/span><\/strong><span>\u00a0Dupla sebess\u00e9g\u0171<\/span><br \/>\n<strong><span>Emel\u00e9si magass\u00e1g:\u00a0<\/span><\/strong><span>\u00a06,9,12,15,18m<\/span><br \/>\n<strong><span>Heveder t\u00edpusa:\u00a0<\/span><\/strong><span>\u00a0Dr\u00f3tk\u00f6t\u00e9l<\/span><\/p>\n<p><strong><span>Min\u0151s\u00edt\u00e9s:<\/span><\/strong><span>\u00a0CE, GS<\/span><\/p>\n<p><span>A fejlett technol\u00f3gia \u00e9s komponensek biztos\u00edtj\u00e1k, hogy az emel\u0151t optim\u00e1lis \u00e1llapotban m\u00e9g korl\u00e1tozott m\u00e9retben \u00e9s magass\u00e1gban is haszn\u00e1lj\u00e1k, a magas teljes\u00edtm\u00e9ny garant\u00e1l\u00e1sa mellett, hogy a m\u00e9ret a lehet\u0151 legkisebb legyen, a TWH elektromos dr\u00f3tk\u00f6t\u00e9l-emel\u0151k nagy munkater\u00fcletet foglalnak el, \u00f6sszehasonl\u00edtva m\u00e1s, ugyanabban haszn\u00e1lt emel\u0151kkel. m\u0171hely \u00e9s ugyanaz a munkater\u00fclet, n\u00f6velje a m\u0171helyhaszn\u00e1lati ar\u00e1nyt \u00e9s cs\u00f6kkentse a vak ter\u00fcletet. Seg\u00edthet drasztikusan cs\u00f6kkenteni a m\u0171hely magass\u00e1g\u00e1t \u00e9s csap\u00e1gyaz\u00e1s\u00e1t, ha \u00faj \u00fczemet tervez a TOYO hosit .Forcustomers.hivatkoz\u00e1ssal t\u00f6bb mint 10%-kal cs\u00f6kkentheti a l\u00e9tes\u00edtm\u00e9nyi beruh\u00e1z\u00e1sokat \u00e9s jav\u00edthatja a beruh\u00e1z\u00e1s hat\u00e9konys\u00e1g\u00e1t.<\/span><\/p>","protected":false},"featured_media":5203,"template":"","meta":{"site-sidebar-layout":"default","site-content-layout":"","ast-site-content-layout":"default","site-content-style":"default","site-sidebar-style":"default","ast-global-header-display":"","ast-banner-title-visibility":"","ast-main-header-display":"","ast-hfb-above-header-display":"","ast-hfb-below-header-display":"","ast-hfb-mobile-header-display":"","site-post-title":"","ast-breadcrumbs-content":"","ast-featured-img":"","footer-sml-layout":"","theme-transparent-header-meta":"default","adv-header-id-meta":"","stick-header-meta":"","header-above-stick-meta":"","header-main-stick-meta":"","header-below-stick-meta":"","astra-migrate-meta-layouts":"set","ast-page-background-enabled":"default","ast-page-background-meta":{"desktop":{"background-color":"","background-image":"","background-repeat":"repeat","background-position":"center center","background-size":"auto","background-attachment":"scroll","background-type":"","background-media":"","overlay-type":"","overlay-color":"","overlay-opacity":"","overlay-gradient":""},"tablet":{"background-color":"","background-image":"","background-repeat":"repeat","background-position":"center center","background-size":"auto","background-attachment":"scroll","background-type":"","background-media":"","overlay-type":"","overlay-color":"","overlay-opacity":"","overlay-gradient":""},"mobile":{"background-color":"","background-image":"","background-repeat":"repeat","background-position":"center center","background-size":"auto","background-attachment":"scroll","background-type":"","background-media":"","overlay-type":"","overlay-color":"","overlay-opacity":"","overlay-gradient":""}},"ast-content-background-meta":{"desktop":{"background-color":"var(--ast-global-color-5)","background-image":"","background-repeat":"repeat","background-position":"center center","background-size":"auto","background-attachment":"scroll","background-type":"","background-media":"","overlay-type":"","overlay-color":"","overlay-opacity":"","overlay-gradient":""},"tablet":{"background-color":"var(--ast-global-color-5)","background-image":"","background-repeat":"repeat","background-position":"center center","background-size":"auto","background-attachment":"scroll","background-type":"","background-media":"","overlay-type":"","overlay-color":"","overlay-opacity":"","overlay-gradient":""},"mobile":{"background-color":"var(--ast-global-color-5)","background-image":"","background-repeat":"repeat","background-position":"center center","background-size":"auto","background-attachment":"scroll","background-type":"","background-media":"","overlay-type":"","overlay-color":"","overlay-opacity":"","overlay-gradient":""}}},"product_brand":[],"product_cat":[69],"product_tag":[],"class_list":{"0":"post-5202","1":"product","2":"type-product","3":"status-publish","4":"has-post-thumbnail","6":"product_cat-elektromos-emelo","7":"desktop-align-left","8":"tablet-align-left","9":"mobile-align-left","11":"first","12":"instock","13":"shipping-taxable","14":"product-type-simple"},"yoast_head":"<!-- This site is optimized with the Yoast SEO plugin v25.3 - https:\/\/yoast.com\/wordpress\/plugins\/seo\/ -->\n<title>Egygerend\u00e1s elektromos dr\u00f3tk\u00f6t\u00e9l-emel\u0151 - Lifting Safety - Lifting equipment from professionals<\/title>\n<meta name=\"robots\" content=\"index, follow, max-snippet:-1, max-image-preview:large, max-video-preview:-1\" \/>\n<link rel=\"canonical\" href=\"https:\/\/lifting-safety.com\/en\/product\/egygerendas-elektromos-drotkotel-emelo\/\" \/>\n<meta property=\"og:locale\" content=\"en_GB\" \/>\n<meta property=\"og:type\" content=\"article\" \/>\n<meta property=\"og:title\" content=\"Egygerend\u00e1s elektromos dr\u00f3tk\u00f6t\u00e9l-emel\u0151 - Lifting Safety - Lifting equipment from professionals\" \/>\n<meta property=\"og:description\" content=\"Term\u00e9kn\u00e9v:\u00a0Egygerend\u00e1s elektromos dr\u00f3tk\u00f6t\u00e9l-emel\u0151  T\u00edpus:\u00a0Emel\u0151berendez\u00e9s  Modell:\u00a0egygerend\u00e1s  Haszn\u00e1lat:\u00a0\u00a0\u00c9p\u00edt\u0151ipari emel\u0151 Kapacit\u00e1s:\u00a0\u00a01 tonna-16 tonna N\u00e9vleges fesz\u00fclts\u00e9g:\u00a0\u00a0380 V, 50\/60 Hz Sebess\u00e9g t\u00edpusa:\u00a0\u00a0Dupla sebess\u00e9g\u0171 Emel\u00e9si magass\u00e1g:\u00a0\u00a06,9,12,15,18m Heveder t\u00edpusa:\u00a0\u00a0Dr\u00f3tk\u00f6t\u00e9l  Min\u0151s\u00edt\u00e9s:\u00a0CE, GS  A fejlett technol\u00f3gia \u00e9s komponensek biztos\u00edtj\u00e1k, hogy az emel\u0151t optim\u00e1lis \u00e1llapotban m\u00e9g korl\u00e1tozott m\u00e9retben \u00e9s magass\u00e1gban is haszn\u00e1lj\u00e1k, a magas teljes\u00edtm\u00e9ny garant\u00e1l\u00e1sa mellett, hogy a m\u00e9ret a lehet\u0151 legkisebb legyen, a TWH elektromos dr\u00f3tk\u00f6t\u00e9l-emel\u0151k nagy munkater\u00fcletet foglalnak el, \u00f6sszehasonl\u00edtva m\u00e1s, ugyanabban haszn\u00e1lt emel\u0151kkel. m\u0171hely \u00e9s ugyanaz a munkater\u00fclet, n\u00f6velje a m\u0171helyhaszn\u00e1lati ar\u00e1nyt \u00e9s cs\u00f6kkentse a vak ter\u00fcletet. Seg\u00edthet drasztikusan cs\u00f6kkenteni a m\u0171hely magass\u00e1g\u00e1t \u00e9s csap\u00e1gyaz\u00e1s\u00e1t, ha \u00faj \u00fczemet tervez a TOYO hosit .Forcustomers.hivatkoz\u00e1ssal t\u00f6bb mint 10%-kal cs\u00f6kkentheti a l\u00e9tes\u00edtm\u00e9nyi beruh\u00e1z\u00e1sokat \u00e9s jav\u00edthatja a beruh\u00e1z\u00e1s hat\u00e9konys\u00e1g\u00e1t.\" \/>\n<meta property=\"og:url\" content=\"https:\/\/lifting-safety.com\/en\/product\/egygerendas-elektromos-drotkotel-emelo\/\" \/>\n<meta property=\"og:site_name\" content=\"Lifting Safety - Lifting equipment from professionals\" \/>\n<meta property=\"og:image\" content=\"https:\/\/lifting-safety.com\/wp-content\/uploads\/2024\/03\/Single-Girder-Electric-Wire-Rope-Hoist-China.webp\" \/>\n\t<meta property=\"og:image:width\" content=\"800\" \/>\n\t<meta property=\"og:image:height\" content=\"800\" \/>\n\t<meta property=\"og:image:type\" content=\"image\/webp\" \/>\n<meta name=\"twitter:card\" content=\"summary_large_image\" \/>\n<script type=\"application\/ld+json\" class=\"yoast-schema-graph\">{\"@context\":\"https:\/\/schema.org\",\"@graph\":[{\"@type\":\"WebPage\",\"@id\":\"https:\/\/lifting-safety.com\/termek\/egygerendas-elektromos-drotkotel-emelo\/\",\"url\":\"https:\/\/lifting-safety.com\/termek\/egygerendas-elektromos-drotkotel-emelo\/\",\"name\":\"Egygerend\u00e1s elektromos dr\u00f3tk\u00f6t\u00e9l-emel\u0151 - Lifting Safety - Lifting equipment from professionals\",\"isPartOf\":{\"@id\":\"https:\/\/lifting-safety.com\/hu_hu\/#website\"},\"primaryImageOfPage\":{\"@id\":\"https:\/\/lifting-safety.com\/termek\/egygerendas-elektromos-drotkotel-emelo\/#primaryimage\"},\"image\":{\"@id\":\"https:\/\/lifting-safety.com\/termek\/egygerendas-elektromos-drotkotel-emelo\/#primaryimage\"},\"thumbnailUrl\":\"https:\/\/lifting-safety.com\/wp-content\/uploads\/2024\/03\/Single-Girder-Electric-Wire-Rope-Hoist-China.webp\",\"datePublished\":\"2024-03-23T09:18:40+00:00\",\"breadcrumb\":{\"@id\":\"https:\/\/lifting-safety.com\/termek\/egygerendas-elektromos-drotkotel-emelo\/#breadcrumb\"},\"inLanguage\":\"en-GB\",\"potentialAction\":[{\"@type\":\"ReadAction\",\"target\":[\"https:\/\/lifting-safety.com\/termek\/egygerendas-elektromos-drotkotel-emelo\/\"]}]},{\"@type\":\"ImageObject\",\"inLanguage\":\"en-GB\",\"@id\":\"https:\/\/lifting-safety.com\/termek\/egygerendas-elektromos-drotkotel-emelo\/#primaryimage\",\"url\":\"https:\/\/lifting-safety.com\/wp-content\/uploads\/2024\/03\/Single-Girder-Electric-Wire-Rope-Hoist-China.webp\",\"contentUrl\":\"https:\/\/lifting-safety.com\/wp-content\/uploads\/2024\/03\/Single-Girder-Electric-Wire-Rope-Hoist-China.webp\",\"width\":800,\"height\":800},{\"@type\":\"BreadcrumbList\",\"@id\":\"https:\/\/lifting-safety.com\/termek\/egygerendas-elektromos-drotkotel-emelo\/#breadcrumb\",\"itemListElement\":[{\"@type\":\"ListItem\",\"position\":1,\"name\":\"Kezd\u0151lap\",\"item\":\"https:\/\/lifting-safety.com\/hu_hu\/\"},{\"@type\":\"ListItem\",\"position\":2,\"name\":\"Store\",\"item\":\"https:\/\/lifting-safety.com\/store\/\"},{\"@type\":\"ListItem\",\"position\":3,\"name\":\"Egygerend\u00e1s elektromos dr\u00f3tk\u00f6t\u00e9l-emel\u0151\"}]},{\"@type\":\"WebSite\",\"@id\":\"https:\/\/lifting-safety.com\/hu_hu\/#website\",\"url\":\"https:\/\/lifting-safety.com\/hu_hu\/\",\"name\":\"Lifting Safety - Lifting equipment from professionals\",\"description\":\"\",\"publisher\":{\"@id\":\"https:\/\/lifting-safety.com\/hu_hu\/#organization\"},\"potentialAction\":[{\"@type\":\"SearchAction\",\"target\":{\"@type\":\"EntryPoint\",\"urlTemplate\":\"https:\/\/lifting-safety.com\/hu_hu\/?s={search_term_string}\"},\"query-input\":{\"@type\":\"PropertyValueSpecification\",\"valueRequired\":true,\"valueName\":\"search_term_string\"}}],\"inLanguage\":\"en-GB\"},{\"@type\":\"Organization\",\"@id\":\"https:\/\/lifting-safety.com\/hu_hu\/#organization\",\"name\":\"Lifting Safety - Lifting equipment from professionals\",\"url\":\"https:\/\/lifting-safety.com\/hu_hu\/\",\"logo\":{\"@type\":\"ImageObject\",\"inLanguage\":\"en-GB\",\"@id\":\"https:\/\/lifting-safety.com\/hu_hu\/#\/schema\/logo\/image\/\",\"url\":\"https:\/\/lifting-safety.com\/wp-content\/uploads\/2024\/02\/cropped-SAFETY_LIFT_LOGO_horizontal_tiny.png\",\"contentUrl\":\"https:\/\/lifting-safety.com\/wp-content\/uploads\/2024\/02\/cropped-SAFETY_LIFT_LOGO_horizontal_tiny.png\",\"width\":520,\"height\":174,\"caption\":\"Lifting Safety - Lifting equipment from professionals\"},\"image\":{\"@id\":\"https:\/\/lifting-safety.com\/hu_hu\/#\/schema\/logo\/image\/\"}}]}<\/script>\n<!-- \/ Yoast SEO plugin. -->","yoast_head_json":{"title":"Egygerend\u00e1s elektromos dr\u00f3tk\u00f6t\u00e9l-emel\u0151 - Lifting Safety - Lifting equipment from professionals","robots":{"index":"index","follow":"follow","max-snippet":"max-snippet:-1","max-image-preview":"max-image-preview:large","max-video-preview":"max-video-preview:-1"},"canonical":"https:\/\/lifting-safety.com\/en\/product\/egygerendas-elektromos-drotkotel-emelo\/","og_locale":"en_GB","og_type":"article","og_title":"Egygerend\u00e1s elektromos dr\u00f3tk\u00f6t\u00e9l-emel\u0151 - Lifting Safety - Lifting equipment from professionals","og_description":"Term\u00e9kn\u00e9v:\u00a0Egygerend\u00e1s elektromos dr\u00f3tk\u00f6t\u00e9l-emel\u0151  T\u00edpus:\u00a0Emel\u0151berendez\u00e9s  Modell:\u00a0egygerend\u00e1s  Haszn\u00e1lat:\u00a0\u00a0\u00c9p\u00edt\u0151ipari emel\u0151 Kapacit\u00e1s:\u00a0\u00a01 tonna-16 tonna N\u00e9vleges fesz\u00fclts\u00e9g:\u00a0\u00a0380 V, 50\/60 Hz Sebess\u00e9g t\u00edpusa:\u00a0\u00a0Dupla sebess\u00e9g\u0171 Emel\u00e9si magass\u00e1g:\u00a0\u00a06,9,12,15,18m Heveder t\u00edpusa:\u00a0\u00a0Dr\u00f3tk\u00f6t\u00e9l  Min\u0151s\u00edt\u00e9s:\u00a0CE, GS  A fejlett technol\u00f3gia \u00e9s komponensek biztos\u00edtj\u00e1k, hogy az emel\u0151t optim\u00e1lis \u00e1llapotban m\u00e9g korl\u00e1tozott m\u00e9retben \u00e9s magass\u00e1gban is haszn\u00e1lj\u00e1k, a magas teljes\u00edtm\u00e9ny garant\u00e1l\u00e1sa mellett, hogy a m\u00e9ret a lehet\u0151 legkisebb legyen, a TWH elektromos dr\u00f3tk\u00f6t\u00e9l-emel\u0151k nagy munkater\u00fcletet foglalnak el, \u00f6sszehasonl\u00edtva m\u00e1s, ugyanabban haszn\u00e1lt emel\u0151kkel. m\u0171hely \u00e9s ugyanaz a munkater\u00fclet, n\u00f6velje a m\u0171helyhaszn\u00e1lati ar\u00e1nyt \u00e9s cs\u00f6kkentse a vak ter\u00fcletet. Seg\u00edthet drasztikusan cs\u00f6kkenteni a m\u0171hely magass\u00e1g\u00e1t \u00e9s csap\u00e1gyaz\u00e1s\u00e1t, ha \u00faj \u00fczemet tervez a TOYO hosit .Forcustomers.hivatkoz\u00e1ssal t\u00f6bb mint 10%-kal cs\u00f6kkentheti a l\u00e9tes\u00edtm\u00e9nyi beruh\u00e1z\u00e1sokat \u00e9s jav\u00edthatja a beruh\u00e1z\u00e1s hat\u00e9konys\u00e1g\u00e1t.","og_url":"https:\/\/lifting-safety.com\/en\/product\/egygerendas-elektromos-drotkotel-emelo\/","og_site_name":"Lifting Safety - Lifting equipment from professionals","og_image":[{"width":800,"height":800,"url":"https:\/\/lifting-safety.com\/wp-content\/uploads\/2024\/03\/Single-Girder-Electric-Wire-Rope-Hoist-China.webp","type":"image\/webp"}],"twitter_card":"summary_large_image","schema":{"@context":"https:\/\/schema.org","@graph":[{"@type":"WebPage","@id":"https:\/\/lifting-safety.com\/termek\/egygerendas-elektromos-drotkotel-emelo\/","url":"https:\/\/lifting-safety.com\/termek\/egygerendas-elektromos-drotkotel-emelo\/","name":"Egygerend\u00e1s elektromos dr\u00f3tk\u00f6t\u00e9l-emel\u0151 - Lifting Safety - Lifting equipment from professionals","isPartOf":{"@id":"https:\/\/lifting-safety.com\/hu_hu\/#website"},"primaryImageOfPage":{"@id":"https:\/\/lifting-safety.com\/termek\/egygerendas-elektromos-drotkotel-emelo\/#primaryimage"},"image":{"@id":"https:\/\/lifting-safety.com\/termek\/egygerendas-elektromos-drotkotel-emelo\/#primaryimage"},"thumbnailUrl":"https:\/\/lifting-safety.com\/wp-content\/uploads\/2024\/03\/Single-Girder-Electric-Wire-Rope-Hoist-China.webp","datePublished":"2024-03-23T09:18:40+00:00","breadcrumb":{"@id":"https:\/\/lifting-safety.com\/termek\/egygerendas-elektromos-drotkotel-emelo\/#breadcrumb"},"inLanguage":"en-GB","potentialAction":[{"@type":"ReadAction","target":["https:\/\/lifting-safety.com\/termek\/egygerendas-elektromos-drotkotel-emelo\/"]}]},{"@type":"ImageObject","inLanguage":"en-GB","@id":"https:\/\/lifting-safety.com\/termek\/egygerendas-elektromos-drotkotel-emelo\/#primaryimage","url":"https:\/\/lifting-safety.com\/wp-content\/uploads\/2024\/03\/Single-Girder-Electric-Wire-Rope-Hoist-China.webp","contentUrl":"https:\/\/lifting-safety.com\/wp-content\/uploads\/2024\/03\/Single-Girder-Electric-Wire-Rope-Hoist-China.webp","width":800,"height":800},{"@type":"BreadcrumbList","@id":"https:\/\/lifting-safety.com\/termek\/egygerendas-elektromos-drotkotel-emelo\/#breadcrumb","itemListElement":[{"@type":"ListItem","position":1,"name":"Kezd\u0151lap","item":"https:\/\/lifting-safety.com\/hu_hu\/"},{"@type":"ListItem","position":2,"name":"Store","item":"https:\/\/lifting-safety.com\/store\/"},{"@type":"ListItem","position":3,"name":"Egygerend\u00e1s elektromos dr\u00f3tk\u00f6t\u00e9l-emel\u0151"}]},{"@type":"WebSite","@id":"https:\/\/lifting-safety.com\/hu_hu\/#website","url":"https:\/\/lifting-safety.com\/hu_hu\/","name":"Lifting Safety - Lifting equipment from professionals","description":"","publisher":{"@id":"https:\/\/lifting-safety.com\/hu_hu\/#organization"},"potentialAction":[{"@type":"SearchAction","target":{"@type":"EntryPoint","urlTemplate":"https:\/\/lifting-safety.com\/hu_hu\/?s={search_term_string}"},"query-input":{"@type":"PropertyValueSpecification","valueRequired":true,"valueName":"search_term_string"}}],"inLanguage":"en-GB"},{"@type":"Organization","@id":"https:\/\/lifting-safety.com\/hu_hu\/#organization","name":"Lifting Safety - Lifting equipment from professionals","url":"https:\/\/lifting-safety.com\/hu_hu\/","logo":{"@type":"ImageObject","inLanguage":"en-GB","@id":"https:\/\/lifting-safety.com\/hu_hu\/#\/schema\/logo\/image\/","url":"https:\/\/lifting-safety.com\/wp-content\/uploads\/2024\/02\/cropped-SAFETY_LIFT_LOGO_horizontal_tiny.png","contentUrl":"https:\/\/lifting-safety.com\/wp-content\/uploads\/2024\/02\/cropped-SAFETY_LIFT_LOGO_horizontal_tiny.png","width":520,"height":174,"caption":"Lifting Safety - Lifting equipment from professionals"},"image":{"@id":"https:\/\/lifting-safety.com\/hu_hu\/#\/schema\/logo\/image\/"}}]}},"_links":{"self":[{"href":"https:\/\/lifting-safety.com\/en\/wp-json\/wp\/v2\/product\/5202","targetHints":{"allow":["GET"]}}],"collection":[{"href":"https:\/\/lifting-safety.com\/en\/wp-json\/wp\/v2\/product"}],"about":[{"href":"https:\/\/lifting-safety.com\/en\/wp-json\/wp\/v2\/types\/product"}],"version-history":[{"count":1,"href":"https:\/\/lifting-safety.com\/en\/wp-json\/wp\/v2\/product\/5202\/revisions"}],"predecessor-version":[{"id":5205,"href":"https:\/\/lifting-safety.com\/en\/wp-json\/wp\/v2\/product\/5202\/revisions\/5205"}],"wp:featuredmedia":[{"embeddable":true,"href":"https:\/\/lifting-safety.com\/en\/wp-json\/wp\/v2\/media\/5203"}],"wp:attachment":[{"href":"https:\/\/lifting-safety.com\/en\/wp-json\/wp\/v2\/media?parent=5202"}],"wp:term":[{"taxonomy":"product_brand","embeddable":true,"href":"https:\/\/lifting-safety.com\/en\/wp-json\/wp\/v2\/product_brand?post=5202"},{"taxonomy":"product_cat","embeddable":true,"href":"https:\/\/lifting-safety.com\/en\/wp-json\/wp\/v2\/product_cat?post=5202"},{"taxonomy":"product_tag","embeddable":true,"href":"https:\/\/lifting-safety.com\/en\/wp-json\/wp\/v2\/product_tag?post=5202"}],"curies":[{"name":"wp","href":"https:\/\/api.w.org\/{rel}","templated":true}]}}