{"id":5127,"date":"2024-03-22T19:24:37","date_gmt":"2024-03-22T18:24:37","guid":{"rendered":"https:\/\/lifting-safety.com\/?post_type=product&#038;p=5127"},"modified":"2024-03-22T19:26:49","modified_gmt":"2024-03-22T18:26:49","slug":"ty-fekes-kezi-csorlok","status":"publish","type":"product","link":"https:\/\/lifting-safety.com\/en\/product\/ty-fekes-kezi-csorlok\/","title":{"rendered":"TY F\u00e9kes k\u00e9zi cs\u00f6rl\u0151k"},"content":{"rendered":"<p><strong>Term\u00e9kel\u0151ny<\/strong><\/p>\n<p>(1) Kiv\u00e1l\u00f3 min\u0151s\u00e9g\u0171 sz\u00e9nac\u00e9l, speci\u00e1lis h\u0151kezel\u00e9s.<\/p>\n<p>K\u00f6nny\u0171, hordozhat\u00f3 \u00e9s tart\u00f3s.<\/p>\n<p>(2) Automatikus f\u00e9kez\u00e9s, b\u00e1rmikor elengedheti a foganty\u00fat, teher a k\u00edv\u00e1nt hely megtart\u00e1sa \u00e9rdek\u00e9ben, n\u00f6veli a biztons\u00e1gi t\u00e9nyez\u0151t, elker\u00fclheti a vesz\u00e9lyes es\u00e9svonal lees\u00e9s\u00e9t.<\/p>\n<p>(3) S\u00farl\u00f3d\u00f3 f\u00e9kberendez\u00e9s, rugalmas f\u00e9kek, rakom\u00e1nyh\u00e1zak, automatikusan ny\u00edl\u00f3 kett\u0151s f\u00e9k, emel\u0151 \u00f6nz\u00e1r\u00f3.<\/p>\n<p>(4) Biztos\u00edtson elektrosztatikus bevonatot, elektromos horganyzott, rozsdamentes ac\u00e9lt \u00e9s m\u00e1s st\u00edlusokat.<\/p>","protected":false},"excerpt":{"rendered":"<p><strong>Term\u00e9kn\u00e9v:<\/strong>\u00a0TY f\u00e9kez\u0151 k\u00e9zi cs\u00f6rl\u0151k<\/p>\n<p><strong>T\u00edpus:<\/strong>\u00a0Emel\u00e9s, h\u00faz\u00e1s \u00e9s fesz\u00edt\u00e9s<\/p>\n<p><strong>Min\u0151s\u00edt\u00e9s:<\/strong>\u00a0CE, GS<\/p>\n<p><strong>Haszn\u00e1lat:<\/strong>\u00a0\u00c9p\u00edt\u0151ipari emel\u0151<br \/>\n<strong>\u00c1ramforr\u00e1s:<\/strong>\u00a0K\u00e9zi<br \/>\n<strong>kapacit\u00e1s:<\/strong>\u00a01200LB, 1800LB, 2600LB<\/p>\n<p><strong>Alkalmazhat\u00f3 ipar\u00e1gak:<\/strong>\u00a0\u00d6nment\u00e9st \u00e9s ment\u00e9st v\u00e9gezhet zord k\u00f6rnyezetben, p\u00e9ld\u00e1ul h\u00f3ban, mocsarakban, sivatagokban, strandokon \u00e9s s\u00e1ros hegyi utakon, \u00e9s olyan m\u0171veleteket is v\u00e9grehajthat, mint az akad\u00e1lyok elt\u00e1vol\u00edt\u00e1sa, t\u00e1rgyak vonszol\u00e1sa \u00e9s l\u00e9tes\u00edtm\u00e9nyek felszerel\u00e9se m\u00e1s k\u00f6r\u00fclm\u00e9nyek k\u00f6z\u00f6tt.\u00a0K\u00f6rnyezetv\u00e9delem, erd\u00e9szet, k\u00f6zleked\u00e9s, k\u00f6zbiztons\u00e1g, hat\u00e1rv\u00e9delem, t\u0171zv\u00e9delem \u00e9s egy\u00e9b szabadt\u00e9ri sportok n\u00e9lk\u00fcl\u00f6zhetetlen biztons\u00e1gi eszk\u00f6ze.<\/p>","protected":false},"featured_media":5120,"template":"","meta":{"site-sidebar-layout":"default","site-content-layout":"","ast-site-content-layout":"default","site-content-style":"default","site-sidebar-style":"default","ast-global-header-display":"","ast-banner-title-visibility":"","ast-main-header-display":"","ast-hfb-above-header-display":"","ast-hfb-below-header-display":"","ast-hfb-mobile-header-display":"","site-post-title":"","ast-breadcrumbs-content":"","ast-featured-img":"","footer-sml-layout":"","theme-transparent-header-meta":"default","adv-header-id-meta":"","stick-header-meta":"","header-above-stick-meta":"","header-main-stick-meta":"","header-below-stick-meta":"","astra-migrate-meta-layouts":"set","ast-page-background-enabled":"default","ast-page-background-meta":{"desktop":{"background-color":"","background-image":"","background-repeat":"repeat","background-position":"center center","background-size":"auto","background-attachment":"scroll","background-type":"","background-media":"","overlay-type":"","overlay-color":"","overlay-opacity":"","overlay-gradient":""},"tablet":{"background-color":"","background-image":"","background-repeat":"repeat","background-position":"center center","background-size":"auto","background-attachment":"scroll","background-type":"","background-media":"","overlay-type":"","overlay-color":"","overlay-opacity":"","overlay-gradient":""},"mobile":{"background-color":"","background-image":"","background-repeat":"repeat","background-position":"center center","background-size":"auto","background-attachment":"scroll","background-type":"","background-media":"","overlay-type":"","overlay-color":"","overlay-opacity":"","overlay-gradient":""}},"ast-content-background-meta":{"desktop":{"background-color":"var(--ast-global-color-5)","background-image":"","background-repeat":"repeat","background-position":"center center","background-size":"auto","background-attachment":"scroll","background-type":"","background-media":"","overlay-type":"","overlay-color":"","overlay-opacity":"","overlay-gradient":""},"tablet":{"background-color":"var(--ast-global-color-5)","background-image":"","background-repeat":"repeat","background-position":"center center","background-size":"auto","background-attachment":"scroll","background-type":"","background-media":"","overlay-type":"","overlay-color":"","overlay-opacity":"","overlay-gradient":""},"mobile":{"background-color":"var(--ast-global-color-5)","background-image":"","background-repeat":"repeat","background-position":"center center","background-size":"auto","background-attachment":"scroll","background-type":"","background-media":"","overlay-type":"","overlay-color":"","overlay-opacity":"","overlay-gradient":""}}},"product_brand":[],"product_cat":[15,71],"product_tag":[],"class_list":{"0":"post-5127","1":"product","2":"type-product","3":"status-publish","4":"has-post-thumbnail","6":"product_cat-egyeb","7":"product_cat-kezi-emelok-es-hordozok","8":"desktop-align-left","9":"tablet-align-left","10":"mobile-align-left","12":"first","13":"instock","14":"shipping-taxable","15":"product-type-simple"},"yoast_head":"<!-- This site is optimized with the Yoast SEO plugin v25.3 - https:\/\/yoast.com\/wordpress\/plugins\/seo\/ -->\n<title>TY F\u00e9kes k\u00e9zi cs\u00f6rl\u0151k - Lifting Safety - Lifting equipment from professionals<\/title>\n<meta name=\"robots\" content=\"index, follow, max-snippet:-1, max-image-preview:large, max-video-preview:-1\" \/>\n<link rel=\"canonical\" href=\"https:\/\/lifting-safety.com\/en\/product\/ty-fekes-kezi-csorlok\/\" \/>\n<meta property=\"og:locale\" content=\"en_GB\" \/>\n<meta property=\"og:type\" content=\"article\" \/>\n<meta property=\"og:title\" content=\"TY F\u00e9kes k\u00e9zi cs\u00f6rl\u0151k - Lifting Safety - Lifting equipment from professionals\" \/>\n<meta property=\"og:description\" content=\"Term\u00e9kn\u00e9v:\u00a0TY f\u00e9kez\u0151 k\u00e9zi cs\u00f6rl\u0151k  T\u00edpus:\u00a0Emel\u00e9s, h\u00faz\u00e1s \u00e9s fesz\u00edt\u00e9s  Min\u0151s\u00edt\u00e9s:\u00a0CE, GS  Haszn\u00e1lat:\u00a0\u00c9p\u00edt\u0151ipari emel\u0151 \u00c1ramforr\u00e1s:\u00a0K\u00e9zi kapacit\u00e1s:\u00a01200LB, 1800LB, 2600LB  Alkalmazhat\u00f3 ipar\u00e1gak:\u00a0\u00d6nment\u00e9st \u00e9s ment\u00e9st v\u00e9gezhet zord k\u00f6rnyezetben, p\u00e9ld\u00e1ul h\u00f3ban, mocsarakban, sivatagokban, strandokon \u00e9s s\u00e1ros hegyi utakon, \u00e9s olyan m\u0171veleteket is v\u00e9grehajthat, mint az akad\u00e1lyok elt\u00e1vol\u00edt\u00e1sa, t\u00e1rgyak vonszol\u00e1sa \u00e9s l\u00e9tes\u00edtm\u00e9nyek felszerel\u00e9se m\u00e1s k\u00f6r\u00fclm\u00e9nyek k\u00f6z\u00f6tt.\u00a0K\u00f6rnyezetv\u00e9delem, erd\u00e9szet, k\u00f6zleked\u00e9s, k\u00f6zbiztons\u00e1g, hat\u00e1rv\u00e9delem, t\u0171zv\u00e9delem \u00e9s egy\u00e9b szabadt\u00e9ri sportok n\u00e9lk\u00fcl\u00f6zhetetlen biztons\u00e1gi eszk\u00f6ze.\" \/>\n<meta property=\"og:url\" content=\"https:\/\/lifting-safety.com\/en\/product\/ty-fekes-kezi-csorlok\/\" \/>\n<meta property=\"og:site_name\" content=\"Lifting Safety - Lifting equipment from professionals\" \/>\n<meta property=\"article:modified_time\" content=\"2024-03-22T18:26:49+00:00\" \/>\n<meta property=\"og:image\" content=\"https:\/\/lifting-safety.com\/wp-content\/uploads\/2024\/03\/Hand-Winch-Without-Steel-Wire-Rope-Or-Color-Belt-1.webp\" \/>\n\t<meta property=\"og:image:width\" content=\"400\" \/>\n\t<meta property=\"og:image:height\" content=\"400\" \/>\n\t<meta property=\"og:image:type\" content=\"image\/webp\" \/>\n<meta name=\"twitter:card\" content=\"summary_large_image\" \/>\n<script type=\"application\/ld+json\" class=\"yoast-schema-graph\">{\"@context\":\"https:\/\/schema.org\",\"@graph\":[{\"@type\":\"WebPage\",\"@id\":\"https:\/\/lifting-safety.com\/termek\/ty-fekes-kezi-csorlok\/\",\"url\":\"https:\/\/lifting-safety.com\/termek\/ty-fekes-kezi-csorlok\/\",\"name\":\"TY F\u00e9kes k\u00e9zi cs\u00f6rl\u0151k - Lifting Safety - Lifting equipment from professionals\",\"isPartOf\":{\"@id\":\"https:\/\/lifting-safety.com\/hu_hu\/#website\"},\"primaryImageOfPage\":{\"@id\":\"https:\/\/lifting-safety.com\/termek\/ty-fekes-kezi-csorlok\/#primaryimage\"},\"image\":{\"@id\":\"https:\/\/lifting-safety.com\/termek\/ty-fekes-kezi-csorlok\/#primaryimage\"},\"thumbnailUrl\":\"https:\/\/lifting-safety.com\/wp-content\/uploads\/2024\/03\/Hand-Winch-Without-Steel-Wire-Rope-Or-Color-Belt-1.webp\",\"datePublished\":\"2024-03-22T18:24:37+00:00\",\"dateModified\":\"2024-03-22T18:26:49+00:00\",\"breadcrumb\":{\"@id\":\"https:\/\/lifting-safety.com\/termek\/ty-fekes-kezi-csorlok\/#breadcrumb\"},\"inLanguage\":\"en-GB\",\"potentialAction\":[{\"@type\":\"ReadAction\",\"target\":[\"https:\/\/lifting-safety.com\/termek\/ty-fekes-kezi-csorlok\/\"]}]},{\"@type\":\"ImageObject\",\"inLanguage\":\"en-GB\",\"@id\":\"https:\/\/lifting-safety.com\/termek\/ty-fekes-kezi-csorlok\/#primaryimage\",\"url\":\"https:\/\/lifting-safety.com\/wp-content\/uploads\/2024\/03\/Hand-Winch-Without-Steel-Wire-Rope-Or-Color-Belt-1.webp\",\"contentUrl\":\"https:\/\/lifting-safety.com\/wp-content\/uploads\/2024\/03\/Hand-Winch-Without-Steel-Wire-Rope-Or-Color-Belt-1.webp\",\"width\":400,\"height\":400},{\"@type\":\"BreadcrumbList\",\"@id\":\"https:\/\/lifting-safety.com\/termek\/ty-fekes-kezi-csorlok\/#breadcrumb\",\"itemListElement\":[{\"@type\":\"ListItem\",\"position\":1,\"name\":\"Kezd\u0151lap\",\"item\":\"https:\/\/lifting-safety.com\/hu_hu\/\"},{\"@type\":\"ListItem\",\"position\":2,\"name\":\"Store\",\"item\":\"https:\/\/lifting-safety.com\/store\/\"},{\"@type\":\"ListItem\",\"position\":3,\"name\":\"TY F\u00e9kes k\u00e9zi cs\u00f6rl\u0151k\"}]},{\"@type\":\"WebSite\",\"@id\":\"https:\/\/lifting-safety.com\/hu_hu\/#website\",\"url\":\"https:\/\/lifting-safety.com\/hu_hu\/\",\"name\":\"Lifting Safety - Lifting equipment from professionals\",\"description\":\"\",\"publisher\":{\"@id\":\"https:\/\/lifting-safety.com\/hu_hu\/#organization\"},\"potentialAction\":[{\"@type\":\"SearchAction\",\"target\":{\"@type\":\"EntryPoint\",\"urlTemplate\":\"https:\/\/lifting-safety.com\/hu_hu\/?s={search_term_string}\"},\"query-input\":{\"@type\":\"PropertyValueSpecification\",\"valueRequired\":true,\"valueName\":\"search_term_string\"}}],\"inLanguage\":\"en-GB\"},{\"@type\":\"Organization\",\"@id\":\"https:\/\/lifting-safety.com\/hu_hu\/#organization\",\"name\":\"Lifting Safety - Lifting equipment from professionals\",\"url\":\"https:\/\/lifting-safety.com\/hu_hu\/\",\"logo\":{\"@type\":\"ImageObject\",\"inLanguage\":\"en-GB\",\"@id\":\"https:\/\/lifting-safety.com\/hu_hu\/#\/schema\/logo\/image\/\",\"url\":\"https:\/\/lifting-safety.com\/wp-content\/uploads\/2024\/02\/cropped-SAFETY_LIFT_LOGO_horizontal_tiny.png\",\"contentUrl\":\"https:\/\/lifting-safety.com\/wp-content\/uploads\/2024\/02\/cropped-SAFETY_LIFT_LOGO_horizontal_tiny.png\",\"width\":520,\"height\":174,\"caption\":\"Lifting Safety - Lifting equipment from professionals\"},\"image\":{\"@id\":\"https:\/\/lifting-safety.com\/hu_hu\/#\/schema\/logo\/image\/\"}}]}<\/script>\n<!-- \/ Yoast SEO plugin. -->","yoast_head_json":{"title":"TY F\u00e9kes k\u00e9zi cs\u00f6rl\u0151k - Lifting Safety - Lifting equipment from professionals","robots":{"index":"index","follow":"follow","max-snippet":"max-snippet:-1","max-image-preview":"max-image-preview:large","max-video-preview":"max-video-preview:-1"},"canonical":"https:\/\/lifting-safety.com\/en\/product\/ty-fekes-kezi-csorlok\/","og_locale":"en_GB","og_type":"article","og_title":"TY F\u00e9kes k\u00e9zi cs\u00f6rl\u0151k - Lifting Safety - Lifting equipment from professionals","og_description":"Term\u00e9kn\u00e9v:\u00a0TY f\u00e9kez\u0151 k\u00e9zi cs\u00f6rl\u0151k  T\u00edpus:\u00a0Emel\u00e9s, h\u00faz\u00e1s \u00e9s fesz\u00edt\u00e9s  Min\u0151s\u00edt\u00e9s:\u00a0CE, GS  Haszn\u00e1lat:\u00a0\u00c9p\u00edt\u0151ipari emel\u0151 \u00c1ramforr\u00e1s:\u00a0K\u00e9zi kapacit\u00e1s:\u00a01200LB, 1800LB, 2600LB  Alkalmazhat\u00f3 ipar\u00e1gak:\u00a0\u00d6nment\u00e9st \u00e9s ment\u00e9st v\u00e9gezhet zord k\u00f6rnyezetben, p\u00e9ld\u00e1ul h\u00f3ban, mocsarakban, sivatagokban, strandokon \u00e9s s\u00e1ros hegyi utakon, \u00e9s olyan m\u0171veleteket is v\u00e9grehajthat, mint az akad\u00e1lyok elt\u00e1vol\u00edt\u00e1sa, t\u00e1rgyak vonszol\u00e1sa \u00e9s l\u00e9tes\u00edtm\u00e9nyek felszerel\u00e9se m\u00e1s k\u00f6r\u00fclm\u00e9nyek k\u00f6z\u00f6tt.\u00a0K\u00f6rnyezetv\u00e9delem, erd\u00e9szet, k\u00f6zleked\u00e9s, k\u00f6zbiztons\u00e1g, hat\u00e1rv\u00e9delem, t\u0171zv\u00e9delem \u00e9s egy\u00e9b szabadt\u00e9ri sportok n\u00e9lk\u00fcl\u00f6zhetetlen biztons\u00e1gi eszk\u00f6ze.","og_url":"https:\/\/lifting-safety.com\/en\/product\/ty-fekes-kezi-csorlok\/","og_site_name":"Lifting Safety - Lifting equipment from professionals","article_modified_time":"2024-03-22T18:26:49+00:00","og_image":[{"width":400,"height":400,"url":"https:\/\/lifting-safety.com\/wp-content\/uploads\/2024\/03\/Hand-Winch-Without-Steel-Wire-Rope-Or-Color-Belt-1.webp","type":"image\/webp"}],"twitter_card":"summary_large_image","schema":{"@context":"https:\/\/schema.org","@graph":[{"@type":"WebPage","@id":"https:\/\/lifting-safety.com\/termek\/ty-fekes-kezi-csorlok\/","url":"https:\/\/lifting-safety.com\/termek\/ty-fekes-kezi-csorlok\/","name":"TY F\u00e9kes k\u00e9zi cs\u00f6rl\u0151k - Lifting Safety - Lifting equipment from professionals","isPartOf":{"@id":"https:\/\/lifting-safety.com\/hu_hu\/#website"},"primaryImageOfPage":{"@id":"https:\/\/lifting-safety.com\/termek\/ty-fekes-kezi-csorlok\/#primaryimage"},"image":{"@id":"https:\/\/lifting-safety.com\/termek\/ty-fekes-kezi-csorlok\/#primaryimage"},"thumbnailUrl":"https:\/\/lifting-safety.com\/wp-content\/uploads\/2024\/03\/Hand-Winch-Without-Steel-Wire-Rope-Or-Color-Belt-1.webp","datePublished":"2024-03-22T18:24:37+00:00","dateModified":"2024-03-22T18:26:49+00:00","breadcrumb":{"@id":"https:\/\/lifting-safety.com\/termek\/ty-fekes-kezi-csorlok\/#breadcrumb"},"inLanguage":"en-GB","potentialAction":[{"@type":"ReadAction","target":["https:\/\/lifting-safety.com\/termek\/ty-fekes-kezi-csorlok\/"]}]},{"@type":"ImageObject","inLanguage":"en-GB","@id":"https:\/\/lifting-safety.com\/termek\/ty-fekes-kezi-csorlok\/#primaryimage","url":"https:\/\/lifting-safety.com\/wp-content\/uploads\/2024\/03\/Hand-Winch-Without-Steel-Wire-Rope-Or-Color-Belt-1.webp","contentUrl":"https:\/\/lifting-safety.com\/wp-content\/uploads\/2024\/03\/Hand-Winch-Without-Steel-Wire-Rope-Or-Color-Belt-1.webp","width":400,"height":400},{"@type":"BreadcrumbList","@id":"https:\/\/lifting-safety.com\/termek\/ty-fekes-kezi-csorlok\/#breadcrumb","itemListElement":[{"@type":"ListItem","position":1,"name":"Kezd\u0151lap","item":"https:\/\/lifting-safety.com\/hu_hu\/"},{"@type":"ListItem","position":2,"name":"Store","item":"https:\/\/lifting-safety.com\/store\/"},{"@type":"ListItem","position":3,"name":"TY F\u00e9kes k\u00e9zi cs\u00f6rl\u0151k"}]},{"@type":"WebSite","@id":"https:\/\/lifting-safety.com\/hu_hu\/#website","url":"https:\/\/lifting-safety.com\/hu_hu\/","name":"Lifting Safety - Lifting equipment from professionals","description":"","publisher":{"@id":"https:\/\/lifting-safety.com\/hu_hu\/#organization"},"potentialAction":[{"@type":"SearchAction","target":{"@type":"EntryPoint","urlTemplate":"https:\/\/lifting-safety.com\/hu_hu\/?s={search_term_string}"},"query-input":{"@type":"PropertyValueSpecification","valueRequired":true,"valueName":"search_term_string"}}],"inLanguage":"en-GB"},{"@type":"Organization","@id":"https:\/\/lifting-safety.com\/hu_hu\/#organization","name":"Lifting Safety - Lifting equipment from professionals","url":"https:\/\/lifting-safety.com\/hu_hu\/","logo":{"@type":"ImageObject","inLanguage":"en-GB","@id":"https:\/\/lifting-safety.com\/hu_hu\/#\/schema\/logo\/image\/","url":"https:\/\/lifting-safety.com\/wp-content\/uploads\/2024\/02\/cropped-SAFETY_LIFT_LOGO_horizontal_tiny.png","contentUrl":"https:\/\/lifting-safety.com\/wp-content\/uploads\/2024\/02\/cropped-SAFETY_LIFT_LOGO_horizontal_tiny.png","width":520,"height":174,"caption":"Lifting Safety - Lifting equipment from professionals"},"image":{"@id":"https:\/\/lifting-safety.com\/hu_hu\/#\/schema\/logo\/image\/"}}]}},"_links":{"self":[{"href":"https:\/\/lifting-safety.com\/en\/wp-json\/wp\/v2\/product\/5127","targetHints":{"allow":["GET"]}}],"collection":[{"href":"https:\/\/lifting-safety.com\/en\/wp-json\/wp\/v2\/product"}],"about":[{"href":"https:\/\/lifting-safety.com\/en\/wp-json\/wp\/v2\/types\/product"}],"version-history":[{"count":2,"href":"https:\/\/lifting-safety.com\/en\/wp-json\/wp\/v2\/product\/5127\/revisions"}],"predecessor-version":[{"id":5132,"href":"https:\/\/lifting-safety.com\/en\/wp-json\/wp\/v2\/product\/5127\/revisions\/5132"}],"wp:featuredmedia":[{"embeddable":true,"href":"https:\/\/lifting-safety.com\/en\/wp-json\/wp\/v2\/media\/5120"}],"wp:attachment":[{"href":"https:\/\/lifting-safety.com\/en\/wp-json\/wp\/v2\/media?parent=5127"}],"wp:term":[{"taxonomy":"product_brand","embeddable":true,"href":"https:\/\/lifting-safety.com\/en\/wp-json\/wp\/v2\/product_brand?post=5127"},{"taxonomy":"product_cat","embeddable":true,"href":"https:\/\/lifting-safety.com\/en\/wp-json\/wp\/v2\/product_cat?post=5127"},{"taxonomy":"product_tag","embeddable":true,"href":"https:\/\/lifting-safety.com\/en\/wp-json\/wp\/v2\/product_tag?post=5127"}],"curies":[{"name":"wp","href":"https:\/\/api.w.org\/{rel}","templated":true}]}}