{"id":5117,"date":"2024-03-22T19:13:44","date_gmt":"2024-03-22T18:13:44","guid":{"rendered":"https:\/\/lifting-safety.com\/?post_type=product&#038;p=5117"},"modified":"2024-04-15T13:53:07","modified_gmt":"2024-04-15T11:53:07","slug":"kezi-csorlo-acel-drotkotel-vagy-szines-ov-nelkul","status":"publish","type":"product","link":"https:\/\/lifting-safety.com\/en\/product\/kezi-csorlo-acel-drotkotel-vagy-szines-ov-nelkul\/","title":{"rendered":"K\u00e9zi cs\u00f6rl\u0151, ac\u00e9l dr\u00f3tk\u00f6t\u00e9l n\u00e9lk\u00fcl"},"content":{"rendered":"<p><strong>Term\u00e9kel\u0151ny<\/strong><\/p>\n<p>(1) T\u00f6m\u00edtett goly\u00f3scsap\u00e1gy a mozg\u00f3 ker\u00e9kben.<\/p>\n<p>(2) Nagy teherb\u00edr\u00e1s\u00fa konstrukci\u00f3 pr\u00e9mium min\u0151s\u00e9ggel.<\/p>\n<p>(3) Kov\u00e1csolt ac\u00e9l mozg\u00f3 ker\u00e9k.\u00a0\u00d6nt\u0151ker\u00e9k opci\u00f3.<\/p>\n<p>(4) Opcion\u00e1lis puffer gumiblokkokkal felszerelve.<\/p>","protected":false},"excerpt":{"rendered":"<p><strong>Term\u00e9k megnevez\u00e9se:<\/strong>\u00a0Gazdas\u00e1gos k\u00e9zi sima kocsi<\/p>\n<p><strong>T\u00edpus:<\/strong>\u00a0V\u00edzszintes mozg\u00e1s<\/p>\n<p><strong>Min\u0151s\u00edt\u00e9s:<\/strong>\u00a0CE, GS<\/p>\n<p><strong>Emel\u0151 Er\u0151forr\u00e1s:<\/strong> K\u00e9zi<br \/>\n<strong>Kapaci<\/strong><span style=\"font-size: 16px;\"><strong>t\u00e1s:<\/strong> 350kg-1100kg<\/span><\/p>\n<p><strong>Alkalmazhat\u00f3 ipar\u00e1gak:<\/strong>\u00a0\u00c9p\u00edt\u0151anyag-\u00fczletek, G\u00e9pjav\u00edt\u00f3 m\u0171helyek, Gy\u00e1rt\u00f3\u00fczem, Farmok, Kiskereskedelem, \u00c9p\u00edt\u00e9si munk\u00e1k , Energia \u00e9s b\u00e1ny\u00e1szat<\/p>","protected":false},"featured_media":5118,"template":"","meta":{"site-sidebar-layout":"default","site-content-layout":"","ast-site-content-layout":"default","site-content-style":"default","site-sidebar-style":"default","ast-global-header-display":"","ast-banner-title-visibility":"","ast-main-header-display":"","ast-hfb-above-header-display":"","ast-hfb-below-header-display":"","ast-hfb-mobile-header-display":"","site-post-title":"","ast-breadcrumbs-content":"","ast-featured-img":"","footer-sml-layout":"","theme-transparent-header-meta":"default","adv-header-id-meta":"","stick-header-meta":"","header-above-stick-meta":"","header-main-stick-meta":"","header-below-stick-meta":"","astra-migrate-meta-layouts":"set","ast-page-background-enabled":"default","ast-page-background-meta":{"desktop":{"background-color":"","background-image":"","background-repeat":"repeat","background-position":"center center","background-size":"auto","background-attachment":"scroll","background-type":"","background-media":"","overlay-type":"","overlay-color":"","overlay-opacity":"","overlay-gradient":""},"tablet":{"background-color":"","background-image":"","background-repeat":"repeat","background-position":"center center","background-size":"auto","background-attachment":"scroll","background-type":"","background-media":"","overlay-type":"","overlay-color":"","overlay-opacity":"","overlay-gradient":""},"mobile":{"background-color":"","background-image":"","background-repeat":"repeat","background-position":"center center","background-size":"auto","background-attachment":"scroll","background-type":"","background-media":"","overlay-type":"","overlay-color":"","overlay-opacity":"","overlay-gradient":""}},"ast-content-background-meta":{"desktop":{"background-color":"var(--ast-global-color-5)","background-image":"","background-repeat":"repeat","background-position":"center center","background-size":"auto","background-attachment":"scroll","background-type":"","background-media":"","overlay-type":"","overlay-color":"","overlay-opacity":"","overlay-gradient":""},"tablet":{"background-color":"var(--ast-global-color-5)","background-image":"","background-repeat":"repeat","background-position":"center center","background-size":"auto","background-attachment":"scroll","background-type":"","background-media":"","overlay-type":"","overlay-color":"","overlay-opacity":"","overlay-gradient":""},"mobile":{"background-color":"var(--ast-global-color-5)","background-image":"","background-repeat":"repeat","background-position":"center center","background-size":"auto","background-attachment":"scroll","background-type":"","background-media":"","overlay-type":"","overlay-color":"","overlay-opacity":"","overlay-gradient":""}}},"product_brand":[],"product_cat":[71],"product_tag":[],"class_list":{"0":"post-5117","1":"product","2":"type-product","3":"status-publish","4":"has-post-thumbnail","6":"product_cat-kezi-emelok-es-hordozok","7":"desktop-align-left","8":"tablet-align-left","9":"mobile-align-left","11":"first","12":"instock","13":"shipping-taxable","14":"product-type-simple"},"yoast_head":"<!-- This site is optimized with the Yoast SEO plugin v25.3 - https:\/\/yoast.com\/wordpress\/plugins\/seo\/ -->\n<title>K\u00e9zi cs\u00f6rl\u0151, ac\u00e9l dr\u00f3tk\u00f6t\u00e9l n\u00e9lk\u00fcl - Lifting Safety - Lifting equipment from professionals<\/title>\n<meta name=\"robots\" content=\"index, follow, max-snippet:-1, max-image-preview:large, max-video-preview:-1\" \/>\n<link rel=\"canonical\" href=\"https:\/\/lifting-safety.com\/en\/product\/kezi-csorlo-acel-drotkotel-vagy-szines-ov-nelkul\/\" \/>\n<meta property=\"og:locale\" content=\"en_GB\" \/>\n<meta property=\"og:type\" content=\"article\" \/>\n<meta property=\"og:title\" content=\"K\u00e9zi cs\u00f6rl\u0151, ac\u00e9l dr\u00f3tk\u00f6t\u00e9l n\u00e9lk\u00fcl - Lifting Safety - Lifting equipment from professionals\" \/>\n<meta property=\"og:description\" content=\"Term\u00e9k megnevez\u00e9se:\u00a0Gazdas\u00e1gos k\u00e9zi sima kocsi  T\u00edpus:\u00a0V\u00edzszintes mozg\u00e1s  Min\u0151s\u00edt\u00e9s:\u00a0CE, GS  Emel\u0151 Er\u0151forr\u00e1s: K\u00e9zi Kapacit\u00e1s: 350kg-1100kg  Alkalmazhat\u00f3 ipar\u00e1gak:\u00a0\u00c9p\u00edt\u0151anyag-\u00fczletek, G\u00e9pjav\u00edt\u00f3 m\u0171helyek, Gy\u00e1rt\u00f3\u00fczem, Farmok, Kiskereskedelem, \u00c9p\u00edt\u00e9si munk\u00e1k , Energia \u00e9s b\u00e1ny\u00e1szat\" \/>\n<meta property=\"og:url\" content=\"https:\/\/lifting-safety.com\/en\/product\/kezi-csorlo-acel-drotkotel-vagy-szines-ov-nelkul\/\" \/>\n<meta property=\"og:site_name\" content=\"Lifting Safety - Lifting equipment from professionals\" \/>\n<meta property=\"article:modified_time\" content=\"2024-04-15T11:53:07+00:00\" \/>\n<meta property=\"og:image\" content=\"https:\/\/lifting-safety.com\/wp-content\/uploads\/2024\/03\/Hand-Winch-Without-Steel-Wire-Rope-Or-Color-Belt.webp\" \/>\n\t<meta property=\"og:image:width\" content=\"400\" \/>\n\t<meta property=\"og:image:height\" content=\"400\" \/>\n\t<meta property=\"og:image:type\" content=\"image\/webp\" \/>\n<meta name=\"twitter:card\" content=\"summary_large_image\" \/>\n<script type=\"application\/ld+json\" class=\"yoast-schema-graph\">{\"@context\":\"https:\/\/schema.org\",\"@graph\":[{\"@type\":\"WebPage\",\"@id\":\"https:\/\/lifting-safety.com\/termek\/kezi-csorlo-acel-drotkotel-vagy-szines-ov-nelkul\/\",\"url\":\"https:\/\/lifting-safety.com\/termek\/kezi-csorlo-acel-drotkotel-vagy-szines-ov-nelkul\/\",\"name\":\"K\u00e9zi cs\u00f6rl\u0151, ac\u00e9l dr\u00f3tk\u00f6t\u00e9l n\u00e9lk\u00fcl - Lifting Safety - Lifting equipment from professionals\",\"isPartOf\":{\"@id\":\"https:\/\/lifting-safety.com\/hu_hu\/#website\"},\"primaryImageOfPage\":{\"@id\":\"https:\/\/lifting-safety.com\/termek\/kezi-csorlo-acel-drotkotel-vagy-szines-ov-nelkul\/#primaryimage\"},\"image\":{\"@id\":\"https:\/\/lifting-safety.com\/termek\/kezi-csorlo-acel-drotkotel-vagy-szines-ov-nelkul\/#primaryimage\"},\"thumbnailUrl\":\"https:\/\/lifting-safety.com\/wp-content\/uploads\/2024\/03\/Hand-Winch-Without-Steel-Wire-Rope-Or-Color-Belt.webp\",\"datePublished\":\"2024-03-22T18:13:44+00:00\",\"dateModified\":\"2024-04-15T11:53:07+00:00\",\"breadcrumb\":{\"@id\":\"https:\/\/lifting-safety.com\/termek\/kezi-csorlo-acel-drotkotel-vagy-szines-ov-nelkul\/#breadcrumb\"},\"inLanguage\":\"en-GB\",\"potentialAction\":[{\"@type\":\"ReadAction\",\"target\":[\"https:\/\/lifting-safety.com\/termek\/kezi-csorlo-acel-drotkotel-vagy-szines-ov-nelkul\/\"]}]},{\"@type\":\"ImageObject\",\"inLanguage\":\"en-GB\",\"@id\":\"https:\/\/lifting-safety.com\/termek\/kezi-csorlo-acel-drotkotel-vagy-szines-ov-nelkul\/#primaryimage\",\"url\":\"https:\/\/lifting-safety.com\/wp-content\/uploads\/2024\/03\/Hand-Winch-Without-Steel-Wire-Rope-Or-Color-Belt.webp\",\"contentUrl\":\"https:\/\/lifting-safety.com\/wp-content\/uploads\/2024\/03\/Hand-Winch-Without-Steel-Wire-Rope-Or-Color-Belt.webp\",\"width\":400,\"height\":400},{\"@type\":\"BreadcrumbList\",\"@id\":\"https:\/\/lifting-safety.com\/termek\/kezi-csorlo-acel-drotkotel-vagy-szines-ov-nelkul\/#breadcrumb\",\"itemListElement\":[{\"@type\":\"ListItem\",\"position\":1,\"name\":\"Kezd\u0151lap\",\"item\":\"https:\/\/lifting-safety.com\/hu_hu\/\"},{\"@type\":\"ListItem\",\"position\":2,\"name\":\"Store\",\"item\":\"https:\/\/lifting-safety.com\/store\/\"},{\"@type\":\"ListItem\",\"position\":3,\"name\":\"K\u00e9zi cs\u00f6rl\u0151, ac\u00e9l dr\u00f3tk\u00f6t\u00e9l n\u00e9lk\u00fcl\"}]},{\"@type\":\"WebSite\",\"@id\":\"https:\/\/lifting-safety.com\/hu_hu\/#website\",\"url\":\"https:\/\/lifting-safety.com\/hu_hu\/\",\"name\":\"Lifting Safety - Lifting equipment from professionals\",\"description\":\"\",\"publisher\":{\"@id\":\"https:\/\/lifting-safety.com\/hu_hu\/#organization\"},\"potentialAction\":[{\"@type\":\"SearchAction\",\"target\":{\"@type\":\"EntryPoint\",\"urlTemplate\":\"https:\/\/lifting-safety.com\/hu_hu\/?s={search_term_string}\"},\"query-input\":{\"@type\":\"PropertyValueSpecification\",\"valueRequired\":true,\"valueName\":\"search_term_string\"}}],\"inLanguage\":\"en-GB\"},{\"@type\":\"Organization\",\"@id\":\"https:\/\/lifting-safety.com\/hu_hu\/#organization\",\"name\":\"Lifting Safety - Lifting equipment from professionals\",\"url\":\"https:\/\/lifting-safety.com\/hu_hu\/\",\"logo\":{\"@type\":\"ImageObject\",\"inLanguage\":\"en-GB\",\"@id\":\"https:\/\/lifting-safety.com\/hu_hu\/#\/schema\/logo\/image\/\",\"url\":\"https:\/\/lifting-safety.com\/wp-content\/uploads\/2024\/02\/cropped-SAFETY_LIFT_LOGO_horizontal_tiny.png\",\"contentUrl\":\"https:\/\/lifting-safety.com\/wp-content\/uploads\/2024\/02\/cropped-SAFETY_LIFT_LOGO_horizontal_tiny.png\",\"width\":520,\"height\":174,\"caption\":\"Lifting Safety - Lifting equipment from professionals\"},\"image\":{\"@id\":\"https:\/\/lifting-safety.com\/hu_hu\/#\/schema\/logo\/image\/\"}}]}<\/script>\n<!-- \/ Yoast SEO plugin. -->","yoast_head_json":{"title":"K\u00e9zi cs\u00f6rl\u0151, ac\u00e9l dr\u00f3tk\u00f6t\u00e9l n\u00e9lk\u00fcl - Lifting Safety - Lifting equipment from professionals","robots":{"index":"index","follow":"follow","max-snippet":"max-snippet:-1","max-image-preview":"max-image-preview:large","max-video-preview":"max-video-preview:-1"},"canonical":"https:\/\/lifting-safety.com\/en\/product\/kezi-csorlo-acel-drotkotel-vagy-szines-ov-nelkul\/","og_locale":"en_GB","og_type":"article","og_title":"K\u00e9zi cs\u00f6rl\u0151, ac\u00e9l dr\u00f3tk\u00f6t\u00e9l n\u00e9lk\u00fcl - Lifting Safety - Lifting equipment from professionals","og_description":"Term\u00e9k megnevez\u00e9se:\u00a0Gazdas\u00e1gos k\u00e9zi sima kocsi  T\u00edpus:\u00a0V\u00edzszintes mozg\u00e1s  Min\u0151s\u00edt\u00e9s:\u00a0CE, GS  Emel\u0151 Er\u0151forr\u00e1s: K\u00e9zi Kapacit\u00e1s: 350kg-1100kg  Alkalmazhat\u00f3 ipar\u00e1gak:\u00a0\u00c9p\u00edt\u0151anyag-\u00fczletek, G\u00e9pjav\u00edt\u00f3 m\u0171helyek, Gy\u00e1rt\u00f3\u00fczem, Farmok, Kiskereskedelem, \u00c9p\u00edt\u00e9si munk\u00e1k , Energia \u00e9s b\u00e1ny\u00e1szat","og_url":"https:\/\/lifting-safety.com\/en\/product\/kezi-csorlo-acel-drotkotel-vagy-szines-ov-nelkul\/","og_site_name":"Lifting Safety - Lifting equipment from professionals","article_modified_time":"2024-04-15T11:53:07+00:00","og_image":[{"width":400,"height":400,"url":"https:\/\/lifting-safety.com\/wp-content\/uploads\/2024\/03\/Hand-Winch-Without-Steel-Wire-Rope-Or-Color-Belt.webp","type":"image\/webp"}],"twitter_card":"summary_large_image","schema":{"@context":"https:\/\/schema.org","@graph":[{"@type":"WebPage","@id":"https:\/\/lifting-safety.com\/termek\/kezi-csorlo-acel-drotkotel-vagy-szines-ov-nelkul\/","url":"https:\/\/lifting-safety.com\/termek\/kezi-csorlo-acel-drotkotel-vagy-szines-ov-nelkul\/","name":"K\u00e9zi cs\u00f6rl\u0151, ac\u00e9l dr\u00f3tk\u00f6t\u00e9l n\u00e9lk\u00fcl - Lifting Safety - Lifting equipment from professionals","isPartOf":{"@id":"https:\/\/lifting-safety.com\/hu_hu\/#website"},"primaryImageOfPage":{"@id":"https:\/\/lifting-safety.com\/termek\/kezi-csorlo-acel-drotkotel-vagy-szines-ov-nelkul\/#primaryimage"},"image":{"@id":"https:\/\/lifting-safety.com\/termek\/kezi-csorlo-acel-drotkotel-vagy-szines-ov-nelkul\/#primaryimage"},"thumbnailUrl":"https:\/\/lifting-safety.com\/wp-content\/uploads\/2024\/03\/Hand-Winch-Without-Steel-Wire-Rope-Or-Color-Belt.webp","datePublished":"2024-03-22T18:13:44+00:00","dateModified":"2024-04-15T11:53:07+00:00","breadcrumb":{"@id":"https:\/\/lifting-safety.com\/termek\/kezi-csorlo-acel-drotkotel-vagy-szines-ov-nelkul\/#breadcrumb"},"inLanguage":"en-GB","potentialAction":[{"@type":"ReadAction","target":["https:\/\/lifting-safety.com\/termek\/kezi-csorlo-acel-drotkotel-vagy-szines-ov-nelkul\/"]}]},{"@type":"ImageObject","inLanguage":"en-GB","@id":"https:\/\/lifting-safety.com\/termek\/kezi-csorlo-acel-drotkotel-vagy-szines-ov-nelkul\/#primaryimage","url":"https:\/\/lifting-safety.com\/wp-content\/uploads\/2024\/03\/Hand-Winch-Without-Steel-Wire-Rope-Or-Color-Belt.webp","contentUrl":"https:\/\/lifting-safety.com\/wp-content\/uploads\/2024\/03\/Hand-Winch-Without-Steel-Wire-Rope-Or-Color-Belt.webp","width":400,"height":400},{"@type":"BreadcrumbList","@id":"https:\/\/lifting-safety.com\/termek\/kezi-csorlo-acel-drotkotel-vagy-szines-ov-nelkul\/#breadcrumb","itemListElement":[{"@type":"ListItem","position":1,"name":"Kezd\u0151lap","item":"https:\/\/lifting-safety.com\/hu_hu\/"},{"@type":"ListItem","position":2,"name":"Store","item":"https:\/\/lifting-safety.com\/store\/"},{"@type":"ListItem","position":3,"name":"K\u00e9zi cs\u00f6rl\u0151, ac\u00e9l dr\u00f3tk\u00f6t\u00e9l n\u00e9lk\u00fcl"}]},{"@type":"WebSite","@id":"https:\/\/lifting-safety.com\/hu_hu\/#website","url":"https:\/\/lifting-safety.com\/hu_hu\/","name":"Lifting Safety - Lifting equipment from professionals","description":"","publisher":{"@id":"https:\/\/lifting-safety.com\/hu_hu\/#organization"},"potentialAction":[{"@type":"SearchAction","target":{"@type":"EntryPoint","urlTemplate":"https:\/\/lifting-safety.com\/hu_hu\/?s={search_term_string}"},"query-input":{"@type":"PropertyValueSpecification","valueRequired":true,"valueName":"search_term_string"}}],"inLanguage":"en-GB"},{"@type":"Organization","@id":"https:\/\/lifting-safety.com\/hu_hu\/#organization","name":"Lifting Safety - Lifting equipment from professionals","url":"https:\/\/lifting-safety.com\/hu_hu\/","logo":{"@type":"ImageObject","inLanguage":"en-GB","@id":"https:\/\/lifting-safety.com\/hu_hu\/#\/schema\/logo\/image\/","url":"https:\/\/lifting-safety.com\/wp-content\/uploads\/2024\/02\/cropped-SAFETY_LIFT_LOGO_horizontal_tiny.png","contentUrl":"https:\/\/lifting-safety.com\/wp-content\/uploads\/2024\/02\/cropped-SAFETY_LIFT_LOGO_horizontal_tiny.png","width":520,"height":174,"caption":"Lifting Safety - Lifting equipment from professionals"},"image":{"@id":"https:\/\/lifting-safety.com\/hu_hu\/#\/schema\/logo\/image\/"}}]}},"_links":{"self":[{"href":"https:\/\/lifting-safety.com\/en\/wp-json\/wp\/v2\/product\/5117","targetHints":{"allow":["GET"]}}],"collection":[{"href":"https:\/\/lifting-safety.com\/en\/wp-json\/wp\/v2\/product"}],"about":[{"href":"https:\/\/lifting-safety.com\/en\/wp-json\/wp\/v2\/types\/product"}],"version-history":[{"count":2,"href":"https:\/\/lifting-safety.com\/en\/wp-json\/wp\/v2\/product\/5117\/revisions"}],"predecessor-version":[{"id":5335,"href":"https:\/\/lifting-safety.com\/en\/wp-json\/wp\/v2\/product\/5117\/revisions\/5335"}],"wp:featuredmedia":[{"embeddable":true,"href":"https:\/\/lifting-safety.com\/en\/wp-json\/wp\/v2\/media\/5118"}],"wp:attachment":[{"href":"https:\/\/lifting-safety.com\/en\/wp-json\/wp\/v2\/media?parent=5117"}],"wp:term":[{"taxonomy":"product_brand","embeddable":true,"href":"https:\/\/lifting-safety.com\/en\/wp-json\/wp\/v2\/product_brand?post=5117"},{"taxonomy":"product_cat","embeddable":true,"href":"https:\/\/lifting-safety.com\/en\/wp-json\/wp\/v2\/product_cat?post=5117"},{"taxonomy":"product_tag","embeddable":true,"href":"https:\/\/lifting-safety.com\/en\/wp-json\/wp\/v2\/product_tag?post=5117"}],"curies":[{"name":"wp","href":"https:\/\/api.w.org\/{rel}","templated":true}]}}