{"id":5050,"date":"2024-03-22T17:04:47","date_gmt":"2024-03-22T16:04:47","guid":{"rendered":"https:\/\/lifting-safety.com\/?post_type=product&#038;p=5050"},"modified":"2024-03-22T17:04:47","modified_gmt":"2024-03-22T16:04:47","slug":"ty-csavaros-csatlakozo","status":"publish","type":"product","link":"https:\/\/lifting-safety.com\/en\/product\/ty-csavaros-csatlakozo\/","title":{"rendered":"TY csavaros csatlakoz\u00f3"},"content":{"rendered":"<p><span>(1) g\u00f6mbgrafitos \u00f6nt\u00f6ttvas anyag.<\/span><\/p>\n<p><span>(2) Integr\u00e1lt test a test stabilit\u00e1s\u00e1nak biztos\u00edt\u00e1s\u00e1ra.<\/span><\/p>\n<p><span>(3) Az ac\u00e9ltet\u0151 rendk\u00edv\u00fcl kem\u00e9ny.<\/span><\/p>\n<p><span>(4) A fels\u0151 \u00e9s az als\u00f3 alv\u00e1z nagy szil\u00e1rds\u00e1g\u00fa ac\u00e9lb\u00f3l k\u00e9sz\u00fcl.<\/span><\/p>\n<p><span>(5) Finomcsiszol\u00f3 h\u00fcvely.<\/span><\/p>\n<p><span>(6) Haszn\u00e1ljon 45# rozsdamentes mang\u00e1nac\u00e9lt, tart\u00f3s.<\/span><\/p>","protected":false},"excerpt":{"rendered":"<p><strong><span>Term\u00e9kn\u00e9v:<\/span><\/strong><span>\u00a0Csavaros Jack TY sorozat<\/span><\/p>\n<p><strong><span>T\u00edpus:<\/span><\/strong><span>\u00a0Emel\u0151berendez\u00e9s<\/span><\/p>\n<p><strong><span>Modell:<\/span><\/strong><span>\u00a0TY<\/span><\/p>\n<p><strong><span>Haszn\u00e1lat:\u00a0<\/span><\/strong><span>\u00a0merev\u00edt\u0151 \u00e9s emel\u0151<\/span><br \/>\n<strong><span>Er\u0151forr\u00e1s:\u00a0<\/span><\/strong><span>\u00a0K\u00e9zi<\/span><br \/>\n<strong><span>kapacit\u00e1s:\u00a0<\/span><\/strong><span>\u00a03,2-200 tonna<\/span><\/p>\n<p><strong><span>Min\u0151s\u00edt\u00e9s:<\/span><\/strong><span>\u00a0CE, GS<\/span><\/p>\n<p><strong><span>Alkalmazhat\u00f3 ipar\u00e1gak:<\/span><\/strong><span>\u00a0Haszn\u00e1lhat\u00f3 vas\u00fati j\u00e1rm\u0171vek karbantart\u00e1s\u00e1ra, b\u00e1ny\u00e1szati \u200b\u200b\u00e9s \u00e9p\u00edt\u0151m\u00e9rn\u00f6ki munk\u00e1k t\u00e1mogat\u00e1s\u00e1ra, valamint \u00e1ltal\u00e1nos neh\u00e9z t\u00e1rgyak emel\u00e9s\u00e9re \u00e9s s\u00fcllyeszt\u00e9s\u00e9re.<\/span><\/p>","protected":false},"featured_media":5051,"template":"","meta":{"site-sidebar-layout":"default","site-content-layout":"","ast-site-content-layout":"default","site-content-style":"default","site-sidebar-style":"default","ast-global-header-display":"","ast-banner-title-visibility":"","ast-main-header-display":"","ast-hfb-above-header-display":"","ast-hfb-below-header-display":"","ast-hfb-mobile-header-display":"","site-post-title":"","ast-breadcrumbs-content":"","ast-featured-img":"","footer-sml-layout":"","theme-transparent-header-meta":"default","adv-header-id-meta":"","stick-header-meta":"","header-above-stick-meta":"","header-main-stick-meta":"","header-below-stick-meta":"","astra-migrate-meta-layouts":"set","ast-page-background-enabled":"default","ast-page-background-meta":{"desktop":{"background-color":"","background-image":"","background-repeat":"repeat","background-position":"center center","background-size":"auto","background-attachment":"scroll","background-type":"","background-media":"","overlay-type":"","overlay-color":"","overlay-opacity":"","overlay-gradient":""},"tablet":{"background-color":"","background-image":"","background-repeat":"repeat","background-position":"center center","background-size":"auto","background-attachment":"scroll","background-type":"","background-media":"","overlay-type":"","overlay-color":"","overlay-opacity":"","overlay-gradient":""},"mobile":{"background-color":"","background-image":"","background-repeat":"repeat","background-position":"center center","background-size":"auto","background-attachment":"scroll","background-type":"","background-media":"","overlay-type":"","overlay-color":"","overlay-opacity":"","overlay-gradient":""}},"ast-content-background-meta":{"desktop":{"background-color":"var(--ast-global-color-5)","background-image":"","background-repeat":"repeat","background-position":"center center","background-size":"auto","background-attachment":"scroll","background-type":"","background-media":"","overlay-type":"","overlay-color":"","overlay-opacity":"","overlay-gradient":""},"tablet":{"background-color":"var(--ast-global-color-5)","background-image":"","background-repeat":"repeat","background-position":"center center","background-size":"auto","background-attachment":"scroll","background-type":"","background-media":"","overlay-type":"","overlay-color":"","overlay-opacity":"","overlay-gradient":""},"mobile":{"background-color":"var(--ast-global-color-5)","background-image":"","background-repeat":"repeat","background-position":"center center","background-size":"auto","background-attachment":"scroll","background-type":"","background-media":"","overlay-type":"","overlay-color":"","overlay-opacity":"","overlay-gradient":""}}},"product_brand":[],"product_cat":[87],"product_tag":[],"class_list":{"0":"post-5050","1":"product","2":"type-product","3":"status-publish","4":"has-post-thumbnail","6":"product_cat-hidraulikus-emelok","7":"desktop-align-left","8":"tablet-align-left","9":"mobile-align-left","11":"first","12":"instock","13":"shipping-taxable","14":"product-type-simple"},"yoast_head":"<!-- This site is optimized with the Yoast SEO plugin v25.3 - https:\/\/yoast.com\/wordpress\/plugins\/seo\/ -->\n<title>TY csavaros csatlakoz\u00f3 - Lifting Safety - Lifting equipment from professionals<\/title>\n<meta name=\"robots\" content=\"index, follow, max-snippet:-1, max-image-preview:large, max-video-preview:-1\" \/>\n<link rel=\"canonical\" href=\"https:\/\/lifting-safety.com\/en\/product\/ty-csavaros-csatlakozo\/\" \/>\n<meta property=\"og:locale\" content=\"en_GB\" \/>\n<meta property=\"og:type\" content=\"article\" \/>\n<meta property=\"og:title\" content=\"TY csavaros csatlakoz\u00f3 - Lifting Safety - Lifting equipment from professionals\" \/>\n<meta property=\"og:description\" content=\"Term\u00e9kn\u00e9v:\u00a0Csavaros Jack TY sorozat  T\u00edpus:\u00a0Emel\u0151berendez\u00e9s  Modell:\u00a0TY  Haszn\u00e1lat:\u00a0\u00a0merev\u00edt\u0151 \u00e9s emel\u0151 Er\u0151forr\u00e1s:\u00a0\u00a0K\u00e9zi kapacit\u00e1s:\u00a0\u00a03,2-200 tonna  Min\u0151s\u00edt\u00e9s:\u00a0CE, GS  Alkalmazhat\u00f3 ipar\u00e1gak:\u00a0Haszn\u00e1lhat\u00f3 vas\u00fati j\u00e1rm\u0171vek karbantart\u00e1s\u00e1ra, b\u00e1ny\u00e1szati \u200b\u200b\u00e9s \u00e9p\u00edt\u0151m\u00e9rn\u00f6ki munk\u00e1k t\u00e1mogat\u00e1s\u00e1ra, valamint \u00e1ltal\u00e1nos neh\u00e9z t\u00e1rgyak emel\u00e9s\u00e9re \u00e9s s\u00fcllyeszt\u00e9s\u00e9re.\" \/>\n<meta property=\"og:url\" content=\"https:\/\/lifting-safety.com\/en\/product\/ty-csavaros-csatlakozo\/\" \/>\n<meta property=\"og:site_name\" content=\"Lifting Safety - Lifting equipment from professionals\" \/>\n<meta property=\"og:image\" content=\"https:\/\/lifting-safety.com\/wp-content\/uploads\/2024\/03\/TY-Screw-Jack.webp\" \/>\n\t<meta property=\"og:image:width\" content=\"400\" \/>\n\t<meta property=\"og:image:height\" content=\"400\" \/>\n\t<meta property=\"og:image:type\" content=\"image\/webp\" \/>\n<meta name=\"twitter:card\" content=\"summary_large_image\" \/>\n<script type=\"application\/ld+json\" class=\"yoast-schema-graph\">{\"@context\":\"https:\/\/schema.org\",\"@graph\":[{\"@type\":\"WebPage\",\"@id\":\"https:\/\/lifting-safety.com\/termek\/ty-csavaros-csatlakozo\/\",\"url\":\"https:\/\/lifting-safety.com\/termek\/ty-csavaros-csatlakozo\/\",\"name\":\"TY csavaros csatlakoz\u00f3 - Lifting Safety - Lifting equipment from professionals\",\"isPartOf\":{\"@id\":\"https:\/\/lifting-safety.com\/hu_hu\/#website\"},\"primaryImageOfPage\":{\"@id\":\"https:\/\/lifting-safety.com\/termek\/ty-csavaros-csatlakozo\/#primaryimage\"},\"image\":{\"@id\":\"https:\/\/lifting-safety.com\/termek\/ty-csavaros-csatlakozo\/#primaryimage\"},\"thumbnailUrl\":\"https:\/\/lifting-safety.com\/wp-content\/uploads\/2024\/03\/TY-Screw-Jack.webp\",\"datePublished\":\"2024-03-22T16:04:47+00:00\",\"breadcrumb\":{\"@id\":\"https:\/\/lifting-safety.com\/termek\/ty-csavaros-csatlakozo\/#breadcrumb\"},\"inLanguage\":\"en-GB\",\"potentialAction\":[{\"@type\":\"ReadAction\",\"target\":[\"https:\/\/lifting-safety.com\/termek\/ty-csavaros-csatlakozo\/\"]}]},{\"@type\":\"ImageObject\",\"inLanguage\":\"en-GB\",\"@id\":\"https:\/\/lifting-safety.com\/termek\/ty-csavaros-csatlakozo\/#primaryimage\",\"url\":\"https:\/\/lifting-safety.com\/wp-content\/uploads\/2024\/03\/TY-Screw-Jack.webp\",\"contentUrl\":\"https:\/\/lifting-safety.com\/wp-content\/uploads\/2024\/03\/TY-Screw-Jack.webp\",\"width\":400,\"height\":400},{\"@type\":\"BreadcrumbList\",\"@id\":\"https:\/\/lifting-safety.com\/termek\/ty-csavaros-csatlakozo\/#breadcrumb\",\"itemListElement\":[{\"@type\":\"ListItem\",\"position\":1,\"name\":\"Kezd\u0151lap\",\"item\":\"https:\/\/lifting-safety.com\/hu_hu\/\"},{\"@type\":\"ListItem\",\"position\":2,\"name\":\"Store\",\"item\":\"https:\/\/lifting-safety.com\/store\/\"},{\"@type\":\"ListItem\",\"position\":3,\"name\":\"TY csavaros csatlakoz\u00f3\"}]},{\"@type\":\"WebSite\",\"@id\":\"https:\/\/lifting-safety.com\/hu_hu\/#website\",\"url\":\"https:\/\/lifting-safety.com\/hu_hu\/\",\"name\":\"Lifting Safety - Lifting equipment from professionals\",\"description\":\"\",\"publisher\":{\"@id\":\"https:\/\/lifting-safety.com\/hu_hu\/#organization\"},\"potentialAction\":[{\"@type\":\"SearchAction\",\"target\":{\"@type\":\"EntryPoint\",\"urlTemplate\":\"https:\/\/lifting-safety.com\/hu_hu\/?s={search_term_string}\"},\"query-input\":{\"@type\":\"PropertyValueSpecification\",\"valueRequired\":true,\"valueName\":\"search_term_string\"}}],\"inLanguage\":\"en-GB\"},{\"@type\":\"Organization\",\"@id\":\"https:\/\/lifting-safety.com\/hu_hu\/#organization\",\"name\":\"Lifting Safety - Lifting equipment from professionals\",\"url\":\"https:\/\/lifting-safety.com\/hu_hu\/\",\"logo\":{\"@type\":\"ImageObject\",\"inLanguage\":\"en-GB\",\"@id\":\"https:\/\/lifting-safety.com\/hu_hu\/#\/schema\/logo\/image\/\",\"url\":\"https:\/\/lifting-safety.com\/wp-content\/uploads\/2024\/02\/cropped-SAFETY_LIFT_LOGO_horizontal_tiny.png\",\"contentUrl\":\"https:\/\/lifting-safety.com\/wp-content\/uploads\/2024\/02\/cropped-SAFETY_LIFT_LOGO_horizontal_tiny.png\",\"width\":520,\"height\":174,\"caption\":\"Lifting Safety - Lifting equipment from professionals\"},\"image\":{\"@id\":\"https:\/\/lifting-safety.com\/hu_hu\/#\/schema\/logo\/image\/\"}}]}<\/script>\n<!-- \/ Yoast SEO plugin. -->","yoast_head_json":{"title":"TY csavaros csatlakoz\u00f3 - Lifting Safety - Lifting equipment from professionals","robots":{"index":"index","follow":"follow","max-snippet":"max-snippet:-1","max-image-preview":"max-image-preview:large","max-video-preview":"max-video-preview:-1"},"canonical":"https:\/\/lifting-safety.com\/en\/product\/ty-csavaros-csatlakozo\/","og_locale":"en_GB","og_type":"article","og_title":"TY csavaros csatlakoz\u00f3 - Lifting Safety - Lifting equipment from professionals","og_description":"Term\u00e9kn\u00e9v:\u00a0Csavaros Jack TY sorozat  T\u00edpus:\u00a0Emel\u0151berendez\u00e9s  Modell:\u00a0TY  Haszn\u00e1lat:\u00a0\u00a0merev\u00edt\u0151 \u00e9s emel\u0151 Er\u0151forr\u00e1s:\u00a0\u00a0K\u00e9zi kapacit\u00e1s:\u00a0\u00a03,2-200 tonna  Min\u0151s\u00edt\u00e9s:\u00a0CE, GS  Alkalmazhat\u00f3 ipar\u00e1gak:\u00a0Haszn\u00e1lhat\u00f3 vas\u00fati j\u00e1rm\u0171vek karbantart\u00e1s\u00e1ra, b\u00e1ny\u00e1szati \u200b\u200b\u00e9s \u00e9p\u00edt\u0151m\u00e9rn\u00f6ki munk\u00e1k t\u00e1mogat\u00e1s\u00e1ra, valamint \u00e1ltal\u00e1nos neh\u00e9z t\u00e1rgyak emel\u00e9s\u00e9re \u00e9s s\u00fcllyeszt\u00e9s\u00e9re.","og_url":"https:\/\/lifting-safety.com\/en\/product\/ty-csavaros-csatlakozo\/","og_site_name":"Lifting Safety - Lifting equipment from professionals","og_image":[{"width":400,"height":400,"url":"https:\/\/lifting-safety.com\/wp-content\/uploads\/2024\/03\/TY-Screw-Jack.webp","type":"image\/webp"}],"twitter_card":"summary_large_image","schema":{"@context":"https:\/\/schema.org","@graph":[{"@type":"WebPage","@id":"https:\/\/lifting-safety.com\/termek\/ty-csavaros-csatlakozo\/","url":"https:\/\/lifting-safety.com\/termek\/ty-csavaros-csatlakozo\/","name":"TY csavaros csatlakoz\u00f3 - Lifting Safety - Lifting equipment from professionals","isPartOf":{"@id":"https:\/\/lifting-safety.com\/hu_hu\/#website"},"primaryImageOfPage":{"@id":"https:\/\/lifting-safety.com\/termek\/ty-csavaros-csatlakozo\/#primaryimage"},"image":{"@id":"https:\/\/lifting-safety.com\/termek\/ty-csavaros-csatlakozo\/#primaryimage"},"thumbnailUrl":"https:\/\/lifting-safety.com\/wp-content\/uploads\/2024\/03\/TY-Screw-Jack.webp","datePublished":"2024-03-22T16:04:47+00:00","breadcrumb":{"@id":"https:\/\/lifting-safety.com\/termek\/ty-csavaros-csatlakozo\/#breadcrumb"},"inLanguage":"en-GB","potentialAction":[{"@type":"ReadAction","target":["https:\/\/lifting-safety.com\/termek\/ty-csavaros-csatlakozo\/"]}]},{"@type":"ImageObject","inLanguage":"en-GB","@id":"https:\/\/lifting-safety.com\/termek\/ty-csavaros-csatlakozo\/#primaryimage","url":"https:\/\/lifting-safety.com\/wp-content\/uploads\/2024\/03\/TY-Screw-Jack.webp","contentUrl":"https:\/\/lifting-safety.com\/wp-content\/uploads\/2024\/03\/TY-Screw-Jack.webp","width":400,"height":400},{"@type":"BreadcrumbList","@id":"https:\/\/lifting-safety.com\/termek\/ty-csavaros-csatlakozo\/#breadcrumb","itemListElement":[{"@type":"ListItem","position":1,"name":"Kezd\u0151lap","item":"https:\/\/lifting-safety.com\/hu_hu\/"},{"@type":"ListItem","position":2,"name":"Store","item":"https:\/\/lifting-safety.com\/store\/"},{"@type":"ListItem","position":3,"name":"TY csavaros csatlakoz\u00f3"}]},{"@type":"WebSite","@id":"https:\/\/lifting-safety.com\/hu_hu\/#website","url":"https:\/\/lifting-safety.com\/hu_hu\/","name":"Lifting Safety - Lifting equipment from professionals","description":"","publisher":{"@id":"https:\/\/lifting-safety.com\/hu_hu\/#organization"},"potentialAction":[{"@type":"SearchAction","target":{"@type":"EntryPoint","urlTemplate":"https:\/\/lifting-safety.com\/hu_hu\/?s={search_term_string}"},"query-input":{"@type":"PropertyValueSpecification","valueRequired":true,"valueName":"search_term_string"}}],"inLanguage":"en-GB"},{"@type":"Organization","@id":"https:\/\/lifting-safety.com\/hu_hu\/#organization","name":"Lifting Safety - Lifting equipment from professionals","url":"https:\/\/lifting-safety.com\/hu_hu\/","logo":{"@type":"ImageObject","inLanguage":"en-GB","@id":"https:\/\/lifting-safety.com\/hu_hu\/#\/schema\/logo\/image\/","url":"https:\/\/lifting-safety.com\/wp-content\/uploads\/2024\/02\/cropped-SAFETY_LIFT_LOGO_horizontal_tiny.png","contentUrl":"https:\/\/lifting-safety.com\/wp-content\/uploads\/2024\/02\/cropped-SAFETY_LIFT_LOGO_horizontal_tiny.png","width":520,"height":174,"caption":"Lifting Safety - Lifting equipment from professionals"},"image":{"@id":"https:\/\/lifting-safety.com\/hu_hu\/#\/schema\/logo\/image\/"}}]}},"_links":{"self":[{"href":"https:\/\/lifting-safety.com\/en\/wp-json\/wp\/v2\/product\/5050","targetHints":{"allow":["GET"]}}],"collection":[{"href":"https:\/\/lifting-safety.com\/en\/wp-json\/wp\/v2\/product"}],"about":[{"href":"https:\/\/lifting-safety.com\/en\/wp-json\/wp\/v2\/types\/product"}],"version-history":[{"count":1,"href":"https:\/\/lifting-safety.com\/en\/wp-json\/wp\/v2\/product\/5050\/revisions"}],"predecessor-version":[{"id":5053,"href":"https:\/\/lifting-safety.com\/en\/wp-json\/wp\/v2\/product\/5050\/revisions\/5053"}],"wp:featuredmedia":[{"embeddable":true,"href":"https:\/\/lifting-safety.com\/en\/wp-json\/wp\/v2\/media\/5051"}],"wp:attachment":[{"href":"https:\/\/lifting-safety.com\/en\/wp-json\/wp\/v2\/media?parent=5050"}],"wp:term":[{"taxonomy":"product_brand","embeddable":true,"href":"https:\/\/lifting-safety.com\/en\/wp-json\/wp\/v2\/product_brand?post=5050"},{"taxonomy":"product_cat","embeddable":true,"href":"https:\/\/lifting-safety.com\/en\/wp-json\/wp\/v2\/product_cat?post=5050"},{"taxonomy":"product_tag","embeddable":true,"href":"https:\/\/lifting-safety.com\/en\/wp-json\/wp\/v2\/product_tag?post=5050"}],"curies":[{"name":"wp","href":"https:\/\/api.w.org\/{rel}","templated":true}]}}