{"id":5002,"date":"2024-03-22T16:09:35","date_gmt":"2024-03-22T15:09:35","guid":{"rendered":"https:\/\/lifting-safety.com\/?post_type=product&#038;p=5002"},"modified":"2024-04-15T14:02:56","modified_gmt":"2024-04-15T12:02:56","slug":"dfq-forgatobilincs","status":"publish","type":"product","link":"https:\/\/lifting-safety.com\/en\/product\/dfq-forgatobilincs\/","title":{"rendered":"DFQ forgat\u00f3 lemezmegfog\u00f3"},"content":{"rendered":"<p>(1) Kiv\u00e1l\u00f3 min\u0151s\u00e9g\u0171 sz\u00e9nac\u00e9lb\u00f3l k\u00e9sz\u00fclt.<\/p>\n<p>(2) Mechanikai szempontb\u00f3l ezek a bilincsek ide\u00e1lis kialak\u00edt\u00e1s\u00faak, kompaktak, k\u00f6nny\u0171ek \u00e9s k\u00f6nnyen haszn\u00e1lhat\u00f3k.<\/p>\n<p>(3) A korl\u00e1tozott munkaterhel\u00e9st egy darabban alkalmazz\u00e1k, az emel\u00e9s sor\u00e1n egy v\u00edzszintes emel\u00e9shez \u00e9s sz\u00e1ll\u00edt\u00e1shoz haszn\u00e1lhat\u00f3.<\/p>","protected":false},"excerpt":{"rendered":"<p><strong>erm\u00e9kn\u00e9v:<\/strong>\u00a0DFQ forgathat\u00f3 bilincs<\/p>\n<p><strong>T\u00edpus:<\/strong>\u00a0Emel\u0151berendez\u00e9s<\/p>\n<p><strong>Modell:<\/strong>\u00a0DFQ<\/p>\n<p><strong>Haszn\u00e1lat:\u00a0<\/strong>\u00a0T\u00e9telemel\u0151<br \/>\n<strong>Er\u0151forr\u00e1s:\u00a0<\/strong>\u00a0K\u00e9zi<br \/>\n<strong>kapacit\u00e1s:\u00a0<\/strong>\u00a01,5-20 tonna<\/p>\n<p><strong>Min\u0151s\u00edt\u00e9s:<\/strong>\u00a0CE, GS<\/p>\n<p><strong>Alkalmazhat\u00f3 ipar\u00e1gak:<\/strong>\u00a0Alkalmas profilac\u00e9l \u00e9s ac\u00e9llemez forgat\u00e1s\u00e1ra, alkalmas ac\u00e9llemez v\u00edzszintes emel\u00e9s\u00e9re is.<\/p>","protected":false},"featured_media":5003,"template":"","meta":{"site-sidebar-layout":"default","site-content-layout":"","ast-site-content-layout":"default","site-content-style":"default","site-sidebar-style":"default","ast-global-header-display":"","ast-banner-title-visibility":"","ast-main-header-display":"","ast-hfb-above-header-display":"","ast-hfb-below-header-display":"","ast-hfb-mobile-header-display":"","site-post-title":"","ast-breadcrumbs-content":"","ast-featured-img":"","footer-sml-layout":"","theme-transparent-header-meta":"default","adv-header-id-meta":"","stick-header-meta":"","header-above-stick-meta":"","header-main-stick-meta":"","header-below-stick-meta":"","astra-migrate-meta-layouts":"set","ast-page-background-enabled":"default","ast-page-background-meta":{"desktop":{"background-color":"","background-image":"","background-repeat":"repeat","background-position":"center center","background-size":"auto","background-attachment":"scroll","background-type":"","background-media":"","overlay-type":"","overlay-color":"","overlay-opacity":"","overlay-gradient":""},"tablet":{"background-color":"","background-image":"","background-repeat":"repeat","background-position":"center center","background-size":"auto","background-attachment":"scroll","background-type":"","background-media":"","overlay-type":"","overlay-color":"","overlay-opacity":"","overlay-gradient":""},"mobile":{"background-color":"","background-image":"","background-repeat":"repeat","background-position":"center center","background-size":"auto","background-attachment":"scroll","background-type":"","background-media":"","overlay-type":"","overlay-color":"","overlay-opacity":"","overlay-gradient":""}},"ast-content-background-meta":{"desktop":{"background-color":"var(--ast-global-color-5)","background-image":"","background-repeat":"repeat","background-position":"center center","background-size":"auto","background-attachment":"scroll","background-type":"","background-media":"","overlay-type":"","overlay-color":"","overlay-opacity":"","overlay-gradient":""},"tablet":{"background-color":"var(--ast-global-color-5)","background-image":"","background-repeat":"repeat","background-position":"center center","background-size":"auto","background-attachment":"scroll","background-type":"","background-media":"","overlay-type":"","overlay-color":"","overlay-opacity":"","overlay-gradient":""},"mobile":{"background-color":"var(--ast-global-color-5)","background-image":"","background-repeat":"repeat","background-position":"center center","background-size":"auto","background-attachment":"scroll","background-type":"","background-media":"","overlay-type":"","overlay-color":"","overlay-opacity":"","overlay-gradient":""}}},"product_brand":[],"product_cat":[85],"product_tag":[],"class_list":{"0":"post-5002","1":"product","2":"type-product","3":"status-publish","4":"has-post-thumbnail","6":"product_cat-emelobilincsek","7":"desktop-align-left","8":"tablet-align-left","9":"mobile-align-left","11":"first","12":"instock","13":"shipping-taxable","14":"product-type-simple"},"yoast_head":"<!-- This site is optimized with the Yoast SEO plugin v25.3 - https:\/\/yoast.com\/wordpress\/plugins\/seo\/ -->\n<title>DFQ forgat\u00f3 lemezmegfog\u00f3 - Lifting Safety - Lifting equipment from professionals<\/title>\n<meta name=\"robots\" content=\"index, follow, max-snippet:-1, max-image-preview:large, max-video-preview:-1\" \/>\n<link rel=\"canonical\" href=\"https:\/\/lifting-safety.com\/en\/product\/dfq-forgatobilincs\/\" \/>\n<meta property=\"og:locale\" content=\"en_GB\" \/>\n<meta property=\"og:type\" content=\"article\" \/>\n<meta property=\"og:title\" content=\"DFQ forgat\u00f3 lemezmegfog\u00f3 - Lifting Safety - Lifting equipment from professionals\" \/>\n<meta property=\"og:description\" content=\"erm\u00e9kn\u00e9v:\u00a0DFQ forgathat\u00f3 bilincs  T\u00edpus:\u00a0Emel\u0151berendez\u00e9s  Modell:\u00a0DFQ  Haszn\u00e1lat:\u00a0\u00a0T\u00e9telemel\u0151 Er\u0151forr\u00e1s:\u00a0\u00a0K\u00e9zi kapacit\u00e1s:\u00a0\u00a01,5-20 tonna  Min\u0151s\u00edt\u00e9s:\u00a0CE, GS  Alkalmazhat\u00f3 ipar\u00e1gak:\u00a0Alkalmas profilac\u00e9l \u00e9s ac\u00e9llemez forgat\u00e1s\u00e1ra, alkalmas ac\u00e9llemez v\u00edzszintes emel\u00e9s\u00e9re is.\" \/>\n<meta property=\"og:url\" content=\"https:\/\/lifting-safety.com\/en\/product\/dfq-forgatobilincs\/\" \/>\n<meta property=\"og:site_name\" content=\"Lifting Safety - Lifting equipment from professionals\" \/>\n<meta property=\"article:modified_time\" content=\"2024-04-15T12:02:56+00:00\" \/>\n<meta property=\"og:image\" content=\"https:\/\/lifting-safety.com\/wp-content\/uploads\/2024\/03\/DFQ1.webp\" \/>\n\t<meta property=\"og:image:width\" content=\"600\" \/>\n\t<meta property=\"og:image:height\" content=\"600\" \/>\n\t<meta property=\"og:image:type\" content=\"image\/webp\" \/>\n<meta name=\"twitter:card\" content=\"summary_large_image\" \/>\n<script type=\"application\/ld+json\" class=\"yoast-schema-graph\">{\"@context\":\"https:\/\/schema.org\",\"@graph\":[{\"@type\":\"WebPage\",\"@id\":\"https:\/\/lifting-safety.com\/termek\/dfq-forgatobilincs\/\",\"url\":\"https:\/\/lifting-safety.com\/termek\/dfq-forgatobilincs\/\",\"name\":\"DFQ forgat\u00f3 lemezmegfog\u00f3 - Lifting Safety - Lifting equipment from professionals\",\"isPartOf\":{\"@id\":\"https:\/\/lifting-safety.com\/hu_hu\/#website\"},\"primaryImageOfPage\":{\"@id\":\"https:\/\/lifting-safety.com\/termek\/dfq-forgatobilincs\/#primaryimage\"},\"image\":{\"@id\":\"https:\/\/lifting-safety.com\/termek\/dfq-forgatobilincs\/#primaryimage\"},\"thumbnailUrl\":\"https:\/\/lifting-safety.com\/wp-content\/uploads\/2024\/03\/DFQ1.webp\",\"datePublished\":\"2024-03-22T15:09:35+00:00\",\"dateModified\":\"2024-04-15T12:02:56+00:00\",\"breadcrumb\":{\"@id\":\"https:\/\/lifting-safety.com\/termek\/dfq-forgatobilincs\/#breadcrumb\"},\"inLanguage\":\"en-GB\",\"potentialAction\":[{\"@type\":\"ReadAction\",\"target\":[\"https:\/\/lifting-safety.com\/termek\/dfq-forgatobilincs\/\"]}]},{\"@type\":\"ImageObject\",\"inLanguage\":\"en-GB\",\"@id\":\"https:\/\/lifting-safety.com\/termek\/dfq-forgatobilincs\/#primaryimage\",\"url\":\"https:\/\/lifting-safety.com\/wp-content\/uploads\/2024\/03\/DFQ1.webp\",\"contentUrl\":\"https:\/\/lifting-safety.com\/wp-content\/uploads\/2024\/03\/DFQ1.webp\",\"width\":600,\"height\":600},{\"@type\":\"BreadcrumbList\",\"@id\":\"https:\/\/lifting-safety.com\/termek\/dfq-forgatobilincs\/#breadcrumb\",\"itemListElement\":[{\"@type\":\"ListItem\",\"position\":1,\"name\":\"Kezd\u0151lap\",\"item\":\"https:\/\/lifting-safety.com\/hu_hu\/\"},{\"@type\":\"ListItem\",\"position\":2,\"name\":\"Store\",\"item\":\"https:\/\/lifting-safety.com\/store\/\"},{\"@type\":\"ListItem\",\"position\":3,\"name\":\"DFQ forgat\u00f3 lemezmegfog\u00f3\"}]},{\"@type\":\"WebSite\",\"@id\":\"https:\/\/lifting-safety.com\/hu_hu\/#website\",\"url\":\"https:\/\/lifting-safety.com\/hu_hu\/\",\"name\":\"Lifting Safety - Lifting equipment from professionals\",\"description\":\"\",\"publisher\":{\"@id\":\"https:\/\/lifting-safety.com\/hu_hu\/#organization\"},\"potentialAction\":[{\"@type\":\"SearchAction\",\"target\":{\"@type\":\"EntryPoint\",\"urlTemplate\":\"https:\/\/lifting-safety.com\/hu_hu\/?s={search_term_string}\"},\"query-input\":{\"@type\":\"PropertyValueSpecification\",\"valueRequired\":true,\"valueName\":\"search_term_string\"}}],\"inLanguage\":\"en-GB\"},{\"@type\":\"Organization\",\"@id\":\"https:\/\/lifting-safety.com\/hu_hu\/#organization\",\"name\":\"Lifting Safety - Lifting equipment from professionals\",\"url\":\"https:\/\/lifting-safety.com\/hu_hu\/\",\"logo\":{\"@type\":\"ImageObject\",\"inLanguage\":\"en-GB\",\"@id\":\"https:\/\/lifting-safety.com\/hu_hu\/#\/schema\/logo\/image\/\",\"url\":\"https:\/\/lifting-safety.com\/wp-content\/uploads\/2024\/02\/cropped-SAFETY_LIFT_LOGO_horizontal_tiny.png\",\"contentUrl\":\"https:\/\/lifting-safety.com\/wp-content\/uploads\/2024\/02\/cropped-SAFETY_LIFT_LOGO_horizontal_tiny.png\",\"width\":520,\"height\":174,\"caption\":\"Lifting Safety - Lifting equipment from professionals\"},\"image\":{\"@id\":\"https:\/\/lifting-safety.com\/hu_hu\/#\/schema\/logo\/image\/\"}}]}<\/script>\n<!-- \/ Yoast SEO plugin. -->","yoast_head_json":{"title":"DFQ forgat\u00f3 lemezmegfog\u00f3 - Lifting Safety - Lifting equipment from professionals","robots":{"index":"index","follow":"follow","max-snippet":"max-snippet:-1","max-image-preview":"max-image-preview:large","max-video-preview":"max-video-preview:-1"},"canonical":"https:\/\/lifting-safety.com\/en\/product\/dfq-forgatobilincs\/","og_locale":"en_GB","og_type":"article","og_title":"DFQ forgat\u00f3 lemezmegfog\u00f3 - Lifting Safety - Lifting equipment from professionals","og_description":"erm\u00e9kn\u00e9v:\u00a0DFQ forgathat\u00f3 bilincs  T\u00edpus:\u00a0Emel\u0151berendez\u00e9s  Modell:\u00a0DFQ  Haszn\u00e1lat:\u00a0\u00a0T\u00e9telemel\u0151 Er\u0151forr\u00e1s:\u00a0\u00a0K\u00e9zi kapacit\u00e1s:\u00a0\u00a01,5-20 tonna  Min\u0151s\u00edt\u00e9s:\u00a0CE, GS  Alkalmazhat\u00f3 ipar\u00e1gak:\u00a0Alkalmas profilac\u00e9l \u00e9s ac\u00e9llemez forgat\u00e1s\u00e1ra, alkalmas ac\u00e9llemez v\u00edzszintes emel\u00e9s\u00e9re is.","og_url":"https:\/\/lifting-safety.com\/en\/product\/dfq-forgatobilincs\/","og_site_name":"Lifting Safety - Lifting equipment from professionals","article_modified_time":"2024-04-15T12:02:56+00:00","og_image":[{"width":600,"height":600,"url":"https:\/\/lifting-safety.com\/wp-content\/uploads\/2024\/03\/DFQ1.webp","type":"image\/webp"}],"twitter_card":"summary_large_image","schema":{"@context":"https:\/\/schema.org","@graph":[{"@type":"WebPage","@id":"https:\/\/lifting-safety.com\/termek\/dfq-forgatobilincs\/","url":"https:\/\/lifting-safety.com\/termek\/dfq-forgatobilincs\/","name":"DFQ forgat\u00f3 lemezmegfog\u00f3 - Lifting Safety - Lifting equipment from professionals","isPartOf":{"@id":"https:\/\/lifting-safety.com\/hu_hu\/#website"},"primaryImageOfPage":{"@id":"https:\/\/lifting-safety.com\/termek\/dfq-forgatobilincs\/#primaryimage"},"image":{"@id":"https:\/\/lifting-safety.com\/termek\/dfq-forgatobilincs\/#primaryimage"},"thumbnailUrl":"https:\/\/lifting-safety.com\/wp-content\/uploads\/2024\/03\/DFQ1.webp","datePublished":"2024-03-22T15:09:35+00:00","dateModified":"2024-04-15T12:02:56+00:00","breadcrumb":{"@id":"https:\/\/lifting-safety.com\/termek\/dfq-forgatobilincs\/#breadcrumb"},"inLanguage":"en-GB","potentialAction":[{"@type":"ReadAction","target":["https:\/\/lifting-safety.com\/termek\/dfq-forgatobilincs\/"]}]},{"@type":"ImageObject","inLanguage":"en-GB","@id":"https:\/\/lifting-safety.com\/termek\/dfq-forgatobilincs\/#primaryimage","url":"https:\/\/lifting-safety.com\/wp-content\/uploads\/2024\/03\/DFQ1.webp","contentUrl":"https:\/\/lifting-safety.com\/wp-content\/uploads\/2024\/03\/DFQ1.webp","width":600,"height":600},{"@type":"BreadcrumbList","@id":"https:\/\/lifting-safety.com\/termek\/dfq-forgatobilincs\/#breadcrumb","itemListElement":[{"@type":"ListItem","position":1,"name":"Kezd\u0151lap","item":"https:\/\/lifting-safety.com\/hu_hu\/"},{"@type":"ListItem","position":2,"name":"Store","item":"https:\/\/lifting-safety.com\/store\/"},{"@type":"ListItem","position":3,"name":"DFQ forgat\u00f3 lemezmegfog\u00f3"}]},{"@type":"WebSite","@id":"https:\/\/lifting-safety.com\/hu_hu\/#website","url":"https:\/\/lifting-safety.com\/hu_hu\/","name":"Lifting Safety - Lifting equipment from professionals","description":"","publisher":{"@id":"https:\/\/lifting-safety.com\/hu_hu\/#organization"},"potentialAction":[{"@type":"SearchAction","target":{"@type":"EntryPoint","urlTemplate":"https:\/\/lifting-safety.com\/hu_hu\/?s={search_term_string}"},"query-input":{"@type":"PropertyValueSpecification","valueRequired":true,"valueName":"search_term_string"}}],"inLanguage":"en-GB"},{"@type":"Organization","@id":"https:\/\/lifting-safety.com\/hu_hu\/#organization","name":"Lifting Safety - Lifting equipment from professionals","url":"https:\/\/lifting-safety.com\/hu_hu\/","logo":{"@type":"ImageObject","inLanguage":"en-GB","@id":"https:\/\/lifting-safety.com\/hu_hu\/#\/schema\/logo\/image\/","url":"https:\/\/lifting-safety.com\/wp-content\/uploads\/2024\/02\/cropped-SAFETY_LIFT_LOGO_horizontal_tiny.png","contentUrl":"https:\/\/lifting-safety.com\/wp-content\/uploads\/2024\/02\/cropped-SAFETY_LIFT_LOGO_horizontal_tiny.png","width":520,"height":174,"caption":"Lifting Safety - Lifting equipment from professionals"},"image":{"@id":"https:\/\/lifting-safety.com\/hu_hu\/#\/schema\/logo\/image\/"}}]}},"_links":{"self":[{"href":"https:\/\/lifting-safety.com\/en\/wp-json\/wp\/v2\/product\/5002","targetHints":{"allow":["GET"]}}],"collection":[{"href":"https:\/\/lifting-safety.com\/en\/wp-json\/wp\/v2\/product"}],"about":[{"href":"https:\/\/lifting-safety.com\/en\/wp-json\/wp\/v2\/types\/product"}],"version-history":[{"count":2,"href":"https:\/\/lifting-safety.com\/en\/wp-json\/wp\/v2\/product\/5002\/revisions"}],"predecessor-version":[{"id":5347,"href":"https:\/\/lifting-safety.com\/en\/wp-json\/wp\/v2\/product\/5002\/revisions\/5347"}],"wp:featuredmedia":[{"embeddable":true,"href":"https:\/\/lifting-safety.com\/en\/wp-json\/wp\/v2\/media\/5003"}],"wp:attachment":[{"href":"https:\/\/lifting-safety.com\/en\/wp-json\/wp\/v2\/media?parent=5002"}],"wp:term":[{"taxonomy":"product_brand","embeddable":true,"href":"https:\/\/lifting-safety.com\/en\/wp-json\/wp\/v2\/product_brand?post=5002"},{"taxonomy":"product_cat","embeddable":true,"href":"https:\/\/lifting-safety.com\/en\/wp-json\/wp\/v2\/product_cat?post=5002"},{"taxonomy":"product_tag","embeddable":true,"href":"https:\/\/lifting-safety.com\/en\/wp-json\/wp\/v2\/product_tag?post=5002"}],"curies":[{"name":"wp","href":"https:\/\/api.w.org\/{rel}","templated":true}]}}