{"id":4986,"date":"2024-03-22T00:18:25","date_gmt":"2024-03-21T23:18:25","guid":{"rendered":"https:\/\/lifting-safety.com\/?post_type=product&#038;p=4986"},"modified":"2024-06-11T15:41:36","modified_gmt":"2024-06-11T13:41:36","slug":"racsnis-emelokar-a","status":"publish","type":"product","link":"https:\/\/lifting-safety.com\/en\/product\/racsnis-emelokar-a\/","title":{"rendered":"A Karos l\u00e1ncos emel\u0151"},"content":{"rendered":"<p><strong>Term\u00e9kel\u0151ny<\/strong><\/p>\n<p>(1) 80\/100 fokozat\u00fa teherl\u00e1nc opci\u00f3.<\/p>\n<p>(2) Egyed\u00fcl\u00e1ll\u00f3 3 tart\u00f3r\u00fad, kisebb m\u00e9ret\u0171 \u00e9s k\u00f6nnyen kezelhet\u0151.<\/p>\n<p>(3) G\u00f6mb\u00f6s \u00f6nt\u00f6ttvas f\u00e9kany\u00e1k, t\u00f6k\u00e9letes pontos sz\u00f6g.<\/p>\n<p>(4) Az emel\u0151ker\u00e9k a be\u00e9p\u00edtett goly\u00f3scsap\u00e1gyas kialak\u00edt\u00e1st alkalmazza.<\/p>\n<p>(5) A h\u00e1trameneti csavar fixpontos pr\u00e9sel\u00e9si technol\u00f3gi\u00e1t alkalmaz a sz\u00f6gelt\u00e9r\u00e9s kiz\u00e1r\u00e1s\u00e1ra.<\/p>\n<p>(6) \u00d6nt\u00f6tt alum\u00ednium ker\u00e9k, szebb \u00e9s k\u00e9nyelmesebb.<\/p>","protected":false},"excerpt":{"rendered":"<p><strong>Haszn\u00e1lat:\u00a0<\/strong>\u00a0\u00c9p\u00edt\u0151ipari<br \/>\n<strong>Emel\u0151 Er\u0151forr\u00e1s: <\/strong>\u00a0K\u00e9zi<br \/>\n<strong>Kapacit\u00e1s: <\/strong>\u00a00,75 tonna, 1,5 tonna, 3 tonna, 6 tonna, 9 tonna<br \/>\n<strong>Norm\u00e1l emel\u00e9s:\u00a0<\/strong>\u00a01,5 M<\/p>\n<p><strong>Term\u00e9kn\u00e9v:<\/strong>\u00a0Racsnis emel\u0151kar<\/p>\n<p><strong>T\u00edpus:<\/strong>\u00a0Emel\u0151 \u00e9s v\u00edzszintesen<\/p>\n<p><strong>Modell:<\/strong>\u00a0A t\u00edpus<\/p>\n<p><strong>Min\u0151s\u00edt\u00e9s:<\/strong>\u00a0CE, GS<\/p>\n<p><strong>Alkalmazhat\u00f3 ipar\u00e1gak:<\/strong>\u00a0\u00c9p\u00edt\u0151anyag-\u00fczletek, G\u00e9pjav\u00edt\u00f3 m\u0171helyek, Gy\u00e1rt\u00f3\u00fczem, Farmok, Kiskereskedelem, \u00c9p\u00edt\u00e9si munk\u00e1k , Energia \u00e9s b\u00e1ny\u00e1szat<\/p>","protected":false},"featured_media":4987,"template":"","meta":{"site-sidebar-layout":"default","site-content-layout":"","ast-site-content-layout":"default","site-content-style":"default","site-sidebar-style":"default","ast-global-header-display":"","ast-banner-title-visibility":"","ast-main-header-display":"","ast-hfb-above-header-display":"","ast-hfb-below-header-display":"","ast-hfb-mobile-header-display":"","site-post-title":"","ast-breadcrumbs-content":"","ast-featured-img":"","footer-sml-layout":"","theme-transparent-header-meta":"default","adv-header-id-meta":"","stick-header-meta":"","header-above-stick-meta":"","header-main-stick-meta":"","header-below-stick-meta":"","astra-migrate-meta-layouts":"set","ast-page-background-enabled":"default","ast-page-background-meta":{"desktop":{"background-color":"","background-image":"","background-repeat":"repeat","background-position":"center center","background-size":"auto","background-attachment":"scroll","background-type":"","background-media":"","overlay-type":"","overlay-color":"","overlay-opacity":"","overlay-gradient":""},"tablet":{"background-color":"","background-image":"","background-repeat":"repeat","background-position":"center center","background-size":"auto","background-attachment":"scroll","background-type":"","background-media":"","overlay-type":"","overlay-color":"","overlay-opacity":"","overlay-gradient":""},"mobile":{"background-color":"","background-image":"","background-repeat":"repeat","background-position":"center center","background-size":"auto","background-attachment":"scroll","background-type":"","background-media":"","overlay-type":"","overlay-color":"","overlay-opacity":"","overlay-gradient":""}},"ast-content-background-meta":{"desktop":{"background-color":"var(--ast-global-color-5)","background-image":"","background-repeat":"repeat","background-position":"center center","background-size":"auto","background-attachment":"scroll","background-type":"","background-media":"","overlay-type":"","overlay-color":"","overlay-opacity":"","overlay-gradient":""},"tablet":{"background-color":"var(--ast-global-color-5)","background-image":"","background-repeat":"repeat","background-position":"center center","background-size":"auto","background-attachment":"scroll","background-type":"","background-media":"","overlay-type":"","overlay-color":"","overlay-opacity":"","overlay-gradient":""},"mobile":{"background-color":"var(--ast-global-color-5)","background-image":"","background-repeat":"repeat","background-position":"center center","background-size":"auto","background-attachment":"scroll","background-type":"","background-media":"","overlay-type":"","overlay-color":"","overlay-opacity":"","overlay-gradient":""}}},"product_brand":[],"product_cat":[71],"product_tag":[],"class_list":{"0":"post-4986","1":"product","2":"type-product","3":"status-publish","4":"has-post-thumbnail","6":"product_cat-kezi-emelok-es-hordozok","7":"desktop-align-left","8":"tablet-align-left","9":"mobile-align-left","11":"first","12":"instock","13":"shipping-taxable","14":"purchasable","15":"product-type-variable"},"yoast_head":"<!-- This site is optimized with the Yoast SEO plugin v25.3 - https:\/\/yoast.com\/wordpress\/plugins\/seo\/ -->\n<title>A Karos l\u00e1ncos emel\u0151 - Lifting Safety - Lifting equipment from professionals<\/title>\n<meta name=\"robots\" content=\"index, follow, max-snippet:-1, max-image-preview:large, max-video-preview:-1\" \/>\n<link rel=\"canonical\" href=\"https:\/\/lifting-safety.com\/en\/product\/racsnis-emelokar-a\/\" \/>\n<meta property=\"og:locale\" content=\"en_GB\" \/>\n<meta property=\"og:type\" content=\"article\" \/>\n<meta property=\"og:title\" content=\"A Karos l\u00e1ncos emel\u0151 - Lifting Safety - Lifting equipment from professionals\" \/>\n<meta property=\"og:description\" content=\"Haszn\u00e1lat:\u00a0\u00a0\u00c9p\u00edt\u0151ipari Emel\u0151 Er\u0151forr\u00e1s: \u00a0K\u00e9zi Kapacit\u00e1s: \u00a00,75 tonna, 1,5 tonna, 3 tonna, 6 tonna, 9 tonna Norm\u00e1l emel\u00e9s:\u00a0\u00a01,5 M  Term\u00e9kn\u00e9v:\u00a0Racsnis emel\u0151kar  T\u00edpus:\u00a0Emel\u0151 \u00e9s v\u00edzszintesen  Modell:\u00a0A t\u00edpus  Min\u0151s\u00edt\u00e9s:\u00a0CE, GS  Alkalmazhat\u00f3 ipar\u00e1gak:\u00a0\u00c9p\u00edt\u0151anyag-\u00fczletek, G\u00e9pjav\u00edt\u00f3 m\u0171helyek, Gy\u00e1rt\u00f3\u00fczem, Farmok, Kiskereskedelem, \u00c9p\u00edt\u00e9si munk\u00e1k , Energia \u00e9s b\u00e1ny\u00e1szat\" \/>\n<meta property=\"og:url\" content=\"https:\/\/lifting-safety.com\/en\/product\/racsnis-emelokar-a\/\" \/>\n<meta property=\"og:site_name\" content=\"Lifting Safety - Lifting equipment from professionals\" \/>\n<meta property=\"article:modified_time\" content=\"2024-06-11T13:41:36+00:00\" \/>\n<meta property=\"og:image\" content=\"https:\/\/lifting-safety.com\/wp-content\/uploads\/2024\/03\/66-Ratchet-Lever-Hoist-A.webp\" \/>\n\t<meta property=\"og:image:width\" content=\"1600\" \/>\n\t<meta property=\"og:image:height\" content=\"1600\" \/>\n\t<meta property=\"og:image:type\" content=\"image\/webp\" \/>\n<meta name=\"twitter:card\" content=\"summary_large_image\" \/>\n<script type=\"application\/ld+json\" class=\"yoast-schema-graph\">{\"@context\":\"https:\/\/schema.org\",\"@graph\":[{\"@type\":\"WebPage\",\"@id\":\"https:\/\/lifting-safety.com\/termek\/racsnis-emelokar-a\/\",\"url\":\"https:\/\/lifting-safety.com\/termek\/racsnis-emelokar-a\/\",\"name\":\"A Karos l\u00e1ncos emel\u0151 - Lifting Safety - Lifting equipment from professionals\",\"isPartOf\":{\"@id\":\"https:\/\/lifting-safety.com\/hu_hu\/#website\"},\"primaryImageOfPage\":{\"@id\":\"https:\/\/lifting-safety.com\/termek\/racsnis-emelokar-a\/#primaryimage\"},\"image\":{\"@id\":\"https:\/\/lifting-safety.com\/termek\/racsnis-emelokar-a\/#primaryimage\"},\"thumbnailUrl\":\"https:\/\/lifting-safety.com\/wp-content\/uploads\/2024\/03\/66-Ratchet-Lever-Hoist-A.webp\",\"datePublished\":\"2024-03-21T23:18:25+00:00\",\"dateModified\":\"2024-06-11T13:41:36+00:00\",\"breadcrumb\":{\"@id\":\"https:\/\/lifting-safety.com\/termek\/racsnis-emelokar-a\/#breadcrumb\"},\"inLanguage\":\"en-GB\",\"potentialAction\":[{\"@type\":\"ReadAction\",\"target\":[\"https:\/\/lifting-safety.com\/termek\/racsnis-emelokar-a\/\"]}]},{\"@type\":\"ImageObject\",\"inLanguage\":\"en-GB\",\"@id\":\"https:\/\/lifting-safety.com\/termek\/racsnis-emelokar-a\/#primaryimage\",\"url\":\"https:\/\/lifting-safety.com\/wp-content\/uploads\/2024\/03\/66-Ratchet-Lever-Hoist-A.webp\",\"contentUrl\":\"https:\/\/lifting-safety.com\/wp-content\/uploads\/2024\/03\/66-Ratchet-Lever-Hoist-A.webp\",\"width\":1600,\"height\":1600},{\"@type\":\"BreadcrumbList\",\"@id\":\"https:\/\/lifting-safety.com\/termek\/racsnis-emelokar-a\/#breadcrumb\",\"itemListElement\":[{\"@type\":\"ListItem\",\"position\":1,\"name\":\"Kezd\u0151lap\",\"item\":\"https:\/\/lifting-safety.com\/hu_hu\/\"},{\"@type\":\"ListItem\",\"position\":2,\"name\":\"Store\",\"item\":\"https:\/\/lifting-safety.com\/store\/\"},{\"@type\":\"ListItem\",\"position\":3,\"name\":\"A Karos l\u00e1ncos emel\u0151\"}]},{\"@type\":\"WebSite\",\"@id\":\"https:\/\/lifting-safety.com\/hu_hu\/#website\",\"url\":\"https:\/\/lifting-safety.com\/hu_hu\/\",\"name\":\"Lifting Safety - Lifting equipment from professionals\",\"description\":\"\",\"publisher\":{\"@id\":\"https:\/\/lifting-safety.com\/hu_hu\/#organization\"},\"potentialAction\":[{\"@type\":\"SearchAction\",\"target\":{\"@type\":\"EntryPoint\",\"urlTemplate\":\"https:\/\/lifting-safety.com\/hu_hu\/?s={search_term_string}\"},\"query-input\":{\"@type\":\"PropertyValueSpecification\",\"valueRequired\":true,\"valueName\":\"search_term_string\"}}],\"inLanguage\":\"en-GB\"},{\"@type\":\"Organization\",\"@id\":\"https:\/\/lifting-safety.com\/hu_hu\/#organization\",\"name\":\"Lifting Safety - Lifting equipment from professionals\",\"url\":\"https:\/\/lifting-safety.com\/hu_hu\/\",\"logo\":{\"@type\":\"ImageObject\",\"inLanguage\":\"en-GB\",\"@id\":\"https:\/\/lifting-safety.com\/hu_hu\/#\/schema\/logo\/image\/\",\"url\":\"https:\/\/lifting-safety.com\/wp-content\/uploads\/2024\/02\/cropped-SAFETY_LIFT_LOGO_horizontal_tiny.png\",\"contentUrl\":\"https:\/\/lifting-safety.com\/wp-content\/uploads\/2024\/02\/cropped-SAFETY_LIFT_LOGO_horizontal_tiny.png\",\"width\":520,\"height\":174,\"caption\":\"Lifting Safety - Lifting equipment from professionals\"},\"image\":{\"@id\":\"https:\/\/lifting-safety.com\/hu_hu\/#\/schema\/logo\/image\/\"}}]}<\/script>\n<!-- \/ Yoast SEO plugin. -->","yoast_head_json":{"title":"A Karos l\u00e1ncos emel\u0151 - Lifting Safety - Lifting equipment from professionals","robots":{"index":"index","follow":"follow","max-snippet":"max-snippet:-1","max-image-preview":"max-image-preview:large","max-video-preview":"max-video-preview:-1"},"canonical":"https:\/\/lifting-safety.com\/en\/product\/racsnis-emelokar-a\/","og_locale":"en_GB","og_type":"article","og_title":"A Karos l\u00e1ncos emel\u0151 - Lifting Safety - Lifting equipment from professionals","og_description":"Haszn\u00e1lat:\u00a0\u00a0\u00c9p\u00edt\u0151ipari Emel\u0151 Er\u0151forr\u00e1s: \u00a0K\u00e9zi Kapacit\u00e1s: \u00a00,75 tonna, 1,5 tonna, 3 tonna, 6 tonna, 9 tonna Norm\u00e1l emel\u00e9s:\u00a0\u00a01,5 M  Term\u00e9kn\u00e9v:\u00a0Racsnis emel\u0151kar  T\u00edpus:\u00a0Emel\u0151 \u00e9s v\u00edzszintesen  Modell:\u00a0A t\u00edpus  Min\u0151s\u00edt\u00e9s:\u00a0CE, GS  Alkalmazhat\u00f3 ipar\u00e1gak:\u00a0\u00c9p\u00edt\u0151anyag-\u00fczletek, G\u00e9pjav\u00edt\u00f3 m\u0171helyek, Gy\u00e1rt\u00f3\u00fczem, Farmok, Kiskereskedelem, \u00c9p\u00edt\u00e9si munk\u00e1k , Energia \u00e9s b\u00e1ny\u00e1szat","og_url":"https:\/\/lifting-safety.com\/en\/product\/racsnis-emelokar-a\/","og_site_name":"Lifting Safety - Lifting equipment from professionals","article_modified_time":"2024-06-11T13:41:36+00:00","og_image":[{"width":1600,"height":1600,"url":"https:\/\/lifting-safety.com\/wp-content\/uploads\/2024\/03\/66-Ratchet-Lever-Hoist-A.webp","type":"image\/webp"}],"twitter_card":"summary_large_image","schema":{"@context":"https:\/\/schema.org","@graph":[{"@type":"WebPage","@id":"https:\/\/lifting-safety.com\/termek\/racsnis-emelokar-a\/","url":"https:\/\/lifting-safety.com\/termek\/racsnis-emelokar-a\/","name":"A Karos l\u00e1ncos emel\u0151 - Lifting Safety - Lifting equipment from professionals","isPartOf":{"@id":"https:\/\/lifting-safety.com\/hu_hu\/#website"},"primaryImageOfPage":{"@id":"https:\/\/lifting-safety.com\/termek\/racsnis-emelokar-a\/#primaryimage"},"image":{"@id":"https:\/\/lifting-safety.com\/termek\/racsnis-emelokar-a\/#primaryimage"},"thumbnailUrl":"https:\/\/lifting-safety.com\/wp-content\/uploads\/2024\/03\/66-Ratchet-Lever-Hoist-A.webp","datePublished":"2024-03-21T23:18:25+00:00","dateModified":"2024-06-11T13:41:36+00:00","breadcrumb":{"@id":"https:\/\/lifting-safety.com\/termek\/racsnis-emelokar-a\/#breadcrumb"},"inLanguage":"en-GB","potentialAction":[{"@type":"ReadAction","target":["https:\/\/lifting-safety.com\/termek\/racsnis-emelokar-a\/"]}]},{"@type":"ImageObject","inLanguage":"en-GB","@id":"https:\/\/lifting-safety.com\/termek\/racsnis-emelokar-a\/#primaryimage","url":"https:\/\/lifting-safety.com\/wp-content\/uploads\/2024\/03\/66-Ratchet-Lever-Hoist-A.webp","contentUrl":"https:\/\/lifting-safety.com\/wp-content\/uploads\/2024\/03\/66-Ratchet-Lever-Hoist-A.webp","width":1600,"height":1600},{"@type":"BreadcrumbList","@id":"https:\/\/lifting-safety.com\/termek\/racsnis-emelokar-a\/#breadcrumb","itemListElement":[{"@type":"ListItem","position":1,"name":"Kezd\u0151lap","item":"https:\/\/lifting-safety.com\/hu_hu\/"},{"@type":"ListItem","position":2,"name":"Store","item":"https:\/\/lifting-safety.com\/store\/"},{"@type":"ListItem","position":3,"name":"A Karos l\u00e1ncos emel\u0151"}]},{"@type":"WebSite","@id":"https:\/\/lifting-safety.com\/hu_hu\/#website","url":"https:\/\/lifting-safety.com\/hu_hu\/","name":"Lifting Safety - Lifting equipment from professionals","description":"","publisher":{"@id":"https:\/\/lifting-safety.com\/hu_hu\/#organization"},"potentialAction":[{"@type":"SearchAction","target":{"@type":"EntryPoint","urlTemplate":"https:\/\/lifting-safety.com\/hu_hu\/?s={search_term_string}"},"query-input":{"@type":"PropertyValueSpecification","valueRequired":true,"valueName":"search_term_string"}}],"inLanguage":"en-GB"},{"@type":"Organization","@id":"https:\/\/lifting-safety.com\/hu_hu\/#organization","name":"Lifting Safety - Lifting equipment from professionals","url":"https:\/\/lifting-safety.com\/hu_hu\/","logo":{"@type":"ImageObject","inLanguage":"en-GB","@id":"https:\/\/lifting-safety.com\/hu_hu\/#\/schema\/logo\/image\/","url":"https:\/\/lifting-safety.com\/wp-content\/uploads\/2024\/02\/cropped-SAFETY_LIFT_LOGO_horizontal_tiny.png","contentUrl":"https:\/\/lifting-safety.com\/wp-content\/uploads\/2024\/02\/cropped-SAFETY_LIFT_LOGO_horizontal_tiny.png","width":520,"height":174,"caption":"Lifting Safety - Lifting equipment from professionals"},"image":{"@id":"https:\/\/lifting-safety.com\/hu_hu\/#\/schema\/logo\/image\/"}}]}},"_links":{"self":[{"href":"https:\/\/lifting-safety.com\/en\/wp-json\/wp\/v2\/product\/4986","targetHints":{"allow":["GET"]}}],"collection":[{"href":"https:\/\/lifting-safety.com\/en\/wp-json\/wp\/v2\/product"}],"about":[{"href":"https:\/\/lifting-safety.com\/en\/wp-json\/wp\/v2\/types\/product"}],"version-history":[{"count":3,"href":"https:\/\/lifting-safety.com\/en\/wp-json\/wp\/v2\/product\/4986\/revisions"}],"predecessor-version":[{"id":5350,"href":"https:\/\/lifting-safety.com\/en\/wp-json\/wp\/v2\/product\/4986\/revisions\/5350"}],"wp:featuredmedia":[{"embeddable":true,"href":"https:\/\/lifting-safety.com\/en\/wp-json\/wp\/v2\/media\/4987"}],"wp:attachment":[{"href":"https:\/\/lifting-safety.com\/en\/wp-json\/wp\/v2\/media?parent=4986"}],"wp:term":[{"taxonomy":"product_brand","embeddable":true,"href":"https:\/\/lifting-safety.com\/en\/wp-json\/wp\/v2\/product_brand?post=4986"},{"taxonomy":"product_cat","embeddable":true,"href":"https:\/\/lifting-safety.com\/en\/wp-json\/wp\/v2\/product_cat?post=4986"},{"taxonomy":"product_tag","embeddable":true,"href":"https:\/\/lifting-safety.com\/en\/wp-json\/wp\/v2\/product_tag?post=4986"}],"curies":[{"name":"wp","href":"https:\/\/api.w.org\/{rel}","templated":true}]}}