{"id":4682,"date":"2024-03-12T18:12:50","date_gmt":"2024-03-12T17:12:50","guid":{"rendered":"https:\/\/lifting-safety.com\/?post_type=product&#038;p=4682"},"modified":"2024-03-22T18:59:34","modified_gmt":"2024-03-22T17:59:34","slug":"mini-elektromos-emelob-sorozat","status":"publish","type":"product","link":"https:\/\/lifting-safety.com\/en\/product\/mini-elektromos-emelob-sorozat\/","title":{"rendered":"Mini elektromos emel\u0151(B) sorozat"},"content":{"rendered":"<p><strong>Term\u00e9kn\u00e9v:<\/strong>\u00a0Mini elektromos dr\u00f3tk\u00f6t\u00e9l-emel\u0151<\/p>\n<p><strong>T\u00edpus:<\/strong>\u00a0Emel\u0151berendez\u00e9s<\/p>\n<p><strong>Modell:<\/strong>\u00a0B t\u00edpus<\/p>\n<p><strong>Biztons\u00e1gi eszk\u00f6z:<\/strong>\u00a0Magass\u00e1ghat\u00e1rol\u00f3<\/p>\n<p><strong>Min\u0151s\u00edt\u00e9s:<\/strong>\u00a0CE, GS<\/p>\n<p><strong>Alkalmazhat\u00f3 ipar\u00e1gak:<\/strong>\u00a0\u00c9p\u00edt\u0151anyag-\u00fczletek, G\u00e9pjav\u00edt\u00f3 m\u0171helyek, Gy\u00e1rt\u00f3\u00fczem, Farmok, Kiskereskedelem, \u00c9p\u00edt\u00e9si munk\u00e1k, Energia \u00e9s b\u00e1ny\u00e1szat<\/p>\n<p><span>Haszn\u00e1ljon r\u00e9zmotort, amely j\u00f3 elektromos vezet\u0151k\u00e9pess\u00e9ggel \u00e9s szigetel\u0151k\u00e9pess\u00e9ggel rendelkezik.<\/span><\/p>\n<p><span>A nagy pontoss\u00e1ggal tervezett reduktordobozos hajt\u00f3m\u0171 jelent\u0151sen cs\u00f6kkentette a m\u0171k\u00f6d\u00e9si zajt.<\/span><\/p>\n<p><span>Az ABS m\u0171anyagb\u00f3l k\u00e9sz\u00fclt p\u00f3talkatr\u00e9szek olaj-, korr\u00f3zi\u00f3g\u00e1tl\u00f3 \u00e9s biztons\u00e1gosak.<\/span><\/p>\n<p><span>Forg\u00e1sg\u00e1tl\u00f3 dr\u00f3tk\u00f6t\u00e9l, j\u00f3 rugalmass\u00e1g, nem laza, nagy szak\u00edt\u00f3szil\u00e1rds\u00e1g.<\/span><\/p>","protected":false},"excerpt":{"rendered":"<p><strong>Haszn\u00e1lat:\u00a0<\/strong>\u00a0\u00c9p\u00edt\u0151ipari emel\u0151<br \/>\n<strong>\u00c1ramforr\u00e1s:\u00a0<\/strong>\u00a0Elektromos<br \/>\n<strong>N\u00e9vleges Volt:\u00a0<\/strong>\u00a0AC 220\/230V, 50\/60Hz<br \/>\n<strong>Emel\u00e9si sebess\u00e9g:\u00a0<\/strong>\u00a05\/10m\/perc<br \/>\n<strong>Motor:\u00a0<\/strong>\u00a0Tiszta r\u00e9z motor, F180 fokozat<br \/>\n<strong>Opcion\u00e1lis:\u00a0<\/strong>\u00a0T\u00e1vir\u00e1ny\u00edt\u00f3, Elektromos kocsi<\/p>","protected":false},"featured_media":4860,"template":"","meta":{"site-sidebar-layout":"default","site-content-layout":"","ast-site-content-layout":"default","site-content-style":"default","site-sidebar-style":"default","ast-global-header-display":"","ast-banner-title-visibility":"","ast-main-header-display":"","ast-hfb-above-header-display":"","ast-hfb-below-header-display":"","ast-hfb-mobile-header-display":"","site-post-title":"","ast-breadcrumbs-content":"","ast-featured-img":"","footer-sml-layout":"","theme-transparent-header-meta":"default","adv-header-id-meta":"","stick-header-meta":"","header-above-stick-meta":"","header-main-stick-meta":"","header-below-stick-meta":"","astra-migrate-meta-layouts":"set","ast-page-background-enabled":"default","ast-page-background-meta":{"desktop":{"background-color":"","background-image":"","background-repeat":"repeat","background-position":"center center","background-size":"auto","background-attachment":"scroll","background-type":"","background-media":"","overlay-type":"","overlay-color":"","overlay-opacity":"","overlay-gradient":""},"tablet":{"background-color":"","background-image":"","background-repeat":"repeat","background-position":"center center","background-size":"auto","background-attachment":"scroll","background-type":"","background-media":"","overlay-type":"","overlay-color":"","overlay-opacity":"","overlay-gradient":""},"mobile":{"background-color":"","background-image":"","background-repeat":"repeat","background-position":"center center","background-size":"auto","background-attachment":"scroll","background-type":"","background-media":"","overlay-type":"","overlay-color":"","overlay-opacity":"","overlay-gradient":""}},"ast-content-background-meta":{"desktop":{"background-color":"var(--ast-global-color-5)","background-image":"","background-repeat":"repeat","background-position":"center center","background-size":"auto","background-attachment":"scroll","background-type":"","background-media":"","overlay-type":"","overlay-color":"","overlay-opacity":"","overlay-gradient":""},"tablet":{"background-color":"var(--ast-global-color-5)","background-image":"","background-repeat":"repeat","background-position":"center center","background-size":"auto","background-attachment":"scroll","background-type":"","background-media":"","overlay-type":"","overlay-color":"","overlay-opacity":"","overlay-gradient":""},"mobile":{"background-color":"var(--ast-global-color-5)","background-image":"","background-repeat":"repeat","background-position":"center center","background-size":"auto","background-attachment":"scroll","background-type":"","background-media":"","overlay-type":"","overlay-color":"","overlay-opacity":"","overlay-gradient":""}}},"product_brand":[],"product_cat":[68],"product_tag":[],"class_list":{"0":"post-4682","1":"product","2":"type-product","3":"status-publish","4":"has-post-thumbnail","6":"product_cat-mini-elektromos-emelo-es-elektromos-csorlo","7":"desktop-align-left","8":"tablet-align-left","9":"mobile-align-left","11":"first","12":"instock","13":"shipping-taxable","14":"product-type-simple"},"yoast_head":"<!-- This site is optimized with the Yoast SEO plugin v25.3 - https:\/\/yoast.com\/wordpress\/plugins\/seo\/ -->\n<title>Mini elektromos emel\u0151(B) sorozat - Lifting Safety - Lifting equipment from professionals<\/title>\n<meta name=\"robots\" content=\"index, follow, max-snippet:-1, max-image-preview:large, max-video-preview:-1\" \/>\n<link rel=\"canonical\" href=\"https:\/\/lifting-safety.com\/en\/product\/mini-elektromos-emelob-sorozat\/\" \/>\n<meta property=\"og:locale\" content=\"en_GB\" \/>\n<meta property=\"og:type\" content=\"article\" \/>\n<meta property=\"og:title\" content=\"Mini elektromos emel\u0151(B) sorozat - Lifting Safety - Lifting equipment from professionals\" \/>\n<meta property=\"og:description\" content=\"Haszn\u00e1lat:\u00a0\u00a0\u00c9p\u00edt\u0151ipari emel\u0151 \u00c1ramforr\u00e1s:\u00a0\u00a0Elektromos N\u00e9vleges Volt:\u00a0\u00a0AC 220\/230V, 50\/60Hz Emel\u00e9si sebess\u00e9g:\u00a0\u00a05\/10m\/perc Motor:\u00a0\u00a0Tiszta r\u00e9z motor, F180 fokozat Opcion\u00e1lis:\u00a0\u00a0T\u00e1vir\u00e1ny\u00edt\u00f3, Elektromos kocsi\" \/>\n<meta property=\"og:url\" content=\"https:\/\/lifting-safety.com\/en\/product\/mini-elektromos-emelob-sorozat\/\" \/>\n<meta property=\"og:site_name\" content=\"Lifting Safety - Lifting equipment from professionals\" \/>\n<meta property=\"article:modified_time\" content=\"2024-03-22T17:59:34+00:00\" \/>\n<meta property=\"og:image\" content=\"https:\/\/lifting-safety.com\/wp-content\/uploads\/2024\/03\/Mini-Electric-Hoist-B-Series-China-2.webp\" \/>\n\t<meta property=\"og:image:width\" content=\"600\" \/>\n\t<meta property=\"og:image:height\" content=\"600\" \/>\n\t<meta property=\"og:image:type\" content=\"image\/webp\" \/>\n<meta name=\"twitter:card\" content=\"summary_large_image\" \/>\n<meta name=\"twitter:label1\" content=\"Estimated reading time\" \/>\n\t<meta name=\"twitter:data1\" content=\"1 minute\" \/>\n<script type=\"application\/ld+json\" class=\"yoast-schema-graph\">{\"@context\":\"https:\/\/schema.org\",\"@graph\":[{\"@type\":\"WebPage\",\"@id\":\"https:\/\/lifting-safety.com\/termek\/mini-elektromos-emelob-sorozat\/\",\"url\":\"https:\/\/lifting-safety.com\/termek\/mini-elektromos-emelob-sorozat\/\",\"name\":\"Mini elektromos emel\u0151(B) sorozat - Lifting Safety - Lifting equipment from professionals\",\"isPartOf\":{\"@id\":\"https:\/\/lifting-safety.com\/hu_hu\/#website\"},\"primaryImageOfPage\":{\"@id\":\"https:\/\/lifting-safety.com\/termek\/mini-elektromos-emelob-sorozat\/#primaryimage\"},\"image\":{\"@id\":\"https:\/\/lifting-safety.com\/termek\/mini-elektromos-emelob-sorozat\/#primaryimage\"},\"thumbnailUrl\":\"https:\/\/lifting-safety.com\/wp-content\/uploads\/2024\/03\/Mini-Electric-Hoist-B-Series-China-2.webp\",\"datePublished\":\"2024-03-12T17:12:50+00:00\",\"dateModified\":\"2024-03-22T17:59:34+00:00\",\"breadcrumb\":{\"@id\":\"https:\/\/lifting-safety.com\/termek\/mini-elektromos-emelob-sorozat\/#breadcrumb\"},\"inLanguage\":\"en-GB\",\"potentialAction\":[{\"@type\":\"ReadAction\",\"target\":[\"https:\/\/lifting-safety.com\/termek\/mini-elektromos-emelob-sorozat\/\"]}]},{\"@type\":\"ImageObject\",\"inLanguage\":\"en-GB\",\"@id\":\"https:\/\/lifting-safety.com\/termek\/mini-elektromos-emelob-sorozat\/#primaryimage\",\"url\":\"https:\/\/lifting-safety.com\/wp-content\/uploads\/2024\/03\/Mini-Electric-Hoist-B-Series-China-2.webp\",\"contentUrl\":\"https:\/\/lifting-safety.com\/wp-content\/uploads\/2024\/03\/Mini-Electric-Hoist-B-Series-China-2.webp\",\"width\":600,\"height\":600},{\"@type\":\"BreadcrumbList\",\"@id\":\"https:\/\/lifting-safety.com\/termek\/mini-elektromos-emelob-sorozat\/#breadcrumb\",\"itemListElement\":[{\"@type\":\"ListItem\",\"position\":1,\"name\":\"Kezd\u0151lap\",\"item\":\"https:\/\/lifting-safety.com\/hu_hu\/\"},{\"@type\":\"ListItem\",\"position\":2,\"name\":\"Store\",\"item\":\"https:\/\/lifting-safety.com\/store\/\"},{\"@type\":\"ListItem\",\"position\":3,\"name\":\"Mini elektromos emel\u0151(B) sorozat\"}]},{\"@type\":\"WebSite\",\"@id\":\"https:\/\/lifting-safety.com\/hu_hu\/#website\",\"url\":\"https:\/\/lifting-safety.com\/hu_hu\/\",\"name\":\"Lifting Safety - Lifting equipment from professionals\",\"description\":\"\",\"publisher\":{\"@id\":\"https:\/\/lifting-safety.com\/hu_hu\/#organization\"},\"potentialAction\":[{\"@type\":\"SearchAction\",\"target\":{\"@type\":\"EntryPoint\",\"urlTemplate\":\"https:\/\/lifting-safety.com\/hu_hu\/?s={search_term_string}\"},\"query-input\":{\"@type\":\"PropertyValueSpecification\",\"valueRequired\":true,\"valueName\":\"search_term_string\"}}],\"inLanguage\":\"en-GB\"},{\"@type\":\"Organization\",\"@id\":\"https:\/\/lifting-safety.com\/hu_hu\/#organization\",\"name\":\"Lifting Safety - Lifting equipment from professionals\",\"url\":\"https:\/\/lifting-safety.com\/hu_hu\/\",\"logo\":{\"@type\":\"ImageObject\",\"inLanguage\":\"en-GB\",\"@id\":\"https:\/\/lifting-safety.com\/hu_hu\/#\/schema\/logo\/image\/\",\"url\":\"https:\/\/lifting-safety.com\/wp-content\/uploads\/2024\/02\/cropped-SAFETY_LIFT_LOGO_horizontal_tiny.png\",\"contentUrl\":\"https:\/\/lifting-safety.com\/wp-content\/uploads\/2024\/02\/cropped-SAFETY_LIFT_LOGO_horizontal_tiny.png\",\"width\":520,\"height\":174,\"caption\":\"Lifting Safety - Lifting equipment from professionals\"},\"image\":{\"@id\":\"https:\/\/lifting-safety.com\/hu_hu\/#\/schema\/logo\/image\/\"}}]}<\/script>\n<!-- \/ Yoast SEO plugin. -->","yoast_head_json":{"title":"Mini elektromos emel\u0151(B) sorozat - Lifting Safety - Lifting equipment from professionals","robots":{"index":"index","follow":"follow","max-snippet":"max-snippet:-1","max-image-preview":"max-image-preview:large","max-video-preview":"max-video-preview:-1"},"canonical":"https:\/\/lifting-safety.com\/en\/product\/mini-elektromos-emelob-sorozat\/","og_locale":"en_GB","og_type":"article","og_title":"Mini elektromos emel\u0151(B) sorozat - Lifting Safety - Lifting equipment from professionals","og_description":"Haszn\u00e1lat:\u00a0\u00a0\u00c9p\u00edt\u0151ipari emel\u0151 \u00c1ramforr\u00e1s:\u00a0\u00a0Elektromos N\u00e9vleges Volt:\u00a0\u00a0AC 220\/230V, 50\/60Hz Emel\u00e9si sebess\u00e9g:\u00a0\u00a05\/10m\/perc Motor:\u00a0\u00a0Tiszta r\u00e9z motor, F180 fokozat Opcion\u00e1lis:\u00a0\u00a0T\u00e1vir\u00e1ny\u00edt\u00f3, Elektromos kocsi","og_url":"https:\/\/lifting-safety.com\/en\/product\/mini-elektromos-emelob-sorozat\/","og_site_name":"Lifting Safety - Lifting equipment from professionals","article_modified_time":"2024-03-22T17:59:34+00:00","og_image":[{"width":600,"height":600,"url":"https:\/\/lifting-safety.com\/wp-content\/uploads\/2024\/03\/Mini-Electric-Hoist-B-Series-China-2.webp","type":"image\/webp"}],"twitter_card":"summary_large_image","twitter_misc":{"Estimated reading time":"1 minute"},"schema":{"@context":"https:\/\/schema.org","@graph":[{"@type":"WebPage","@id":"https:\/\/lifting-safety.com\/termek\/mini-elektromos-emelob-sorozat\/","url":"https:\/\/lifting-safety.com\/termek\/mini-elektromos-emelob-sorozat\/","name":"Mini elektromos emel\u0151(B) sorozat - Lifting Safety - Lifting equipment from professionals","isPartOf":{"@id":"https:\/\/lifting-safety.com\/hu_hu\/#website"},"primaryImageOfPage":{"@id":"https:\/\/lifting-safety.com\/termek\/mini-elektromos-emelob-sorozat\/#primaryimage"},"image":{"@id":"https:\/\/lifting-safety.com\/termek\/mini-elektromos-emelob-sorozat\/#primaryimage"},"thumbnailUrl":"https:\/\/lifting-safety.com\/wp-content\/uploads\/2024\/03\/Mini-Electric-Hoist-B-Series-China-2.webp","datePublished":"2024-03-12T17:12:50+00:00","dateModified":"2024-03-22T17:59:34+00:00","breadcrumb":{"@id":"https:\/\/lifting-safety.com\/termek\/mini-elektromos-emelob-sorozat\/#breadcrumb"},"inLanguage":"en-GB","potentialAction":[{"@type":"ReadAction","target":["https:\/\/lifting-safety.com\/termek\/mini-elektromos-emelob-sorozat\/"]}]},{"@type":"ImageObject","inLanguage":"en-GB","@id":"https:\/\/lifting-safety.com\/termek\/mini-elektromos-emelob-sorozat\/#primaryimage","url":"https:\/\/lifting-safety.com\/wp-content\/uploads\/2024\/03\/Mini-Electric-Hoist-B-Series-China-2.webp","contentUrl":"https:\/\/lifting-safety.com\/wp-content\/uploads\/2024\/03\/Mini-Electric-Hoist-B-Series-China-2.webp","width":600,"height":600},{"@type":"BreadcrumbList","@id":"https:\/\/lifting-safety.com\/termek\/mini-elektromos-emelob-sorozat\/#breadcrumb","itemListElement":[{"@type":"ListItem","position":1,"name":"Kezd\u0151lap","item":"https:\/\/lifting-safety.com\/hu_hu\/"},{"@type":"ListItem","position":2,"name":"Store","item":"https:\/\/lifting-safety.com\/store\/"},{"@type":"ListItem","position":3,"name":"Mini elektromos emel\u0151(B) sorozat"}]},{"@type":"WebSite","@id":"https:\/\/lifting-safety.com\/hu_hu\/#website","url":"https:\/\/lifting-safety.com\/hu_hu\/","name":"Lifting Safety - Lifting equipment from professionals","description":"","publisher":{"@id":"https:\/\/lifting-safety.com\/hu_hu\/#organization"},"potentialAction":[{"@type":"SearchAction","target":{"@type":"EntryPoint","urlTemplate":"https:\/\/lifting-safety.com\/hu_hu\/?s={search_term_string}"},"query-input":{"@type":"PropertyValueSpecification","valueRequired":true,"valueName":"search_term_string"}}],"inLanguage":"en-GB"},{"@type":"Organization","@id":"https:\/\/lifting-safety.com\/hu_hu\/#organization","name":"Lifting Safety - Lifting equipment from professionals","url":"https:\/\/lifting-safety.com\/hu_hu\/","logo":{"@type":"ImageObject","inLanguage":"en-GB","@id":"https:\/\/lifting-safety.com\/hu_hu\/#\/schema\/logo\/image\/","url":"https:\/\/lifting-safety.com\/wp-content\/uploads\/2024\/02\/cropped-SAFETY_LIFT_LOGO_horizontal_tiny.png","contentUrl":"https:\/\/lifting-safety.com\/wp-content\/uploads\/2024\/02\/cropped-SAFETY_LIFT_LOGO_horizontal_tiny.png","width":520,"height":174,"caption":"Lifting Safety - Lifting equipment from professionals"},"image":{"@id":"https:\/\/lifting-safety.com\/hu_hu\/#\/schema\/logo\/image\/"}}]}},"_links":{"self":[{"href":"https:\/\/lifting-safety.com\/en\/wp-json\/wp\/v2\/product\/4682","targetHints":{"allow":["GET"]}}],"collection":[{"href":"https:\/\/lifting-safety.com\/en\/wp-json\/wp\/v2\/product"}],"about":[{"href":"https:\/\/lifting-safety.com\/en\/wp-json\/wp\/v2\/types\/product"}],"version-history":[{"count":3,"href":"https:\/\/lifting-safety.com\/en\/wp-json\/wp\/v2\/product\/4682\/revisions"}],"predecessor-version":[{"id":4861,"href":"https:\/\/lifting-safety.com\/en\/wp-json\/wp\/v2\/product\/4682\/revisions\/4861"}],"wp:featuredmedia":[{"embeddable":true,"href":"https:\/\/lifting-safety.com\/en\/wp-json\/wp\/v2\/media\/4860"}],"wp:attachment":[{"href":"https:\/\/lifting-safety.com\/en\/wp-json\/wp\/v2\/media?parent=4682"}],"wp:term":[{"taxonomy":"product_brand","embeddable":true,"href":"https:\/\/lifting-safety.com\/en\/wp-json\/wp\/v2\/product_brand?post=4682"},{"taxonomy":"product_cat","embeddable":true,"href":"https:\/\/lifting-safety.com\/en\/wp-json\/wp\/v2\/product_cat?post=4682"},{"taxonomy":"product_tag","embeddable":true,"href":"https:\/\/lifting-safety.com\/en\/wp-json\/wp\/v2\/product_tag?post=4682"}],"curies":[{"name":"wp","href":"https:\/\/api.w.org\/{rel}","templated":true}]}}