{"id":4659,"date":"2024-03-12T16:02:51","date_gmt":"2024-03-12T15:02:51","guid":{"rendered":"https:\/\/lifting-safety.com\/?post_type=product&#038;p=4659"},"modified":"2024-04-02T16:42:32","modified_gmt":"2024-04-02T14:42:32","slug":"4659","status":"publish","type":"product","link":"https:\/\/lifting-safety.com\/en\/product\/4659\/","title":{"rendered":"JA Kerek heveder poli\u00e9sztersz\u00e1las k\u00f6rk\u00f6t\u00e9l"},"content":{"rendered":"<p><strong>Term\u00e9k neve:<\/strong>\u00a0JA kerek heveder heveder<\/p>\n<p><strong>T\u00edpus:<\/strong>\u00a0Emel\u0151berendez\u00e9s<\/p>\n<p><strong>Modell:<\/strong>\u00a0JA<\/p>\n<p><strong>Min\u0151s\u00edt\u00e9s:<\/strong>\u00a0CE, GS<\/p>\n<p><strong>Alkalmazhat\u00f3 ipar\u00e1gak:<\/strong>\u00a0Sz\u00e9les k\u00f6rben haszn\u00e1lj\u00e1k a koh\u00e1szatban, az olajvezet\u00e9kekben, a sz\u00e9lenergia-emel\u00e9sben, az energia\u00e1tvitelben \u00e9s -\u00e1talak\u00edt\u00e1sban, az atomenergi\u00e1ban, a haj\u00f3gy\u00e1rt\u00e1sban, a prec\u00edzi\u00f3s g\u00e9pekben, a rep\u00fcl\u00e9sben, a kik\u00f6t\u0151i emel\u00e9sben, a vegyiparban \u00e9s m\u00e1s ter\u00fcleteken.<\/p>","protected":false},"excerpt":{"rendered":"<p>Term\u00e9k neve:\u00a0JA kerek heveder heveder T\u00edpus:\u00a0Emel\u0151berendez\u00e9s Modell:\u00a0JA Min\u0151s\u00edt\u00e9s:\u00a0CE, GS Alkalmazhat\u00f3 ipar\u00e1gak:\u00a0Sz\u00e9les k\u00f6rben haszn\u00e1lj\u00e1k a koh\u00e1szatban, az olajvezet\u00e9kekben, a sz\u00e9lenergia-emel\u00e9sben, az energia\u00e1tvitelben \u00e9s -\u00e1talak\u00edt\u00e1sban, az atomenergi\u00e1ban, a haj\u00f3gy\u00e1rt\u00e1sban, a prec\u00edzi\u00f3s g\u00e9pekben, a rep\u00fcl\u00e9sben, a kik\u00f6t\u0151i emel\u00e9sben, a vegyiparban \u00e9s m\u00e1s ter\u00fcleteken.<\/p>","protected":false},"featured_media":4882,"template":"","meta":{"site-sidebar-layout":"default","site-content-layout":"","ast-site-content-layout":"default","site-content-style":"default","site-sidebar-style":"default","ast-global-header-display":"","ast-banner-title-visibility":"","ast-main-header-display":"","ast-hfb-above-header-display":"","ast-hfb-below-header-display":"","ast-hfb-mobile-header-display":"","site-post-title":"","ast-breadcrumbs-content":"","ast-featured-img":"","footer-sml-layout":"","theme-transparent-header-meta":"default","adv-header-id-meta":"","stick-header-meta":"","header-above-stick-meta":"","header-main-stick-meta":"","header-below-stick-meta":"","astra-migrate-meta-layouts":"set","ast-page-background-enabled":"default","ast-page-background-meta":{"desktop":{"background-color":"","background-image":"","background-repeat":"repeat","background-position":"center center","background-size":"auto","background-attachment":"scroll","background-type":"","background-media":"","overlay-type":"","overlay-color":"","overlay-opacity":"","overlay-gradient":""},"tablet":{"background-color":"","background-image":"","background-repeat":"repeat","background-position":"center center","background-size":"auto","background-attachment":"scroll","background-type":"","background-media":"","overlay-type":"","overlay-color":"","overlay-opacity":"","overlay-gradient":""},"mobile":{"background-color":"","background-image":"","background-repeat":"repeat","background-position":"center center","background-size":"auto","background-attachment":"scroll","background-type":"","background-media":"","overlay-type":"","overlay-color":"","overlay-opacity":"","overlay-gradient":""}},"ast-content-background-meta":{"desktop":{"background-color":"var(--ast-global-color-5)","background-image":"","background-repeat":"repeat","background-position":"center center","background-size":"auto","background-attachment":"scroll","background-type":"","background-media":"","overlay-type":"","overlay-color":"","overlay-opacity":"","overlay-gradient":""},"tablet":{"background-color":"var(--ast-global-color-5)","background-image":"","background-repeat":"repeat","background-position":"center center","background-size":"auto","background-attachment":"scroll","background-type":"","background-media":"","overlay-type":"","overlay-color":"","overlay-opacity":"","overlay-gradient":""},"mobile":{"background-color":"var(--ast-global-color-5)","background-image":"","background-repeat":"repeat","background-position":"center center","background-size":"auto","background-attachment":"scroll","background-type":"","background-media":"","overlay-type":"","overlay-color":"","overlay-opacity":"","overlay-gradient":""}}},"product_brand":[],"product_cat":[75],"product_tag":[],"class_list":{"0":"post-4659","1":"product","2":"type-product","3":"status-publish","4":"has-post-thumbnail","6":"product_cat-polieszter-kotozoelemek","7":"desktop-align-left","8":"tablet-align-left","9":"mobile-align-left","11":"first","12":"instock","13":"featured","14":"shipping-taxable","15":"purchasable","16":"product-type-variable"},"yoast_head":"<!-- This site is optimized with the Yoast SEO plugin v25.3 - https:\/\/yoast.com\/wordpress\/plugins\/seo\/ -->\n<title>JA Kerek heveder poli\u00e9sztersz\u00e1las k\u00f6rk\u00f6t\u00e9l - Lifting Safety - Lifting equipment from professionals<\/title>\n<meta name=\"robots\" content=\"index, follow, max-snippet:-1, max-image-preview:large, max-video-preview:-1\" \/>\n<link rel=\"canonical\" href=\"https:\/\/lifting-safety.com\/en\/product\/4659\/\" \/>\n<meta property=\"og:locale\" content=\"en_GB\" \/>\n<meta property=\"og:type\" content=\"article\" \/>\n<meta property=\"og:title\" content=\"JA Kerek heveder poli\u00e9sztersz\u00e1las k\u00f6rk\u00f6t\u00e9l - Lifting Safety - Lifting equipment from professionals\" \/>\n<meta property=\"og:description\" content=\"Term\u00e9k neve:\u00a0JA kerek heveder heveder T\u00edpus:\u00a0Emel\u0151berendez\u00e9s Modell:\u00a0JA Min\u0151s\u00edt\u00e9s:\u00a0CE, GS Alkalmazhat\u00f3 ipar\u00e1gak:\u00a0Sz\u00e9les k\u00f6rben haszn\u00e1lj\u00e1k a koh\u00e1szatban, az olajvezet\u00e9kekben, a sz\u00e9lenergia-emel\u00e9sben, az energia\u00e1tvitelben \u00e9s -\u00e1talak\u00edt\u00e1sban, az atomenergi\u00e1ban, a haj\u00f3gy\u00e1rt\u00e1sban, a prec\u00edzi\u00f3s g\u00e9pekben, a rep\u00fcl\u00e9sben, a kik\u00f6t\u0151i emel\u00e9sben, a vegyiparban \u00e9s m\u00e1s ter\u00fcleteken.\" \/>\n<meta property=\"og:url\" content=\"https:\/\/lifting-safety.com\/en\/product\/4659\/\" \/>\n<meta property=\"og:site_name\" content=\"Lifting Safety - Lifting equipment from professionals\" \/>\n<meta property=\"article:modified_time\" content=\"2024-04-02T14:42:32+00:00\" \/>\n<meta property=\"og:image\" content=\"https:\/\/lifting-safety.com\/wp-content\/uploads\/2024\/03\/JA-Round-Webbing-Sling-2.webp\" \/>\n\t<meta property=\"og:image:width\" content=\"600\" \/>\n\t<meta property=\"og:image:height\" content=\"600\" \/>\n\t<meta property=\"og:image:type\" content=\"image\/webp\" \/>\n<meta name=\"twitter:card\" content=\"summary_large_image\" \/>\n<script type=\"application\/ld+json\" class=\"yoast-schema-graph\">{\"@context\":\"https:\/\/schema.org\",\"@graph\":[{\"@type\":\"WebPage\",\"@id\":\"https:\/\/lifting-safety.com\/termek\/4659\/\",\"url\":\"https:\/\/lifting-safety.com\/termek\/4659\/\",\"name\":\"JA Kerek heveder poli\u00e9sztersz\u00e1las k\u00f6rk\u00f6t\u00e9l - Lifting Safety - Lifting equipment from professionals\",\"isPartOf\":{\"@id\":\"https:\/\/lifting-safety.com\/hu_hu\/#website\"},\"primaryImageOfPage\":{\"@id\":\"https:\/\/lifting-safety.com\/termek\/4659\/#primaryimage\"},\"image\":{\"@id\":\"https:\/\/lifting-safety.com\/termek\/4659\/#primaryimage\"},\"thumbnailUrl\":\"https:\/\/lifting-safety.com\/wp-content\/uploads\/2024\/03\/JA-Round-Webbing-Sling-2.webp\",\"datePublished\":\"2024-03-12T15:02:51+00:00\",\"dateModified\":\"2024-04-02T14:42:32+00:00\",\"breadcrumb\":{\"@id\":\"https:\/\/lifting-safety.com\/termek\/4659\/#breadcrumb\"},\"inLanguage\":\"en-GB\",\"potentialAction\":[{\"@type\":\"ReadAction\",\"target\":[\"https:\/\/lifting-safety.com\/termek\/4659\/\"]}]},{\"@type\":\"ImageObject\",\"inLanguage\":\"en-GB\",\"@id\":\"https:\/\/lifting-safety.com\/termek\/4659\/#primaryimage\",\"url\":\"https:\/\/lifting-safety.com\/wp-content\/uploads\/2024\/03\/JA-Round-Webbing-Sling-2.webp\",\"contentUrl\":\"https:\/\/lifting-safety.com\/wp-content\/uploads\/2024\/03\/JA-Round-Webbing-Sling-2.webp\",\"width\":600,\"height\":600},{\"@type\":\"BreadcrumbList\",\"@id\":\"https:\/\/lifting-safety.com\/termek\/4659\/#breadcrumb\",\"itemListElement\":[{\"@type\":\"ListItem\",\"position\":1,\"name\":\"Kezd\u0151lap\",\"item\":\"https:\/\/lifting-safety.com\/hu_hu\/\"},{\"@type\":\"ListItem\",\"position\":2,\"name\":\"Store\",\"item\":\"https:\/\/lifting-safety.com\/store\/\"},{\"@type\":\"ListItem\",\"position\":3,\"name\":\"JA Kerek heveder poli\u00e9sztersz\u00e1las k\u00f6rk\u00f6t\u00e9l\"}]},{\"@type\":\"WebSite\",\"@id\":\"https:\/\/lifting-safety.com\/hu_hu\/#website\",\"url\":\"https:\/\/lifting-safety.com\/hu_hu\/\",\"name\":\"Lifting Safety - Lifting equipment from professionals\",\"description\":\"\",\"publisher\":{\"@id\":\"https:\/\/lifting-safety.com\/hu_hu\/#organization\"},\"potentialAction\":[{\"@type\":\"SearchAction\",\"target\":{\"@type\":\"EntryPoint\",\"urlTemplate\":\"https:\/\/lifting-safety.com\/hu_hu\/?s={search_term_string}\"},\"query-input\":{\"@type\":\"PropertyValueSpecification\",\"valueRequired\":true,\"valueName\":\"search_term_string\"}}],\"inLanguage\":\"en-GB\"},{\"@type\":\"Organization\",\"@id\":\"https:\/\/lifting-safety.com\/hu_hu\/#organization\",\"name\":\"Lifting Safety - Lifting equipment from professionals\",\"url\":\"https:\/\/lifting-safety.com\/hu_hu\/\",\"logo\":{\"@type\":\"ImageObject\",\"inLanguage\":\"en-GB\",\"@id\":\"https:\/\/lifting-safety.com\/hu_hu\/#\/schema\/logo\/image\/\",\"url\":\"https:\/\/lifting-safety.com\/wp-content\/uploads\/2024\/02\/cropped-SAFETY_LIFT_LOGO_horizontal_tiny.png\",\"contentUrl\":\"https:\/\/lifting-safety.com\/wp-content\/uploads\/2024\/02\/cropped-SAFETY_LIFT_LOGO_horizontal_tiny.png\",\"width\":520,\"height\":174,\"caption\":\"Lifting Safety - Lifting equipment from professionals\"},\"image\":{\"@id\":\"https:\/\/lifting-safety.com\/hu_hu\/#\/schema\/logo\/image\/\"}}]}<\/script>\n<!-- \/ Yoast SEO plugin. -->","yoast_head_json":{"title":"JA Kerek heveder poli\u00e9sztersz\u00e1las k\u00f6rk\u00f6t\u00e9l - Lifting Safety - Lifting equipment from professionals","robots":{"index":"index","follow":"follow","max-snippet":"max-snippet:-1","max-image-preview":"max-image-preview:large","max-video-preview":"max-video-preview:-1"},"canonical":"https:\/\/lifting-safety.com\/en\/product\/4659\/","og_locale":"en_GB","og_type":"article","og_title":"JA Kerek heveder poli\u00e9sztersz\u00e1las k\u00f6rk\u00f6t\u00e9l - Lifting Safety - Lifting equipment from professionals","og_description":"Term\u00e9k neve:\u00a0JA kerek heveder heveder T\u00edpus:\u00a0Emel\u0151berendez\u00e9s Modell:\u00a0JA Min\u0151s\u00edt\u00e9s:\u00a0CE, GS Alkalmazhat\u00f3 ipar\u00e1gak:\u00a0Sz\u00e9les k\u00f6rben haszn\u00e1lj\u00e1k a koh\u00e1szatban, az olajvezet\u00e9kekben, a sz\u00e9lenergia-emel\u00e9sben, az energia\u00e1tvitelben \u00e9s -\u00e1talak\u00edt\u00e1sban, az atomenergi\u00e1ban, a haj\u00f3gy\u00e1rt\u00e1sban, a prec\u00edzi\u00f3s g\u00e9pekben, a rep\u00fcl\u00e9sben, a kik\u00f6t\u0151i emel\u00e9sben, a vegyiparban \u00e9s m\u00e1s ter\u00fcleteken.","og_url":"https:\/\/lifting-safety.com\/en\/product\/4659\/","og_site_name":"Lifting Safety - Lifting equipment from professionals","article_modified_time":"2024-04-02T14:42:32+00:00","og_image":[{"width":600,"height":600,"url":"https:\/\/lifting-safety.com\/wp-content\/uploads\/2024\/03\/JA-Round-Webbing-Sling-2.webp","type":"image\/webp"}],"twitter_card":"summary_large_image","schema":{"@context":"https:\/\/schema.org","@graph":[{"@type":"WebPage","@id":"https:\/\/lifting-safety.com\/termek\/4659\/","url":"https:\/\/lifting-safety.com\/termek\/4659\/","name":"JA Kerek heveder poli\u00e9sztersz\u00e1las k\u00f6rk\u00f6t\u00e9l - Lifting Safety - Lifting equipment from professionals","isPartOf":{"@id":"https:\/\/lifting-safety.com\/hu_hu\/#website"},"primaryImageOfPage":{"@id":"https:\/\/lifting-safety.com\/termek\/4659\/#primaryimage"},"image":{"@id":"https:\/\/lifting-safety.com\/termek\/4659\/#primaryimage"},"thumbnailUrl":"https:\/\/lifting-safety.com\/wp-content\/uploads\/2024\/03\/JA-Round-Webbing-Sling-2.webp","datePublished":"2024-03-12T15:02:51+00:00","dateModified":"2024-04-02T14:42:32+00:00","breadcrumb":{"@id":"https:\/\/lifting-safety.com\/termek\/4659\/#breadcrumb"},"inLanguage":"en-GB","potentialAction":[{"@type":"ReadAction","target":["https:\/\/lifting-safety.com\/termek\/4659\/"]}]},{"@type":"ImageObject","inLanguage":"en-GB","@id":"https:\/\/lifting-safety.com\/termek\/4659\/#primaryimage","url":"https:\/\/lifting-safety.com\/wp-content\/uploads\/2024\/03\/JA-Round-Webbing-Sling-2.webp","contentUrl":"https:\/\/lifting-safety.com\/wp-content\/uploads\/2024\/03\/JA-Round-Webbing-Sling-2.webp","width":600,"height":600},{"@type":"BreadcrumbList","@id":"https:\/\/lifting-safety.com\/termek\/4659\/#breadcrumb","itemListElement":[{"@type":"ListItem","position":1,"name":"Kezd\u0151lap","item":"https:\/\/lifting-safety.com\/hu_hu\/"},{"@type":"ListItem","position":2,"name":"Store","item":"https:\/\/lifting-safety.com\/store\/"},{"@type":"ListItem","position":3,"name":"JA Kerek heveder poli\u00e9sztersz\u00e1las k\u00f6rk\u00f6t\u00e9l"}]},{"@type":"WebSite","@id":"https:\/\/lifting-safety.com\/hu_hu\/#website","url":"https:\/\/lifting-safety.com\/hu_hu\/","name":"Lifting Safety - Lifting equipment from professionals","description":"","publisher":{"@id":"https:\/\/lifting-safety.com\/hu_hu\/#organization"},"potentialAction":[{"@type":"SearchAction","target":{"@type":"EntryPoint","urlTemplate":"https:\/\/lifting-safety.com\/hu_hu\/?s={search_term_string}"},"query-input":{"@type":"PropertyValueSpecification","valueRequired":true,"valueName":"search_term_string"}}],"inLanguage":"en-GB"},{"@type":"Organization","@id":"https:\/\/lifting-safety.com\/hu_hu\/#organization","name":"Lifting Safety - Lifting equipment from professionals","url":"https:\/\/lifting-safety.com\/hu_hu\/","logo":{"@type":"ImageObject","inLanguage":"en-GB","@id":"https:\/\/lifting-safety.com\/hu_hu\/#\/schema\/logo\/image\/","url":"https:\/\/lifting-safety.com\/wp-content\/uploads\/2024\/02\/cropped-SAFETY_LIFT_LOGO_horizontal_tiny.png","contentUrl":"https:\/\/lifting-safety.com\/wp-content\/uploads\/2024\/02\/cropped-SAFETY_LIFT_LOGO_horizontal_tiny.png","width":520,"height":174,"caption":"Lifting Safety - Lifting equipment from professionals"},"image":{"@id":"https:\/\/lifting-safety.com\/hu_hu\/#\/schema\/logo\/image\/"}}]}},"_links":{"self":[{"href":"https:\/\/lifting-safety.com\/en\/wp-json\/wp\/v2\/product\/4659","targetHints":{"allow":["GET"]}}],"collection":[{"href":"https:\/\/lifting-safety.com\/en\/wp-json\/wp\/v2\/product"}],"about":[{"href":"https:\/\/lifting-safety.com\/en\/wp-json\/wp\/v2\/types\/product"}],"version-history":[{"count":8,"href":"https:\/\/lifting-safety.com\/en\/wp-json\/wp\/v2\/product\/4659\/revisions"}],"predecessor-version":[{"id":4898,"href":"https:\/\/lifting-safety.com\/en\/wp-json\/wp\/v2\/product\/4659\/revisions\/4898"}],"wp:featuredmedia":[{"embeddable":true,"href":"https:\/\/lifting-safety.com\/en\/wp-json\/wp\/v2\/media\/4882"}],"wp:attachment":[{"href":"https:\/\/lifting-safety.com\/en\/wp-json\/wp\/v2\/media?parent=4659"}],"wp:term":[{"taxonomy":"product_brand","embeddable":true,"href":"https:\/\/lifting-safety.com\/en\/wp-json\/wp\/v2\/product_brand?post=4659"},{"taxonomy":"product_cat","embeddable":true,"href":"https:\/\/lifting-safety.com\/en\/wp-json\/wp\/v2\/product_cat?post=4659"},{"taxonomy":"product_tag","embeddable":true,"href":"https:\/\/lifting-safety.com\/en\/wp-json\/wp\/v2\/product_tag?post=4659"}],"curies":[{"name":"wp","href":"https:\/\/api.w.org\/{rel}","templated":true}]}}