{"id":4512,"date":"2023-09-03T13:59:52","date_gmt":"2023-09-03T11:59:52","guid":{"rendered":"https:\/\/lifting-safety.com\/?post_type=product&#038;p=4512"},"modified":"2024-04-15T14:09:04","modified_gmt":"2024-04-15T12:09:04","slug":"tym-allando-magneses-emelo","status":"publish","type":"product","link":"https:\/\/lifting-safety.com\/en\/product\/tym-allando-magneses-emelo\/","title":{"rendered":"TYM permanens m\u00e1gneses emel\u0151"},"content":{"rendered":"<p><strong>Term\u00e9kn\u00e9v:<\/strong> TYM \u00e1lland\u00f3 m\u00e1gneses emel\u0151<\/p>\n<p><strong>T\u00edpus:<\/strong> Emel\u0151berendez\u00e9s<\/p>\n<p><strong>Modell:<\/strong> TYM<\/p>\n<p><strong>Min\u0151s\u00edt\u00e9s:<\/strong> CE, GS<\/p>\n<p><strong>Alkalmazhat\u00f3 ipar\u00e1gak:<\/strong> Alkalmas ac\u00e9llemezek, vasblokkok \u00e9s hengeres vasanyagok kezel\u00e9s\u00e9re, \u00e9s sz\u00e9les k\u00f6rben haszn\u00e1lj\u00e1k a g\u00e9piparban, a szersz\u00e1mgy\u00e1rt\u00e1sban, a rakt\u00e1rakban, a sz\u00e1ll\u00edt\u00e1sban \u00e9s m\u00e1s r\u00e9szlegekben m\u00e1gneses t\u00e1rgyak, p\u00e9ld\u00e1ul ac\u00e9llemezek \u00e9s ac\u00e9l\u00f6ntv\u00e9nyek sz\u00e1ll\u00edt\u00e1s\u00e1ra.<\/p>\n<p><img fetchpriority=\"high\" decoding=\"async\" class=\"alignnone wp-image-4517 size-full\" src=\"http:\/\/lifting-safety.com\/wp-content\/uploads\/2023\/09\/TYM-Permanent-Magnetic-Lifter-China.webp\" alt=\"\" width=\"1000\" height=\"368\" srcset=\"https:\/\/lifting-safety.com\/wp-content\/uploads\/2023\/09\/TYM-Permanent-Magnetic-Lifter-China.webp 1000w, https:\/\/lifting-safety.com\/wp-content\/uploads\/2023\/09\/TYM-Permanent-Magnetic-Lifter-China-300x110.webp 300w, https:\/\/lifting-safety.com\/wp-content\/uploads\/2023\/09\/TYM-Permanent-Magnetic-Lifter-China-768x283.webp 768w, https:\/\/lifting-safety.com\/wp-content\/uploads\/2023\/09\/TYM-Permanent-Magnetic-Lifter-China-18x7.webp 18w, https:\/\/lifting-safety.com\/wp-content\/uploads\/2023\/09\/TYM-Permanent-Magnetic-Lifter-China-600x221.webp 600w\" sizes=\"(max-width: 1000px) 100vw, 1000px\" \/><\/p>","protected":false},"excerpt":{"rendered":"<p><strong>Haszn\u00e1lat<\/strong>: Mozg\u00f3 vaslemez<br \/>\n<strong>\u00c1ramforr\u00e1s<\/strong>: K\u00e9zi<br \/>\n<strong>Kapacit\u00e1s<\/strong>: 100kg, 300kg, 600kg, 1000kg, 1500kg, 2000kg<\/p>","protected":false},"featured_media":4516,"template":"","meta":{"site-sidebar-layout":"default","site-content-layout":"","ast-site-content-layout":"default","site-content-style":"default","site-sidebar-style":"default","ast-global-header-display":"","ast-banner-title-visibility":"","ast-main-header-display":"","ast-hfb-above-header-display":"","ast-hfb-below-header-display":"","ast-hfb-mobile-header-display":"","site-post-title":"","ast-breadcrumbs-content":"","ast-featured-img":"","footer-sml-layout":"","theme-transparent-header-meta":"default","adv-header-id-meta":"","stick-header-meta":"","header-above-stick-meta":"","header-main-stick-meta":"","header-below-stick-meta":"","astra-migrate-meta-layouts":"set","ast-page-background-enabled":"default","ast-page-background-meta":{"desktop":{"background-color":"","background-image":"","background-repeat":"repeat","background-position":"center center","background-size":"auto","background-attachment":"scroll","background-type":"","background-media":"","overlay-type":"","overlay-color":"","overlay-opacity":"","overlay-gradient":""},"tablet":{"background-color":"","background-image":"","background-repeat":"repeat","background-position":"center center","background-size":"auto","background-attachment":"scroll","background-type":"","background-media":"","overlay-type":"","overlay-color":"","overlay-opacity":"","overlay-gradient":""},"mobile":{"background-color":"","background-image":"","background-repeat":"repeat","background-position":"center center","background-size":"auto","background-attachment":"scroll","background-type":"","background-media":"","overlay-type":"","overlay-color":"","overlay-opacity":"","overlay-gradient":""}},"ast-content-background-meta":{"desktop":{"background-color":"var(--ast-global-color-5)","background-image":"","background-repeat":"repeat","background-position":"center center","background-size":"auto","background-attachment":"scroll","background-type":"","background-media":"","overlay-type":"","overlay-color":"","overlay-opacity":"","overlay-gradient":""},"tablet":{"background-color":"var(--ast-global-color-5)","background-image":"","background-repeat":"repeat","background-position":"center center","background-size":"auto","background-attachment":"scroll","background-type":"","background-media":"","overlay-type":"","overlay-color":"","overlay-opacity":"","overlay-gradient":""},"mobile":{"background-color":"var(--ast-global-color-5)","background-image":"","background-repeat":"repeat","background-position":"center center","background-size":"auto","background-attachment":"scroll","background-type":"","background-media":"","overlay-type":"","overlay-color":"","overlay-opacity":"","overlay-gradient":""}}},"product_brand":[],"product_cat":[74],"product_tag":[],"class_list":{"0":"post-4512","1":"product","2":"type-product","3":"status-publish","4":"has-post-thumbnail","6":"product_cat-kotelek-es-hevederek","7":"desktop-align-left","8":"tablet-align-left","9":"mobile-align-left","11":"first","12":"instock","13":"featured","14":"shipping-taxable","15":"purchasable","16":"product-type-variable"},"yoast_head":"<!-- This site is optimized with the Yoast SEO plugin v25.3 - https:\/\/yoast.com\/wordpress\/plugins\/seo\/ -->\n<title>TYM permanens m\u00e1gneses emel\u0151 - Lifting Safety - Lifting equipment from professionals<\/title>\n<meta name=\"robots\" content=\"index, follow, max-snippet:-1, max-image-preview:large, max-video-preview:-1\" \/>\n<link rel=\"canonical\" href=\"https:\/\/lifting-safety.com\/en\/product\/tym-allando-magneses-emelo\/\" \/>\n<meta property=\"og:locale\" content=\"en_GB\" \/>\n<meta property=\"og:type\" content=\"article\" \/>\n<meta property=\"og:title\" content=\"TYM permanens m\u00e1gneses emel\u0151 - Lifting Safety - Lifting equipment from professionals\" \/>\n<meta property=\"og:description\" content=\"Haszn\u00e1lat: Mozg\u00f3 vaslemez \u00c1ramforr\u00e1s: K\u00e9zi Kapacit\u00e1s: 100kg, 300kg, 600kg, 1000kg, 1500kg, 2000kg\" \/>\n<meta property=\"og:url\" content=\"https:\/\/lifting-safety.com\/en\/product\/tym-allando-magneses-emelo\/\" \/>\n<meta property=\"og:site_name\" content=\"Lifting Safety - Lifting equipment from professionals\" \/>\n<meta property=\"article:modified_time\" content=\"2024-04-15T12:09:04+00:00\" \/>\n<meta property=\"og:image\" content=\"https:\/\/lifting-safety.com\/wp-content\/uploads\/2023\/09\/TYM-Permanent-Magnetic-Lifter-China-1.webp\" \/>\n\t<meta property=\"og:image:width\" content=\"800\" \/>\n\t<meta property=\"og:image:height\" content=\"800\" \/>\n\t<meta property=\"og:image:type\" content=\"image\/webp\" \/>\n<meta name=\"twitter:card\" content=\"summary_large_image\" \/>\n<script type=\"application\/ld+json\" class=\"yoast-schema-graph\">{\"@context\":\"https:\/\/schema.org\",\"@graph\":[{\"@type\":\"WebPage\",\"@id\":\"https:\/\/lifting-safety.com\/termek\/tym-allando-magneses-emelo\/\",\"url\":\"https:\/\/lifting-safety.com\/termek\/tym-allando-magneses-emelo\/\",\"name\":\"TYM permanens m\u00e1gneses emel\u0151 - Lifting Safety - Lifting equipment from professionals\",\"isPartOf\":{\"@id\":\"https:\/\/lifting-safety.com\/hu_hu\/#website\"},\"primaryImageOfPage\":{\"@id\":\"https:\/\/lifting-safety.com\/termek\/tym-allando-magneses-emelo\/#primaryimage\"},\"image\":{\"@id\":\"https:\/\/lifting-safety.com\/termek\/tym-allando-magneses-emelo\/#primaryimage\"},\"thumbnailUrl\":\"https:\/\/lifting-safety.com\/wp-content\/uploads\/2023\/09\/TYM-Permanent-Magnetic-Lifter-China-1.webp\",\"datePublished\":\"2023-09-03T11:59:52+00:00\",\"dateModified\":\"2024-04-15T12:09:04+00:00\",\"breadcrumb\":{\"@id\":\"https:\/\/lifting-safety.com\/termek\/tym-allando-magneses-emelo\/#breadcrumb\"},\"inLanguage\":\"en-GB\",\"potentialAction\":[{\"@type\":\"ReadAction\",\"target\":[\"https:\/\/lifting-safety.com\/termek\/tym-allando-magneses-emelo\/\"]}]},{\"@type\":\"ImageObject\",\"inLanguage\":\"en-GB\",\"@id\":\"https:\/\/lifting-safety.com\/termek\/tym-allando-magneses-emelo\/#primaryimage\",\"url\":\"https:\/\/lifting-safety.com\/wp-content\/uploads\/2023\/09\/TYM-Permanent-Magnetic-Lifter-China-1.webp\",\"contentUrl\":\"https:\/\/lifting-safety.com\/wp-content\/uploads\/2023\/09\/TYM-Permanent-Magnetic-Lifter-China-1.webp\",\"width\":800,\"height\":800},{\"@type\":\"BreadcrumbList\",\"@id\":\"https:\/\/lifting-safety.com\/termek\/tym-allando-magneses-emelo\/#breadcrumb\",\"itemListElement\":[{\"@type\":\"ListItem\",\"position\":1,\"name\":\"Kezd\u0151lap\",\"item\":\"https:\/\/lifting-safety.com\/hu_hu\/\"},{\"@type\":\"ListItem\",\"position\":2,\"name\":\"Store\",\"item\":\"https:\/\/lifting-safety.com\/store\/\"},{\"@type\":\"ListItem\",\"position\":3,\"name\":\"TYM permanens m\u00e1gneses emel\u0151\"}]},{\"@type\":\"WebSite\",\"@id\":\"https:\/\/lifting-safety.com\/hu_hu\/#website\",\"url\":\"https:\/\/lifting-safety.com\/hu_hu\/\",\"name\":\"Lifting Safety - Lifting equipment from professionals\",\"description\":\"\",\"publisher\":{\"@id\":\"https:\/\/lifting-safety.com\/hu_hu\/#organization\"},\"potentialAction\":[{\"@type\":\"SearchAction\",\"target\":{\"@type\":\"EntryPoint\",\"urlTemplate\":\"https:\/\/lifting-safety.com\/hu_hu\/?s={search_term_string}\"},\"query-input\":{\"@type\":\"PropertyValueSpecification\",\"valueRequired\":true,\"valueName\":\"search_term_string\"}}],\"inLanguage\":\"en-GB\"},{\"@type\":\"Organization\",\"@id\":\"https:\/\/lifting-safety.com\/hu_hu\/#organization\",\"name\":\"Lifting Safety - Lifting equipment from professionals\",\"url\":\"https:\/\/lifting-safety.com\/hu_hu\/\",\"logo\":{\"@type\":\"ImageObject\",\"inLanguage\":\"en-GB\",\"@id\":\"https:\/\/lifting-safety.com\/hu_hu\/#\/schema\/logo\/image\/\",\"url\":\"https:\/\/lifting-safety.com\/wp-content\/uploads\/2024\/02\/cropped-SAFETY_LIFT_LOGO_horizontal_tiny.png\",\"contentUrl\":\"https:\/\/lifting-safety.com\/wp-content\/uploads\/2024\/02\/cropped-SAFETY_LIFT_LOGO_horizontal_tiny.png\",\"width\":520,\"height\":174,\"caption\":\"Lifting Safety - Lifting equipment from professionals\"},\"image\":{\"@id\":\"https:\/\/lifting-safety.com\/hu_hu\/#\/schema\/logo\/image\/\"}}]}<\/script>\n<!-- \/ Yoast SEO plugin. -->","yoast_head_json":{"title":"TYM permanens m\u00e1gneses emel\u0151 - Lifting Safety - Lifting equipment from professionals","robots":{"index":"index","follow":"follow","max-snippet":"max-snippet:-1","max-image-preview":"max-image-preview:large","max-video-preview":"max-video-preview:-1"},"canonical":"https:\/\/lifting-safety.com\/en\/product\/tym-allando-magneses-emelo\/","og_locale":"en_GB","og_type":"article","og_title":"TYM permanens m\u00e1gneses emel\u0151 - Lifting Safety - Lifting equipment from professionals","og_description":"Haszn\u00e1lat: Mozg\u00f3 vaslemez \u00c1ramforr\u00e1s: K\u00e9zi Kapacit\u00e1s: 100kg, 300kg, 600kg, 1000kg, 1500kg, 2000kg","og_url":"https:\/\/lifting-safety.com\/en\/product\/tym-allando-magneses-emelo\/","og_site_name":"Lifting Safety - Lifting equipment from professionals","article_modified_time":"2024-04-15T12:09:04+00:00","og_image":[{"width":800,"height":800,"url":"https:\/\/lifting-safety.com\/wp-content\/uploads\/2023\/09\/TYM-Permanent-Magnetic-Lifter-China-1.webp","type":"image\/webp"}],"twitter_card":"summary_large_image","schema":{"@context":"https:\/\/schema.org","@graph":[{"@type":"WebPage","@id":"https:\/\/lifting-safety.com\/termek\/tym-allando-magneses-emelo\/","url":"https:\/\/lifting-safety.com\/termek\/tym-allando-magneses-emelo\/","name":"TYM permanens m\u00e1gneses emel\u0151 - Lifting Safety - Lifting equipment from professionals","isPartOf":{"@id":"https:\/\/lifting-safety.com\/hu_hu\/#website"},"primaryImageOfPage":{"@id":"https:\/\/lifting-safety.com\/termek\/tym-allando-magneses-emelo\/#primaryimage"},"image":{"@id":"https:\/\/lifting-safety.com\/termek\/tym-allando-magneses-emelo\/#primaryimage"},"thumbnailUrl":"https:\/\/lifting-safety.com\/wp-content\/uploads\/2023\/09\/TYM-Permanent-Magnetic-Lifter-China-1.webp","datePublished":"2023-09-03T11:59:52+00:00","dateModified":"2024-04-15T12:09:04+00:00","breadcrumb":{"@id":"https:\/\/lifting-safety.com\/termek\/tym-allando-magneses-emelo\/#breadcrumb"},"inLanguage":"en-GB","potentialAction":[{"@type":"ReadAction","target":["https:\/\/lifting-safety.com\/termek\/tym-allando-magneses-emelo\/"]}]},{"@type":"ImageObject","inLanguage":"en-GB","@id":"https:\/\/lifting-safety.com\/termek\/tym-allando-magneses-emelo\/#primaryimage","url":"https:\/\/lifting-safety.com\/wp-content\/uploads\/2023\/09\/TYM-Permanent-Magnetic-Lifter-China-1.webp","contentUrl":"https:\/\/lifting-safety.com\/wp-content\/uploads\/2023\/09\/TYM-Permanent-Magnetic-Lifter-China-1.webp","width":800,"height":800},{"@type":"BreadcrumbList","@id":"https:\/\/lifting-safety.com\/termek\/tym-allando-magneses-emelo\/#breadcrumb","itemListElement":[{"@type":"ListItem","position":1,"name":"Kezd\u0151lap","item":"https:\/\/lifting-safety.com\/hu_hu\/"},{"@type":"ListItem","position":2,"name":"Store","item":"https:\/\/lifting-safety.com\/store\/"},{"@type":"ListItem","position":3,"name":"TYM permanens m\u00e1gneses emel\u0151"}]},{"@type":"WebSite","@id":"https:\/\/lifting-safety.com\/hu_hu\/#website","url":"https:\/\/lifting-safety.com\/hu_hu\/","name":"Lifting Safety - Lifting equipment from professionals","description":"","publisher":{"@id":"https:\/\/lifting-safety.com\/hu_hu\/#organization"},"potentialAction":[{"@type":"SearchAction","target":{"@type":"EntryPoint","urlTemplate":"https:\/\/lifting-safety.com\/hu_hu\/?s={search_term_string}"},"query-input":{"@type":"PropertyValueSpecification","valueRequired":true,"valueName":"search_term_string"}}],"inLanguage":"en-GB"},{"@type":"Organization","@id":"https:\/\/lifting-safety.com\/hu_hu\/#organization","name":"Lifting Safety - Lifting equipment from professionals","url":"https:\/\/lifting-safety.com\/hu_hu\/","logo":{"@type":"ImageObject","inLanguage":"en-GB","@id":"https:\/\/lifting-safety.com\/hu_hu\/#\/schema\/logo\/image\/","url":"https:\/\/lifting-safety.com\/wp-content\/uploads\/2024\/02\/cropped-SAFETY_LIFT_LOGO_horizontal_tiny.png","contentUrl":"https:\/\/lifting-safety.com\/wp-content\/uploads\/2024\/02\/cropped-SAFETY_LIFT_LOGO_horizontal_tiny.png","width":520,"height":174,"caption":"Lifting Safety - Lifting equipment from professionals"},"image":{"@id":"https:\/\/lifting-safety.com\/hu_hu\/#\/schema\/logo\/image\/"}}]}},"_links":{"self":[{"href":"https:\/\/lifting-safety.com\/en\/wp-json\/wp\/v2\/product\/4512","targetHints":{"allow":["GET"]}}],"collection":[{"href":"https:\/\/lifting-safety.com\/en\/wp-json\/wp\/v2\/product"}],"about":[{"href":"https:\/\/lifting-safety.com\/en\/wp-json\/wp\/v2\/types\/product"}],"version-history":[{"count":4,"href":"https:\/\/lifting-safety.com\/en\/wp-json\/wp\/v2\/product\/4512\/revisions"}],"predecessor-version":[{"id":5355,"href":"https:\/\/lifting-safety.com\/en\/wp-json\/wp\/v2\/product\/4512\/revisions\/5355"}],"wp:featuredmedia":[{"embeddable":true,"href":"https:\/\/lifting-safety.com\/en\/wp-json\/wp\/v2\/media\/4516"}],"wp:attachment":[{"href":"https:\/\/lifting-safety.com\/en\/wp-json\/wp\/v2\/media?parent=4512"}],"wp:term":[{"taxonomy":"product_brand","embeddable":true,"href":"https:\/\/lifting-safety.com\/en\/wp-json\/wp\/v2\/product_brand?post=4512"},{"taxonomy":"product_cat","embeddable":true,"href":"https:\/\/lifting-safety.com\/en\/wp-json\/wp\/v2\/product_cat?post=4512"},{"taxonomy":"product_tag","embeddable":true,"href":"https:\/\/lifting-safety.com\/en\/wp-json\/wp\/v2\/product_tag?post=4512"}],"curies":[{"name":"wp","href":"https:\/\/api.w.org\/{rel}","templated":true}]}}