{"id":4500,"date":"2023-09-03T13:50:29","date_gmt":"2023-09-03T11:50:29","guid":{"rendered":"https:\/\/lifting-safety.com\/?post_type=product&#038;p=4500"},"modified":"2024-04-15T14:09:36","modified_gmt":"2024-04-15T12:09:36","slug":"fuggoleges-hegesztett-emelo","status":"publish","type":"product","link":"https:\/\/lifting-safety.com\/en\/product\/fuggoleges-hegesztett-emelo\/","title":{"rendered":"Olajemel\u0151"},"content":{"rendered":"<p><strong>Term\u00e9k neve:<\/strong> Vertik\u00e1lis hegesztett emel\u0151<\/p>\n<p><strong>T\u00edpusa: <\/strong>Emel\u0151 szerkezet<\/p>\n<p><strong>Model:<\/strong>\u00a0VJ<\/p>\n<p><strong>Tan\u00fas\u00edtv\u00e1nyok:<\/strong>\u00a0CE, GS<\/p>\n<p><strong>Javasolt ter\u00fcletek:<\/strong> Alkalmaz\u00e1sa villamosenergia-karbantart\u00e1sban, h\u00eddkarbantart\u00e1sban, s\u00falyemel\u00e9sben, statikus c\u00f6l\u00f6ppr\u00e9sel\u00e9sben, alapoz\u00e1sn\u00e1l, h\u00edd- \u00e9s haj\u00f3\u00e9p\u00edt\u00e9sn\u00e9l, k\u00fcl\u00f6n\u00f6sen aut\u00f3p\u00e1lya- \u00e9s vas\u00fat\u00e9p\u00edt\u00e9sn\u00e9l, g\u00e9p\u00e9szeti hangol\u00e1sn\u00e1l, berendez\u00e9sek sz\u00e9tszerel\u00e9s\u00e9n\u00e9l \u00e9s telep\u00edt\u00e9s\u00e9n\u00e9l.<\/p>","protected":false},"excerpt":{"rendered":"<p><strong>Haszn\u00e1lata: <\/strong>J\u00e1rm\u0171vek emel\u00e9s\u00e9hez aj\u00e1nlott<br \/>\n<strong>Er\u0151forr\u00e1s: <\/strong>K\u00e9zi<br \/>\n<strong>Kapacit\u00e1s: <\/strong>2ton-100ton<br \/>\n<strong>Hegeszt\u00e9s: <\/strong>Olaj sziv\u00e1rg\u00e1sa ellen v\u00e9dve<\/p>","protected":false},"featured_media":4506,"template":"","meta":{"site-sidebar-layout":"default","site-content-layout":"","ast-site-content-layout":"default","site-content-style":"default","site-sidebar-style":"default","ast-global-header-display":"","ast-banner-title-visibility":"","ast-main-header-display":"","ast-hfb-above-header-display":"","ast-hfb-below-header-display":"","ast-hfb-mobile-header-display":"","site-post-title":"","ast-breadcrumbs-content":"","ast-featured-img":"","footer-sml-layout":"","theme-transparent-header-meta":"default","adv-header-id-meta":"","stick-header-meta":"","header-above-stick-meta":"","header-main-stick-meta":"","header-below-stick-meta":"","astra-migrate-meta-layouts":"set","ast-page-background-enabled":"default","ast-page-background-meta":{"desktop":{"background-color":"","background-image":"","background-repeat":"repeat","background-position":"center center","background-size":"auto","background-attachment":"scroll","background-type":"","background-media":"","overlay-type":"","overlay-color":"","overlay-opacity":"","overlay-gradient":""},"tablet":{"background-color":"","background-image":"","background-repeat":"repeat","background-position":"center center","background-size":"auto","background-attachment":"scroll","background-type":"","background-media":"","overlay-type":"","overlay-color":"","overlay-opacity":"","overlay-gradient":""},"mobile":{"background-color":"","background-image":"","background-repeat":"repeat","background-position":"center center","background-size":"auto","background-attachment":"scroll","background-type":"","background-media":"","overlay-type":"","overlay-color":"","overlay-opacity":"","overlay-gradient":""}},"ast-content-background-meta":{"desktop":{"background-color":"var(--ast-global-color-5)","background-image":"","background-repeat":"repeat","background-position":"center center","background-size":"auto","background-attachment":"scroll","background-type":"","background-media":"","overlay-type":"","overlay-color":"","overlay-opacity":"","overlay-gradient":""},"tablet":{"background-color":"var(--ast-global-color-5)","background-image":"","background-repeat":"repeat","background-position":"center center","background-size":"auto","background-attachment":"scroll","background-type":"","background-media":"","overlay-type":"","overlay-color":"","overlay-opacity":"","overlay-gradient":""},"mobile":{"background-color":"var(--ast-global-color-5)","background-image":"","background-repeat":"repeat","background-position":"center center","background-size":"auto","background-attachment":"scroll","background-type":"","background-media":"","overlay-type":"","overlay-color":"","overlay-opacity":"","overlay-gradient":""}}},"product_brand":[],"product_cat":[72,87],"product_tag":[],"class_list":{"0":"post-4500","1":"product","2":"type-product","3":"status-publish","4":"has-post-thumbnail","6":"product_cat-emelok","7":"product_cat-hidraulikus-emelok","8":"desktop-align-left","9":"tablet-align-left","10":"mobile-align-left","12":"first","13":"instock","14":"featured","15":"shipping-taxable","16":"product-type-simple"},"yoast_head":"<!-- This site is optimized with the Yoast SEO plugin v25.3 - https:\/\/yoast.com\/wordpress\/plugins\/seo\/ -->\n<title>Olajemel\u0151 - Lifting Safety - Lifting equipment from professionals<\/title>\n<meta name=\"robots\" content=\"index, follow, max-snippet:-1, max-image-preview:large, max-video-preview:-1\" \/>\n<link rel=\"canonical\" href=\"https:\/\/lifting-safety.com\/en\/product\/fuggoleges-hegesztett-emelo\/\" \/>\n<meta property=\"og:locale\" content=\"en_GB\" \/>\n<meta property=\"og:type\" content=\"article\" \/>\n<meta property=\"og:title\" content=\"Olajemel\u0151 - Lifting Safety - Lifting equipment from professionals\" \/>\n<meta property=\"og:description\" content=\"Haszn\u00e1lata: J\u00e1rm\u0171vek emel\u00e9s\u00e9hez aj\u00e1nlott Er\u0151forr\u00e1s: K\u00e9zi Kapacit\u00e1s: 2ton-100ton Hegeszt\u00e9s: Olaj sziv\u00e1rg\u00e1sa ellen v\u00e9dve\" \/>\n<meta property=\"og:url\" content=\"https:\/\/lifting-safety.com\/en\/product\/fuggoleges-hegesztett-emelo\/\" \/>\n<meta property=\"og:site_name\" content=\"Lifting Safety - Lifting equipment from professionals\" \/>\n<meta property=\"article:modified_time\" content=\"2024-04-15T12:09:36+00:00\" \/>\n<meta property=\"og:image\" content=\"https:\/\/lifting-safety.com\/wp-content\/uploads\/2023\/09\/69-Vertical-Welding-Jack-scaled.webp\" \/>\n\t<meta property=\"og:image:width\" content=\"2560\" \/>\n\t<meta property=\"og:image:height\" content=\"2560\" \/>\n\t<meta property=\"og:image:type\" content=\"image\/webp\" \/>\n<meta name=\"twitter:card\" content=\"summary_large_image\" \/>\n<script type=\"application\/ld+json\" class=\"yoast-schema-graph\">{\"@context\":\"https:\/\/schema.org\",\"@graph\":[{\"@type\":\"WebPage\",\"@id\":\"https:\/\/lifting-safety.com\/termek\/fuggoleges-hegesztett-emelo\/\",\"url\":\"https:\/\/lifting-safety.com\/termek\/fuggoleges-hegesztett-emelo\/\",\"name\":\"Olajemel\u0151 - Lifting Safety - Lifting equipment from professionals\",\"isPartOf\":{\"@id\":\"https:\/\/lifting-safety.com\/hu_hu\/#website\"},\"primaryImageOfPage\":{\"@id\":\"https:\/\/lifting-safety.com\/termek\/fuggoleges-hegesztett-emelo\/#primaryimage\"},\"image\":{\"@id\":\"https:\/\/lifting-safety.com\/termek\/fuggoleges-hegesztett-emelo\/#primaryimage\"},\"thumbnailUrl\":\"https:\/\/lifting-safety.com\/wp-content\/uploads\/2023\/09\/69-Vertical-Welding-Jack-scaled.webp\",\"datePublished\":\"2023-09-03T11:50:29+00:00\",\"dateModified\":\"2024-04-15T12:09:36+00:00\",\"breadcrumb\":{\"@id\":\"https:\/\/lifting-safety.com\/termek\/fuggoleges-hegesztett-emelo\/#breadcrumb\"},\"inLanguage\":\"en-GB\",\"potentialAction\":[{\"@type\":\"ReadAction\",\"target\":[\"https:\/\/lifting-safety.com\/termek\/fuggoleges-hegesztett-emelo\/\"]}]},{\"@type\":\"ImageObject\",\"inLanguage\":\"en-GB\",\"@id\":\"https:\/\/lifting-safety.com\/termek\/fuggoleges-hegesztett-emelo\/#primaryimage\",\"url\":\"https:\/\/lifting-safety.com\/wp-content\/uploads\/2023\/09\/69-Vertical-Welding-Jack-scaled.webp\",\"contentUrl\":\"https:\/\/lifting-safety.com\/wp-content\/uploads\/2023\/09\/69-Vertical-Welding-Jack-scaled.webp\",\"width\":2560,\"height\":2560},{\"@type\":\"BreadcrumbList\",\"@id\":\"https:\/\/lifting-safety.com\/termek\/fuggoleges-hegesztett-emelo\/#breadcrumb\",\"itemListElement\":[{\"@type\":\"ListItem\",\"position\":1,\"name\":\"Kezd\u0151lap\",\"item\":\"https:\/\/lifting-safety.com\/hu_hu\/\"},{\"@type\":\"ListItem\",\"position\":2,\"name\":\"Store\",\"item\":\"https:\/\/lifting-safety.com\/store\/\"},{\"@type\":\"ListItem\",\"position\":3,\"name\":\"Olajemel\u0151\"}]},{\"@type\":\"WebSite\",\"@id\":\"https:\/\/lifting-safety.com\/hu_hu\/#website\",\"url\":\"https:\/\/lifting-safety.com\/hu_hu\/\",\"name\":\"Lifting Safety - Lifting equipment from professionals\",\"description\":\"\",\"publisher\":{\"@id\":\"https:\/\/lifting-safety.com\/hu_hu\/#organization\"},\"potentialAction\":[{\"@type\":\"SearchAction\",\"target\":{\"@type\":\"EntryPoint\",\"urlTemplate\":\"https:\/\/lifting-safety.com\/hu_hu\/?s={search_term_string}\"},\"query-input\":{\"@type\":\"PropertyValueSpecification\",\"valueRequired\":true,\"valueName\":\"search_term_string\"}}],\"inLanguage\":\"en-GB\"},{\"@type\":\"Organization\",\"@id\":\"https:\/\/lifting-safety.com\/hu_hu\/#organization\",\"name\":\"Lifting Safety - Lifting equipment from professionals\",\"url\":\"https:\/\/lifting-safety.com\/hu_hu\/\",\"logo\":{\"@type\":\"ImageObject\",\"inLanguage\":\"en-GB\",\"@id\":\"https:\/\/lifting-safety.com\/hu_hu\/#\/schema\/logo\/image\/\",\"url\":\"https:\/\/lifting-safety.com\/wp-content\/uploads\/2024\/02\/cropped-SAFETY_LIFT_LOGO_horizontal_tiny.png\",\"contentUrl\":\"https:\/\/lifting-safety.com\/wp-content\/uploads\/2024\/02\/cropped-SAFETY_LIFT_LOGO_horizontal_tiny.png\",\"width\":520,\"height\":174,\"caption\":\"Lifting Safety - Lifting equipment from professionals\"},\"image\":{\"@id\":\"https:\/\/lifting-safety.com\/hu_hu\/#\/schema\/logo\/image\/\"}}]}<\/script>\n<!-- \/ Yoast SEO plugin. -->","yoast_head_json":{"title":"Olajemel\u0151 - Lifting Safety - Lifting equipment from professionals","robots":{"index":"index","follow":"follow","max-snippet":"max-snippet:-1","max-image-preview":"max-image-preview:large","max-video-preview":"max-video-preview:-1"},"canonical":"https:\/\/lifting-safety.com\/en\/product\/fuggoleges-hegesztett-emelo\/","og_locale":"en_GB","og_type":"article","og_title":"Olajemel\u0151 - Lifting Safety - Lifting equipment from professionals","og_description":"Haszn\u00e1lata: J\u00e1rm\u0171vek emel\u00e9s\u00e9hez aj\u00e1nlott Er\u0151forr\u00e1s: K\u00e9zi Kapacit\u00e1s: 2ton-100ton Hegeszt\u00e9s: Olaj sziv\u00e1rg\u00e1sa ellen v\u00e9dve","og_url":"https:\/\/lifting-safety.com\/en\/product\/fuggoleges-hegesztett-emelo\/","og_site_name":"Lifting Safety - Lifting equipment from professionals","article_modified_time":"2024-04-15T12:09:36+00:00","og_image":[{"width":2560,"height":2560,"url":"https:\/\/lifting-safety.com\/wp-content\/uploads\/2023\/09\/69-Vertical-Welding-Jack-scaled.webp","type":"image\/webp"}],"twitter_card":"summary_large_image","schema":{"@context":"https:\/\/schema.org","@graph":[{"@type":"WebPage","@id":"https:\/\/lifting-safety.com\/termek\/fuggoleges-hegesztett-emelo\/","url":"https:\/\/lifting-safety.com\/termek\/fuggoleges-hegesztett-emelo\/","name":"Olajemel\u0151 - Lifting Safety - Lifting equipment from professionals","isPartOf":{"@id":"https:\/\/lifting-safety.com\/hu_hu\/#website"},"primaryImageOfPage":{"@id":"https:\/\/lifting-safety.com\/termek\/fuggoleges-hegesztett-emelo\/#primaryimage"},"image":{"@id":"https:\/\/lifting-safety.com\/termek\/fuggoleges-hegesztett-emelo\/#primaryimage"},"thumbnailUrl":"https:\/\/lifting-safety.com\/wp-content\/uploads\/2023\/09\/69-Vertical-Welding-Jack-scaled.webp","datePublished":"2023-09-03T11:50:29+00:00","dateModified":"2024-04-15T12:09:36+00:00","breadcrumb":{"@id":"https:\/\/lifting-safety.com\/termek\/fuggoleges-hegesztett-emelo\/#breadcrumb"},"inLanguage":"en-GB","potentialAction":[{"@type":"ReadAction","target":["https:\/\/lifting-safety.com\/termek\/fuggoleges-hegesztett-emelo\/"]}]},{"@type":"ImageObject","inLanguage":"en-GB","@id":"https:\/\/lifting-safety.com\/termek\/fuggoleges-hegesztett-emelo\/#primaryimage","url":"https:\/\/lifting-safety.com\/wp-content\/uploads\/2023\/09\/69-Vertical-Welding-Jack-scaled.webp","contentUrl":"https:\/\/lifting-safety.com\/wp-content\/uploads\/2023\/09\/69-Vertical-Welding-Jack-scaled.webp","width":2560,"height":2560},{"@type":"BreadcrumbList","@id":"https:\/\/lifting-safety.com\/termek\/fuggoleges-hegesztett-emelo\/#breadcrumb","itemListElement":[{"@type":"ListItem","position":1,"name":"Kezd\u0151lap","item":"https:\/\/lifting-safety.com\/hu_hu\/"},{"@type":"ListItem","position":2,"name":"Store","item":"https:\/\/lifting-safety.com\/store\/"},{"@type":"ListItem","position":3,"name":"Olajemel\u0151"}]},{"@type":"WebSite","@id":"https:\/\/lifting-safety.com\/hu_hu\/#website","url":"https:\/\/lifting-safety.com\/hu_hu\/","name":"Lifting Safety - Lifting equipment from professionals","description":"","publisher":{"@id":"https:\/\/lifting-safety.com\/hu_hu\/#organization"},"potentialAction":[{"@type":"SearchAction","target":{"@type":"EntryPoint","urlTemplate":"https:\/\/lifting-safety.com\/hu_hu\/?s={search_term_string}"},"query-input":{"@type":"PropertyValueSpecification","valueRequired":true,"valueName":"search_term_string"}}],"inLanguage":"en-GB"},{"@type":"Organization","@id":"https:\/\/lifting-safety.com\/hu_hu\/#organization","name":"Lifting Safety - Lifting equipment from professionals","url":"https:\/\/lifting-safety.com\/hu_hu\/","logo":{"@type":"ImageObject","inLanguage":"en-GB","@id":"https:\/\/lifting-safety.com\/hu_hu\/#\/schema\/logo\/image\/","url":"https:\/\/lifting-safety.com\/wp-content\/uploads\/2024\/02\/cropped-SAFETY_LIFT_LOGO_horizontal_tiny.png","contentUrl":"https:\/\/lifting-safety.com\/wp-content\/uploads\/2024\/02\/cropped-SAFETY_LIFT_LOGO_horizontal_tiny.png","width":520,"height":174,"caption":"Lifting Safety - Lifting equipment from professionals"},"image":{"@id":"https:\/\/lifting-safety.com\/hu_hu\/#\/schema\/logo\/image\/"}}]}},"_links":{"self":[{"href":"https:\/\/lifting-safety.com\/en\/wp-json\/wp\/v2\/product\/4500","targetHints":{"allow":["GET"]}}],"collection":[{"href":"https:\/\/lifting-safety.com\/en\/wp-json\/wp\/v2\/product"}],"about":[{"href":"https:\/\/lifting-safety.com\/en\/wp-json\/wp\/v2\/types\/product"}],"version-history":[{"count":3,"href":"https:\/\/lifting-safety.com\/en\/wp-json\/wp\/v2\/product\/4500\/revisions"}],"predecessor-version":[{"id":5356,"href":"https:\/\/lifting-safety.com\/en\/wp-json\/wp\/v2\/product\/4500\/revisions\/5356"}],"wp:featuredmedia":[{"embeddable":true,"href":"https:\/\/lifting-safety.com\/en\/wp-json\/wp\/v2\/media\/4506"}],"wp:attachment":[{"href":"https:\/\/lifting-safety.com\/en\/wp-json\/wp\/v2\/media?parent=4500"}],"wp:term":[{"taxonomy":"product_brand","embeddable":true,"href":"https:\/\/lifting-safety.com\/en\/wp-json\/wp\/v2\/product_brand?post=4500"},{"taxonomy":"product_cat","embeddable":true,"href":"https:\/\/lifting-safety.com\/en\/wp-json\/wp\/v2\/product_cat?post=4500"},{"taxonomy":"product_tag","embeddable":true,"href":"https:\/\/lifting-safety.com\/en\/wp-json\/wp\/v2\/product_tag?post=4500"}],"curies":[{"name":"wp","href":"https:\/\/api.w.org\/{rel}","templated":true}]}}