{"id":4492,"date":"2023-09-03T13:44:21","date_gmt":"2023-09-03T11:44:21","guid":{"rendered":"https:\/\/lifting-safety.com\/?post_type=product&#038;p=4492"},"modified":"2024-04-15T14:10:15","modified_gmt":"2024-04-15T12:10:15","slug":"kezi-raklap-hordozo","status":"publish","type":"product","link":"https:\/\/lifting-safety.com\/en\/product\/kezi-raklap-hordozo\/","title":{"rendered":"K\u00e9zi hidraulikus raklapemel\u0151"},"content":{"rendered":"<p><strong>Term\u00e9k neve: <\/strong>K\u00e9zi raklap hordoz\u00f3<\/p>\n<p><strong>T\u00edpusa: <\/strong>Sz\u00e1ll\u00edt\u00e1s<\/p>\n<p><strong>Model:\u00a0<\/strong>TY6<\/p>\n<p><strong>Tan\u00fas\u00edtv\u00e1nyok:<\/strong>\u00a0CE, GS<\/p>\n<p><img fetchpriority=\"high\" decoding=\"async\" class=\"alignnone wp-image-4493 size-full\" src=\"http:\/\/lifting-safety.com\/wp-content\/uploads\/2023\/09\/Hand-Pallet-Truck-China.webp\" alt=\"\" width=\"927\" height=\"115\" srcset=\"https:\/\/lifting-safety.com\/wp-content\/uploads\/2023\/09\/Hand-Pallet-Truck-China.webp 927w, https:\/\/lifting-safety.com\/wp-content\/uploads\/2023\/09\/Hand-Pallet-Truck-China-300x37.webp 300w, https:\/\/lifting-safety.com\/wp-content\/uploads\/2023\/09\/Hand-Pallet-Truck-China-768x95.webp 768w, https:\/\/lifting-safety.com\/wp-content\/uploads\/2023\/09\/Hand-Pallet-Truck-China-18x2.webp 18w, https:\/\/lifting-safety.com\/wp-content\/uploads\/2023\/09\/Hand-Pallet-Truck-China-600x74.webp 600w\" sizes=\"(max-width: 927px) 100vw, 927px\" \/><\/p>","protected":false},"excerpt":{"rendered":"<p><strong>Haszn\u00e1lata: <\/strong>Anyag kezel\u00e9s\u00e9hez<br \/>\n<strong>Er\u0151forr\u00e1s: <\/strong>Manu\u00e1lis\/hum\u00e1n<br \/>\n<strong>Kapacit\u00e1sa: <\/strong>2000kg, 2500Kg, 3000Kg<br \/>\n<strong>Kerekei: <\/strong>PU kerekek\/Nylon kerekek<br \/>\n<strong>Villa teljes sz\u00e9less\u00e9get: <\/strong>550\/685mm<br \/>\n<strong>Villa hossza: <\/strong>1150\/1200mm<br \/>\n<strong>F\u0151 elemek garanci\u00e1ja: <\/strong>1 \u00e9v<br \/>\n<strong>Gy\u00e1rt\u00e1s: <\/strong>80%-ban a mi gy\u00e1runkban k\u00e9sz\u00fclt<\/p>","protected":false},"featured_media":4495,"template":"","meta":{"site-sidebar-layout":"default","site-content-layout":"","ast-site-content-layout":"default","site-content-style":"default","site-sidebar-style":"default","ast-global-header-display":"","ast-banner-title-visibility":"","ast-main-header-display":"","ast-hfb-above-header-display":"","ast-hfb-below-header-display":"","ast-hfb-mobile-header-display":"","site-post-title":"","ast-breadcrumbs-content":"","ast-featured-img":"","footer-sml-layout":"","theme-transparent-header-meta":"default","adv-header-id-meta":"","stick-header-meta":"","header-above-stick-meta":"","header-main-stick-meta":"","header-below-stick-meta":"","astra-migrate-meta-layouts":"set","ast-page-background-enabled":"default","ast-page-background-meta":{"desktop":{"background-color":"","background-image":"","background-repeat":"repeat","background-position":"center center","background-size":"auto","background-attachment":"scroll","background-type":"","background-media":"","overlay-type":"","overlay-color":"","overlay-opacity":"","overlay-gradient":""},"tablet":{"background-color":"","background-image":"","background-repeat":"repeat","background-position":"center center","background-size":"auto","background-attachment":"scroll","background-type":"","background-media":"","overlay-type":"","overlay-color":"","overlay-opacity":"","overlay-gradient":""},"mobile":{"background-color":"","background-image":"","background-repeat":"repeat","background-position":"center center","background-size":"auto","background-attachment":"scroll","background-type":"","background-media":"","overlay-type":"","overlay-color":"","overlay-opacity":"","overlay-gradient":""}},"ast-content-background-meta":{"desktop":{"background-color":"var(--ast-global-color-5)","background-image":"","background-repeat":"repeat","background-position":"center center","background-size":"auto","background-attachment":"scroll","background-type":"","background-media":"","overlay-type":"","overlay-color":"","overlay-opacity":"","overlay-gradient":""},"tablet":{"background-color":"var(--ast-global-color-5)","background-image":"","background-repeat":"repeat","background-position":"center center","background-size":"auto","background-attachment":"scroll","background-type":"","background-media":"","overlay-type":"","overlay-color":"","overlay-opacity":"","overlay-gradient":""},"mobile":{"background-color":"var(--ast-global-color-5)","background-image":"","background-repeat":"repeat","background-position":"center center","background-size":"auto","background-attachment":"scroll","background-type":"","background-media":"","overlay-type":"","overlay-color":"","overlay-opacity":"","overlay-gradient":""}}},"product_brand":[],"product_cat":[71],"product_tag":[],"class_list":{"0":"post-4492","1":"product","2":"type-product","3":"status-publish","4":"has-post-thumbnail","6":"product_cat-kezi-emelok-es-hordozok","7":"desktop-align-left","8":"tablet-align-left","9":"mobile-align-left","11":"first","12":"instock","13":"featured","14":"shipping-taxable","15":"purchasable","16":"product-type-variable"},"yoast_head":"<!-- This site is optimized with the Yoast SEO plugin v25.3 - https:\/\/yoast.com\/wordpress\/plugins\/seo\/ -->\n<title>K\u00e9zi hidraulikus raklapemel\u0151 - Lifting Safety - Lifting equipment from professionals<\/title>\n<meta name=\"robots\" content=\"index, follow, max-snippet:-1, max-image-preview:large, max-video-preview:-1\" \/>\n<link rel=\"canonical\" href=\"https:\/\/lifting-safety.com\/en\/product\/kezi-raklap-hordozo\/\" \/>\n<meta property=\"og:locale\" content=\"en_GB\" \/>\n<meta property=\"og:type\" content=\"article\" \/>\n<meta property=\"og:title\" content=\"K\u00e9zi hidraulikus raklapemel\u0151 - Lifting Safety - Lifting equipment from professionals\" \/>\n<meta property=\"og:description\" content=\"Haszn\u00e1lata: Anyag kezel\u00e9s\u00e9hez Er\u0151forr\u00e1s: Manu\u00e1lis\/hum\u00e1n Kapacit\u00e1sa: 2000kg, 2500Kg, 3000Kg Kerekei: PU kerekek\/Nylon kerekek Villa teljes sz\u00e9less\u00e9get: 550\/685mm Villa hossza: 1150\/1200mm F\u0151 elemek garanci\u00e1ja: 1 \u00e9v Gy\u00e1rt\u00e1s: 80%-ban a mi gy\u00e1runkban k\u00e9sz\u00fclt\" \/>\n<meta property=\"og:url\" content=\"https:\/\/lifting-safety.com\/en\/product\/kezi-raklap-hordozo\/\" \/>\n<meta property=\"og:site_name\" content=\"Lifting Safety - Lifting equipment from professionals\" \/>\n<meta property=\"article:modified_time\" content=\"2024-04-15T12:10:15+00:00\" \/>\n<meta property=\"og:image\" content=\"https:\/\/lifting-safety.com\/wp-content\/uploads\/2023\/09\/Hand-Pallet-Truck-1.webp\" \/>\n\t<meta property=\"og:image:width\" content=\"400\" \/>\n\t<meta property=\"og:image:height\" content=\"400\" \/>\n\t<meta property=\"og:image:type\" content=\"image\/webp\" \/>\n<meta name=\"twitter:card\" content=\"summary_large_image\" \/>\n<script type=\"application\/ld+json\" class=\"yoast-schema-graph\">{\"@context\":\"https:\/\/schema.org\",\"@graph\":[{\"@type\":\"WebPage\",\"@id\":\"https:\/\/lifting-safety.com\/termek\/kezi-raklap-hordozo\/\",\"url\":\"https:\/\/lifting-safety.com\/termek\/kezi-raklap-hordozo\/\",\"name\":\"K\u00e9zi hidraulikus raklapemel\u0151 - Lifting Safety - Lifting equipment from professionals\",\"isPartOf\":{\"@id\":\"https:\/\/lifting-safety.com\/hu_hu\/#website\"},\"primaryImageOfPage\":{\"@id\":\"https:\/\/lifting-safety.com\/termek\/kezi-raklap-hordozo\/#primaryimage\"},\"image\":{\"@id\":\"https:\/\/lifting-safety.com\/termek\/kezi-raklap-hordozo\/#primaryimage\"},\"thumbnailUrl\":\"https:\/\/lifting-safety.com\/wp-content\/uploads\/2023\/09\/Hand-Pallet-Truck-1.webp\",\"datePublished\":\"2023-09-03T11:44:21+00:00\",\"dateModified\":\"2024-04-15T12:10:15+00:00\",\"breadcrumb\":{\"@id\":\"https:\/\/lifting-safety.com\/termek\/kezi-raklap-hordozo\/#breadcrumb\"},\"inLanguage\":\"en-GB\",\"potentialAction\":[{\"@type\":\"ReadAction\",\"target\":[\"https:\/\/lifting-safety.com\/termek\/kezi-raklap-hordozo\/\"]}]},{\"@type\":\"ImageObject\",\"inLanguage\":\"en-GB\",\"@id\":\"https:\/\/lifting-safety.com\/termek\/kezi-raklap-hordozo\/#primaryimage\",\"url\":\"https:\/\/lifting-safety.com\/wp-content\/uploads\/2023\/09\/Hand-Pallet-Truck-1.webp\",\"contentUrl\":\"https:\/\/lifting-safety.com\/wp-content\/uploads\/2023\/09\/Hand-Pallet-Truck-1.webp\",\"width\":400,\"height\":400},{\"@type\":\"BreadcrumbList\",\"@id\":\"https:\/\/lifting-safety.com\/termek\/kezi-raklap-hordozo\/#breadcrumb\",\"itemListElement\":[{\"@type\":\"ListItem\",\"position\":1,\"name\":\"Kezd\u0151lap\",\"item\":\"https:\/\/lifting-safety.com\/hu_hu\/\"},{\"@type\":\"ListItem\",\"position\":2,\"name\":\"Store\",\"item\":\"https:\/\/lifting-safety.com\/store\/\"},{\"@type\":\"ListItem\",\"position\":3,\"name\":\"K\u00e9zi hidraulikus raklapemel\u0151\"}]},{\"@type\":\"WebSite\",\"@id\":\"https:\/\/lifting-safety.com\/hu_hu\/#website\",\"url\":\"https:\/\/lifting-safety.com\/hu_hu\/\",\"name\":\"Lifting Safety - Lifting equipment from professionals\",\"description\":\"\",\"publisher\":{\"@id\":\"https:\/\/lifting-safety.com\/hu_hu\/#organization\"},\"potentialAction\":[{\"@type\":\"SearchAction\",\"target\":{\"@type\":\"EntryPoint\",\"urlTemplate\":\"https:\/\/lifting-safety.com\/hu_hu\/?s={search_term_string}\"},\"query-input\":{\"@type\":\"PropertyValueSpecification\",\"valueRequired\":true,\"valueName\":\"search_term_string\"}}],\"inLanguage\":\"en-GB\"},{\"@type\":\"Organization\",\"@id\":\"https:\/\/lifting-safety.com\/hu_hu\/#organization\",\"name\":\"Lifting Safety - Lifting equipment from professionals\",\"url\":\"https:\/\/lifting-safety.com\/hu_hu\/\",\"logo\":{\"@type\":\"ImageObject\",\"inLanguage\":\"en-GB\",\"@id\":\"https:\/\/lifting-safety.com\/hu_hu\/#\/schema\/logo\/image\/\",\"url\":\"https:\/\/lifting-safety.com\/wp-content\/uploads\/2024\/02\/cropped-SAFETY_LIFT_LOGO_horizontal_tiny.png\",\"contentUrl\":\"https:\/\/lifting-safety.com\/wp-content\/uploads\/2024\/02\/cropped-SAFETY_LIFT_LOGO_horizontal_tiny.png\",\"width\":520,\"height\":174,\"caption\":\"Lifting Safety - Lifting equipment from professionals\"},\"image\":{\"@id\":\"https:\/\/lifting-safety.com\/hu_hu\/#\/schema\/logo\/image\/\"}}]}<\/script>\n<!-- \/ Yoast SEO plugin. -->","yoast_head_json":{"title":"K\u00e9zi hidraulikus raklapemel\u0151 - Lifting Safety - Lifting equipment from professionals","robots":{"index":"index","follow":"follow","max-snippet":"max-snippet:-1","max-image-preview":"max-image-preview:large","max-video-preview":"max-video-preview:-1"},"canonical":"https:\/\/lifting-safety.com\/en\/product\/kezi-raklap-hordozo\/","og_locale":"en_GB","og_type":"article","og_title":"K\u00e9zi hidraulikus raklapemel\u0151 - Lifting Safety - Lifting equipment from professionals","og_description":"Haszn\u00e1lata: Anyag kezel\u00e9s\u00e9hez Er\u0151forr\u00e1s: Manu\u00e1lis\/hum\u00e1n Kapacit\u00e1sa: 2000kg, 2500Kg, 3000Kg Kerekei: PU kerekek\/Nylon kerekek Villa teljes sz\u00e9less\u00e9get: 550\/685mm Villa hossza: 1150\/1200mm F\u0151 elemek garanci\u00e1ja: 1 \u00e9v Gy\u00e1rt\u00e1s: 80%-ban a mi gy\u00e1runkban k\u00e9sz\u00fclt","og_url":"https:\/\/lifting-safety.com\/en\/product\/kezi-raklap-hordozo\/","og_site_name":"Lifting Safety - Lifting equipment from professionals","article_modified_time":"2024-04-15T12:10:15+00:00","og_image":[{"width":400,"height":400,"url":"https:\/\/lifting-safety.com\/wp-content\/uploads\/2023\/09\/Hand-Pallet-Truck-1.webp","type":"image\/webp"}],"twitter_card":"summary_large_image","schema":{"@context":"https:\/\/schema.org","@graph":[{"@type":"WebPage","@id":"https:\/\/lifting-safety.com\/termek\/kezi-raklap-hordozo\/","url":"https:\/\/lifting-safety.com\/termek\/kezi-raklap-hordozo\/","name":"K\u00e9zi hidraulikus raklapemel\u0151 - Lifting Safety - Lifting equipment from professionals","isPartOf":{"@id":"https:\/\/lifting-safety.com\/hu_hu\/#website"},"primaryImageOfPage":{"@id":"https:\/\/lifting-safety.com\/termek\/kezi-raklap-hordozo\/#primaryimage"},"image":{"@id":"https:\/\/lifting-safety.com\/termek\/kezi-raklap-hordozo\/#primaryimage"},"thumbnailUrl":"https:\/\/lifting-safety.com\/wp-content\/uploads\/2023\/09\/Hand-Pallet-Truck-1.webp","datePublished":"2023-09-03T11:44:21+00:00","dateModified":"2024-04-15T12:10:15+00:00","breadcrumb":{"@id":"https:\/\/lifting-safety.com\/termek\/kezi-raklap-hordozo\/#breadcrumb"},"inLanguage":"en-GB","potentialAction":[{"@type":"ReadAction","target":["https:\/\/lifting-safety.com\/termek\/kezi-raklap-hordozo\/"]}]},{"@type":"ImageObject","inLanguage":"en-GB","@id":"https:\/\/lifting-safety.com\/termek\/kezi-raklap-hordozo\/#primaryimage","url":"https:\/\/lifting-safety.com\/wp-content\/uploads\/2023\/09\/Hand-Pallet-Truck-1.webp","contentUrl":"https:\/\/lifting-safety.com\/wp-content\/uploads\/2023\/09\/Hand-Pallet-Truck-1.webp","width":400,"height":400},{"@type":"BreadcrumbList","@id":"https:\/\/lifting-safety.com\/termek\/kezi-raklap-hordozo\/#breadcrumb","itemListElement":[{"@type":"ListItem","position":1,"name":"Kezd\u0151lap","item":"https:\/\/lifting-safety.com\/hu_hu\/"},{"@type":"ListItem","position":2,"name":"Store","item":"https:\/\/lifting-safety.com\/store\/"},{"@type":"ListItem","position":3,"name":"K\u00e9zi hidraulikus raklapemel\u0151"}]},{"@type":"WebSite","@id":"https:\/\/lifting-safety.com\/hu_hu\/#website","url":"https:\/\/lifting-safety.com\/hu_hu\/","name":"Lifting Safety - Lifting equipment from professionals","description":"","publisher":{"@id":"https:\/\/lifting-safety.com\/hu_hu\/#organization"},"potentialAction":[{"@type":"SearchAction","target":{"@type":"EntryPoint","urlTemplate":"https:\/\/lifting-safety.com\/hu_hu\/?s={search_term_string}"},"query-input":{"@type":"PropertyValueSpecification","valueRequired":true,"valueName":"search_term_string"}}],"inLanguage":"en-GB"},{"@type":"Organization","@id":"https:\/\/lifting-safety.com\/hu_hu\/#organization","name":"Lifting Safety - Lifting equipment from professionals","url":"https:\/\/lifting-safety.com\/hu_hu\/","logo":{"@type":"ImageObject","inLanguage":"en-GB","@id":"https:\/\/lifting-safety.com\/hu_hu\/#\/schema\/logo\/image\/","url":"https:\/\/lifting-safety.com\/wp-content\/uploads\/2024\/02\/cropped-SAFETY_LIFT_LOGO_horizontal_tiny.png","contentUrl":"https:\/\/lifting-safety.com\/wp-content\/uploads\/2024\/02\/cropped-SAFETY_LIFT_LOGO_horizontal_tiny.png","width":520,"height":174,"caption":"Lifting Safety - Lifting equipment from professionals"},"image":{"@id":"https:\/\/lifting-safety.com\/hu_hu\/#\/schema\/logo\/image\/"}}]}},"_links":{"self":[{"href":"https:\/\/lifting-safety.com\/en\/wp-json\/wp\/v2\/product\/4492","targetHints":{"allow":["GET"]}}],"collection":[{"href":"https:\/\/lifting-safety.com\/en\/wp-json\/wp\/v2\/product"}],"about":[{"href":"https:\/\/lifting-safety.com\/en\/wp-json\/wp\/v2\/types\/product"}],"version-history":[{"count":4,"href":"https:\/\/lifting-safety.com\/en\/wp-json\/wp\/v2\/product\/4492\/revisions"}],"predecessor-version":[{"id":5357,"href":"https:\/\/lifting-safety.com\/en\/wp-json\/wp\/v2\/product\/4492\/revisions\/5357"}],"wp:featuredmedia":[{"embeddable":true,"href":"https:\/\/lifting-safety.com\/en\/wp-json\/wp\/v2\/media\/4495"}],"wp:attachment":[{"href":"https:\/\/lifting-safety.com\/en\/wp-json\/wp\/v2\/media?parent=4492"}],"wp:term":[{"taxonomy":"product_brand","embeddable":true,"href":"https:\/\/lifting-safety.com\/en\/wp-json\/wp\/v2\/product_brand?post=4492"},{"taxonomy":"product_cat","embeddable":true,"href":"https:\/\/lifting-safety.com\/en\/wp-json\/wp\/v2\/product_cat?post=4492"},{"taxonomy":"product_tag","embeddable":true,"href":"https:\/\/lifting-safety.com\/en\/wp-json\/wp\/v2\/product_tag?post=4492"}],"curies":[{"name":"wp","href":"https:\/\/api.w.org\/{rel}","templated":true}]}}